{"id":4175,"date":"2021-06-08T11:10:11","date_gmt":"2021-06-08T09:10:11","guid":{"rendered":"https:\/\/www.hsu-hh.de\/thermodynamik\/?page_id=4175"},"modified":"2023-06-19T13:53:34","modified_gmt":"2023-06-19T11:53:34","slug":"prof-k-meier-diss","status":"publish","type":"page","link":"https:\/\/www.hsu-hh.de\/thermodynamik\/en\/prof-k-meier-diss","title":{"rendered":"Prof. Karsten Meier Dissertations"},"content":{"rendered":"\n<p><strong>Bestimmung thermodynamischer Eigenschaften von Fluiden mit einer weiterentwickelten molekularen Simulationsmethodik und hochgenauen\u00a0<em>ab initio<\/em>-Potentialen<\/strong><br><strong>Author: Philipp Str\u00f6ker<\/strong><br><a href=\"https:\/\/openhsu.ub.hsu-hh.de\/handle\/10.24405\/15004\" rel='nofollow'>Dissertation<\/a>, Fakult\u00e4t f\u00fcr Maschinenbau, Helmut-Schmidt-Universit\u00e4t\/Universit\u00e4t der Bundeswehr Hamburg, 2023.<\/p>\n\n\n\n<p><strong>Schallgeschwindigkeitsmessungen in fl\u00fcssigen Alkanen, Wasser und Krypton \u00fcber weite Temperaturbereiche und unter hohen Dr\u00fccken sowie abgeleitete Zustandsgr\u00f6\u00dfen<\/strong><br><strong>Author: Ahmed el Hawary<\/strong><br><a href=\"https:\/\/openhsu.ub.hsu-hh.de\/handle\/10.24405\/14016\" rel='nofollow'>Dissertation<\/a>, Fakult\u00e4t f\u00fcr Maschinenbau, Helmut-Schmidt-Universit\u00e4t\/Universit\u00e4t der Bundeswehr Hamburg, 2021<\/p>\n\n\n\n<p><strong>Experimentelle Untersuchung und Modellierung der Kondensation in Mehrstrom-Plattenw\u00e4rme\u00fcbertragern<\/strong><br><strong>Author: Arne M\u00fcller<\/strong><br><a href=\"https:\/\/openhsu.ub.hsu-hh.de\/handle\/10.24405\/14042\" rel='nofollow'>Dissertation<\/a>, Fakult\u00e4t f\u00fcr Maschinenbau, Helmut-Schmidt-Universit\u00e4t\/Universit\u00e4t der Bundeswehr Hamburg, Dezember 2021.<\/p>\n\n\n\n<p><strong>Messungen der Viskosit\u00e4t des Edelgases Neon mit einem Schwingdrahtviskosimeter und Korrelationen f\u00fcr die Viskosit\u00e4t von Gasen im Nulldichtelimit<\/strong><br><strong>Author:&nbsp;Ulrike&nbsp;Kochan-Eilers<\/strong><br><a href=\"https:\/\/openhsu.ub.hsu-hh.de\/handle\/10.24405\/12476\" rel='nofollow'>Dissertation<\/a>, Fakult\u00e4t f\u00fcr Maschinenbau, Helmut-Schmidt-Universit\u00e4t\/Universit\u00e4t der Bundeswehr Hamburg, M\u00e4rz 2021.<\/p>\n\n\n\n<p><strong>Neuartiges&nbsp;automatisiertes&nbsp;Schwingquarzviskosimeter&nbsp;mit&nbsp;Referenzqualit\u00e4t<\/strong><br><strong>Author:&nbsp;Clemens&nbsp;Junker<\/strong><br><a href=\"https:\/\/openhsu.ub.hsu-hh.de\/handle\/10.24405\/13600\" rel='nofollow'>Dissertation<\/a>, Fakult\u00e4t f\u00fcr Maschinenbau, Helmut-Schmidt-Universit\u00e4t\/Universit\u00e4t der Bundeswehr Hamburg, Juni 2021.<\/p>\n","protected":false},"excerpt":{"rendered":"<p>Bestimmung thermodynamischer Eigenschaften von Fluiden mit einer weiterentwickelten molekularen Simulationsmethodik und hochgenauen\u00a0ab initio-PotentialenAuthor: Philipp Str\u00f6kerDissertation, Fakult\u00e4t f\u00fcr Maschinenbau, Helmut-Schmidt-Universit\u00e4t\/Universit\u00e4t der Bundeswehr Hamburg, 2023. Schallgeschwindigkeitsmessungen in fl\u00fcssigen Alkanen, Wasser und Krypton [&hellip;]<\/p>\n","protected":false},"author":53,"featured_media":0,"parent":0,"menu_order":0,"comment_status":"closed","ping_status":"closed","template":"","meta":{"footnotes":""},"categories":[72],"tags":[],"class_list":["post-4175","page","type-page","status-publish","hentry","category-publications"],"_links":{"self":[{"href":"https:\/\/www.hsu-hh.de\/thermodynamik\/wp-json\/wp\/v2\/pages\/4175","targetHints":{"allow":["GET"]}}],"collection":[{"href":"https:\/\/www.hsu-hh.de\/thermodynamik\/wp-json\/wp\/v2\/pages"}],"about":[{"href":"https:\/\/www.hsu-hh.de\/thermodynamik\/wp-json\/wp\/v2\/types\/page"}],"author":[{"embeddable":true,"href":"https:\/\/www.hsu-hh.de\/thermodynamik\/wp-json\/wp\/v2\/users\/53"}],"replies":[{"embeddable":true,"href":"https:\/\/www.hsu-hh.de\/thermodynamik\/wp-json\/wp\/v2\/comments?post=4175"}],"version-history":[{"count":14,"href":"https:\/\/www.hsu-hh.de\/thermodynamik\/wp-json\/wp\/v2\/pages\/4175\/revisions"}],"predecessor-version":[{"id":4851,"href":"https:\/\/www.hsu-hh.de\/thermodynamik\/wp-json\/wp\/v2\/pages\/4175\/revisions\/4851"}],"wp:attachment":[{"href":"https:\/\/www.hsu-hh.de\/thermodynamik\/wp-json\/wp\/v2\/media?parent=4175"}],"wp:term":[{"taxonomy":"category","embeddable":true,"href":"https:\/\/www.hsu-hh.de\/thermodynamik\/wp-json\/wp\/v2\/categories?post=4175"},{"taxonomy":"post_tag","embeddable":true,"href":"https:\/\/www.hsu-hh.de\/thermodynamik\/wp-json\/wp\/v2\/tags?post=4175"}],"curies":[{"name":"wp","href":"https:\/\/api.w.org\/{rel}","templated":true}]}}