{"id":4152,"date":"2021-06-08T10:22:48","date_gmt":"2021-06-08T08:22:48","guid":{"rendered":"https:\/\/www.hsu-hh.de\/thermodynamik\/?page_id=4152"},"modified":"2022-01-13T09:00:48","modified_gmt":"2022-01-13T08:00:48","slug":"dr-wilfried-roetzel","status":"publish","type":"page","link":"https:\/\/www.hsu-hh.de\/thermodynamik\/en\/dr-wilfried-roetzel","title":{"rendered":"Books Prof. Dr. Wilfried Roetzel"},"content":{"rendered":"\n<p><strong>Design and Operation of Heat Exchangers and their Networks<\/strong><br><strong>Authors: Wilfried Roetzel, Xing Luo, Dezhen Chen<\/strong><br>Paperback ISBN: 9780 128 178 942, Elsevier Academic Press 2019<\/p>\n\n\n\n<p><strong>W\u00e4rme\u00fcbertragungsnetzwerke<\/strong><br><strong>Authors: X. Luo, W. Roetzel<\/strong><br>In: Stephan P. et al.(eds) VDI-W\u00e4rmeatlas. Springer Reference Technik. Springer Vieweg (2018), Berlin, Heidelberg. <a href=\"https:\/\/doi.org\/10.1007\/978-3-662-52991-1_9-1\" rel='nofollow'>https:\/\/doi.org\/10.1007\/978-3-662-52991-1_9-1<\/a><\/p>\n\n\n\n<p><strong>W\u00e4rme\u00fcbertrager: Berechnungsmethoden<\/strong><br><strong>Authors: W. Roetzel, B. Spang<\/strong><br>In: Stephan P. et al.(eds) VDI-W\u00e4rmeatlas. Springer Reference Technik. Springer Vieweg (2018). Berlin, Heidelbcrg. <a href=\"https:\/\/doi.org\/10.1007\/978-3-662-52991-1_5-2\" rel='nofollow'>https:\/\/doi.org\/10.1007\/978-3-662-52991-1_5-2<\/a><\/p>\n\n\n\n<p><strong>W\u00e4rme\u00fcbertrager: W\u00e4rmedurchgang und W\u00e4rmedurchgangskoeffizienten<\/strong><br><strong>Authors: W. Roetzel, B. Spang<\/strong><br>In: Stephan P. et al.(eds) VDI-W\u00e4rmeatlas. Springer Reference Technik. Springer Vieweg (2018), Berlin, Heidelberg. <a href=\"https:\/\/doi.org\/10.1007\/978-3-662-52991-1_6-1\" rel='nofollow'>https:\/\/doi.org\/10.1007\/978-3-662-52991-1_6-1<\/a><\/p>\n\n\n\n<p><strong>W\u00e4rme\u00fcbertrager: Kosten und Wirtschaftlichkeit<\/strong><br><strong>Authors: B. Spang, W. Roetzel<\/strong><br>In: Stephan P. et al.(eds) VDI-W\u00e4rmeatlas. Springer Reference Technik. Springer Vieweg (2018),\u00a0Berlin, Heidelberg. <a href=\"https:\/\/doi.org\/10.1007\/978-3-662-52991-1_10-1\" rel='nofollow'>https:\/\/doi.org\/10.1007\/978-3-662-52991-1_10-1<\/a><\/p>\n\n\n\n<p><strong>C1 Berechnung von W\u00e4rme\u00fcbertragern, S. 37-73,\u00a0\u00a0\u00a0\u00a0<\/strong><br><strong>C2 W\u00e4rmedurchgang, S. 75-84\u00a0\u00a0<\/strong><br><strong>C3 Typische Werte von W\u00e4rmedurchgangskoeffizienten, S. 85-89<\/strong><br><strong>Authors: W. Roetzel, B. Spang<\/strong><br><strong>C5 W\u00e4rme\u00fcbertragernetzwerke, S. 123-132<\/strong><br><strong>Authors: X. Luo,\u00a0W. Roetzel<\/strong><br><strong>C6-Kosten und Wirtschaftlichkeit von W\u00e4rme\u00fcbertragern,S. 133-136<\/strong><br><strong>Authors: B. Spang, W. Roetzel<\/strong><br>In: VDI W\u00e4rmeatlas, 11. Aufl., VDI-GVC (Hrg.), Springer-Verlag Berlin\u00a0Heidelberg 2013, ISBN 978-3-642-19980-6 \/ SPIN 80044467.<\/p>\n\n\n\n<p><strong>C1 Thermal design of heat exchangers, p. 31-66<\/strong><br><strong>C2 Overall heat transfer, p. 67-74,<\/strong><br><strong>C3 Typical values of overall heat transfer coefficients, p. 75-78<\/strong><br><strong>Authors: W. Roetzel, B.\u00a0Spang<\/strong><br><strong>C5 Heat exchanger networks, p. 105-114;<\/strong><br><strong>Authors: X. Luo, W. Roetzel<\/strong><br><strong>C6 Costs and economy of heat exchangers, p. 115-118.<\/strong><br><strong>Authors: B. Spang,\u00a0W. Roetzel<\/strong><br>In: VDI Heat Atlas, VDI-GVC (ed.),\u00a0 Springer-Verlag Berlin Heidelberg 2010.<\/p>\n\n\n\n<p><strong>Analytische Berechnung gestreckter Geschossflugbahnen<\/strong><br><strong>Author: W. Roetzel<\/strong><br>Mitteilungen aus der Schie\u00dfsport-Arbeitsgemeinschaft an der Universit\u00e4t der Bundeswehr Hamburg, Nr. 1, 2004,<br>Hrsg.: H. Rothe, Impressum: Helmut-Schmidt-Universit\u00e4t\/Universit\u00e4t der Bundeswehr Hamburg.<\/p>\n\n\n\n<p><strong>Abschnitt Lad12-15: Druckverlust in querangestr\u00f6mten B\u00fcndeln aus glatten sowie berippten Kreis- und Ovalrohren<\/strong><br><strong>Author: B. Spang<\/strong><br>VDI-W\u00e4rmeatlas, 9.\u00a0 Aufl., Herausg.: VDI-GVC, Springer-Verlag, Berlin, 2002.<\/p>\n\n\n\n<p><strong>Abschnitt Ce1-4: Kosten und Wirtschaftlichkeit von W\u00e4rme\u00fcbertragern<br>Authors: B. Spang, W. Roetzel<\/strong><br>VDI-W\u00e4rmeatlas, 9.\u00a0 Aufl., Herausg.: VDI-GVC, Springer-Verlag, Berlin, 2002.<\/p>\n\n\n\n<p><strong>Abschnitte Ca1-34: Berechnung von W\u00e4rme\u00fcbertragern, Cb1-7: W\u00e4rmedurchgang und Cc1-4:<\/strong><br><strong>W\u00e4rmedurchgangskoeffizienten bei einigen W\u00e4rme\u00fcbertragerbauarten<\/strong><br><strong>Authors: W. Roetzel, B. Spang<\/strong><br>VDI-W\u00e4rmeatlas, 9.\u00a0 Aufl., Herausg.: VDI-GVC, Springer-Verlag, Berlin, 2002.<\/p>\n\n\n\n<p><strong>On the application of the Wilson Plot Technique<\/strong><br><strong>Authors: W. Roetzel, C. Na Ranong<\/strong><br>In: Compact heat exchangers : A Festschrift on the 60th birthday of Ramesh K. Shah,<br>151 &#8211; 156, editors: G. P. Celata et al., 2002 Edizioni ETS Pisa, Italy, ISBN 88-467-0619-6.<\/p>\n\n\n\n<p><strong>Dynamic Behaviour of Heat Exchangers<\/strong><br><strong>Authors: W. Roetzel\u00a0, Y. Xuan<\/strong><br>WIT Press\/Computational Mechanics Publications, Southampton, UK, 1999.<br>WIT Press Online-Katalog: http:\/\/www.witpress.com\/acatalog\/5067.html<\/p>\n\n\n\n<p><strong>Berechnung von W\u00e4rme\u00fcbertragern, W\u00e4rmedurchgang, \u00dcberschl\u00e4gige W\u00e4rmedurchgangskoeffizienten<\/strong><br><strong>Authors: W. Roetzel, B. Spang<\/strong><br>Abschnitte Ca-Cc des VDI-W\u00e4rmeatlas, 8. Auflage, Herausg.: VDI-GVC, Springer-Verlag, Berlin, 1997.<\/p>\n\n\n\n<p><strong>Druckverlust bei der Str\u00f6mung quer zu berippten Kreis- und Ovalrohrb\u00fcndeln<\/strong><br><strong>Author: B. Spang<\/strong><br>Abschnitt Lbd des VDI-W\u00e4rmeatlas, 8. Aufl., Herausg.: VDI-GVC, Springer-Verlag, Berlin, 1997.<\/p>\n\n\n\n<p><strong>New Development in Heat Exchangers<\/strong><br><strong>Autoren: N. Afgan, M. G. Carvalho, A. Bar-Cohen, D. Butterworth, W. Roetzel (Eds.)<\/strong><br>Gordon and Breach Publishers, OPA Amsterdam B.V., 1996, ISBN 90-5699-512-X.<\/p>\n\n\n\n<p><strong>Axiales Dispersionsmodell f\u00fcr Regeneratoren mit endlicher Ausbreitungsgeschwindigkeit thermischer St\u00f6rungen <\/strong><strong>Autoren: W. Roetzel, B. Spang<\/strong><br>Mitteilung aus dem Institut f\u00fcr Thermodynamik Nr. 1, Universit\u00e4t der Bundeswehr Hamburg, 1994.<\/p>\n\n\n\n<p><strong>Berechnung von W\u00e4rme\u00fcbertragern<\/strong><br><strong>Authors: W. Roetzel, B. Spang<\/strong><br>Abschnitt C des VDI-W\u00e4rmeatlas, 7., erw. Auflage, VDI-Verlag GmbH, D\u00fcsseldorf, 1994.<\/p>\n\n\n\n<p><strong>Design of heat exchangers<\/strong><br><strong>Authors: W. Roetzel, B. Spang<\/strong><br>Chapter C of VDI Heat Atlas. VDI-Verlag GmbH, D\u00fcsseldorf, 1993.<\/p>\n\n\n\n<p><strong>Design and Operation of Heat Exchangers<\/strong><br><strong>Authors: W. Roetzel, P. J. Heggs, D. Butterworth (Eds.)<\/strong><br>Proceedings of the Eurotherm Seminar No. 18, February 27 &#8211; March 1, 1991, Hamburg, Germany,<br>Springer-Verlag Berlin &#8211; Heidelberg, 1992.<\/p>\n\n\n\n<p><strong>Berechnung von W\u00e4rme\u00fcbertragern<\/strong><br><strong>Authors:<\/strong> <strong>W. Roetzel, B. Spang<\/strong><br>Abschnitt C des VDI-W\u00e4rmeatlas.<br>6., erw. Auflage, VDI-Verlag GmbH, D\u00fcsseldorf, 1991.<\/p>\n\n\n\n<p><strong>Berechnung von W\u00e4rme\u00fcbertragern<\/strong><br><strong>Author: W. Roetzel<\/strong><br>Abschnitt C des VDI-W\u00e4rmeatlas<br>5., erw. Auflage, VDI-Verlag GmbH, D\u00fcsseldorf, 1988.<\/p>\n\n\n\n<p><strong>Analytisches Verfahren zur thermischen Berechnung mehrg\u00e4ngiger Rohrb\u00fcndelw\u00e4rme\u00fcbertrager<\/strong><br><strong>Authors:W. Roetzel, B. Spang<\/strong><br>Fortschritt-Bericht VDI, Reihe 19, Nr. 18 (1987)<br>Kurzfassung, BWK (1987), 531.<\/p>\n\n\n\n<p><strong>Kompressionsk\u00e4ltemaschine oder \u2013w\u00e4rmepumpe<\/strong><br><strong>Author: W. Roetzel<\/strong><br>Patentschrift DE 3529534 C 1, 11.12.1986.<\/p>\n\n\n\n<p><strong>Berechnung von W\u00e4rme\u00fcbertragern<\/strong><br><strong>Author: W. Roetzel<\/strong><br>Abschnitt C des VDI-W\u00e4rmeatlas, 4., neubearb. und erw. Auflage, VDI-Verlag GmbH, D\u00fcsseldorf, 1984.<\/p>\n\n\n\n<p><strong>W\u00e4rme\u00fcbergang und Druckverlust in Beulrohren<\/strong><br><strong>Author: W. Roetzel<\/strong><br>In: Festschrift des Fachbereiches Maschinenbau zur 10-Jahr-Feier der Hochschule der Bundeswehr Hamburg, 1983, S. 115\/124.<\/p>\n\n\n\n<p><strong>Berechnung von W\u00e4rmeaustauschern<\/strong><br><strong>Authors: W. Roetzel, K. Stephan<\/strong><br>Abschnitt C des VDI-W\u00e4rmeatlas, 3. Auflage, VDI-Verlag GmbH, D\u00fcsseldorf, 1977.<\/p>\n\n\n\n<p><strong>Berechnung von W\u00e4rmeaustauschern<\/strong><br><strong>Authors: W. Roetzel, K. Stephan<\/strong><br>Abschnitt C des VDI-W\u00e4rmeatlas, 2., verb. u. erw. Auflage, VDI-Verlag GmbH, D\u00fcsseldorf, 1974.<\/p>\n\n\n\n<p><strong>Viskosit\u00e4t, W\u00e4rmeleitf\u00e4higkeit, Schmidt- und Prandtl-Zahlen von Gasgemischen<\/strong><br><strong>Author: W. Roetzel<\/strong><br>Reihe 3, Nr. 31 der Fortschrift-Berichte der VDI-Zeitschriften.<br>Kurzfassung: VDI-Z Bd. 112 (1970), Nr. 24 &#8211; Dez. (II), 1638.<\/p>\n","protected":false},"excerpt":{"rendered":"<p>Design and Operation of Heat Exchangers and their NetworksAuthors: Wilfried Roetzel, Xing Luo, Dezhen ChenPaperback ISBN: 9780 128 178 942, Elsevier Academic Press 2019 W\u00e4rme\u00fcbertragungsnetzwerkeAuthors: X. Luo, W. RoetzelIn: Stephan [&hellip;]<\/p>\n","protected":false},"author":53,"featured_media":0,"parent":0,"menu_order":0,"comment_status":"closed","ping_status":"closed","template":"","meta":{"footnotes":""},"categories":[72],"tags":[],"class_list":["post-4152","page","type-page","status-publish","hentry","category-publications"],"_links":{"self":[{"href":"https:\/\/www.hsu-hh.de\/thermodynamik\/wp-json\/wp\/v2\/pages\/4152","targetHints":{"allow":["GET"]}}],"collection":[{"href":"https:\/\/www.hsu-hh.de\/thermodynamik\/wp-json\/wp\/v2\/pages"}],"about":[{"href":"https:\/\/www.hsu-hh.de\/thermodynamik\/wp-json\/wp\/v2\/types\/page"}],"author":[{"embeddable":true,"href":"https:\/\/www.hsu-hh.de\/thermodynamik\/wp-json\/wp\/v2\/users\/53"}],"replies":[{"embeddable":true,"href":"https:\/\/www.hsu-hh.de\/thermodynamik\/wp-json\/wp\/v2\/comments?post=4152"}],"version-history":[{"count":6,"href":"https:\/\/www.hsu-hh.de\/thermodynamik\/wp-json\/wp\/v2\/pages\/4152\/revisions"}],"predecessor-version":[{"id":4424,"href":"https:\/\/www.hsu-hh.de\/thermodynamik\/wp-json\/wp\/v2\/pages\/4152\/revisions\/4424"}],"wp:attachment":[{"href":"https:\/\/www.hsu-hh.de\/thermodynamik\/wp-json\/wp\/v2\/media?parent=4152"}],"wp:term":[{"taxonomy":"category","embeddable":true,"href":"https:\/\/www.hsu-hh.de\/thermodynamik\/wp-json\/wp\/v2\/categories?post=4152"},{"taxonomy":"post_tag","embeddable":true,"href":"https:\/\/www.hsu-hh.de\/thermodynamik\/wp-json\/wp\/v2\/tags?post=4152"}],"curies":[{"name":"wp","href":"https:\/\/api.w.org\/{rel}","templated":true}]}}