{"id":4104,"date":"2021-06-04T10:34:17","date_gmt":"2021-06-04T08:34:17","guid":{"rendered":"https:\/\/www.hsu-hh.de\/thermodynamik\/?page_id=4104"},"modified":"2021-11-16T11:53:13","modified_gmt":"2021-11-16T10:53:13","slug":"kaeltetechnik-und-waermepumpen-2","status":"publish","type":"page","link":"https:\/\/www.hsu-hh.de\/thermodynamik\/en\/kaeltetechnik-und-waermepumpen-2","title":{"rendered":"Refrigeration Technology and Heat Pumps"},"content":{"rendered":"\n<p><strong>Dozent:<\/strong> <abbr title=\"Doktor Ingenieurwissenschaften\">Dr.-Ing.<\/abbr> Sebastian Herrmann (Lehrbeauftragter von der Hochschule Zittau\/G\u00f6rlitz, Fakult\u00e4t Maschinenwesen, Thermodynamik)<\/p>\n\n\n\n<p><strong>Modulnummer:<\/strong>&nbsp;MB 21517<br><strong>Zeitraum:<\/strong>&nbsp;Fr\u00fchjahrstrimester<br><strong>Pr\u00fcfung:<\/strong>&nbsp;M\u00fcndliche Pr\u00fcfung am Ende der Vorlesung<\/p>\n","protected":false},"excerpt":{"rendered":"<p>Dozent: Dr.-Ing. Sebastian Herrmann (Lehrbeauftragter von der Hochschule Zittau\/G\u00f6rlitz, Fakult\u00e4t Maschinenwesen, Thermodynamik) Modulnummer:&nbsp;MB 21517Zeitraum:&nbsp;Fr\u00fchjahrstrimesterPr\u00fcfung:&nbsp;M\u00fcndliche Pr\u00fcfung am Ende der Vorlesung<\/p>\n","protected":false},"author":53,"featured_media":0,"parent":0,"menu_order":0,"comment_status":"closed","ping_status":"closed","template":"","meta":{"footnotes":""},"categories":[5],"tags":[],"class_list":["post-4104","page","type-page","status-publish","hentry","category-education"],"_links":{"self":[{"href":"https:\/\/www.hsu-hh.de\/thermodynamik\/wp-json\/wp\/v2\/pages\/4104","targetHints":{"allow":["GET"]}}],"collection":[{"href":"https:\/\/www.hsu-hh.de\/thermodynamik\/wp-json\/wp\/v2\/pages"}],"about":[{"href":"https:\/\/www.hsu-hh.de\/thermodynamik\/wp-json\/wp\/v2\/types\/page"}],"author":[{"embeddable":true,"href":"https:\/\/www.hsu-hh.de\/thermodynamik\/wp-json\/wp\/v2\/users\/53"}],"replies":[{"embeddable":true,"href":"https:\/\/www.hsu-hh.de\/thermodynamik\/wp-json\/wp\/v2\/comments?post=4104"}],"version-history":[{"count":2,"href":"https:\/\/www.hsu-hh.de\/thermodynamik\/wp-json\/wp\/v2\/pages\/4104\/revisions"}],"predecessor-version":[{"id":4279,"href":"https:\/\/www.hsu-hh.de\/thermodynamik\/wp-json\/wp\/v2\/pages\/4104\/revisions\/4279"}],"wp:attachment":[{"href":"https:\/\/www.hsu-hh.de\/thermodynamik\/wp-json\/wp\/v2\/media?parent=4104"}],"wp:term":[{"taxonomy":"category","embeddable":true,"href":"https:\/\/www.hsu-hh.de\/thermodynamik\/wp-json\/wp\/v2\/categories?post=4104"},{"taxonomy":"post_tag","embeddable":true,"href":"https:\/\/www.hsu-hh.de\/thermodynamik\/wp-json\/wp\/v2\/tags?post=4104"}],"curies":[{"name":"wp","href":"https:\/\/api.w.org\/{rel}","templated":true}]}}