{"id":4098,"date":"2021-06-04T07:01:08","date_gmt":"2021-06-04T05:01:08","guid":{"rendered":"https:\/\/www.hsu-hh.de\/thermodynamik\/?page_id=4098"},"modified":"2021-12-08T09:29:35","modified_gmt":"2021-12-08T08:29:35","slug":"versuchsstaende","status":"publish","type":"page","link":"https:\/\/www.hsu-hh.de\/thermodynamik\/en\/versuchsstaende","title":{"rendered":"Experimental equipment"},"content":{"rendered":"<div class=\"content-block3\">\n<div class=\"background-grey\">\n<p style=\"text-align: left\"><strong>Schallgeschwindigkeitsinstrument<\/strong><\/p>\n<p><img loading=\"lazy\" decoding=\"async\" class=\"aligncenter wp-image-2354\" src=\"https:\/\/www.hsu-hh.de\/thermodynamik\/wp-content\/uploads\/sites\/741\/2018\/03\/DSC_0215-Schallgeschwindigkeit.jpg\" alt=\"Schallgeschwindigkeitsinstrument\" width=\"354\" height=\"242\" srcset=\"https:\/\/www.hsu-hh.de\/thermodynamik\/wp-content\/uploads\/sites\/741\/2018\/03\/DSC_0215-Schallgeschwindigkeit.jpg 2244w, https:\/\/www.hsu-hh.de\/thermodynamik\/wp-content\/uploads\/sites\/741\/2018\/03\/DSC_0215-Schallgeschwindigkeit-300x205.jpg 300w, https:\/\/www.hsu-hh.de\/thermodynamik\/wp-content\/uploads\/sites\/741\/2018\/03\/DSC_0215-Schallgeschwindigkeit-768x525.jpg 768w, https:\/\/www.hsu-hh.de\/thermodynamik\/wp-content\/uploads\/sites\/741\/2018\/03\/DSC_0215-Schallgeschwindigkeit-1024x700.jpg 1024w\" sizes=\"auto, (max-width: 354px) 100vw, 354px\" \/><br><h3>mehr lesen&#8220; class=&#8220;out<\/h3><br>Mit einem an der Professur entwickelten Instrument k\u00f6nnen hoch genaue Messungen der Schallgeschwindigkeit in reinen Fl\u00fcssigkeiten und komprimierten Gasen und Gemischen durchgef\u00fchrt werden. Das Instrument deckt den Temperaturbereich von 200 K bis 420 K unter Dr\u00fccken von bis zu 100 MPa ab. Erreichte Messunsicherheiten betragen 2 mK f\u00fcr die Temperatur, 50 ppm f\u00fcr den Druck und bis zu 0,01 % f\u00fcr die Schallgeschwindigkeit.<br><br><\/p>\n<p><strong>Schwingdrahtviskosimeter<\/strong><\/p>\n<p><img loading=\"lazy\" decoding=\"async\" class=\"alignnone wp-image-2355\" src=\"https:\/\/www.hsu-hh.de\/thermodynamik\/wp-content\/uploads\/sites\/741\/2018\/03\/DSC_0223-Schwingdraht-300x205.jpg\" alt=\"x\" width=\"344\" height=\"235\" data-credit=\"HSU\" srcset=\"https:\/\/www.hsu-hh.de\/thermodynamik\/wp-content\/uploads\/sites\/741\/2018\/03\/DSC_0223-Schwingdraht-300x205.jpg 300w, https:\/\/www.hsu-hh.de\/thermodynamik\/wp-content\/uploads\/sites\/741\/2018\/03\/DSC_0223-Schwingdraht-768x525.jpg 768w, https:\/\/www.hsu-hh.de\/thermodynamik\/wp-content\/uploads\/sites\/741\/2018\/03\/DSC_0223-Schwingdraht-1024x700.jpg 1024w\" sizes=\"auto, (max-width: 344px) 100vw, 344px\" \/><br><h3>mehr lesen&#8220; class=&#8220;out<\/h3><\/p>\n<\/div>\n<p>F\u00fcr Viskosit\u00e4tsmessungen an reinen Gasen und Gasgemischen wird ein Schwingdrahtviskosimeter mit simultaner Dichtemessung betrieben. Das Viskosimeter wurde urspr\u00fcnglich in der Arbeitsgruppe von Prof. Dr. Vogel an der Universit\u00e4t Rostock entwickelt. Das Instrument deckt den Temperaturbereich von 20 \u00b0C bis 200 \u00b0C unter Dr\u00fccken von bis zu 30 MPa ab. Die bisher in Rostock erreichten Messunsicherheiten belaufen sich auf 0,25 &#8211; 0,3 % f\u00fcr die Viskosit\u00e4t und 0,1 % f\u00fcr die Dichte.<br><\/p>\n<div class=\"background-grey\">\n<p><strong style=\"background-color: #f9f9f9\">Analytiklabor<\/strong><\/p>\n<p><img loading=\"lazy\" decoding=\"async\" class=\"alignnone wp-image-2351\" style=\"background-color: #f9f9f9\" src=\"https:\/\/www.hsu-hh.de\/thermodynamik\/wp-content\/uploads\/sites\/741\/2018\/03\/DSC_0191-Gaschromotograph-300x205.jpg\" alt=\"x\" width=\"344\" height=\"235\" data-credit=\"HSU\" srcset=\"https:\/\/www.hsu-hh.de\/thermodynamik\/wp-content\/uploads\/sites\/741\/2018\/03\/DSC_0191-Gaschromotograph-300x205.jpg 300w, https:\/\/www.hsu-hh.de\/thermodynamik\/wp-content\/uploads\/sites\/741\/2018\/03\/DSC_0191-Gaschromotograph-768x525.jpg 768w, https:\/\/www.hsu-hh.de\/thermodynamik\/wp-content\/uploads\/sites\/741\/2018\/03\/DSC_0191-Gaschromotograph-1024x700.jpg 1024w\" sizes=\"auto, (max-width: 344px) 100vw, 344px\" \/><span style=\"background-color: #f9f9f9\"><br><\/span><span style=\"background-color: #f9f9f9\"><h3>mehr lesen&#8220; class=&#8220;out<\/h3><br><\/span><span style=\"background-color: #f9f9f9\">F\u00fcr hochgenaue Messungen sind sehr reine Proben erforderlich. Daher werden zur Analyse von fl\u00fcssigen und gasf\u00f6rmigen Proben ein Gaschromatograph mit Massenspektrometer als Detektor und ein Gaschromatograph mit W\u00e4rmeleitf\u00e4higkeits- und Flammenionisationsdetektor betrieben. Der Wassergehalt kann mit einer Karl-Fischer-Titrationsapparatur ermittelt werden.<\/span><\/p>\n<p><\/p>\n<p><strong>Naturumlaufverdampfer<\/strong><\/p>\n<p><a href=\"https:\/\/www.hsu-hh.de\/thermodynamik\/versuchsstaende\/forschung-meier-2\" rel=\"attachment wp-att-1903\"><img loading=\"lazy\" decoding=\"async\" class=\"alignnone size-medium wp-image-1903\" src=\"https:\/\/www.hsu-hh.de\/thermodynamik\/wp-content\/uploads\/sites\/741\/2017\/11\/Forschung-Meier-225x300.jpg\" alt=\"Naturumlauf\" width=\"225\" height=\"300\" data-credit=\"HSU\" srcset=\"https:\/\/www.hsu-hh.de\/thermodynamik\/wp-content\/uploads\/sites\/741\/2017\/11\/Forschung-Meier-225x300.jpg 225w, https:\/\/www.hsu-hh.de\/thermodynamik\/wp-content\/uploads\/sites\/741\/2017\/11\/Forschung-Meier-768x1024.jpg 768w\" sizes=\"auto, (max-width: 225px) 100vw, 225px\" \/><\/a><br><h3>mehr lesen&#8220; class=&#8220;out<\/h3><\/p>\n<p>An der Professur wird ein dampfbeheizter Naturumlaufverdampfer im Technikumma\u00dfstab betrieben, der mit industriell genutzten Anlagen vergleichbar ist. Er ist umfassend mit Temperatur-, Druck- und Durchflussmesstechnik ausgestattet. Mit der Versuchsanlage k\u00f6nnen Str\u00f6mungsformen und -instabilit\u00e4ten in Abh\u00e4ngigkeit der Betriebsparameter untersucht werden.<\/p>\n<p><\/p>\n<\/div>\n<\/div>\n<div class=\"content-block3\">\n<div class=\"background-grey\">\n<p><strong>Biegeschwinger<\/strong><\/p>\n<p><a href=\"https:\/\/www.hsu-hh.de\/thermodynamik\/versuchsstaende\/biegeschwinger1\" rel=\"attachment wp-att-2409\"><img loading=\"lazy\" decoding=\"async\" class=\"aligncenter wp-image-2409 size-full\" src=\"https:\/\/www.hsu-hh.de\/thermodynamik\/wp-content\/uploads\/sites\/741\/2018\/03\/Biegeschwinger1.jpg\" alt=\"Biegeschwinger\" width=\"2137\" height=\"1491\" srcset=\"https:\/\/www.hsu-hh.de\/thermodynamik\/wp-content\/uploads\/sites\/741\/2018\/03\/Biegeschwinger1.jpg 2137w, https:\/\/www.hsu-hh.de\/thermodynamik\/wp-content\/uploads\/sites\/741\/2018\/03\/Biegeschwinger1-300x209.jpg 300w, https:\/\/www.hsu-hh.de\/thermodynamik\/wp-content\/uploads\/sites\/741\/2018\/03\/Biegeschwinger1-768x536.jpg 768w, https:\/\/www.hsu-hh.de\/thermodynamik\/wp-content\/uploads\/sites\/741\/2018\/03\/Biegeschwinger1-1024x714.jpg 1024w\" sizes=\"auto, (max-width: 2137px) 100vw, 2137px\" \/><\/a><br><h3>mehr lesen&#8220; class=&#8220;out<\/h3><br>F\u00fcr Dichtemessungen unter hohen Dr\u00fccken von bis zu 100 MPa steht eine Biegeschwingerapparatur zur Verf\u00fcgung. Als Dichtesensor wird ein Biegeschwinger DMA HPM von Anton Paar eingesetzt. Mit einem an der Professur entwickelten Thermostaten wird die Temperatur zwischen &#8211; 10 \u00b0C und 200 \u00b0C innerhalb von 3 mK in der Messzelle konstant gehalten. Die Druckeinstellung entlang einer Isothermen erfolgt rechnergesteuert mit einer Spritzpumpe, so dass Messungen automatisch durchgef\u00fchrt werden k\u00f6nnen.<\/p>\n<p>Messunsicherheiten:<\/p>\n<p>Temperatur: 5 mK<br>Druck: 0,01 %<br>Dichte: 0,01 % &#8211; 0,02 %<br><br><\/p>\n<p><strong style=\"background-color: #fbfbfb\">Benchtop-Instrumente zur Dichte und Viskosit\u00e4tsmessung<\/strong><\/p>\n<\/div>\n<p><img loading=\"lazy\" decoding=\"async\" class=\"alignnone wp-image-2333\" src=\"https:\/\/www.hsu-hh.de\/thermodynamik\/wp-content\/uploads\/sites\/741\/2018\/02\/DSC_0139_Benchtop-300x205.jpg\" alt=\"Benchtop\" width=\"345\" height=\"236\" data-credit=\"HSU\" srcset=\"https:\/\/www.hsu-hh.de\/thermodynamik\/wp-content\/uploads\/sites\/741\/2018\/02\/DSC_0139_Benchtop-300x205.jpg 300w, https:\/\/www.hsu-hh.de\/thermodynamik\/wp-content\/uploads\/sites\/741\/2018\/02\/DSC_0139_Benchtop-768x525.jpg 768w, https:\/\/www.hsu-hh.de\/thermodynamik\/wp-content\/uploads\/sites\/741\/2018\/02\/DSC_0139_Benchtop-1024x700.jpg 1024w\" sizes=\"auto, (max-width: 345px) 100vw, 345px\" \/><br><h3>mehr lesen&#8220; class=&#8220;out<\/h3><\/p>\n<p>Zur Messung der Dichte und Viskosit\u00e4t als Funktion der Temperatur stehen ein DMA 5000 M und Stabinger-Viskosimeter SVM 3001 von Anton Paar zur Verf\u00fcgung.<\/p>\n<p><\/p>\n<div class=\"background-grey\">\n<p><strong>Kalibrierlabor<\/strong><\/p>\n<p><img loading=\"lazy\" decoding=\"async\" class=\"alignnone wp-image-2352\" src=\"https:\/\/www.hsu-hh.de\/thermodynamik\/wp-content\/uploads\/sites\/741\/2018\/03\/DSC_0200-Fixpunktzelle-300x205.jpg\" alt=\"x\" width=\"344\" height=\"235\" data-credit=\"HSU\" srcset=\"https:\/\/www.hsu-hh.de\/thermodynamik\/wp-content\/uploads\/sites\/741\/2018\/03\/DSC_0200-Fixpunktzelle-300x205.jpg 300w, https:\/\/www.hsu-hh.de\/thermodynamik\/wp-content\/uploads\/sites\/741\/2018\/03\/DSC_0200-Fixpunktzelle-768x525.jpg 768w, https:\/\/www.hsu-hh.de\/thermodynamik\/wp-content\/uploads\/sites\/741\/2018\/03\/DSC_0200-Fixpunktzelle-1024x700.jpg 1024w\" sizes=\"auto, (max-width: 344px) 100vw, 344px\" \/><br><h3>mehr lesen&#8220; class=&#8220;out<\/h3><\/p>\n<p>Standard-Platinwiderstandsthermometer (SPRTs) k\u00f6nnen im Temperaturbereich zwischen -40\u00b0C und 230\u00b0C an die internationale Temperaturskala ITS-90 kalibiert werden. Hierf\u00fcr stehen mehrere Fixpunktzellen zur Verf\u00fcgung:<\/p>\n<p>Quecksilber-Tripelpunkt: &#8211; 38,8344\u00b0C<br>Wassertripelpunkt: 0,01\u00b0C<br>Gallium-Erstarrungspunkt: 29,7646\u00b0C<br>Indium-Schmelzpunkt: 156,5985\u00b0C<br>Zinn-Schmelzpunkt: 231,928\u00b0C<\/p>\n<p>Druckaufnehmer k\u00f6nnen im Bereich zwischen 0 MPa und 100 MPa absolut mit vier pneumatischen Kolbenmanometern mit unterschiedlichen Messbereichen kalibiert werden.<\/p>\n<p>Messbereiche:<\/p>\n<table width=\"344\">\n<tbody>\n<tr>\n<td width=\"167\">WIKA CPD8000<\/td>\n<td width=\"171\">0 &#8211; 0,1 MPa<\/td>\n<\/tr>\n<tr>\n<td width=\"167\">WIKA CPB6000<\/td>\n<td width=\"171\">0,1 &#8211; 1,1 MPa<\/td>\n<\/tr>\n<tr>\n<td width=\"167\">Degranges &amp;<p><\/p>\n<p>Huot DPG5:<\/p>\n<\/td>\n<td width=\"171\">0,1 &#8211; 5,1 MPa<\/td>\n<\/tr>\n<tr>\n<td width=\"167\">Degranges &amp;<p><\/p>\n<p>Huot 5203:<\/p>\n<\/td>\n<td width=\"171\">2 &#8211; 100 MPa<\/td>\n<\/tr>\n<tr>\n<td width=\"167\">Umgebungs-<p><\/p>\n<p>drucksensor:<\/p>\n<\/td>\n<td width=\"171\">Vaisala<\/td>\n<\/tr>\n<tr>\n<td width=\"167\">Unsicherheit:<\/td>\n<td width=\"171\">&lt; 50 ppm vom<p><\/p>\n<p>Messwert<\/p>\n<\/td>\n<\/tr>\n<\/tbody>\n<\/table>\n<p><\/p>\n<\/div>\n<\/div>\n<div class=\"content-block3\">\n<div class=\"background-grey\">\n<p><strong>Schwingquarzviskosimeter<\/strong><\/p>\n<p><img loading=\"lazy\" decoding=\"async\" class=\"alignnone wp-image-2332\" src=\"https:\/\/www.hsu-hh.de\/thermodynamik\/wp-content\/uploads\/sites\/741\/2018\/02\/DSC_0130_Schwingquarz-300x205.jpg\" alt=\"Schwingquarz\" width=\"343\" height=\"235\" data-credit=\"HSU\" srcset=\"https:\/\/www.hsu-hh.de\/thermodynamik\/wp-content\/uploads\/sites\/741\/2018\/02\/DSC_0130_Schwingquarz-300x205.jpg 300w, https:\/\/www.hsu-hh.de\/thermodynamik\/wp-content\/uploads\/sites\/741\/2018\/02\/DSC_0130_Schwingquarz-768x525.jpg 768w, https:\/\/www.hsu-hh.de\/thermodynamik\/wp-content\/uploads\/sites\/741\/2018\/02\/DSC_0130_Schwingquarz-1024x700.jpg 1024w\" sizes=\"auto, (max-width: 343px) 100vw, 343px\" \/><br><h3>mehr lesen&#8220; class=&#8220;out<\/h3><br>Zurzeit wird an der Professur ein Schwingquarzviskosimeter f\u00fcr Messungen an reinen Fl\u00fcssigkeiten und fl\u00fcssigen Gemischen unter hohen Dr\u00fccken bis zu 100 MPa aufgebaut. Das Viskosimeter deckt den Temperaturbereich zwischen 200 K und 420 K ab. Als Viskosit\u00e4tssensor kommt ein zylinderischer Quarzkristall zum Einsatz, dessen Torsionsschwingung durch das Messfluid ged\u00e4mpft wird.<\/p>\n<p>Ein Ziel dieses Projektes ist die Unsicherheit des Messverfahrens von gegenw\u00e4rtig etwa 2 % auf unter 1 % zu senken. Dies soll durch eine fundierte Analyse des elektrischen Feldes im Sensor und der mechanischen Schwingung des anisotropen Quarzkristalls erreicht werden. <br><\/p>\n<p><strong>Gravimetrische Herstellung von&nbsp;Gemischen<\/strong><\/p>\n<p><img loading=\"lazy\" decoding=\"async\" class=\"alignnone wp-image-2353\" src=\"https:\/\/www.hsu-hh.de\/thermodynamik\/wp-content\/uploads\/sites\/741\/2018\/03\/DSC_0205-Massekomparator-300x205.jpg\" alt=\"xx\" width=\"344\" height=\"235\" data-credit=\"HSU\" srcset=\"https:\/\/www.hsu-hh.de\/thermodynamik\/wp-content\/uploads\/sites\/741\/2018\/03\/DSC_0205-Massekomparator-300x205.jpg 300w, https:\/\/www.hsu-hh.de\/thermodynamik\/wp-content\/uploads\/sites\/741\/2018\/03\/DSC_0205-Massekomparator-768x525.jpg 768w, https:\/\/www.hsu-hh.de\/thermodynamik\/wp-content\/uploads\/sites\/741\/2018\/03\/DSC_0205-Massekomparator-1024x700.jpg 1024w\" sizes=\"auto, (max-width: 344px) 100vw, 344px\" \/><br><h3>mehr lesen&#8220; class=&#8220;out<\/h3><\/p>\n<p>Auf einer Laborwaage und einem Massekomparator k\u00f6nnen fl\u00fcssige Gemische durch Einwiegen der reinen Komponenten in spezielle Membranbeh\u00e4lter hergestellt werden. In den Beh\u00e4ltern k\u00f6nnen fl\u00fcssige Gemische \u00fcber l\u00e4ngere Zeitr\u00e4ume unter Druck gelagert werden, ohne dass sie sich entmischen, bis sie in die Apparaturen eingef\u00fcllt werden.<\/p>\n<p><\/p>\n<\/div>\n<div class=\"background-grey\">\n<p><strong>Windkanallabor<\/strong><\/p>\n<p><span style=\"background-color: #fbfbfb\"><br><\/span><span style=\"background-color: #fbfbfb\"><h3>mehr lesen&#8220; class=&#8220;out<\/h3><\/span><\/p>\n<p><span style=\"background-color: #fbfbfb\">Mit einem offenen Windkanal k\u00f6nnen Untersuchungen zum konvektiven W\u00e4rme\u00fcbergang an kleinen bis mittelgro\u00dfen Testobjekten (z. B. kleine W\u00e4rme\u00fcbertrager oder berippte Rohre) durchgef\u00fchrt werden. Die Luft wird aus der Umgebung angesaugt und in einer eletr. Heizstrecke vorgeheizt, bevor sie das Testobjekt umstr\u00f6mt.<\/span><\/p>\n<p><span style=\"background-color: #fbfbfb\">max. Druckdifferenz: 110 mbar<\/span><\/p>\n<\/div>\n<div class=\"background-grey\">\n<p><span style=\"background-color: #fbfbfb\"><\/span><\/p>\n<\/div>\n<\/div>\n\n\n<p><\/p>\n","protected":false},"excerpt":{"rendered":"<p>Schallgeschwindigkeitsinstrument mehr lesen&#8220; class=&#8220;out Mit einem an der Professur entwickelten Instrument k\u00f6nnen hoch genaue Messungen der Schallgeschwindigkeit in reinen Fl\u00fcssigkeiten und komprimierten Gasen und Gemischen durchgef\u00fchrt werden. Das Instrument deckt [&hellip;]<\/p>\n","protected":false},"author":53,"featured_media":0,"parent":0,"menu_order":0,"comment_status":"closed","ping_status":"closed","template":"","meta":{"footnotes":""},"categories":[65],"tags":[],"class_list":["post-4098","page","type-page","status-publish","hentry","category-forschung-en"],"_links":{"self":[{"href":"https:\/\/www.hsu-hh.de\/thermodynamik\/wp-json\/wp\/v2\/pages\/4098","targetHints":{"allow":["GET"]}}],"collection":[{"href":"https:\/\/www.hsu-hh.de\/thermodynamik\/wp-json\/wp\/v2\/pages"}],"about":[{"href":"https:\/\/www.hsu-hh.de\/thermodynamik\/wp-json\/wp\/v2\/types\/page"}],"author":[{"embeddable":true,"href":"https:\/\/www.hsu-hh.de\/thermodynamik\/wp-json\/wp\/v2\/users\/53"}],"replies":[{"embeddable":true,"href":"https:\/\/www.hsu-hh.de\/thermodynamik\/wp-json\/wp\/v2\/comments?post=4098"}],"version-history":[{"count":4,"href":"https:\/\/www.hsu-hh.de\/thermodynamik\/wp-json\/wp\/v2\/pages\/4098\/revisions"}],"predecessor-version":[{"id":4320,"href":"https:\/\/www.hsu-hh.de\/thermodynamik\/wp-json\/wp\/v2\/pages\/4098\/revisions\/4320"}],"wp:attachment":[{"href":"https:\/\/www.hsu-hh.de\/thermodynamik\/wp-json\/wp\/v2\/media?parent=4098"}],"wp:term":[{"taxonomy":"category","embeddable":true,"href":"https:\/\/www.hsu-hh.de\/thermodynamik\/wp-json\/wp\/v2\/categories?post=4098"},{"taxonomy":"post_tag","embeddable":true,"href":"https:\/\/www.hsu-hh.de\/thermodynamik\/wp-json\/wp\/v2\/tags?post=4098"}],"curies":[{"name":"wp","href":"https:\/\/api.w.org\/{rel}","templated":true}]}}