{"id":4030,"date":"2021-06-03T09:56:34","date_gmt":"2021-06-03T07:56:34","guid":{"rendered":"https:\/\/www.hsu-hh.de\/thermodynamik\/?page_id=4030"},"modified":"2021-06-03T09:56:35","modified_gmt":"2021-06-03T07:56:35","slug":"naturwissenschaftlich-technisches-praktikum-3","status":"publish","type":"page","link":"https:\/\/www.hsu-hh.de\/thermodynamik\/en\/naturwissenschaftlich-technisches-praktikum-3","title":{"rendered":"Naturwissenschaftlich-technisches Praktikum"},"content":{"rendered":"\n<p><strong>1. Qualifikationsziele<\/strong><\/p>\n\n\n\n<p>Studierende dieses Moduls sollen Kernthemen verschiedener Vorlesungen in Form von Laborversuchen vertiefen und sich mit praxisrelevanten Methoden und Ger\u00e4ten vertraut machen. Sie sollen die Konzeption, Durchf\u00fchrung und Dokumentation von Experimenten kennen lernen und dadurch in die Lage versetzt werden, eigenst\u00e4ndig wissenschaftliche und technische Ger\u00e4te zu bedienen sowie Versuchsreihen zu planen und zu dokumentieren.<\/p>\n\n\n\n<p><strong>2. Inhalte<\/strong><\/p>\n\n\n\n<p><strong>Versuch 1:&nbsp; pvT-Zustandsfl\u00e4che und Nassdampfgebiet<\/strong><\/p>\n\n\n\n<p>In diesem Versuch werden mit einer einfachen Messzelle mit variablen Volumen drei Isothermen (unterkritisch, nahekritisch und \u00fcberkritisch) der pvT-Zustandsfl\u00e4che von Schwefelhexaflourid vermessen und ausgewertet. Die Teilnehmer lernen das pvT-Verhalten und Zustandsgleichungen f\u00fcr reine Stoffe kennen.<\/p>\n\n\n\n<p><strong>Versuch 2:&nbsp; Kompressionsk\u00e4ltekreislauf<\/strong><\/p>\n\n\n\n<p>Am Beispiel eines einfachen Kompressionsk\u00e4ltekreislaufs greift dieser Versuch das Thema Energieumwandlungen und \u2013bilanzen aus der Grundlagenvorlesung auf. Die Teilnehmer lernen die Komponenten einer Kompressionsk\u00e4ltemaschine kennen und erarbeiten die Funktion der K\u00e4ltemaschine anhand einer Darstellung des Kreisprozesses im T,s- und lg p,h-Diagramm.<\/p>\n","protected":false},"excerpt":{"rendered":"<p>1. Qualifikationsziele Studierende dieses Moduls sollen Kernthemen verschiedener Vorlesungen in Form von Laborversuchen vertiefen und sich mit praxisrelevanten Methoden und Ger\u00e4ten vertraut machen. Sie sollen die Konzeption, Durchf\u00fchrung und Dokumentation [&hellip;]<\/p>\n","protected":false},"author":53,"featured_media":0,"parent":0,"menu_order":0,"comment_status":"closed","ping_status":"closed","template":"","meta":{"footnotes":""},"categories":[5],"tags":[],"class_list":["post-4030","page","type-page","status-publish","hentry","category-education"],"_links":{"self":[{"href":"https:\/\/www.hsu-hh.de\/thermodynamik\/wp-json\/wp\/v2\/pages\/4030","targetHints":{"allow":["GET"]}}],"collection":[{"href":"https:\/\/www.hsu-hh.de\/thermodynamik\/wp-json\/wp\/v2\/pages"}],"about":[{"href":"https:\/\/www.hsu-hh.de\/thermodynamik\/wp-json\/wp\/v2\/types\/page"}],"author":[{"embeddable":true,"href":"https:\/\/www.hsu-hh.de\/thermodynamik\/wp-json\/wp\/v2\/users\/53"}],"replies":[{"embeddable":true,"href":"https:\/\/www.hsu-hh.de\/thermodynamik\/wp-json\/wp\/v2\/comments?post=4030"}],"version-history":[{"count":1,"href":"https:\/\/www.hsu-hh.de\/thermodynamik\/wp-json\/wp\/v2\/pages\/4030\/revisions"}],"predecessor-version":[{"id":4031,"href":"https:\/\/www.hsu-hh.de\/thermodynamik\/wp-json\/wp\/v2\/pages\/4030\/revisions\/4031"}],"wp:attachment":[{"href":"https:\/\/www.hsu-hh.de\/thermodynamik\/wp-json\/wp\/v2\/media?parent=4030"}],"wp:term":[{"taxonomy":"category","embeddable":true,"href":"https:\/\/www.hsu-hh.de\/thermodynamik\/wp-json\/wp\/v2\/categories?post=4030"},{"taxonomy":"post_tag","embeddable":true,"href":"https:\/\/www.hsu-hh.de\/thermodynamik\/wp-json\/wp\/v2\/tags?post=4030"}],"curies":[{"name":"wp","href":"https:\/\/api.w.org\/{rel}","templated":true}]}}