{"id":3990,"date":"2021-06-02T14:42:06","date_gmt":"2021-06-02T12:42:06","guid":{"rendered":"https:\/\/www.hsu-hh.de\/thermodynamik\/?page_id=3990"},"modified":"2021-06-03T10:19:31","modified_gmt":"2021-06-03T08:19:31","slug":"kaeltetechnik-und-waermepumpen","status":"publish","type":"page","link":"https:\/\/www.hsu-hh.de\/thermodynamik\/kaeltetechnik-und-waermepumpen","title":{"rendered":"K\u00e4ltetechnik und W\u00e4rmepumpen"},"content":{"rendered":"\n<p><strong>Dozent:<\/strong> <abbr title=\"Doktor Ingenieurwissenschaften\">Dr.-Ing.<\/abbr> Sebastian Herrmann (Lehrbeauftragter von der Hochschule Zittau\/G\u00f6rlitz, Fakult\u00e4t Maschinenwesen, Thermodynamik)<\/p>\n\n\n\n<p><strong>Modulnummer:<\/strong>&nbsp;MB 21517<br><strong>Zeitraum:<\/strong>&nbsp;Fr\u00fchjahrstrimester<br><strong>Pr\u00fcfung:<\/strong>&nbsp;M\u00fcndliche Pr\u00fcfung am Ende der Vorlesung<\/p>\n","protected":false},"excerpt":{"rendered":"<p>Dozent: Dr.-Ing. Sebastian Herrmann (Lehrbeauftragter von der Hochschule Zittau\/G\u00f6rlitz, Fakult\u00e4t Maschinenwesen, Thermodynamik) Modulnummer:&nbsp;MB 21517Zeitraum:&nbsp;Fr\u00fchjahrstrimesterPr\u00fcfung:&nbsp;M\u00fcndliche Pr\u00fcfung am Ende der Vorlesung<\/p>\n","protected":false},"author":53,"featured_media":0,"parent":0,"menu_order":0,"comment_status":"closed","ping_status":"closed","template":"","meta":{"footnotes":""},"categories":[6],"tags":[],"class_list":["post-3990","page","type-page","status-publish","hentry","category-studium"],"_links":{"self":[{"href":"https:\/\/www.hsu-hh.de\/thermodynamik\/wp-json\/wp\/v2\/pages\/3990","targetHints":{"allow":["GET"]}}],"collection":[{"href":"https:\/\/www.hsu-hh.de\/thermodynamik\/wp-json\/wp\/v2\/pages"}],"about":[{"href":"https:\/\/www.hsu-hh.de\/thermodynamik\/wp-json\/wp\/v2\/types\/page"}],"author":[{"embeddable":true,"href":"https:\/\/www.hsu-hh.de\/thermodynamik\/wp-json\/wp\/v2\/users\/53"}],"replies":[{"embeddable":true,"href":"https:\/\/www.hsu-hh.de\/thermodynamik\/wp-json\/wp\/v2\/comments?post=3990"}],"version-history":[{"count":1,"href":"https:\/\/www.hsu-hh.de\/thermodynamik\/wp-json\/wp\/v2\/pages\/3990\/revisions"}],"predecessor-version":[{"id":3991,"href":"https:\/\/www.hsu-hh.de\/thermodynamik\/wp-json\/wp\/v2\/pages\/3990\/revisions\/3991"}],"wp:attachment":[{"href":"https:\/\/www.hsu-hh.de\/thermodynamik\/wp-json\/wp\/v2\/media?parent=3990"}],"wp:term":[{"taxonomy":"category","embeddable":true,"href":"https:\/\/www.hsu-hh.de\/thermodynamik\/wp-json\/wp\/v2\/categories?post=3990"},{"taxonomy":"post_tag","embeddable":true,"href":"https:\/\/www.hsu-hh.de\/thermodynamik\/wp-json\/wp\/v2\/tags?post=3990"}],"curies":[{"name":"wp","href":"https:\/\/api.w.org\/{rel}","templated":true}]}}