{"id":3939,"date":"2021-06-02T11:12:29","date_gmt":"2021-06-02T09:12:29","guid":{"rendered":"https:\/\/www.hsu-hh.de\/thermodynamik\/?page_id=3939"},"modified":"2022-01-14T08:08:23","modified_gmt":"2022-01-14T07:08:23","slug":"dissertationen-roetzel","status":"publish","type":"page","link":"https:\/\/www.hsu-hh.de\/thermodynamik\/en\/dissertationen-roetzel","title":{"rendered":"Dissertations Prof. Roetzel"},"content":{"rendered":"\n<p><strong>Theorie des instation\u00e4ren Verhaltens von W\u00e4rme\u00fcbertragern und W\u00e4rme\u00fcbertragernetzwerken. Theory on the Transient Behaviour of Heat Exchangers and their Networks<\/strong><br><strong>Author: Dr. Xing Luo<\/strong><br>Habilitationsschrift (in Englisch), Kolloquium: 29. November, 2004.<\/p>\n\n\n\n<p><strong>Experimental and theoretical investigation on trans-critical carbon dioxide air conditioning system and its heat transfer components<\/strong><br><strong>Author: H. Zhang<\/strong><br>Gemeinsame Doktorarbeit der Nanjing University of Science and Technology ( Prof. Tang, Prof. Xuan) und der Fakult\u00e4t f\u00fcr Maschinenbau der UniBw Hamburg (Prof. Roetzel), Dissertation Nanjing University of Science and Technology, August, 2003.<\/p>\n\n\n\n<p><strong>Heat Transfer in Dispersed Media <\/strong>(in englischer Sprache)<br><strong>Author: N. S. D. Putra<\/strong><br>ShakerVerlag,Aachen, ISBN 3-8322-0429-6, 2002.<\/p>\n\n\n\n<p><strong>Heat Transfer and Axial Dispersion in Shell and Tube Heat Exchangers at Different Shell-Side Flow Configurations (in englischer Sprache)<\/strong><br><strong>Author: H. R. H. Rashed<\/strong><br>Dissertation an der Fakult\u00e4t Maschinenbau der Universit\u00e4t der Bundeswehr Hamburg, 2001.<\/p>\n\n\n\n<p><strong>Station\u00e4res und instation\u00e4res Verhalten von zwei gekoppelten W\u00e4rme\u00fcbertragern mit umlaufenden Fluidstrom<\/strong><br><strong>Author: C. Na Ranong<\/strong><br>Dissertation an der Fakult\u00e4t Maschinenbau der Universit\u00e4t der Bundeswehr Hamburg, 2001.<\/p>\n\n\n\n<p><strong>Messung und Berechnung des Umsatzes einer heterogen-katalytischen Gasreaktion im Drehrohrreaktor<\/strong><br><strong>Author: U. L\u00fcdersen<\/strong><br>Fortschr.-Ber. VDI, Reihe 3, Nr. 717, VDI Verlag, D\u00fcsseldorf, 2001.<\/p>\n\n\n\n<p><strong>Bestimmung von axialen Dispersionskoeffizienten in W\u00e4rme\u00fcbertragern aus Verweilzeitmessungen<\/strong><br><strong>Author: F. Balzereit<\/strong><br>Fortschr.-Ber. VDI, Reihe 19, Nr. 120, VDI Verlag, D\u00fcsseldorf, 1999.<\/p>\n\n\n\n<p><strong>W\u00e4rmedurchgang und mittlere Temperaturdifferenz in Rekuperatoren<\/strong><br><strong>Author: B. Spang<\/strong><br>Habilitationsschrift, Universit\u00e4t der Bundeswehr Hamburg, Fakult\u00e4t Maschinenbau, 1998. Online-Publikation, Dokumentserver der Deutschen Bibliothek: http:\/\/deposit.ddb.de\/954775724\/index.thm, 1998.<\/p>\n\n\n\n<p><strong>Fluten bei Gegenstromkondensation in geneigten Rohren<\/strong><br><strong>Author: W. Chen<\/strong><br>Dissertation an der Fakult\u00e4t Maschinenbau der Universit\u00e4t der Bundeswehr Hamburg, 1998.<\/p>\n\n\n\n<p><strong>Simulation von station\u00e4ren dreidimensionalen Str\u00f6mungs- und Temperaturfeldern in einem Rohrb\u00fcndelw\u00e4rme\u00fcbertrager<\/strong><br><strong>Author: R.-Q. Hamid<\/strong><br>Dissertation an der Fakult\u00e4t Maschinenbau der Universit\u00e4t der Bundeswehr Hamburg, 1998.<\/p>\n\n\n\n<p><strong>Das axiale Dispersionsmodell f\u00fcr Kreuzstromw\u00e4rme\u00fcbertrager<\/strong><br><strong>Author: X. Luo<\/strong><br>Dissertation an der Fakult\u00e4t Maschinenbau der Universit\u00e4t der Bundeswehr Hamburg 1997, Fortschr.-Ber. VDI, Reihe 19, Nr. 109, D\u00fcsseldorf: VDI-Verlag, 1998.<\/p>\n\n\n\n<p><strong>Me\u00dfverfahren mit Temperaturschwingungen f\u00fcr W\u00e4rme- und Temperaturleitf\u00e4higkeit<\/strong><br><strong>Author: W. Czarnetzki<\/strong><br>Dissertation an der Fakult\u00e4t Maschinenbau der Universit\u00e4t der Bundeswehr Hamburg, 1997.<\/p>\n\n\n\n<p><strong>Messung bin\u00e4rer Diffusionskoeffizienten von Gasen in Wasser mit Hilfe der holographischen Interferometrie<\/strong><br><strong>Author: D. Bl\u00f6mker<\/strong><br>Dissertation an der Fakult\u00e4t Maschinenbau der Universit\u00e4t der Bundeswehr Hamburg 1995, GKSS 95\/E\/55, ISSN 0344-9629, GKSS-Forschungszentrum Geesthacht GmbH, Geesthacht, 1995.<\/p>\n\n\n\n<p><strong>Thermisches Verhalten von Rohrb\u00fcndelw\u00e4rme\u00fcbertragern<\/strong><br><strong>Author: D.-Y. W. Lee<\/strong><br>Dissertation an der Fakult\u00e4t Maschinenbau der Universit\u00e4t der Bundeswehr Hamburg 1994, Fortschr.-Ber. VDI, Reihe 19, Nr. 78, D\u00fcsseldorf: VDI-Verlag, 1994.<\/p>\n\n\n\n<p><strong>Berechnungsmethoden f\u00fcr Diffusionskoeffizienten von Gasen in w\u00e4ssrigen Elektrolytl\u00f6sungen<\/strong><br><strong>Author: E.-S. Costea<\/strong><br>Dissertation an der Fakult\u00e4t Maschinenbau der Universit\u00e4t der Bundeswehr Hamburg 1993, Fortschr.-Ber. VDI, Reihe 3, Nr. 325, D\u00fcsseldorf: VDI-Verlag.<\/p>\n\n\n\n<p><strong>Thermische Modellierung mehrg\u00e4ngiger Rohrb\u00fcndelw\u00e4rme\u00fcbertrager mit Umlenkblechen und geteiltem Mantelstrom<\/strong><br><strong>Author: Y. Xuan<\/strong><br>Dissertation an der Fakult\u00e4t Maschinenbau der Universit\u00e4t der Bundeswehr Hamburg 1991, Fortschr.-Ber. VDI, Reihe 19, Nr. 52, D\u00fcsseldorf: VDI-Verlag, 1993.<\/p>\n\n\n\n<p><strong>Experimentelle Bestimmung \u00f6rtlicher W\u00e4rme\u00fcbergangskoeffizienten mittels Temperaturschwingungen der Wand<\/strong><br><strong>Author: S. Prinzen<\/strong><br>Diss. FB MB 1991, Fortschr.-Ber. VDI, Reihe 19, Nr. 51, D\u00fcsseldorf: VDI-Verlag, 1991.<\/p>\n\n\n\n<p><strong>\u00dcber das thermische Verhalten von Rohrb\u00fcndelw\u00e4rme\u00fcbertragern mit Segmentumlenkblechen<\/strong><br><strong>Author: B. Spang<\/strong><br>Dissertation an der Fakult\u00e4t Maschinenbau der Universit\u00e4t der Bundeswehr Hamburg 1991, Fortschr.-Ber. VDI, Reihe 19, Nr. 48, D\u00fcsseldorf: VDI-Verlag, 1991.<\/p>\n\n\n\n<p><strong>Kondensation an geneigten ovalen Rohren<\/strong><br><strong>Author: J. F\u00fcrst<\/strong><br>Dissertation an der Fakult\u00e4t Maschinenbau der Universit\u00e4t der Bundeswehr Hamburg 1989, Fortschr.-Ber. VDI, Reihe 19, Nr. 36, D\u00fcsseldorf: VDI-Verlag, 1989.<\/p>\n\n\n\n<p><strong>Laminare Filmkondensation an geneigten elliptischen Rohren unter dem Einflu\u00df von Schwerkraft und Oberfl\u00e4chenspannung<\/strong><br><strong>Author: G. Fieg<\/strong><br>Dissertation an der Fakult\u00e4t Maschinenbau der Universit\u00e4t der Bundeswehr Hamburg, Fortschr.-Ber. VDI, Reihe 19, Nr. 7, VDI-Verlag, 1986.<\/p>\n\n\n\n<p><strong>W\u00e4rme\u00fcbertragung bei der Kondensation in geneigten ovalen Rohren<\/strong><br><strong>Author: J.-E. Roth<\/strong><br>Dissertation an der Fakult\u00e4t Maschinenbau der Universit\u00e4t der Bundeswehr Hamburg 1984, Fortschr.-Ber. VDI-Z., Reihe 6, Nr. 145, VDI-Verlag, 1984.<\/p>\n","protected":false},"excerpt":{"rendered":"<p>Theorie des instation\u00e4ren Verhaltens von W\u00e4rme\u00fcbertragern und W\u00e4rme\u00fcbertragernetzwerken. Theory on the Transient Behaviour of Heat Exchangers and their NetworksAuthor: Dr. Xing LuoHabilitationsschrift (in Englisch), Kolloquium: 29. November, 2004. Experimental and [&hellip;]<\/p>\n","protected":false},"author":53,"featured_media":0,"parent":0,"menu_order":0,"comment_status":"closed","ping_status":"closed","template":"","meta":{"footnotes":""},"categories":[72],"tags":[],"class_list":["post-3939","page","type-page","status-publish","hentry","category-publications"],"_links":{"self":[{"href":"https:\/\/www.hsu-hh.de\/thermodynamik\/wp-json\/wp\/v2\/pages\/3939","targetHints":{"allow":["GET"]}}],"collection":[{"href":"https:\/\/www.hsu-hh.de\/thermodynamik\/wp-json\/wp\/v2\/pages"}],"about":[{"href":"https:\/\/www.hsu-hh.de\/thermodynamik\/wp-json\/wp\/v2\/types\/page"}],"author":[{"embeddable":true,"href":"https:\/\/www.hsu-hh.de\/thermodynamik\/wp-json\/wp\/v2\/users\/53"}],"replies":[{"embeddable":true,"href":"https:\/\/www.hsu-hh.de\/thermodynamik\/wp-json\/wp\/v2\/comments?post=3939"}],"version-history":[{"count":4,"href":"https:\/\/www.hsu-hh.de\/thermodynamik\/wp-json\/wp\/v2\/pages\/3939\/revisions"}],"predecessor-version":[{"id":4449,"href":"https:\/\/www.hsu-hh.de\/thermodynamik\/wp-json\/wp\/v2\/pages\/3939\/revisions\/4449"}],"wp:attachment":[{"href":"https:\/\/www.hsu-hh.de\/thermodynamik\/wp-json\/wp\/v2\/media?parent=3939"}],"wp:term":[{"taxonomy":"category","embeddable":true,"href":"https:\/\/www.hsu-hh.de\/thermodynamik\/wp-json\/wp\/v2\/categories?post=3939"},{"taxonomy":"post_tag","embeddable":true,"href":"https:\/\/www.hsu-hh.de\/thermodynamik\/wp-json\/wp\/v2\/tags?post=3939"}],"curies":[{"name":"wp","href":"https:\/\/api.w.org\/{rel}","templated":true}]}}