{"id":3935,"date":"2021-06-02T11:11:34","date_gmt":"2021-06-02T09:11:34","guid":{"rendered":"https:\/\/www.hsu-hh.de\/thermodynamik\/?page_id=3935"},"modified":"2022-01-14T08:08:43","modified_gmt":"2022-01-14T07:08:43","slug":"dissertationen-baehr","status":"publish","type":"page","link":"https:\/\/www.hsu-hh.de\/thermodynamik\/en\/dissertationen-baehr","title":{"rendered":"Dissertations Prof. Baehr"},"content":{"rendered":"\n<p><strong>Auslegung von Sorptionsw\u00e4rmepumpen<\/strong><br><strong>Author: J\u00fcrgen Zimmermann<\/strong><br>Dissertation, Fachbereich Maschinenbau, Universit\u00e4t der Bundeswehr Hamburg, 1986.<\/p>\n\n\n\n<p><strong>Berechnung der freien Konvektion in Hohlr\u00e4umen mit quadratischem Querschnitt unter Ber\u00fccksichtigung temperaturabh\u00e4ngiger Stoffwerte<\/strong><br><strong>Author: Michael Thielemann<\/strong><br>Dissertation, Fachbereich Maschinenbau, Universit\u00e4t der Bundeswehr Hamburg, 1985.<\/p>\n\n\n\n<p><strong>Thermodynamische Modellierung von Prozessen ein- und zweistufiger Sorptionsw\u00e4rmepumpen<br>Author: Kurt Molt<br><\/strong>Dissertation, Fachbereich Maschinenbau, Universit\u00e4t der Bundeswehr Hamburg, 1984.<\/p>\n","protected":false},"excerpt":{"rendered":"<p>Auslegung von Sorptionsw\u00e4rmepumpenAuthor: J\u00fcrgen ZimmermannDissertation, Fachbereich Maschinenbau, Universit\u00e4t der Bundeswehr Hamburg, 1986. Berechnung der freien Konvektion in Hohlr\u00e4umen mit quadratischem Querschnitt unter Ber\u00fccksichtigung temperaturabh\u00e4ngiger StoffwerteAuthor: Michael ThielemannDissertation, Fachbereich Maschinenbau, Universit\u00e4t [&hellip;]<\/p>\n","protected":false},"author":53,"featured_media":0,"parent":0,"menu_order":0,"comment_status":"closed","ping_status":"closed","template":"","meta":{"footnotes":""},"categories":[72],"tags":[],"class_list":["post-3935","page","type-page","status-publish","hentry","category-publications"],"_links":{"self":[{"href":"https:\/\/www.hsu-hh.de\/thermodynamik\/wp-json\/wp\/v2\/pages\/3935","targetHints":{"allow":["GET"]}}],"collection":[{"href":"https:\/\/www.hsu-hh.de\/thermodynamik\/wp-json\/wp\/v2\/pages"}],"about":[{"href":"https:\/\/www.hsu-hh.de\/thermodynamik\/wp-json\/wp\/v2\/types\/page"}],"author":[{"embeddable":true,"href":"https:\/\/www.hsu-hh.de\/thermodynamik\/wp-json\/wp\/v2\/users\/53"}],"replies":[{"embeddable":true,"href":"https:\/\/www.hsu-hh.de\/thermodynamik\/wp-json\/wp\/v2\/comments?post=3935"}],"version-history":[{"count":4,"href":"https:\/\/www.hsu-hh.de\/thermodynamik\/wp-json\/wp\/v2\/pages\/3935\/revisions"}],"predecessor-version":[{"id":4450,"href":"https:\/\/www.hsu-hh.de\/thermodynamik\/wp-json\/wp\/v2\/pages\/3935\/revisions\/4450"}],"wp:attachment":[{"href":"https:\/\/www.hsu-hh.de\/thermodynamik\/wp-json\/wp\/v2\/media?parent=3935"}],"wp:term":[{"taxonomy":"category","embeddable":true,"href":"https:\/\/www.hsu-hh.de\/thermodynamik\/wp-json\/wp\/v2\/categories?post=3935"},{"taxonomy":"post_tag","embeddable":true,"href":"https:\/\/www.hsu-hh.de\/thermodynamik\/wp-json\/wp\/v2\/tags?post=3935"}],"curies":[{"name":"wp","href":"https:\/\/api.w.org\/{rel}","templated":true}]}}