{"id":3907,"date":"2021-06-02T10:18:08","date_gmt":"2021-06-02T08:18:08","guid":{"rendered":"https:\/\/www.hsu-hh.de\/thermodynamik\/?page_id=3907"},"modified":"2021-11-16T11:43:13","modified_gmt":"2021-11-16T10:43:13","slug":"master-vorlesungen-2","status":"publish","type":"page","link":"https:\/\/www.hsu-hh.de\/thermodynamik\/en\/master-vorlesungen-2","title":{"rendered":"Master Lectures"},"content":{"rendered":"<p><br><h3>Thermodynamik III&#8220; class=&#8220;out<\/h3><\/p>\n<p>Pflichtfach in den Masterstudieng\u00e4ngen Energie- und Umwelttechnik sowie Fahrzeugtechnik<\/p>\n<p><strong>Dozent\/Betreuer:<\/strong> Prof. <abbr title=\"Doktor Ingenieurwissenschaften\">Dr.-Ing.<\/abbr> Karsten Meier, H11\/Raum 126, Tel. 2735<\/p>\n<p><strong>Modulnummer:<\/strong> MB&nbsp;08514<br><strong>Zeitraum:<\/strong> Wintertrimester<br><strong>Pr\u00fcfung:<\/strong> Klausur 1,5h, 4 LP<\/p>\n<p><a href=\"https:\/\/www.hsu-hh.de\/thermodynamik\/thermodynamik-iii\">Vorlesungsinhalt<\/a><\/p>\n<p><br><h3>H\u00f6here W\u00e4rme- und Stoff\u00fcbertragung<\/h3><\/p>\n<p>Pflichtfach im Masterstudiengang Energie- und Umwelttechnik<\/p>\n<p><strong>Dozent:<\/strong> Prof. <abbr title=\"Doktor Ingenieurwissenschaften\">Dr.-Ing.<\/abbr>&nbsp;Karsten Meier, H11\/Raum 126, Tel. 2735<br><strong>Betreuer:<\/strong> M.Sc. Rouven Kanitz , H11\/Raum 116, Tel. 3778<\/p>\n<p><strong>Modulnummer:<\/strong> MB 08515, 4 LP<br><strong>Zeitraum:<\/strong> Wintertrimester, 3 TWS, 8. Trimester, 2V \/ 1\u00dc<br><strong>Pr\u00fcfung:<\/strong> Klausur 1,5 h, 4 LP<\/p>\n<p><a href=\"https:\/\/www.hsu-hh.de\/thermodynamik\/hoehere-waerme-und-stoffuebertragung\">Vorlesungsinhalt<\/a><\/p>\n<p><br><h3>H\u00f6here Thermodynamik (Langfach)<\/h3><\/p>\n<p><strong>Dozent\/Betreuer:<\/strong> Prof. <abbr title=\"Doktor Ingenieurwissenschaften\">Dr.-Ing.<\/abbr> Karsten Meier, H11\/Raum 126, Tel. 2735<\/p>\n<p><strong>Modulnummer:<\/strong> MB 09518, 8 LP<br><strong>Zeitraum:<\/strong> Fr\u00fchjahrs- und Herbsttrimester<br><strong>Pr\u00fcfung:<\/strong> M\u00fcndliche Pr\u00fcfung am Ende der Vorlesung \u201eStatistische Thermodynamik\u201c (1 h)<\/p>\n<p><br><h3>Phasen- und Reaktionsgleichgewichte<\/h3><\/p>\n<p><strong>Dozent:<\/strong> Prof. <abbr title=\"Doktor Ingenieurwissenschaften\">Dr.-Ing.<\/abbr> Karsten Meier, H11\/Raum 126, Tel. 2735<br><strong>Betreuer:<\/strong> M.Sc. Tobias Dietl, H11\/Raum 115, Tel. 2376<\/p>\n<p>Als erster Teil der Langf\u00e4cher &#8222;H\u00f6here Thermodynamik&#8220; oder &#8222;Technische Verbrennung&#8220; oder als Kurzfach w\u00e4hlbar.<\/p>\n<p><strong>Modulnummer:<\/strong> MB 09519, 4 LP<br><strong>Zeitraum:<\/strong> Fr\u00fchjahrstrimester<br><strong>Pr\u00fcfung:<\/strong> M\u00fcndliche Pr\u00fcfung am Ende der Vorlesung \u201ePhasen- und Reaktionsgleichgewichte\u201c (1 h)<\/p>\n<p><a href=\"https:\/\/www.hsu-hh.de\/thermodynamik\/phasen-und-reaktionsgleichgewichte\">Vorlesungsinhalt<\/a><\/p>\n<p><\/p>\n<h3>Statistische Thermodynamik<\/h3>\n<p><strong>Dozent:<\/strong> Prof. <abbr title=\"Doktor Ingenieurwissenschaften\">Dr.-Ing.<\/abbr> Karsten Meier, H11\/Raum 126, Tel. 2735<br><strong>Betreuer:<\/strong> Dr. Robert Hellmann , H11\/Raum 117, Tel. 2858<\/p>\n<p>Als zweiter Teil des Langfachs &#8222;H\u00f6here Thermodynamik&#8220; oder als Kurzfach w\u00e4hlbar.<\/p>\n<p><strong>Modulnummer:<\/strong> MB 10518<br><strong>Zeitraum:<\/strong> Herbsttrimester<br><strong>Pr\u00fcfung:<\/strong> M\u00fcndliche Pr\u00fcfung am Ende der Vorlesung \u201eStatistische Thermodynamik\u201c (1 h)<\/p>\n<p><a href=\"https:\/\/www.hsu-hh.de\/thermodynamik\/statistische-thermodynamik\">Vorlesungsinhalt<\/a><\/p>\n<p><\/p>\n<h3>K\u00e4ltetechnik und W\u00e4rmepumpen<\/h3>\n<p><strong>Dozent:<\/strong> <abbr title=\"Doktor Ingenieurwissenschaften\">Dr.-Ing.<\/abbr> Sebastian Herrmann (Lehrbeauftragter von der Hochschule Zittau\/G\u00f6rlitz, Fakult\u00e4t Maschinenwesen, Thermodynamik)<\/p>\n<p><strong>Modulnummer:<\/strong>&nbsp;MB 21517<br><strong>Zeitraum:<\/strong>&nbsp;Fr\u00fchjahrstrimester<br><strong>Pr\u00fcfung:<\/strong>&nbsp;M\u00fcndliche Pr\u00fcfung am Ende der Vorlesung<\/p>\n<p><\/p>\n<p><\/p>\n\n\n<p><\/p>\n","protected":false},"excerpt":{"rendered":"<p>Thermodynamik III&#8220; class=&#8220;out Pflichtfach in den Masterstudieng\u00e4ngen Energie- und Umwelttechnik sowie Fahrzeugtechnik Dozent\/Betreuer: Prof. Dr.-Ing. Karsten Meier, H11\/Raum 126, Tel. 2735 Modulnummer: MB&nbsp;08514Zeitraum: WintertrimesterPr\u00fcfung: Klausur 1,5h, 4 LP Vorlesungsinhalt H\u00f6here [&hellip;]<\/p>\n","protected":false},"author":53,"featured_media":0,"parent":0,"menu_order":0,"comment_status":"closed","ping_status":"closed","template":"","meta":{"footnotes":""},"categories":[5],"tags":[],"class_list":["post-3907","page","type-page","status-publish","hentry","category-education"],"_links":{"self":[{"href":"https:\/\/www.hsu-hh.de\/thermodynamik\/wp-json\/wp\/v2\/pages\/3907","targetHints":{"allow":["GET"]}}],"collection":[{"href":"https:\/\/www.hsu-hh.de\/thermodynamik\/wp-json\/wp\/v2\/pages"}],"about":[{"href":"https:\/\/www.hsu-hh.de\/thermodynamik\/wp-json\/wp\/v2\/types\/page"}],"author":[{"embeddable":true,"href":"https:\/\/www.hsu-hh.de\/thermodynamik\/wp-json\/wp\/v2\/users\/53"}],"replies":[{"embeddable":true,"href":"https:\/\/www.hsu-hh.de\/thermodynamik\/wp-json\/wp\/v2\/comments?post=3907"}],"version-history":[{"count":3,"href":"https:\/\/www.hsu-hh.de\/thermodynamik\/wp-json\/wp\/v2\/pages\/3907\/revisions"}],"predecessor-version":[{"id":4268,"href":"https:\/\/www.hsu-hh.de\/thermodynamik\/wp-json\/wp\/v2\/pages\/3907\/revisions\/4268"}],"wp:attachment":[{"href":"https:\/\/www.hsu-hh.de\/thermodynamik\/wp-json\/wp\/v2\/media?parent=3907"}],"wp:term":[{"taxonomy":"category","embeddable":true,"href":"https:\/\/www.hsu-hh.de\/thermodynamik\/wp-json\/wp\/v2\/categories?post=3907"},{"taxonomy":"post_tag","embeddable":true,"href":"https:\/\/www.hsu-hh.de\/thermodynamik\/wp-json\/wp\/v2\/tags?post=3907"}],"curies":[{"name":"wp","href":"https:\/\/api.w.org\/{rel}","templated":true}]}}