{"id":3903,"date":"2021-06-02T09:43:28","date_gmt":"2021-06-02T07:43:28","guid":{"rendered":"https:\/\/www.hsu-hh.de\/thermodynamik\/?page_id=3903"},"modified":"2021-06-02T09:44:19","modified_gmt":"2021-06-02T07:44:19","slug":"univ-prof-dr-ing-wilfried-roetzel","status":"publish","type":"page","link":"https:\/\/www.hsu-hh.de\/thermodynamik\/en\/univ-prof-dr-ing-wilfried-roetzel","title":{"rendered":"Univ.-Prof. Dr.-Ing. Wilfried Roetzel"},"content":{"rendered":"\n<p>Professor f\u00fcr W\u00e4rme\u00fcbertragung von 1975 bis 1983<br>Professor f\u00fcr Thermodynamik und Institutsleiter von 1983 bis 2001<br>Advisory Professor der Nanjing University of Science and Technology, China, 1994<br>Fellow Wessex Institute of Great Britain, 2002<br>Mitglied der Akademie der Wissenschaften in Hamburg seit 2005 (www.awhamburg.de)<\/p>\n","protected":false},"excerpt":{"rendered":"<p>Professor f\u00fcr W\u00e4rme\u00fcbertragung von 1975 bis 1983Professor f\u00fcr Thermodynamik und Institutsleiter von 1983 bis 2001Advisory Professor der Nanjing University of Science and Technology, China, 1994Fellow Wessex Institute of Great Britain, [&hellip;]<\/p>\n","protected":false},"author":53,"featured_media":0,"parent":0,"menu_order":0,"comment_status":"closed","ping_status":"closed","template":"","meta":{"footnotes":""},"categories":[9],"tags":[],"class_list":["post-3903","page","type-page","status-publish","hentry","category-team-en"],"_links":{"self":[{"href":"https:\/\/www.hsu-hh.de\/thermodynamik\/wp-json\/wp\/v2\/pages\/3903","targetHints":{"allow":["GET"]}}],"collection":[{"href":"https:\/\/www.hsu-hh.de\/thermodynamik\/wp-json\/wp\/v2\/pages"}],"about":[{"href":"https:\/\/www.hsu-hh.de\/thermodynamik\/wp-json\/wp\/v2\/types\/page"}],"author":[{"embeddable":true,"href":"https:\/\/www.hsu-hh.de\/thermodynamik\/wp-json\/wp\/v2\/users\/53"}],"replies":[{"embeddable":true,"href":"https:\/\/www.hsu-hh.de\/thermodynamik\/wp-json\/wp\/v2\/comments?post=3903"}],"version-history":[{"count":2,"href":"https:\/\/www.hsu-hh.de\/thermodynamik\/wp-json\/wp\/v2\/pages\/3903\/revisions"}],"predecessor-version":[{"id":3905,"href":"https:\/\/www.hsu-hh.de\/thermodynamik\/wp-json\/wp\/v2\/pages\/3903\/revisions\/3905"}],"wp:attachment":[{"href":"https:\/\/www.hsu-hh.de\/thermodynamik\/wp-json\/wp\/v2\/media?parent=3903"}],"wp:term":[{"taxonomy":"category","embeddable":true,"href":"https:\/\/www.hsu-hh.de\/thermodynamik\/wp-json\/wp\/v2\/categories?post=3903"},{"taxonomy":"post_tag","embeddable":true,"href":"https:\/\/www.hsu-hh.de\/thermodynamik\/wp-json\/wp\/v2\/tags?post=3903"}],"curies":[{"name":"wp","href":"https:\/\/api.w.org\/{rel}","templated":true}]}}