{"id":3896,"date":"2021-06-02T09:38:50","date_gmt":"2021-06-02T07:38:50","guid":{"rendered":"https:\/\/www.hsu-hh.de\/thermodynamik\/?page_id=3896"},"modified":"2021-06-02T09:38:50","modified_gmt":"2021-06-02T07:38:50","slug":"prof-dr-ing-e-h-hans-dieter-baehr-2","status":"publish","type":"page","link":"https:\/\/www.hsu-hh.de\/thermodynamik\/en\/prof-dr-ing-e-h-hans-dieter-baehr-2","title":{"rendered":"Prof. Dr.-Ing. E.h. Hans Dieter Baehr"},"content":{"rendered":"\n<p>Professor f\u00fcr Thermodynamik und Institutsleiter von 1974 bis 1981<br>Professor f\u00fcr Thermodynamik an der Leibniz Universit\u00e4t Hannover von 1981 bis 1993<br>Ehrendoktor der Fakult\u00e4t f\u00fcr Maschinenbau der Helmut-Schmidt-Universit\u00e4t seit 14.11.1985<\/p>\n","protected":false},"excerpt":{"rendered":"<p>Professor f\u00fcr Thermodynamik und Institutsleiter von 1974 bis 1981Professor f\u00fcr Thermodynamik an der Leibniz Universit\u00e4t Hannover von 1981 bis 1993Ehrendoktor der Fakult\u00e4t f\u00fcr Maschinenbau der Helmut-Schmidt-Universit\u00e4t seit 14.11.1985<\/p>\n","protected":false},"author":53,"featured_media":0,"parent":0,"menu_order":0,"comment_status":"closed","ping_status":"closed","template":"","meta":{"footnotes":""},"categories":[9],"tags":[],"class_list":["post-3896","page","type-page","status-publish","hentry","category-team-en"],"_links":{"self":[{"href":"https:\/\/www.hsu-hh.de\/thermodynamik\/wp-json\/wp\/v2\/pages\/3896","targetHints":{"allow":["GET"]}}],"collection":[{"href":"https:\/\/www.hsu-hh.de\/thermodynamik\/wp-json\/wp\/v2\/pages"}],"about":[{"href":"https:\/\/www.hsu-hh.de\/thermodynamik\/wp-json\/wp\/v2\/types\/page"}],"author":[{"embeddable":true,"href":"https:\/\/www.hsu-hh.de\/thermodynamik\/wp-json\/wp\/v2\/users\/53"}],"replies":[{"embeddable":true,"href":"https:\/\/www.hsu-hh.de\/thermodynamik\/wp-json\/wp\/v2\/comments?post=3896"}],"version-history":[{"count":1,"href":"https:\/\/www.hsu-hh.de\/thermodynamik\/wp-json\/wp\/v2\/pages\/3896\/revisions"}],"predecessor-version":[{"id":3897,"href":"https:\/\/www.hsu-hh.de\/thermodynamik\/wp-json\/wp\/v2\/pages\/3896\/revisions\/3897"}],"wp:attachment":[{"href":"https:\/\/www.hsu-hh.de\/thermodynamik\/wp-json\/wp\/v2\/media?parent=3896"}],"wp:term":[{"taxonomy":"category","embeddable":true,"href":"https:\/\/www.hsu-hh.de\/thermodynamik\/wp-json\/wp\/v2\/categories?post=3896"},{"taxonomy":"post_tag","embeddable":true,"href":"https:\/\/www.hsu-hh.de\/thermodynamik\/wp-json\/wp\/v2\/tags?post=3896"}],"curies":[{"name":"wp","href":"https:\/\/api.w.org\/{rel}","templated":true}]}}