{"id":3887,"date":"2021-06-02T09:30:26","date_gmt":"2021-06-02T07:30:26","guid":{"rendered":"https:\/\/www.hsu-hh.de\/thermodynamik\/?page_id=3887"},"modified":"2021-06-02T09:32:00","modified_gmt":"2021-06-02T07:32:00","slug":"univ-prof-dr-ing-kabelac","status":"publish","type":"page","link":"https:\/\/www.hsu-hh.de\/thermodynamik\/en\/univ-prof-dr-ing-kabelac","title":{"rendered":"Univ.-Prof. Dr.-Ing. Stephan Kabelac"},"content":{"rendered":"\n<p>Professor f\u00fcr Thermodynamik und Institutsleiter von 2001 bis 2011<br>seit 01.10.2011 Professor f\u00fcr Thermodynamik der Leibniz Universit\u00e4t Hannover<br>Ordentliches Mitglied der Akademie der Wissenschaften in Hamburg seit 2009 (www.awhamburg.de)<\/p>\n","protected":false},"excerpt":{"rendered":"<p>Professor f\u00fcr Thermodynamik und Institutsleiter von 2001 bis 2011seit 01.10.2011 Professor f\u00fcr Thermodynamik der Leibniz Universit\u00e4t HannoverOrdentliches Mitglied der Akademie der Wissenschaften in Hamburg seit 2009 (www.awhamburg.de)<\/p>\n","protected":false},"author":53,"featured_media":0,"parent":0,"menu_order":0,"comment_status":"closed","ping_status":"closed","template":"","meta":{"footnotes":""},"categories":[9],"tags":[],"class_list":["post-3887","page","type-page","status-publish","hentry","category-team-en"],"_links":{"self":[{"href":"https:\/\/www.hsu-hh.de\/thermodynamik\/wp-json\/wp\/v2\/pages\/3887","targetHints":{"allow":["GET"]}}],"collection":[{"href":"https:\/\/www.hsu-hh.de\/thermodynamik\/wp-json\/wp\/v2\/pages"}],"about":[{"href":"https:\/\/www.hsu-hh.de\/thermodynamik\/wp-json\/wp\/v2\/types\/page"}],"author":[{"embeddable":true,"href":"https:\/\/www.hsu-hh.de\/thermodynamik\/wp-json\/wp\/v2\/users\/53"}],"replies":[{"embeddable":true,"href":"https:\/\/www.hsu-hh.de\/thermodynamik\/wp-json\/wp\/v2\/comments?post=3887"}],"version-history":[{"count":2,"href":"https:\/\/www.hsu-hh.de\/thermodynamik\/wp-json\/wp\/v2\/pages\/3887\/revisions"}],"predecessor-version":[{"id":3889,"href":"https:\/\/www.hsu-hh.de\/thermodynamik\/wp-json\/wp\/v2\/pages\/3887\/revisions\/3889"}],"wp:attachment":[{"href":"https:\/\/www.hsu-hh.de\/thermodynamik\/wp-json\/wp\/v2\/media?parent=3887"}],"wp:term":[{"taxonomy":"category","embeddable":true,"href":"https:\/\/www.hsu-hh.de\/thermodynamik\/wp-json\/wp\/v2\/categories?post=3887"},{"taxonomy":"post_tag","embeddable":true,"href":"https:\/\/www.hsu-hh.de\/thermodynamik\/wp-json\/wp\/v2\/tags?post=3887"}],"curies":[{"name":"wp","href":"https:\/\/api.w.org\/{rel}","templated":true}]}}