{"id":3732,"date":"2021-05-10T11:47:49","date_gmt":"2021-05-10T09:47:49","guid":{"rendered":"https:\/\/www.hsu-hh.de\/thermodynamik\/?page_id=3732"},"modified":"2021-05-10T12:15:39","modified_gmt":"2021-05-10T10:15:39","slug":"phasen-und-reaktionsgleichgewichte","status":"publish","type":"page","link":"https:\/\/www.hsu-hh.de\/thermodynamik\/phasen-und-reaktionsgleichgewichte","title":{"rendered":"Phasen- und Reaktionsgleichgewichte"},"content":{"rendered":"\n<h3 class=\"wp-block-heading\">Phasen- und Reaktionsgleichgewichte<\/h3>\n\n\n\n<p><strong>1. Einf\u00fchrung und Wiederholung der Grundlagen<\/strong><\/p>\n\n\n\n<p><strong>2. Klassifizierung von Phasendiagrammen<\/strong><\/p>\n\n\n\n<p><strong>3. Phasengleichgewichtsberechnung mit dem Fugazit\u00e4tskoezientenansatz<\/strong><\/p>\n\n\n\n<p>3.1 Der Fugazit\u00e4tskoezientenansatz f\u00fcr das chemische Potenzial<br>3.2 Die Berechnung des Verdampfungsgleichgewichts mit Zustandsgleichungen<br>3.3 Gleichgewicht zwischen einem Gasgemisch und reinem Kondensat<\/p>\n\n\n\n<p><strong>4. Phasengleichgewichtsberechnung mit dem Aktivit\u00e4tskoezientenansatz<\/strong><\/p>\n\n\n\n<p>4.1 Der Aktivit\u00e4tskoezientenansatz f\u00fcr das chemische Potenzial<br>4.2 Die Eulersche Gleichung und die Gleichung von Gibbs-Duhem<br>4.3 Modelle f\u00fcr die freie molare Enthalpie<br>4.4 Berechnung des Verdampfungsgleichgewichts mit dem Aktivit\u00e4tskoezientenansatz<br>4.5 Bestimmung von Aktivit\u00e4tskoezienten aus Phasengleichgewichtsmessungen<br>4.6 Gleichgewicht zwischen einer L\u00f6sung und einem reinem Gas<br>4.7 L\u00f6slichkeit von Gasen in Fl\u00fcssigkeiten<\/p>\n\n\n\n<p><strong>5. Reaktionsgleichgewichte mit mehreren linear unabh\u00e4ngigen Reaktionen<\/strong><\/p>\n\n\n\n<p><strong>6. Einf\u00fchrung in die thermischen Trennverfahren<\/strong><\/p>\n\n\n\n<p>6.1 Absorption<br>6.2 Fl\u00fcssig-Fl\u00fcssig Gleichgewichte<br>6.3 Stabilit\u00e4t und Phasenzerfall<br>6.4 Fl\u00fcssig-Fl\u00fcssig-Extraktion<\/p>\n","protected":false},"excerpt":{"rendered":"<p>Phasen- und Reaktionsgleichgewichte 1. Einf\u00fchrung und Wiederholung der Grundlagen 2. Klassifizierung von Phasendiagrammen 3. Phasengleichgewichtsberechnung mit dem Fugazit\u00e4tskoezientenansatz 3.1 Der Fugazit\u00e4tskoezientenansatz f\u00fcr das chemische Potenzial3.2 Die Berechnung des Verdampfungsgleichgewichts mit [&hellip;]<\/p>\n","protected":false},"author":53,"featured_media":0,"parent":0,"menu_order":0,"comment_status":"closed","ping_status":"closed","template":"","meta":{"footnotes":""},"categories":[6],"tags":[],"class_list":["post-3732","page","type-page","status-publish","hentry","category-studium"],"_links":{"self":[{"href":"https:\/\/www.hsu-hh.de\/thermodynamik\/wp-json\/wp\/v2\/pages\/3732","targetHints":{"allow":["GET"]}}],"collection":[{"href":"https:\/\/www.hsu-hh.de\/thermodynamik\/wp-json\/wp\/v2\/pages"}],"about":[{"href":"https:\/\/www.hsu-hh.de\/thermodynamik\/wp-json\/wp\/v2\/types\/page"}],"author":[{"embeddable":true,"href":"https:\/\/www.hsu-hh.de\/thermodynamik\/wp-json\/wp\/v2\/users\/53"}],"replies":[{"embeddable":true,"href":"https:\/\/www.hsu-hh.de\/thermodynamik\/wp-json\/wp\/v2\/comments?post=3732"}],"version-history":[{"count":1,"href":"https:\/\/www.hsu-hh.de\/thermodynamik\/wp-json\/wp\/v2\/pages\/3732\/revisions"}],"predecessor-version":[{"id":3733,"href":"https:\/\/www.hsu-hh.de\/thermodynamik\/wp-json\/wp\/v2\/pages\/3732\/revisions\/3733"}],"wp:attachment":[{"href":"https:\/\/www.hsu-hh.de\/thermodynamik\/wp-json\/wp\/v2\/media?parent=3732"}],"wp:term":[{"taxonomy":"category","embeddable":true,"href":"https:\/\/www.hsu-hh.de\/thermodynamik\/wp-json\/wp\/v2\/categories?post=3732"},{"taxonomy":"post_tag","embeddable":true,"href":"https:\/\/www.hsu-hh.de\/thermodynamik\/wp-json\/wp\/v2\/tags?post=3732"}],"curies":[{"name":"wp","href":"https:\/\/api.w.org\/{rel}","templated":true}]}}