{"id":3730,"date":"2021-05-10T11:47:10","date_gmt":"2021-05-10T09:47:10","guid":{"rendered":"https:\/\/www.hsu-hh.de\/thermodynamik\/?page_id=3730"},"modified":"2021-06-03T10:08:20","modified_gmt":"2021-06-03T08:08:20","slug":"hoehere-waerme-und-stoffuebertragung","status":"publish","type":"page","link":"https:\/\/www.hsu-hh.de\/thermodynamik\/hoehere-waerme-und-stoffuebertragung","title":{"rendered":"H\u00f6here W\u00e4rme- und Stoff\u00fcbertragung"},"content":{"rendered":"\n<h3 class=\"wp-block-heading\">H\u00f6here W\u00e4rme- und Stoff\u00fcbertragung (MB 08515, 4 LP, (2 V + 1 \u00dc)<\/h3>\n\n\n\n<p><strong>1. Einleitung<\/strong><\/p>\n\n\n\n<p><strong>2. Instation\u00e4re W\u00e4rmeleitung<\/strong><\/p>\n\n\n\n<p>2.1 Das Temperaturfeld<br>2.2 Eindimensionale instation\u00e4re W\u00e4rmeleitung<\/p>\n\n\n\n<p>2.2.1 Die Laplace-Transformation<br>2.2.2 Der einseitig unendlich ausgedehnte K\u00f6rper<br>2.2.3 Periodische Temperatur\u00e4nderungen<br>2.2.4 Abk\u00fchlen oder Aufheizen einer Platte<\/p>\n\n\n\n<p><strong>3. Stoff\u00fcbertragung<\/strong><\/p>\n\n\n\n<p>3.1 Die Diffusionsstromdichte<br>3.2 \u00c4quimolare Gegendiffusion und einseitige Diffusion<br>3.3 Die Dgl. f\u00fcr das Konzentrationsfeld in ruhenden Medien. Analogie zwischen W\u00e4rmeleitung und Diffusion<br>3.4 Konvektiver Stoff\u00fcbergang<\/p>\n\n\n\n<p><strong>4. W\u00e4rme\u00fcbertragung beim Kondensieren<\/strong><\/p>\n\n\n\n<p>4.1 Nu\u00dfelts Theorie der laminaren Filmkondensation<br>4.2 Welliger und turbulenter Kondensatfilm<br>4.3 Kondensation an waagerechten Rohren<br>4.4 Kondensation in Rohren<\/p>\n\n\n\n<p><strong>5. W\u00e4rme\u00fcbertragung beim Sieden<\/strong><\/p>\n\n\n\n<p>5.1 Beh\u00e4ltersieden<br>5.2 Str\u00f6mungssieden<\/p>\n\n\n\n<p>5.2.1 Str\u00f6mungssieden in senkrechten Rohren<br>5.2.2 Str\u00f6mungssieden in waagerechten Rohren<\/p>\n\n\n\n<p><strong>6. Bauarten von Kondensatoren und Verdampfern<\/strong><\/p>\n","protected":false},"excerpt":{"rendered":"<p>H\u00f6here W\u00e4rme- und Stoff\u00fcbertragung (MB 08515, 4 LP, (2 V + 1 \u00dc) 1. Einleitung 2. Instation\u00e4re W\u00e4rmeleitung 2.1 Das Temperaturfeld2.2 Eindimensionale instation\u00e4re W\u00e4rmeleitung 2.2.1 Die Laplace-Transformation2.2.2 Der einseitig unendlich [&hellip;]<\/p>\n","protected":false},"author":53,"featured_media":0,"parent":0,"menu_order":0,"comment_status":"closed","ping_status":"closed","template":"","meta":{"footnotes":""},"categories":[6],"tags":[],"class_list":["post-3730","page","type-page","status-publish","hentry","category-studium"],"_links":{"self":[{"href":"https:\/\/www.hsu-hh.de\/thermodynamik\/wp-json\/wp\/v2\/pages\/3730","targetHints":{"allow":["GET"]}}],"collection":[{"href":"https:\/\/www.hsu-hh.de\/thermodynamik\/wp-json\/wp\/v2\/pages"}],"about":[{"href":"https:\/\/www.hsu-hh.de\/thermodynamik\/wp-json\/wp\/v2\/types\/page"}],"author":[{"embeddable":true,"href":"https:\/\/www.hsu-hh.de\/thermodynamik\/wp-json\/wp\/v2\/users\/53"}],"replies":[{"embeddable":true,"href":"https:\/\/www.hsu-hh.de\/thermodynamik\/wp-json\/wp\/v2\/comments?post=3730"}],"version-history":[{"count":1,"href":"https:\/\/www.hsu-hh.de\/thermodynamik\/wp-json\/wp\/v2\/pages\/3730\/revisions"}],"predecessor-version":[{"id":3731,"href":"https:\/\/www.hsu-hh.de\/thermodynamik\/wp-json\/wp\/v2\/pages\/3730\/revisions\/3731"}],"wp:attachment":[{"href":"https:\/\/www.hsu-hh.de\/thermodynamik\/wp-json\/wp\/v2\/media?parent=3730"}],"wp:term":[{"taxonomy":"category","embeddable":true,"href":"https:\/\/www.hsu-hh.de\/thermodynamik\/wp-json\/wp\/v2\/categories?post=3730"},{"taxonomy":"post_tag","embeddable":true,"href":"https:\/\/www.hsu-hh.de\/thermodynamik\/wp-json\/wp\/v2\/tags?post=3730"}],"curies":[{"name":"wp","href":"https:\/\/api.w.org\/{rel}","templated":true}]}}