{"id":3727,"date":"2021-05-10T11:45:35","date_gmt":"2021-05-10T09:45:35","guid":{"rendered":"https:\/\/www.hsu-hh.de\/thermodynamik\/?page_id=3727"},"modified":"2021-05-10T12:16:06","modified_gmt":"2021-05-10T10:16:06","slug":"thermodynamik-iii","status":"publish","type":"page","link":"https:\/\/www.hsu-hh.de\/thermodynamik\/thermodynamik-iii","title":{"rendered":"Thermodynamik III"},"content":{"rendered":"\n<h3 class=\"wp-block-heading\"><strong>Thermodynamik III<\/strong> (MB 08514, 4 LP, 2 V + 1\u00dc)<\/h3>\n\n\n\n<p><strong>1. Einf\u00fchrung<\/strong><\/p>\n\n\n\n<p><strong>2. Zustandsgleichungen<\/strong><\/p>\n\n\n\n<p>2.1 Ma\u00dfe f\u00fcr die Zusammensetzung von Gemischen<br>2.2 Die Fundamentalgleichung von Gemischen<br>2.3 Die Legendre-Transformation<br>2.4 Weitere Darstellungen der Fundamentalgleichung<br>2.5 Thermische Zustandsgleichungen<br>2.6 Die Berechnung thermodynamischer Eigenschaften aus thermischen Zustandsgleichungen und Fundamentalgleichungen<\/p>\n\n\n\n<p><strong>3. Phasengleichgewichte<\/strong><\/p>\n\n\n\n<p>3.1 Extremalprinzipien und thermodynamisches Gleichgewicht<br>3.2 Die Bedingungen f\u00fcr das Phasengleichgewicht<br>3.3 Die Gibbssche Phasenregel<br>3.4 Phasendiagramme<\/p>\n\n\n\n<p><strong>4. Phasengleichgewichtsberechnung<\/strong><\/p>\n\n\n\n<p>4.1 Mischungsgr\u00f6\u00dfen und die Irreversibilit\u00e4t des Mischungsvorgangs<br>4.2 Partielle molare Zustandsgr\u00f6\u00dfen<br>4.3 Das chemische Potenzial eines reinen idealen Gases<br>4.4 Das chemische Potenzial eines reinen realen Fluids<br>4.5 Das chemische Potenzial einer Komponente <em>i<\/em>&nbsp; in einem idealen Gasgemisch<br>4.6 Das chemische Potenzial einer Komponente <em>i<\/em>&nbsp; in einer idealen L\u00f6sung<br>4.7 Das Verdampfungsgleichgewicht zwischen einer idealen L\u00f6sung und einem idealen Gasgemisch<\/p>\n\n\n\n<p><strong>5. Reaktionsgleichgewichte<\/strong><\/p>\n\n\n\n<p>5.1&nbsp; Chemische&nbsp; Reaktionen<br>5.2 Die Bedingung f\u00fcr das Reaktionsgleichgewicht<br>5.3 Reaktionsgleichgewicht f\u00fcr ein ideales Gasgemisch<br>5.4 Die Druck- und Temperaturabh\u00e4ngigkeit des Reaktionsgleichgewichts<br>5.5 Standard &#8211; Bildungsenthalpie und Standardentropie<br>5.6 Heterogenes Reaktionsgleichgewicht mit reinen kondensierten Phasen<\/p>\n\n\n\n<p><strong>6. Kraftstoffherstellung<\/strong><\/p>\n","protected":false},"excerpt":{"rendered":"<p>Thermodynamik III (MB 08514, 4 LP, 2 V + 1\u00dc) 1. Einf\u00fchrung 2. Zustandsgleichungen 2.1 Ma\u00dfe f\u00fcr die Zusammensetzung von Gemischen2.2 Die Fundamentalgleichung von Gemischen2.3 Die Legendre-Transformation2.4 Weitere Darstellungen der [&hellip;]<\/p>\n","protected":false},"author":53,"featured_media":0,"parent":0,"menu_order":0,"comment_status":"closed","ping_status":"closed","template":"","meta":{"footnotes":""},"categories":[6],"tags":[],"class_list":["post-3727","page","type-page","status-publish","hentry","category-studium"],"_links":{"self":[{"href":"https:\/\/www.hsu-hh.de\/thermodynamik\/wp-json\/wp\/v2\/pages\/3727","targetHints":{"allow":["GET"]}}],"collection":[{"href":"https:\/\/www.hsu-hh.de\/thermodynamik\/wp-json\/wp\/v2\/pages"}],"about":[{"href":"https:\/\/www.hsu-hh.de\/thermodynamik\/wp-json\/wp\/v2\/types\/page"}],"author":[{"embeddable":true,"href":"https:\/\/www.hsu-hh.de\/thermodynamik\/wp-json\/wp\/v2\/users\/53"}],"replies":[{"embeddable":true,"href":"https:\/\/www.hsu-hh.de\/thermodynamik\/wp-json\/wp\/v2\/comments?post=3727"}],"version-history":[{"count":1,"href":"https:\/\/www.hsu-hh.de\/thermodynamik\/wp-json\/wp\/v2\/pages\/3727\/revisions"}],"predecessor-version":[{"id":3728,"href":"https:\/\/www.hsu-hh.de\/thermodynamik\/wp-json\/wp\/v2\/pages\/3727\/revisions\/3728"}],"wp:attachment":[{"href":"https:\/\/www.hsu-hh.de\/thermodynamik\/wp-json\/wp\/v2\/media?parent=3727"}],"wp:term":[{"taxonomy":"category","embeddable":true,"href":"https:\/\/www.hsu-hh.de\/thermodynamik\/wp-json\/wp\/v2\/categories?post=3727"},{"taxonomy":"post_tag","embeddable":true,"href":"https:\/\/www.hsu-hh.de\/thermodynamik\/wp-json\/wp\/v2\/tags?post=3727"}],"curies":[{"name":"wp","href":"https:\/\/api.w.org\/{rel}","templated":true}]}}