{"id":3178,"date":"2019-08-07T09:30:33","date_gmt":"2019-08-07T07:30:33","guid":{"rendered":"https:\/\/www.hsu-hh.de\/thermodynamik\/?page_id=3178"},"modified":"2025-11-17T14:25:40","modified_gmt":"2025-11-17T13:25:40","slug":"karsten-meier","status":"publish","type":"page","link":"https:\/\/www.hsu-hh.de\/thermodynamik\/karsten-meier","title":{"rendered":"Univ.-Prof. Dr.-Ing. Karsten Meier"},"content":{"rendered":"<div>\n<div>\n<div class=\"content-block3\">\n<p><strong>Besucheranschrift<\/strong><\/p>\n<p>Helmut-Schmidt-Universit\u00e4t<br \/>Geb\u00e4ude H 11, Raum 126<br \/>Holstenhofweg 85<br \/>22043 Hamburg<\/p>\n<\/div>\n<div class=\"content-block3\">\n<p><a href=\"https:\/\/www.hsu-hh.de\/thermodynamik\/k_meier\" rel=\"attachment wp-att-1312\"><img loading=\"lazy\" decoding=\"async\" class=\"alignnone wp-image-3458 \" src=\"https:\/\/www.hsu-hh.de\/thermodynamik\/wp-content\/uploads\/sites\/741\/2021\/01\/K_Meier-225x300.jpg\" alt=\"\" width=\"173\" height=\"231\" data-credit=\"K. Meier\" srcset=\"https:\/\/www.hsu-hh.de\/thermodynamik\/wp-content\/uploads\/sites\/741\/2021\/01\/K_Meier-225x300.jpg 225w, https:\/\/www.hsu-hh.de\/thermodynamik\/wp-content\/uploads\/sites\/741\/2021\/01\/K_Meier-768x1024.jpg 768w, https:\/\/www.hsu-hh.de\/thermodynamik\/wp-content\/uploads\/sites\/741\/2021\/01\/K_Meier-1152x1536.jpg 1152w, https:\/\/www.hsu-hh.de\/thermodynamik\/wp-content\/uploads\/sites\/741\/2021\/01\/K_Meier-1100x1467.jpg 1100w, https:\/\/www.hsu-hh.de\/thermodynamik\/wp-content\/uploads\/sites\/741\/2021\/01\/K_Meier.jpg 1440w\" sizes=\"auto, (max-width: 173px) 100vw, 173px\" \/><\/a><\/p>\n<\/div>\n<div class=\"content-block3\">\n<p><a href=\"https:\/\/www.hsu-hh.de\/thermodynamik\/curriculum-vitae-2\">Curriculum Vitae<\/a><\/p>\n<p><a href=\"https:\/\/www.hsu-hh.de\/thermodynamik\/forschung\">Forschung<\/a><\/p>\n<p><a href=\"https:\/\/www.hsu-hh.de\/thermodynamik\/zeitschriftmeierbis1997\">Ver\u00f6ffentlichungen in Zeitschriften<\/a><\/p>\n<p><a href=\"https:\/\/www.hsu-hh.de\/thermodynamik\/buecher-buchbetraege-und-monographien\">B\u00fccher, Buchbeitr\u00e4ge und Monographien<\/a><\/p>\n<\/div>\n<\/div>\n<\/div>\n\n\n<p><\/p>\n","protected":false},"excerpt":{"rendered":"<p>Besucheranschrift Helmut-Schmidt-Universit\u00e4tGeb\u00e4ude H 11, Raum 126Holstenhofweg 8522043 Hamburg Curriculum Vitae Forschung Ver\u00f6ffentlichungen in Zeitschriften B\u00fccher, Buchbeitr\u00e4ge und Monographien<\/p>\n","protected":false},"author":53,"featured_media":0,"parent":0,"menu_order":0,"comment_status":"closed","ping_status":"closed","template":"","meta":{"footnotes":""},"categories":[8],"tags":[],"class_list":["post-3178","page","type-page","status-publish","hentry","category-team"],"_links":{"self":[{"href":"https:\/\/www.hsu-hh.de\/thermodynamik\/wp-json\/wp\/v2\/pages\/3178","targetHints":{"allow":["GET"]}}],"collection":[{"href":"https:\/\/www.hsu-hh.de\/thermodynamik\/wp-json\/wp\/v2\/pages"}],"about":[{"href":"https:\/\/www.hsu-hh.de\/thermodynamik\/wp-json\/wp\/v2\/types\/page"}],"author":[{"embeddable":true,"href":"https:\/\/www.hsu-hh.de\/thermodynamik\/wp-json\/wp\/v2\/users\/53"}],"replies":[{"embeddable":true,"href":"https:\/\/www.hsu-hh.de\/thermodynamik\/wp-json\/wp\/v2\/comments?post=3178"}],"version-history":[{"count":35,"href":"https:\/\/www.hsu-hh.de\/thermodynamik\/wp-json\/wp\/v2\/pages\/3178\/revisions"}],"predecessor-version":[{"id":5193,"href":"https:\/\/www.hsu-hh.de\/thermodynamik\/wp-json\/wp\/v2\/pages\/3178\/revisions\/5193"}],"wp:attachment":[{"href":"https:\/\/www.hsu-hh.de\/thermodynamik\/wp-json\/wp\/v2\/media?parent=3178"}],"wp:term":[{"taxonomy":"category","embeddable":true,"href":"https:\/\/www.hsu-hh.de\/thermodynamik\/wp-json\/wp\/v2\/categories?post=3178"},{"taxonomy":"post_tag","embeddable":true,"href":"https:\/\/www.hsu-hh.de\/thermodynamik\/wp-json\/wp\/v2\/tags?post=3178"}],"curies":[{"name":"wp","href":"https:\/\/api.w.org\/{rel}","templated":true}]}}