{"id":3138,"date":"2019-08-07T08:39:55","date_gmt":"2019-08-07T06:39:55","guid":{"rendered":"https:\/\/www.hsu-hh.de\/thermodynamik\/?page_id=3138"},"modified":"2021-06-02T09:10:36","modified_gmt":"2021-06-02T07:10:36","slug":"prof-karsten-meier","status":"publish","type":"page","link":"https:\/\/www.hsu-hh.de\/thermodynamik\/prof-karsten-meier","title":{"rendered":"Prof. Karsten Meier"},"content":{"rendered":"<div class=\"content-block3\">\n<p><strong>Besucheranschrift<\/strong><\/p>\n<p>Helmut-Schmidt-Universit\u00e4t<br \/>\nGeb\u00e4ude H 11, Raum 126<br \/>\nHolstenhofweg 85<br \/>\n22043 Hamburg<\/p>\n<p>&nbsp;<\/p>\n<p><a href=\"https:\/\/www.hsu-hh.de\/thermodynamik\/forschung\">Forschung<\/a><\/p>\n<p><a href=\"https:\/\/www.hsu-hh.de\/thermodynamik\/literaturliste\">Referierte Zeitschriftenartikel und Konferenzbeitr\u00e4ge<\/a><br \/>\n<a href=\"https:\/\/www.hsu-hh.de\/thermodynamik\/publikationen-zeitschriften-karsten-meier-2\">Referierte Zeitschriftenartikel und Konferenzbeitr\u00e4ge (bis 2012)<\/a><br \/>\n<a href=\"https:\/\/www.hsu-hh.de\/thermodynamik\/tagungsbeitraege-2\">Tagungsbeitr\u00e4ge<\/a><br \/>\n<a href=\"https:\/\/www.hsu-hh.de\/thermodynamik\/buecher-buchbetraege-und-monographien\">B\u00fccher, Buchbetr\u00e4ge und Monographien<\/a><\/p>\n<\/div>\n<div class=\"clearfix\">\n<div class=\"content-block3\">\n<p><a href=\"https:\/\/www.hsu-hh.de\/thermodynamik\/team\/meier-2-2\" rel=\"attachment wp-att-1312\"><img loading=\"lazy\" decoding=\"async\" class=\" wp-image-1312 aligncenter\" src=\"https:\/\/www.hsu-hh.de\/thermodynamik\/wp-content\/uploads\/sites\/741\/2017\/09\/Meier-1-226x300.png\" alt=\"xx\" width=\"163\" height=\"216\" data-credit=\"K. Meier\" srcset=\"https:\/\/www.hsu-hh.de\/thermodynamik\/wp-content\/uploads\/sites\/741\/2017\/09\/Meier-1-226x300.png 226w, https:\/\/www.hsu-hh.de\/thermodynamik\/wp-content\/uploads\/sites\/741\/2017\/09\/Meier-1-768x1017.png 768w, https:\/\/www.hsu-hh.de\/thermodynamik\/wp-content\/uploads\/sites\/741\/2017\/09\/Meier-1-773x1024.png 773w, https:\/\/www.hsu-hh.de\/thermodynamik\/wp-content\/uploads\/sites\/741\/2017\/09\/Meier-1.png 1219w\" sizes=\"auto, (max-width: 163px) 100vw, 163px\" \/><\/a><\/p>\n<p style=\"text-align: center\"><a href=\"https:\/\/www.hsu-hh.de\/thermodynamik\/curriculum-vitae-2\">Curriculum vitae<\/a><\/p>\n<\/div>\n<\/div>\n<p>&nbsp;<\/p>\n","protected":false},"excerpt":{"rendered":"<p>Besucheranschrift Helmut-Schmidt-Universit\u00e4t Geb\u00e4ude H 11, Raum 126 Holstenhofweg 85 22043 Hamburg &nbsp; Forschung Referierte Zeitschriftenartikel und Konferenzbeitr\u00e4ge Referierte Zeitschriftenartikel und Konferenzbeitr\u00e4ge (bis 2012) Tagungsbeitr\u00e4ge B\u00fccher, Buchbetr\u00e4ge und Monographien Curriculum vitae [&hellip;]<\/p>\n","protected":false},"author":53,"featured_media":0,"parent":0,"menu_order":0,"comment_status":"closed","ping_status":"closed","template":"","meta":{"footnotes":""},"categories":[8],"tags":[],"class_list":["post-3138","page","type-page","status-publish","hentry","category-team"],"_links":{"self":[{"href":"https:\/\/www.hsu-hh.de\/thermodynamik\/wp-json\/wp\/v2\/pages\/3138","targetHints":{"allow":["GET"]}}],"collection":[{"href":"https:\/\/www.hsu-hh.de\/thermodynamik\/wp-json\/wp\/v2\/pages"}],"about":[{"href":"https:\/\/www.hsu-hh.de\/thermodynamik\/wp-json\/wp\/v2\/types\/page"}],"author":[{"embeddable":true,"href":"https:\/\/www.hsu-hh.de\/thermodynamik\/wp-json\/wp\/v2\/users\/53"}],"replies":[{"embeddable":true,"href":"https:\/\/www.hsu-hh.de\/thermodynamik\/wp-json\/wp\/v2\/comments?post=3138"}],"version-history":[{"count":26,"href":"https:\/\/www.hsu-hh.de\/thermodynamik\/wp-json\/wp\/v2\/pages\/3138\/revisions"}],"predecessor-version":[{"id":3885,"href":"https:\/\/www.hsu-hh.de\/thermodynamik\/wp-json\/wp\/v2\/pages\/3138\/revisions\/3885"}],"wp:attachment":[{"href":"https:\/\/www.hsu-hh.de\/thermodynamik\/wp-json\/wp\/v2\/media?parent=3138"}],"wp:term":[{"taxonomy":"category","embeddable":true,"href":"https:\/\/www.hsu-hh.de\/thermodynamik\/wp-json\/wp\/v2\/categories?post=3138"},{"taxonomy":"post_tag","embeddable":true,"href":"https:\/\/www.hsu-hh.de\/thermodynamik\/wp-json\/wp\/v2\/tags?post=3138"}],"curies":[{"name":"wp","href":"https:\/\/api.w.org\/{rel}","templated":true}]}}