{"id":3131,"date":"2019-08-07T08:16:25","date_gmt":"2019-08-07T06:16:25","guid":{"rendered":"https:\/\/www.hsu-hh.de\/thermodynamik\/?page_id=3131"},"modified":"2021-06-01T09:39:11","modified_gmt":"2021-06-01T07:39:11","slug":"curriculum-vitae-2","status":"publish","type":"page","link":"https:\/\/www.hsu-hh.de\/thermodynamik\/curriculum-vitae-2","title":{"rendered":"Curriculum Vitae"},"content":{"rendered":"<p><strong>Schulausbildung<\/strong><\/p>\n<ul>\n<li>1977-1981: Grundschule in Rehren<\/li>\n<li>1981-1983: Orientierungsstufe in Obernkirchen<\/li>\n<li>1983-1990: Gymnasium Ernestinum in Rinteln\/Weser<\/li>\n<li>05\/90: Abschluss: Abitur<\/li>\n<\/ul>\n<p><strong>Studium<\/strong><\/p>\n<ul>\n<li>1990-1996: Maschinenbau an der Universit\u00e4t Hannover<br \/>\nVertiefung: Energie- und Verfahrenstechnik<\/li>\n<li>1992-1995: Hilfsassistent am Institut f\u00fcr Thermodynamik, Universit\u00e4t Hannover<\/li>\n<li>04\/94-12\/94: Auslandsaufenthalt am National Institute of Standards and Technology, Thermophysics Division, Boulder, USA<\/li>\n<\/ul>\n<p><strong>Beruflicher Werdegang<\/strong><\/p>\n<ul>\n<li>1996-1997: Visiting Research Fellow an der Murdoch University, Department of Physics and Energy Studies, Perth, Australien<\/li>\n<li>1997-2001: Wissenschaftlicher Mitarbeiter am Institut f\u00fcr Thermodynamik,\u00a0Universit\u00e4t Hannover<\/li>\n<li>07\/99-08\/99: Gastwissenschaftler am National Institute of Standards and Technology, Chemical and Physical Properties of Fluids Division, Boulder, USA<\/li>\n<li>2001-2007: Wissenschaftlicher Assistent am Institut f\u00fcr Thermodynamik,\u00a0Helmut-Schmidt-Universit\u00e4t\/Universit\u00e4t der Bundeswehr Hamburg<\/li>\n<li>06\/2002: Promotion<\/li>\n<li>11\/2006: Habilitation, Lehrbefugnis f\u00fcr das Fach Thermodynamik<\/li>\n<li>2007-2013: Entwicklungsingenieur bei der MTU Aero Engines GmbH, M\u00fcnchen<br \/>\nEntwicklung von Sekund\u00e4rluftsystemen f\u00fcr Turboflugtriebwerke und Triebwerkskomponenten, insbesondere Niederdruckturbinen und Verdichter<\/li>\n<li>seit 11\/13: W3-Professor f\u00fcr Thermodynamik an der Helmut-Schmidt-Universit\u00e4t<\/li>\n<\/ul>\n<p><strong>Auszeichnungen<\/strong><\/p>\n<ul>\n<li>Unilever-F\u00f6rderpreis der Universit\u00e4t Hannover 1992<\/li>\n<li>\u00a0Pr\u00e4mierung hervorragender studentischer Leistungen durch das Ministerium f\u00fcr Wissenschaft und Kultur des Landes Niedersachsen 1993<\/li>\n<li>Stipendiat des Deutschen Akademischen Austauschdienstes 1996-1997<\/li>\n<li>Helmholtz Award der International Association of the Properties of Water and Steam (IAPWS) 2007<\/li>\n<\/ul>\n<p><strong>Mitgliedschaften<\/strong><\/p>\n<ul>\n<li>International Association for Transport Properties (IATP)<\/li>\n<li>Working Group Thermophysical Properties of Water and Steam (TPWS) und des Deutschen Nationalen Komitees der International Association for the Properties of Water and Steam (IAPWS)<\/li>\n<\/ul>\n<p><strong>Forschungsinteressen<\/strong><\/p>\n<ul>\n<li>Experimentelle Methoden zur Bestimmung thermophysikalischer Eigenschaften von Fluiden, insbesondere Schallgeschwindigkeit, Dichte und Viskosit\u00e4t<\/li>\n<li>Entwicklung von Zustandsgleichungen f\u00fcr reine Fluide und Gemische<\/li>\n<li>Modellbildung und Theorie der Transporteigenschaften<\/li>\n<li>Stofftransport \u00fcber Phasengrenzen<\/li>\n<li>W\u00e4rme\u00fcbergang im Sekund\u00e4rluftsystem von Flugtriebwerken und Gasturbinen<\/li>\n<\/ul>\n","protected":false},"excerpt":{"rendered":"<p>Schulausbildung 1977-1981: Grundschule in Rehren 1981-1983: Orientierungsstufe in Obernkirchen 1983-1990: Gymnasium Ernestinum in Rinteln\/Weser 05\/90: Abschluss: Abitur Studium 1990-1996: Maschinenbau an der Universit\u00e4t Hannover Vertiefung: Energie- und Verfahrenstechnik 1992-1995: Hilfsassistent [&hellip;]<\/p>\n","protected":false},"author":53,"featured_media":0,"parent":0,"menu_order":0,"comment_status":"closed","ping_status":"closed","template":"","meta":{"footnotes":""},"categories":[8],"tags":[],"class_list":["post-3131","page","type-page","status-publish","hentry","category-team"],"_links":{"self":[{"href":"https:\/\/www.hsu-hh.de\/thermodynamik\/wp-json\/wp\/v2\/pages\/3131","targetHints":{"allow":["GET"]}}],"collection":[{"href":"https:\/\/www.hsu-hh.de\/thermodynamik\/wp-json\/wp\/v2\/pages"}],"about":[{"href":"https:\/\/www.hsu-hh.de\/thermodynamik\/wp-json\/wp\/v2\/types\/page"}],"author":[{"embeddable":true,"href":"https:\/\/www.hsu-hh.de\/thermodynamik\/wp-json\/wp\/v2\/users\/53"}],"replies":[{"embeddable":true,"href":"https:\/\/www.hsu-hh.de\/thermodynamik\/wp-json\/wp\/v2\/comments?post=3131"}],"version-history":[{"count":7,"href":"https:\/\/www.hsu-hh.de\/thermodynamik\/wp-json\/wp\/v2\/pages\/3131\/revisions"}],"predecessor-version":[{"id":3849,"href":"https:\/\/www.hsu-hh.de\/thermodynamik\/wp-json\/wp\/v2\/pages\/3131\/revisions\/3849"}],"wp:attachment":[{"href":"https:\/\/www.hsu-hh.de\/thermodynamik\/wp-json\/wp\/v2\/media?parent=3131"}],"wp:term":[{"taxonomy":"category","embeddable":true,"href":"https:\/\/www.hsu-hh.de\/thermodynamik\/wp-json\/wp\/v2\/categories?post=3131"},{"taxonomy":"post_tag","embeddable":true,"href":"https:\/\/www.hsu-hh.de\/thermodynamik\/wp-json\/wp\/v2\/tags?post=3131"}],"curies":[{"name":"wp","href":"https:\/\/api.w.org\/{rel}","templated":true}]}}