{"id":278,"date":"2017-09-06T10:05:36","date_gmt":"2017-09-06T08:05:36","guid":{"rendered":"https:\/\/www.hsu-hh.de\/thermodynamik\/?page_id=278"},"modified":"2021-06-03T10:43:47","modified_gmt":"2021-06-03T08:43:47","slug":"naturumlaufverdampfer-waermeuebertragung-und-stabilitaet-der-stroemung","status":"publish","type":"page","link":"https:\/\/www.hsu-hh.de\/thermodynamik\/naturumlaufverdampfer-waermeuebertragung-und-stabilitaet-der-stroemung","title":{"rendered":"Naturumlaufverdampfer: W\u00e4rme\u00fcbertragung und Stabilit\u00e4t der Str\u00f6mung"},"content":{"rendered":"<p>(<abbr title=\"Universit\u00e4tsprofessor\">Univ.-Prof.<\/abbr> <abbr title=\"Doktor Ingenieurwissenschaften\">Dr.-Ing.<\/abbr> Karsten Meier)<\/p>\n<p>Naturumlaufverdampfer werden vielfach in der Chemischen Industrie als Sumpfheizung von Destillationskolonnen und in Dampfkraftwerken eingesetzt. Die Umlaufstr\u00f6mung wird durch das Verdampfen eines Teils des Massenstroms hervorgerufen. Dieser Apparat kommt deswegen ohne Pumpen aus. Dieser Aufbau ist einfach und kosteng\u00fcnstig.<br \/>\nDie Kopplung von Str\u00f6mung und W\u00e4rme\u00fcbergang erschwert das Auslegen. Aus der Literatur bekannte Modelle des W\u00e4rme\u00fcbergangs der Zweiphasenstr\u00f6mung Dampf-Fl\u00fcssigkeit weisen signifikante\u00a0 Abweichungen zu Messungen auf. Gesamtmodelle des Apparats weisen dar\u00fcber hinaus noch Schw\u00e4chen in der Konvergenz auf. Zudem entwickeln sich\u00a0 unter ung\u00fcnstigen Betriebsparametern Str\u00f6mungsinstabilit\u00e4ten, die bis zum v\u00f6lligen Stillstand des Umlaufs mit nachfolgendem geysirartigem Anlauf reichen, was zu erheblichen mechanischen Belastungen des W\u00e4rme\u00fcbertragers\u00a0 f\u00fchrt. Am Lehrstuhl f\u00fcr Thermodynamik wird ein dampfbeheizter Naturumlaufverdampfer im Technikumsma\u00dfstab betrieben, der mit industriell genutzten Anlagen vergleichbar und umfassend mit Messtechnik ausgestattet ist.<br \/>\nZiel ist das Untersuchen von W\u00e4rme\u00fcbergang und Str\u00f6mung mit nachfolgender Modellbildung.<\/p>\n<p>&nbsp;<\/p>\n<p><a id=\"set-post-thumbnail\" class=\"thickbox\" href=\"https:\/\/www.hsu-hh.de\/thermodynamik\/wp-admin\/media-upload.php?post_id=278&amp;type=image&amp;TB_iframe=1\"><img loading=\"lazy\" decoding=\"async\" class=\"attachment-266x266 alignnone\" src=\"https:\/\/www.hsu-hh.de\/thermodynamik\/wp-content\/uploads\/sites\/741\/2017\/09\/BildMeier.png\" alt=\"\" width=\"720\" height=\"346\" \/><\/a><\/p>\n","protected":false},"excerpt":{"rendered":"<p>(Univ.-Prof. Dr.-Ing. Karsten Meier) Naturumlaufverdampfer werden vielfach in der Chemischen Industrie als Sumpfheizung von Destillationskolonnen und in Dampfkraftwerken eingesetzt. Die Umlaufstr\u00f6mung wird durch das Verdampfen eines Teils des Massenstroms hervorgerufen. [&hellip;]<\/p>\n","protected":false},"author":53,"featured_media":417,"parent":0,"menu_order":0,"comment_status":"closed","ping_status":"closed","template":"","meta":{"footnotes":""},"categories":[57],"tags":[],"class_list":["post-278","page","type-page","status-publish","has-post-thumbnail","hentry","category-versuchsstand"],"_links":{"self":[{"href":"https:\/\/www.hsu-hh.de\/thermodynamik\/wp-json\/wp\/v2\/pages\/278","targetHints":{"allow":["GET"]}}],"collection":[{"href":"https:\/\/www.hsu-hh.de\/thermodynamik\/wp-json\/wp\/v2\/pages"}],"about":[{"href":"https:\/\/www.hsu-hh.de\/thermodynamik\/wp-json\/wp\/v2\/types\/page"}],"author":[{"embeddable":true,"href":"https:\/\/www.hsu-hh.de\/thermodynamik\/wp-json\/wp\/v2\/users\/53"}],"replies":[{"embeddable":true,"href":"https:\/\/www.hsu-hh.de\/thermodynamik\/wp-json\/wp\/v2\/comments?post=278"}],"version-history":[{"count":11,"href":"https:\/\/www.hsu-hh.de\/thermodynamik\/wp-json\/wp\/v2\/pages\/278\/revisions"}],"predecessor-version":[{"id":1574,"href":"https:\/\/www.hsu-hh.de\/thermodynamik\/wp-json\/wp\/v2\/pages\/278\/revisions\/1574"}],"wp:featuredmedia":[{"embeddable":true,"href":"https:\/\/www.hsu-hh.de\/thermodynamik\/wp-json\/wp\/v2\/media\/417"}],"wp:attachment":[{"href":"https:\/\/www.hsu-hh.de\/thermodynamik\/wp-json\/wp\/v2\/media?parent=278"}],"wp:term":[{"taxonomy":"category","embeddable":true,"href":"https:\/\/www.hsu-hh.de\/thermodynamik\/wp-json\/wp\/v2\/categories?post=278"},{"taxonomy":"post_tag","embeddable":true,"href":"https:\/\/www.hsu-hh.de\/thermodynamik\/wp-json\/wp\/v2\/tags?post=278"}],"curies":[{"name":"wp","href":"https:\/\/api.w.org\/{rel}","templated":true}]}}