{"id":2751,"date":"2019-06-19T07:35:54","date_gmt":"2019-06-19T05:35:54","guid":{"rendered":"https:\/\/www.hsu-hh.de\/thermodynamik\/?page_id=2751"},"modified":"2023-06-19T13:53:19","modified_gmt":"2023-06-19T11:53:19","slug":"publikationen-buecher-univ-prof-dr-ing-karsten-meier","status":"publish","type":"page","link":"https:\/\/www.hsu-hh.de\/thermodynamik\/publikationen-buecher-univ-prof-dr-ing-karsten-meier","title":{"rendered":"Prof. K. Meier Dissertationen"},"content":{"rendered":"<p><strong>Bestimmung thermodynamischer Eigenschaften von Fluiden mit einer weiterentwickelten molekularen Simulationsmethodik und hochgenauen\u00a0<em>ab initio<\/em>-Potentialen<\/strong><br \/><strong>Autor: Philipp Str\u00f6ker<\/strong><br \/><a href=\"https:\/\/openhsu.ub.hsu-hh.de\/handle\/10.24405\/15004\" rel='nofollow'>Dissertation<\/a>, Fakult\u00e4t f\u00fcr Maschinenbau, Helmut-Schmidt-Universit\u00e4t\/Universit\u00e4t der Bundeswehr Hamburg, 2023.<\/p>\n<p><strong>Schallgeschwindigkeitsmessungen in fl\u00fcssigen Alkanen, Wasser und Krypton \u00fcber weite Temperaturbereiche und unter hohen Dr\u00fccken sowie abgeleitete Zustandsgr\u00f6\u00dfen<\/strong><br \/><strong>Autor: Ahmed el Hawary<\/strong><br \/><a href=\"https:\/\/openhsu.ub.hsu-hh.de\/handle\/10.24405\/14016\" rel='nofollow'>Dissertation<\/a>, Fakult\u00e4t f\u00fcr Maschinenbau, Helmut-Schmidt-Universit\u00e4t\/Universit\u00e4t der Bundeswehr Hamburg, 2021.<\/p>\n<p><strong>Experimentelle Untersuchung und Modellierung der Kondensation in Mehrstrom-Plattenw\u00e4rme\u00fcbertragern<\/strong><br \/><strong>Autor: Arne M\u00fcller<\/strong><br \/><a href=\"https:\/\/openhsu.ub.hsu-hh.de\/handle\/10.24405\/14042\" rel='nofollow'>Dissertation<\/a>, Fakult\u00e4t f\u00fcr Maschinenbau, Helmut-Schmidt-Universit\u00e4t\/Universit\u00e4t der Bundeswehr Hamburg, Dezember 2021.<\/p>\n<p><strong>Messungen der Viskosit\u00e4t des Edelgases Neon mit einem Schwingdrahtviskosimeter und Korrelationen f\u00fcr die Viskosit\u00e4t von Gasen im Nulldichtelimit<\/strong><br \/><strong>Autorin:\u00a0Ulrike\u00a0Kochan-Eilers<\/strong><br \/><a href=\"https:\/\/openhsu.ub.hsu-hh.de\/handle\/10.24405\/12476\" rel='nofollow'>Dissertation<\/a>, Fakult\u00e4t f\u00fcr Maschinenbau, Helmut-Schmidt-Universit\u00e4t\/Universit\u00e4t der Bundeswehr Hamburg, M\u00e4rz 2021.<\/p>\n<p><strong>Neuartiges\u00a0automatisiertes\u00a0Schwingquarzviskosimeter\u00a0mit\u00a0Referenzqualit\u00e4t<\/strong><br \/><strong>Autor:\u00a0Clemens\u00a0Junker<\/strong><br \/><a href=\"https:\/\/openhsu.ub.hsu-hh.de\/handle\/10.24405\/13600\" rel='nofollow'>Dissertation<\/a>, Fakult\u00e4t f\u00fcr Maschinenbau, Helmut-Schmidt-Universit\u00e4t\/Universit\u00e4t der Bundeswehr Hamburg, Juni 2021.<\/p>\n<p>\u00a0<\/p>\n\n\n<p><\/p>\n","protected":false},"excerpt":{"rendered":"<p>Bestimmung thermodynamischer Eigenschaften von Fluiden mit einer weiterentwickelten molekularen Simulationsmethodik und hochgenauen\u00a0ab initio-PotentialenAutor: Philipp Str\u00f6kerDissertation, Fakult\u00e4t f\u00fcr Maschinenbau, Helmut-Schmidt-Universit\u00e4t\/Universit\u00e4t der Bundeswehr Hamburg, 2023. Schallgeschwindigkeitsmessungen in fl\u00fcssigen Alkanen, Wasser und Krypton [&hellip;]<\/p>\n","protected":false},"author":53,"featured_media":0,"parent":0,"menu_order":0,"comment_status":"closed","ping_status":"closed","template":"","meta":{"footnotes":""},"categories":[51],"tags":[],"class_list":["post-2751","page","type-page","status-publish","hentry","category-publikation"],"_links":{"self":[{"href":"https:\/\/www.hsu-hh.de\/thermodynamik\/wp-json\/wp\/v2\/pages\/2751","targetHints":{"allow":["GET"]}}],"collection":[{"href":"https:\/\/www.hsu-hh.de\/thermodynamik\/wp-json\/wp\/v2\/pages"}],"about":[{"href":"https:\/\/www.hsu-hh.de\/thermodynamik\/wp-json\/wp\/v2\/types\/page"}],"author":[{"embeddable":true,"href":"https:\/\/www.hsu-hh.de\/thermodynamik\/wp-json\/wp\/v2\/users\/53"}],"replies":[{"embeddable":true,"href":"https:\/\/www.hsu-hh.de\/thermodynamik\/wp-json\/wp\/v2\/comments?post=2751"}],"version-history":[{"count":23,"href":"https:\/\/www.hsu-hh.de\/thermodynamik\/wp-json\/wp\/v2\/pages\/2751\/revisions"}],"predecessor-version":[{"id":4850,"href":"https:\/\/www.hsu-hh.de\/thermodynamik\/wp-json\/wp\/v2\/pages\/2751\/revisions\/4850"}],"wp:attachment":[{"href":"https:\/\/www.hsu-hh.de\/thermodynamik\/wp-json\/wp\/v2\/media?parent=2751"}],"wp:term":[{"taxonomy":"category","embeddable":true,"href":"https:\/\/www.hsu-hh.de\/thermodynamik\/wp-json\/wp\/v2\/categories?post=2751"},{"taxonomy":"post_tag","embeddable":true,"href":"https:\/\/www.hsu-hh.de\/thermodynamik\/wp-json\/wp\/v2\/tags?post=2751"}],"curies":[{"name":"wp","href":"https:\/\/api.w.org\/{rel}","templated":true}]}}