{"id":2742,"date":"2019-05-29T08:02:58","date_gmt":"2019-05-29T06:02:58","guid":{"rendered":"https:\/\/www.hsu-hh.de\/thermodynamik\/?page_id=2742"},"modified":"2021-06-14T08:39:18","modified_gmt":"2021-06-14T06:39:18","slug":"dr-rer-nat-robert-hellmann","status":"publish","type":"page","link":"https:\/\/www.hsu-hh.de\/thermodynamik\/dr-rer-nat-robert-hellmann","title":{"rendered":"Dr. rer. nat. Robert Hellmann"},"content":{"rendered":"<div class=\"clearfix\"><\/div>\n<div class=\"ansprechparter-container\">\n<div class=\"row ansprechpartner-item ansprechparter-header\">\n<div class=\"col-md-4 col-lg-3 col-xs-4 ansprechpartner-item floatright img-circle center-block\" style=\"margin-bottom: 30px\">\n<div class=\"img-responsive-wrapper\"><\/div>\n<\/div>\n<div class=\"col-md-12 col-lg-3 col-xs-12 ansprechpartner-item kontakt floatright\" style=\"margin-bottom: 30px\">\n<div class=\"row\">\n<div class=\"col-xs-12 col-sm-6 col-lg-12\">\n<div class=\"row\" style=\"text-align: left\"><\/div>\n<\/div>\n<div class=\"col-xs-12 col-sm-6 col-lg-12\">\n<div class=\"row\">\n<div style=\"text-align: left\"><\/div>\n<\/div>\n<\/div>\n<\/div>\n<\/div>\n<div class=\"col-md-6 col-lg-3 col-xs-12 ansprechpartner-item anschrift floatright\">\n<div><\/div>\n<p><a href=\"https:\/\/www.hsu-hh.de\/thermodynamik\/curriculum-vitae\">Curriculum Vitae<\/a><\/p>\n<p><a href=\"https:\/\/www.hsu-hh.de\/thermodynamik\/ab-initio-modellierung-thermophysikalischer-eigenschaften-von-fluiden\">Forschungsthemen<\/a><\/p>\n<p><a href=\"https:\/\/www.hsu-hh.de\/thermodynamik\/publikationen-zeitschriften-robert-hellmann-2\">Ver\u00f6ffentlichungen in Zeitschriften<\/a><\/p>\n<p><a href=\"https:\/\/www.hsu-hh.de\/thermodynamik\/publikationen-buecher-robert-hellmann\">Ver\u00f6ffentlichungen in B\u00fcchern<\/a><\/p>\n<div><\/div>\n<\/div>\n<div class=\"col-md-6 col-lg-3 col-xs-12 ansprechpartner-item anschrift floatright\">\n<p class=\"row-headline\">Besucheranschrift<\/p>\n<div class=\"row-text\">Helmut-Schmidt-Universit\u00e4t<\/div>\n<div class=\"row-text\">Geb\u00e4ude H11, Raum 117<\/div>\n<div class=\"row-text\">Holstenhofweg 85<\/div>\n<div class=\"row-text\">22043 Hamburg<\/div>\n<\/div>\n<\/div>\n<\/div>\n<div class=\"clearfix\"><\/div>\n","protected":false},"excerpt":{"rendered":"<p>Curriculum Vitae Forschungsthemen Ver\u00f6ffentlichungen in Zeitschriften Ver\u00f6ffentlichungen in B\u00fcchern Besucheranschrift Helmut-Schmidt-Universit\u00e4t Geb\u00e4ude H11, Raum 117 Holstenhofweg 85 22043 Hamburg<\/p>\n","protected":false},"author":53,"featured_media":0,"parent":0,"menu_order":0,"comment_status":"closed","ping_status":"closed","template":"","meta":{"footnotes":""},"categories":[8],"tags":[],"class_list":["post-2742","page","type-page","status-publish","hentry","category-team"],"_links":{"self":[{"href":"https:\/\/www.hsu-hh.de\/thermodynamik\/wp-json\/wp\/v2\/pages\/2742","targetHints":{"allow":["GET"]}}],"collection":[{"href":"https:\/\/www.hsu-hh.de\/thermodynamik\/wp-json\/wp\/v2\/pages"}],"about":[{"href":"https:\/\/www.hsu-hh.de\/thermodynamik\/wp-json\/wp\/v2\/types\/page"}],"author":[{"embeddable":true,"href":"https:\/\/www.hsu-hh.de\/thermodynamik\/wp-json\/wp\/v2\/users\/53"}],"replies":[{"embeddable":true,"href":"https:\/\/www.hsu-hh.de\/thermodynamik\/wp-json\/wp\/v2\/comments?post=2742"}],"version-history":[{"count":38,"href":"https:\/\/www.hsu-hh.de\/thermodynamik\/wp-json\/wp\/v2\/pages\/2742\/revisions"}],"predecessor-version":[{"id":4202,"href":"https:\/\/www.hsu-hh.de\/thermodynamik\/wp-json\/wp\/v2\/pages\/2742\/revisions\/4202"}],"wp:attachment":[{"href":"https:\/\/www.hsu-hh.de\/thermodynamik\/wp-json\/wp\/v2\/media?parent=2742"}],"wp:term":[{"taxonomy":"category","embeddable":true,"href":"https:\/\/www.hsu-hh.de\/thermodynamik\/wp-json\/wp\/v2\/categories?post=2742"},{"taxonomy":"post_tag","embeddable":true,"href":"https:\/\/www.hsu-hh.de\/thermodynamik\/wp-json\/wp\/v2\/tags?post=2742"}],"curies":[{"name":"wp","href":"https:\/\/api.w.org\/{rel}","templated":true}]}}