{"id":2624,"date":"2018-09-12T11:55:52","date_gmt":"2018-09-12T09:55:52","guid":{"rendered":"https:\/\/www.hsu-hh.de\/thermodynamik\/?page_id=2624"},"modified":"2021-06-08T11:27:34","modified_gmt":"2021-06-08T09:27:34","slug":"buecher-prof-roetzel","status":"publish","type":"page","link":"https:\/\/www.hsu-hh.de\/thermodynamik\/buecher-prof-roetzel","title":{"rendered":"Prof. W. Roetzel"},"content":{"rendered":"<p><strong>Design and Operation of Heat Exchangers and their Networks<\/strong><br \/>\n<strong>Autoren: Wilfried Roetzel, Xing Luo, Dezhen Chen<\/strong><br \/>\nPaperback ISBN: 9780 128 178 942, Elsevier Academic Press 2019<\/p>\n<p><strong>W\u00e4rme\u00fcbertragungsnetzwerke<\/strong><br \/>\n<strong>Autoren: X. Luo, W. Roetzel<\/strong><br \/>\nIn: Stephan P. et al.(eds) VDI-W\u00e4rmeatlas. Springer Reference Technik. Springer Vieweg (2018), Berlin, Heidelberg. <a href=\"https:\/\/doi.org\/10.1007\/978-3-662-52991-1_9-1\" rel='nofollow'>https:\/\/doi.org\/10.1007\/978-3-662-52991-1_9-1<\/a><\/p>\n<p><strong>W\u00e4rme\u00fcbertrager: Berechnungsmethoden<\/strong><br \/>\n<strong>Autoren: W. Roetzel, B. Spang<\/strong><br \/>\nIn: Stephan P. et al.(eds) VDI-W\u00e4rmeatlas. Springer Reference Technik. Springer Vieweg (2018). Berlin, Heidelbcrg. <a href=\"https:\/\/doi.org\/10.1007\/978-3-662-52991-1_5-2\" rel='nofollow'>https:\/\/doi.org\/10.1007\/978-3-662-52991-1_5-2<\/a><\/p>\n<p><strong>W\u00e4rme\u00fcbertrager: W\u00e4rmedurchgang und W\u00e4rmedurchgangskoeffizienten<\/strong><br \/>\n<strong>Autoren: W. Roetzel, B. Spang<\/strong><br \/>\nIn: Stephan P. et al.(eds) VDI-W\u00e4rmeatlas. Springer Reference Technik. Springer Vieweg (2018), Berlin, Heidelberg. <a href=\"https:\/\/doi.org\/10.1007\/978-3-662-52991-1_6-1\" rel='nofollow'>https:\/\/doi.org\/10.1007\/978-3-662-52991-1_6-1<\/a><\/p>\n<p><strong>W\u00e4rme\u00fcbertrager: Kosten und Wirtschaftlichkeit<\/strong><br \/>\n<strong>Autoren:B. Spang, W. Roetzel<\/strong><br \/>\nIn: Stephan P. et al.(eds) VDI-W\u00e4rmeatlas. Springer Reference Technik. Springer Vieweg (2018),\u00a0Berlin, Heidelberg. <a href=\"https:\/\/doi.org\/10.1007\/978-3-662-52991-1_10-1\" rel='nofollow'>https:\/\/doi.org\/10.1007\/978-3-662-52991-1_10-1<\/a><\/p>\n<p><strong>C1 Berechnung von W\u00e4rme\u00fcbertragern, S. 37-73,\u00a0\u00a0\u00a0\u00a0<\/strong><br \/>\n<strong>C2 W\u00e4rmedurchgang, S. 75-84\u00a0\u00a0<\/strong><br \/>\n<strong>C3 Typische Werte von W\u00e4rmedurchgangskoeffizienten, S. 85-89<\/strong><br \/>\n<strong>Autoren: W. Roetzel, B. Spang<\/strong><br \/>\n<strong>C5 W\u00e4rme\u00fcbertragernetzwerke, S. 123-132<\/strong><br \/>\n<strong>Autoren: X. Luo,\u00a0W. Roetzel<\/strong><br \/>\n<strong>C6-Kosten und Wirtschaftlichkeit von W\u00e4rme\u00fcbertragern,S. 133-136<\/strong><br \/>\n<strong>Autoren: B. Spang, W. Roetzel<\/strong><br \/>\nIn: VDI W\u00e4rmeatlas, 11. Aufl., VDI-GVC (Hrg.), Springer-Verlag Berlin\u00a0Heidelberg 2013, ISBN 978-3-642-19980-6 \/ SPIN 80044467.<\/p>\n<p><strong>C1 Thermal design of heat exchangers, p. 31-66<\/strong><br \/>\n<strong>C2 Overall heat transfer, p. 67-74,<\/strong><br \/>\n<strong>C3 Typical values of overall heat transfer coefficients, p. 75-78<\/strong><br \/>\n<strong>Autoren: W. Roetzel, B.\u00a0Spang<\/strong><br \/>\n<strong>C5 Heat exchanger networks, p. 105-114;<\/strong><br \/>\n<strong>Autoren: X. Luo, W. Roetzel<\/strong><br \/>\n<strong>C6 Costs and economy of heat exchangers, p. 115-118.<\/strong><br \/>\n<strong>Autoren: B. Spang,\u00a0W. Roetzel<\/strong><br \/>\nIn: VDI Heat Atlas, VDI-GVC (ed.),\u00a0 Springer-Verlag Berlin Heidelberg 2010.<\/p>\n<p><strong>Analytische Berechnung gestreckter Geschossflugbahnen<\/strong><br \/>\n<strong>Autor: W. Roetzel<\/strong><br \/>\nMitteilungen aus der Schie\u00dfsport-Arbeitsgemeinschaft an der Universit\u00e4t der Bundeswehr Hamburg, Nr. 1, 2004,<br \/>\nHrsg.: H. Rothe, Impressum: Helmut-Schmidt-Universit\u00e4t\/Universit\u00e4t der Bundeswehr Hamburg.<\/p>\n<p><strong>Abschnitt Lad12-15: Druckverlust in querangestr\u00f6mten B\u00fcndeln aus glatten sowie berippten Kreis- und Ovalrohren<\/strong><br \/>\n<strong>Autor: B. Spang<\/strong><br \/>\nVDI-W\u00e4rmeatlas, 9.\u00a0 Aufl., Herausg.: VDI-GVC, Springer-Verlag, Berlin, 2002.<\/p>\n<p><strong>Abschnitt Ce1-4: Kosten und Wirtschaftlichkeit von W\u00e4rme\u00fcbertragern<\/strong><br \/>\n<strong>B. Spang, W. Roetzel<\/strong><br \/>\nVDI-W\u00e4rmeatlas, 9.\u00a0 Aufl., Herausg.: VDI-GVC, Springer-Verlag, Berlin, 2002.<\/p>\n<p><strong>Abschnitte Ca1-34: Berechnung von W\u00e4rme\u00fcbertragern, Cb1-7: W\u00e4rmedurchgang und Cc1-4:<\/strong><br \/>\n<strong>W\u00e4rmedurchgangskoeffizienten bei einigen W\u00e4rme\u00fcbertragerbauarten<\/strong><br \/>\n<strong>Autoren: W. Roetzel, B. Spang<\/strong><br \/>\nVDI-W\u00e4rmeatlas, 9.\u00a0 Aufl., Herausg.: VDI-GVC, Springer-Verlag, Berlin, 2002.<\/p>\n<p><strong>On the application of the Wilson Plot Technique<\/strong><br \/>\n<strong>Autoren: W. Roetzel, C. Na Ranong<\/strong><br \/>\nIn: Compact heat exchangers : A Festschrift on the 60th birthday of Ramesh K. Shah,<br \/>\n151 &#8211; 156, editors: G. P. Celata et al., 2002 Edizioni ETS Pisa, Italy, ISBN 88-467-0619-6.<\/p>\n<p><strong>Dynamic Behaviour of Heat Exchangers<\/strong><br \/>\n<strong>Autoren: W. Roetzel\u00a0, Y. Xuan<\/strong><br \/>\nWIT Press\/Computational Mechanics Publications, Southampton, UK, 1999.<br \/>\nWIT Press Online-Katalog: http:\/\/www.witpress.com\/acatalog\/5067.html<\/p>\n<p><strong>Berechnung von W\u00e4rme\u00fcbertragern, W\u00e4rmedurchgang, \u00dcberschl\u00e4gige W\u00e4rmedurchgangskoeffizienten<\/strong><br \/>\n<strong>W. Roetzel, B. Spang<\/strong><br \/>\nAbschnitte Ca-Cc des VDI-W\u00e4rmeatlas, 8. Auflage, Herausg.: VDI-GVC, Springer-Verlag, Berlin, 1997.<\/p>\n<p><strong>Druckverlust bei der Str\u00f6mung quer zu berippten Kreis- und Ovalrohrb\u00fcndeln<\/strong><br \/>\n<strong>Autor: B. Spang<\/strong><br \/>\nAbschnitt Lbd des VDI-W\u00e4rmeatlas, 8. Aufl., Herausg.: VDI-GVC, Springer-Verlag, Berlin, 1997.<\/p>\n<p><strong>New Development in Heat Exchangers<\/strong><br \/>\n<strong>Autoren: N. Afgan, M. G. Carvalho, A. Bar-Cohen, D. Butterworth, W. Roetzel (Eds.)<\/strong><br \/>\nGordon and Breach Publishers, OPA Amsterdam B.V., 1996, ISBN 90-5699-512-X.<\/p>\n<p><strong>Axiales Dispersionsmodell f\u00fcr Regeneratoren mit endlicher Ausbreitungsgeschwindigkeit thermischer St\u00f6rungen<br \/>\n<\/strong><strong>Autoren: W. Roetzel, B. Spang<\/strong><br \/>\nMitteilung aus dem Institut f\u00fcr Thermodynamik Nr. 1, Universit\u00e4t der Bundeswehr Hamburg, 1994.<\/p>\n<p><strong>Berechnung von W\u00e4rme\u00fcbertragern<\/strong><br \/>\n<strong>Autoren: W. Roetzel, B. Spang<\/strong><br \/>\nAbschnitt C des VDI-W\u00e4rmeatlas, 7., erw. Auflage, VDI-Verlag GmbH, D\u00fcsseldorf, 1994.<\/p>\n<p><strong>Design of heat exchangers<\/strong><br \/>\n<strong>Autoren: W. Roetzel, B. Spang<\/strong><br \/>\nChapter C of VDI Heat Atlas. VDI-Verlag GmbH, D\u00fcsseldorf, 1993.<\/p>\n<p><strong>Design and Operation of Heat Exchangers<\/strong><br \/>\n<strong>Autoren: W. Roetzel, P. J. Heggs, D. Butterworth (Eds.)<\/strong><br \/>\nProceedings of the Eurotherm Seminar No. 18, February 27 &#8211; March 1, 1991, Hamburg, Germany,<br \/>\nSpringer-Verlag Berlin &#8211; Heidelberg, 1992.<\/p>\n<p><strong>Berechnung von W\u00e4rme\u00fcbertragern<\/strong><br \/>\n<strong>W. Roetzel, B. Spang<\/strong><br \/>\nAbschnitt C des VDI-W\u00e4rmeatlas.<br \/>\n6., erw. Auflage, VDI-Verlag GmbH, D\u00fcsseldorf, 1991.<\/p>\n<p><strong>Berechnung von W\u00e4rme\u00fcbertragern<\/strong><br \/>\n<strong>Autor: W. Roetzel<\/strong><br \/>\nAbschnitt C des VDI-W\u00e4rmeatlas<br \/>\n5., erw. Auflage, VDI-Verlag GmbH, D\u00fcsseldorf, 1988.<\/p>\n<p><strong>Analytisches Verfahren zur thermischen Berechnung mehrg\u00e4ngiger Rohrb\u00fcndelw\u00e4rme\u00fcbertrager<\/strong><br \/>\n<strong>Autoren:W. Roetzel, B. Spang<\/strong><br \/>\nFortschritt-Bericht VDI, Reihe 19, Nr. 18 (1987)<br \/>\nKurzfassung, BWK (1987), 531.<\/p>\n<p><strong>Kompressionsk\u00e4ltemaschine oder \u2013w\u00e4rmepumpe<\/strong><br \/>\n<strong>Autor: W. Roetzel<\/strong><br \/>\nPatentschrift DE 3529534 C 1, 11.12.1986.<\/p>\n<p><strong>Berechnung von W\u00e4rme\u00fcbertragern<\/strong><br \/>\n<strong>Autor: W. Roetzel<\/strong><br \/>\nAbschnitt C des VDI-W\u00e4rmeatlas, 4., neubearb. und erw. Auflage, VDI-Verlag GmbH, D\u00fcsseldorf, 1984.<\/p>\n<p><strong>W\u00e4rme\u00fcbergang und Druckverlust in Beulrohren<\/strong><br \/>\n<strong>Autor: W. Roetzel<\/strong><br \/>\nIn: Festschrift des Fachbereiches Maschinenbau zur 10-Jahr-Feier der Hochschule der Bundeswehr Hamburg, 1983, S. 115\/124.<\/p>\n<p><strong>Berechnung von W\u00e4rmeaustauschern<\/strong><br \/>\n<strong>Autoren: W. Roetzel, K. Stephan<\/strong><br \/>\nAbschnitt C des VDI-W\u00e4rmeatlas, 3. Auflage, VDI-Verlag GmbH, D\u00fcsseldorf, 1977.<\/p>\n<p><strong>Berechnung von W\u00e4rmeaustauschern<\/strong><br \/>\n<strong>Autoren: W. Roetzel, K. Stephan<\/strong><br \/>\nAbschnitt C des VDI-W\u00e4rmeatlas, 2., verb. u. erw. Auflage, VDI-Verlag GmbH, D\u00fcsseldorf, 1974.<\/p>\n<p><strong>Viskosit\u00e4t, W\u00e4rmeleitf\u00e4higkeit, Schmidt- und Prandtl-Zahlen von Gasgemischen<\/strong><br \/>\n<strong>Autor: W. Roetzel<\/strong><br \/>\nReihe 3, Nr. 31 der Fortschrift-Berichte der VDI-Zeitschriften.<br \/>\nKurzfassung: VDI-Z Bd. 112 (1970), Nr. 24 &#8211; Dez. (II), 1638.<\/p>\n","protected":false},"excerpt":{"rendered":"<p>Design and Operation of Heat Exchangers and their Networks Autoren: Wilfried Roetzel, Xing Luo, Dezhen Chen Paperback ISBN: 9780 128 178 942, Elsevier Academic Press 2019 W\u00e4rme\u00fcbertragungsnetzwerke Autoren: X. Luo, [&hellip;]<\/p>\n","protected":false},"author":53,"featured_media":0,"parent":0,"menu_order":0,"comment_status":"closed","ping_status":"closed","template":"","meta":{"footnotes":""},"categories":[51,39],"tags":[],"class_list":["post-2624","page","type-page","status-publish","hentry","category-publikation","category-publikationen"],"_links":{"self":[{"href":"https:\/\/www.hsu-hh.de\/thermodynamik\/wp-json\/wp\/v2\/pages\/2624","targetHints":{"allow":["GET"]}}],"collection":[{"href":"https:\/\/www.hsu-hh.de\/thermodynamik\/wp-json\/wp\/v2\/pages"}],"about":[{"href":"https:\/\/www.hsu-hh.de\/thermodynamik\/wp-json\/wp\/v2\/types\/page"}],"author":[{"embeddable":true,"href":"https:\/\/www.hsu-hh.de\/thermodynamik\/wp-json\/wp\/v2\/users\/53"}],"replies":[{"embeddable":true,"href":"https:\/\/www.hsu-hh.de\/thermodynamik\/wp-json\/wp\/v2\/comments?post=2624"}],"version-history":[{"count":10,"href":"https:\/\/www.hsu-hh.de\/thermodynamik\/wp-json\/wp\/v2\/pages\/2624\/revisions"}],"predecessor-version":[{"id":4194,"href":"https:\/\/www.hsu-hh.de\/thermodynamik\/wp-json\/wp\/v2\/pages\/2624\/revisions\/4194"}],"wp:attachment":[{"href":"https:\/\/www.hsu-hh.de\/thermodynamik\/wp-json\/wp\/v2\/media?parent=2624"}],"wp:term":[{"taxonomy":"category","embeddable":true,"href":"https:\/\/www.hsu-hh.de\/thermodynamik\/wp-json\/wp\/v2\/categories?post=2624"},{"taxonomy":"post_tag","embeddable":true,"href":"https:\/\/www.hsu-hh.de\/thermodynamik\/wp-json\/wp\/v2\/tags?post=2624"}],"curies":[{"name":"wp","href":"https:\/\/api.w.org\/{rel}","templated":true}]}}