{"id":2588,"date":"2018-09-12T09:04:10","date_gmt":"2018-09-12T07:04:10","guid":{"rendered":"https:\/\/www.hsu-hh.de\/thermodynamik\/?page_id=2588"},"modified":"2021-06-02T09:08:24","modified_gmt":"2021-06-02T07:08:24","slug":"prof-dr-ing-e-h-hans-dieter-baehr","status":"publish","type":"page","link":"https:\/\/www.hsu-hh.de\/thermodynamik\/prof-dr-ing-e-h-hans-dieter-baehr","title":{"rendered":"Prof. Dr.-Ing. Dr.-Ing. E.h. Hans Dieter Baehr"},"content":{"rendered":"<p>Professor f\u00fcr Thermodynamik und Institutsleiter von 1974 bis 1981<br \/>\nProfessor f\u00fcr Thermodynamik an der Leibniz Universit\u00e4t Hannover von 1981 bis 1993<br \/>\nEhrendoktor der Fakult\u00e4t f\u00fcr Maschinenbau der Helmut-Schmidt-Universit\u00e4t seit 14.11.1985<\/p>\n","protected":false},"excerpt":{"rendered":"<p>Professor f\u00fcr Thermodynamik und Institutsleiter von 1974 bis 1981 Professor f\u00fcr Thermodynamik an der Leibniz Universit\u00e4t Hannover von 1981 bis 1993 Ehrendoktor der Fakult\u00e4t f\u00fcr Maschinenbau der Helmut-Schmidt-Universit\u00e4t seit 14.11.1985<\/p>\n","protected":false},"author":53,"featured_media":0,"parent":0,"menu_order":0,"comment_status":"closed","ping_status":"closed","template":"","meta":{"footnotes":""},"categories":[8],"tags":[],"class_list":["post-2588","page","type-page","status-publish","hentry","category-team"],"_links":{"self":[{"href":"https:\/\/www.hsu-hh.de\/thermodynamik\/wp-json\/wp\/v2\/pages\/2588","targetHints":{"allow":["GET"]}}],"collection":[{"href":"https:\/\/www.hsu-hh.de\/thermodynamik\/wp-json\/wp\/v2\/pages"}],"about":[{"href":"https:\/\/www.hsu-hh.de\/thermodynamik\/wp-json\/wp\/v2\/types\/page"}],"author":[{"embeddable":true,"href":"https:\/\/www.hsu-hh.de\/thermodynamik\/wp-json\/wp\/v2\/users\/53"}],"replies":[{"embeddable":true,"href":"https:\/\/www.hsu-hh.de\/thermodynamik\/wp-json\/wp\/v2\/comments?post=2588"}],"version-history":[{"count":3,"href":"https:\/\/www.hsu-hh.de\/thermodynamik\/wp-json\/wp\/v2\/pages\/2588\/revisions"}],"predecessor-version":[{"id":2604,"href":"https:\/\/www.hsu-hh.de\/thermodynamik\/wp-json\/wp\/v2\/pages\/2588\/revisions\/2604"}],"wp:attachment":[{"href":"https:\/\/www.hsu-hh.de\/thermodynamik\/wp-json\/wp\/v2\/media?parent=2588"}],"wp:term":[{"taxonomy":"category","embeddable":true,"href":"https:\/\/www.hsu-hh.de\/thermodynamik\/wp-json\/wp\/v2\/categories?post=2588"},{"taxonomy":"post_tag","embeddable":true,"href":"https:\/\/www.hsu-hh.de\/thermodynamik\/wp-json\/wp\/v2\/tags?post=2588"}],"curies":[{"name":"wp","href":"https:\/\/api.w.org\/{rel}","templated":true}]}}