{"id":2581,"date":"2018-09-12T09:02:10","date_gmt":"2018-09-12T07:02:10","guid":{"rendered":"https:\/\/www.hsu-hh.de\/thermodynamik\/?page_id=2581"},"modified":"2021-06-02T09:16:15","modified_gmt":"2021-06-02T07:16:15","slug":"univ-prof-dr-ing-stephan-kabelac","status":"publish","type":"page","link":"https:\/\/www.hsu-hh.de\/thermodynamik\/univ-prof-dr-ing-stephan-kabelac","title":{"rendered":"Univ.-Prof. Dr.-Ing. Stephan Kabelac"},"content":{"rendered":"<p>Professor f\u00fcr Thermodynamik und Institutsleiter von 2001 bis 2011<br \/>\nseit 01.10.2011 Professor f\u00fcr Thermodynamik der Leibniz Universit\u00e4t Hannover<br \/>\nOrdentliches Mitglied der Akademie der Wissenschaften in Hamburg seit 2009 (www.awhamburg.de)<\/p>\n","protected":false},"excerpt":{"rendered":"<p>Professor f\u00fcr Thermodynamik und Institutsleiter von 2001 bis 2011 seit 01.10.2011 Professor f\u00fcr Thermodynamik der Leibniz Universit\u00e4t Hannover Ordentliches Mitglied der Akademie der Wissenschaften in Hamburg seit 2009 (www.awhamburg.de)<\/p>\n","protected":false},"author":53,"featured_media":0,"parent":0,"menu_order":0,"comment_status":"closed","ping_status":"closed","template":"","meta":{"footnotes":""},"categories":[8],"tags":[],"class_list":["post-2581","page","type-page","status-publish","hentry","category-team"],"_links":{"self":[{"href":"https:\/\/www.hsu-hh.de\/thermodynamik\/wp-json\/wp\/v2\/pages\/2581","targetHints":{"allow":["GET"]}}],"collection":[{"href":"https:\/\/www.hsu-hh.de\/thermodynamik\/wp-json\/wp\/v2\/pages"}],"about":[{"href":"https:\/\/www.hsu-hh.de\/thermodynamik\/wp-json\/wp\/v2\/types\/page"}],"author":[{"embeddable":true,"href":"https:\/\/www.hsu-hh.de\/thermodynamik\/wp-json\/wp\/v2\/users\/53"}],"replies":[{"embeddable":true,"href":"https:\/\/www.hsu-hh.de\/thermodynamik\/wp-json\/wp\/v2\/comments?post=2581"}],"version-history":[{"count":1,"href":"https:\/\/www.hsu-hh.de\/thermodynamik\/wp-json\/wp\/v2\/pages\/2581\/revisions"}],"predecessor-version":[{"id":2582,"href":"https:\/\/www.hsu-hh.de\/thermodynamik\/wp-json\/wp\/v2\/pages\/2581\/revisions\/2582"}],"wp:attachment":[{"href":"https:\/\/www.hsu-hh.de\/thermodynamik\/wp-json\/wp\/v2\/media?parent=2581"}],"wp:term":[{"taxonomy":"category","embeddable":true,"href":"https:\/\/www.hsu-hh.de\/thermodynamik\/wp-json\/wp\/v2\/categories?post=2581"},{"taxonomy":"post_tag","embeddable":true,"href":"https:\/\/www.hsu-hh.de\/thermodynamik\/wp-json\/wp\/v2\/tags?post=2581"}],"curies":[{"name":"wp","href":"https:\/\/api.w.org\/{rel}","templated":true}]}}