{"id":257,"date":"2017-09-06T09:52:51","date_gmt":"2017-09-06T07:52:51","guid":{"rendered":"https:\/\/www.hsu-hh.de\/thermodynamik\/?page_id=257"},"modified":"2021-06-03T10:42:44","modified_gmt":"2021-06-03T08:42:44","slug":"forschungsprojekt-2","status":"publish","type":"page","link":"https:\/\/www.hsu-hh.de\/thermodynamik\/forschungsprojekt-2","title":{"rendered":"Aufbau und Betrieb eines automatisierten Biegeschwingers f\u00fcr die Messung von Fl\u00fcssigkeitsdichten"},"content":{"rendered":"<p>( <abbr title=\"Diplomingenieur\">Dipl.-Ing.<\/abbr> Michael Meschkat)<\/p>\n<p>F\u00fcr die Erstellung von Zustandsgleichungen f\u00fcr reine Fluide und Gemische werden genaue Messwerte der Dichte ben\u00f6tigt. An der Professur wird daher ein Dichtemessger\u00e4t der Firma Anton Paar nach dem Biegeschwingerprinzip f\u00fcr Messungen unter hohen Dr\u00fccken f\u00fcr den automatisierten Betrieb aufgebaut. Der Biegeschwinger arbeitet unter Dr\u00fccken von bis zu 100 MPa im Temperaturbereich zwischen -10\u00b0C und +200\u00b0C. Dar\u00fcber hinaus wird eine Infrastruktur f\u00fcr die Herstellung von Gemischen,\u00a0 <abbr title=\"das hei\u00dft\">d.h.<\/abbr> eine W\u00e4gevorrichtung und Beh\u00e4lter zur Aufbewahrung von Gemischen unter Druck, aufgebaut.<\/p>\n","protected":false},"excerpt":{"rendered":"<p>( Dipl.-Ing. Michael Meschkat) F\u00fcr die Erstellung von Zustandsgleichungen f\u00fcr reine Fluide und Gemische werden genaue Messwerte der Dichte ben\u00f6tigt. An der Professur wird daher ein Dichtemessger\u00e4t der Firma Anton [&hellip;]<\/p>\n","protected":false},"author":53,"featured_media":0,"parent":0,"menu_order":0,"comment_status":"closed","ping_status":"closed","template":"","meta":{"footnotes":""},"categories":[57],"tags":[],"class_list":["post-257","page","type-page","status-publish","hentry","category-versuchsstand"],"_links":{"self":[{"href":"https:\/\/www.hsu-hh.de\/thermodynamik\/wp-json\/wp\/v2\/pages\/257","targetHints":{"allow":["GET"]}}],"collection":[{"href":"https:\/\/www.hsu-hh.de\/thermodynamik\/wp-json\/wp\/v2\/pages"}],"about":[{"href":"https:\/\/www.hsu-hh.de\/thermodynamik\/wp-json\/wp\/v2\/types\/page"}],"author":[{"embeddable":true,"href":"https:\/\/www.hsu-hh.de\/thermodynamik\/wp-json\/wp\/v2\/users\/53"}],"replies":[{"embeddable":true,"href":"https:\/\/www.hsu-hh.de\/thermodynamik\/wp-json\/wp\/v2\/comments?post=257"}],"version-history":[{"count":9,"href":"https:\/\/www.hsu-hh.de\/thermodynamik\/wp-json\/wp\/v2\/pages\/257\/revisions"}],"predecessor-version":[{"id":1240,"href":"https:\/\/www.hsu-hh.de\/thermodynamik\/wp-json\/wp\/v2\/pages\/257\/revisions\/1240"}],"wp:attachment":[{"href":"https:\/\/www.hsu-hh.de\/thermodynamik\/wp-json\/wp\/v2\/media?parent=257"}],"wp:term":[{"taxonomy":"category","embeddable":true,"href":"https:\/\/www.hsu-hh.de\/thermodynamik\/wp-json\/wp\/v2\/categories?post=257"},{"taxonomy":"post_tag","embeddable":true,"href":"https:\/\/www.hsu-hh.de\/thermodynamik\/wp-json\/wp\/v2\/tags?post=257"}],"curies":[{"name":"wp","href":"https:\/\/api.w.org\/{rel}","templated":true}]}}