{"id":1524,"date":"2017-10-18T08:10:22","date_gmt":"2017-10-18T06:10:22","guid":{"rendered":"https:\/\/www.hsu-hh.de\/thermodynamik\/?page_id=1524"},"modified":"2017-11-01T09:38:05","modified_gmt":"2017-11-01T08:38:05","slug":"analytiklabor","status":"publish","type":"page","link":"https:\/\/www.hsu-hh.de\/thermodynamik\/analytiklabor","title":{"rendered":"Analytiklabor"},"content":{"rendered":"<p>F\u00fcr hochgenaue Messungen sind sehr reine Proben erforderlich. Daher werden zur Analyse von fl\u00fcssigen und gasf\u00f6rmigen Proben ein Gaschromatograph mit Manenspektrometer als Detektor und ein Gaschromatograph mit W\u00e4rmeleitf\u00e4higkeits- und Flammenionisationsdetektor betrieben. Der Wassergehalt kann mit einer Karl-Fischer-Titrationsaparatur ermittelt werden.<\/p>\n","protected":false},"excerpt":{"rendered":"<p>F\u00fcr hochgenaue Messungen sind sehr reine Proben erforderlich. Daher werden zur Analyse von fl\u00fcssigen und gasf\u00f6rmigen Proben ein Gaschromatograph mit Manenspektrometer als Detektor und ein Gaschromatograph mit W\u00e4rmeleitf\u00e4higkeits- und Flammenionisationsdetektor [&hellip;]<\/p>\n","protected":false},"author":53,"featured_media":0,"parent":0,"menu_order":0,"comment_status":"closed","ping_status":"closed","template":"","meta":{"footnotes":""},"categories":[57],"tags":[],"class_list":["post-1524","page","type-page","status-publish","hentry","category-versuchsstand"],"_links":{"self":[{"href":"https:\/\/www.hsu-hh.de\/thermodynamik\/wp-json\/wp\/v2\/pages\/1524","targetHints":{"allow":["GET"]}}],"collection":[{"href":"https:\/\/www.hsu-hh.de\/thermodynamik\/wp-json\/wp\/v2\/pages"}],"about":[{"href":"https:\/\/www.hsu-hh.de\/thermodynamik\/wp-json\/wp\/v2\/types\/page"}],"author":[{"embeddable":true,"href":"https:\/\/www.hsu-hh.de\/thermodynamik\/wp-json\/wp\/v2\/users\/53"}],"replies":[{"embeddable":true,"href":"https:\/\/www.hsu-hh.de\/thermodynamik\/wp-json\/wp\/v2\/comments?post=1524"}],"version-history":[{"count":2,"href":"https:\/\/www.hsu-hh.de\/thermodynamik\/wp-json\/wp\/v2\/pages\/1524\/revisions"}],"predecessor-version":[{"id":1552,"href":"https:\/\/www.hsu-hh.de\/thermodynamik\/wp-json\/wp\/v2\/pages\/1524\/revisions\/1552"}],"wp:attachment":[{"href":"https:\/\/www.hsu-hh.de\/thermodynamik\/wp-json\/wp\/v2\/media?parent=1524"}],"wp:term":[{"taxonomy":"category","embeddable":true,"href":"https:\/\/www.hsu-hh.de\/thermodynamik\/wp-json\/wp\/v2\/categories?post=1524"},{"taxonomy":"post_tag","embeddable":true,"href":"https:\/\/www.hsu-hh.de\/thermodynamik\/wp-json\/wp\/v2\/tags?post=1524"}],"curies":[{"name":"wp","href":"https:\/\/api.w.org\/{rel}","templated":true}]}}