{"id":9,"date":"2016-06-07T18:09:30","date_gmt":"2016-06-07T16:09:30","guid":{"rendered":"https:\/\/webbox.hsu-hh.de\/vorlage\/?page_id=9"},"modified":"2025-03-06T16:53:44","modified_gmt":"2025-03-06T15:53:44","slug":"impressum","status":"publish","type":"page","link":"https:\/\/www.hsu-hh.de\/thekat\/impressum","title":{"rendered":"Impressum"},"content":{"rendered":"<h2>Angaben gem. \u00a7 5 Telemediengesetz<\/h2>\n<p><strong>Herausgeber<\/strong><br \/>\nHelmut-Schmidt-Universit\u00e4t<\/p>\n<p>Fakult\u00e4t f\u00fcr Geistes- und Sozialwissenschaften<br \/>\nProfessur f\u00fcr Katholische Theologie unter besonderer Ber\u00fccksichtigung der Sozialwissenschaften und der Sozialethik<\/p>\n<p>Universit\u00e4t der Bundeswehr Hamburg<br \/>\nHolstenhofweg 85<br \/>\n22043 Hamburg<\/p>\n<p><strong>Telefon<\/strong><br \/>\n(040) 6541-2566<\/p>\n<p><strong>E-Mail<\/strong><br \/>\n<a href=\"mailto:pressestelle@hsu-hh.de\" rel='nofollow'>pressestelle@hsu-hh.de<\/a><\/p>\n<p><strong>Inhaltlich Verantwortliche gem\u00e4\u00df \u00a7 7 Telemediengesetz<\/strong><br \/>\nsind auf den einzelnen Seiten gesondert benannt.<\/p>\n","protected":false},"excerpt":{"rendered":"<p>Angaben gem. \u00a7 5 Telemediengesetz Herausgeber Helmut-Schmidt-Universit\u00e4t Fakult\u00e4t f\u00fcr Geistes- und Sozialwissenschaften Professur f\u00fcr Katholische Theologie unter besonderer Ber\u00fccksichtigung der Sozialwissenschaften und der Sozialethik Universit\u00e4t der Bundeswehr Hamburg Holstenhofweg 85 [&hellip;]<\/p>\n","protected":false},"author":1,"featured_media":0,"parent":0,"menu_order":0,"comment_status":"closed","ping_status":"closed","template":"","meta":{"_EventAllDay":false,"_EventTimezone":"","_EventStartDate":"","_EventEndDate":"","_EventStartDateUTC":"","_EventEndDateUTC":"","_EventShowMap":false,"_EventShowMapLink":false,"_EventURL":"","_EventCost":"","_EventCostDescription":"","_EventCurrencySymbol":"","_EventCurrencyCode":"","_EventCurrencyPosition":"","_EventDateTimeSeparator":"","_EventTimeRangeSeparator":"","_EventOrganizerID":[],"_EventVenueID":[],"_OrganizerEmail":"","_OrganizerPhone":"","_OrganizerWebsite":"","_VenueAddress":"","_VenueCity":"","_VenueCountry":"","_VenueProvince":"","_VenueState":"","_VenueZip":"","_VenuePhone":"","_VenueURL":"","_VenueStateProvince":"","_VenueLat":"","_VenueLng":"","_VenueShowMap":false,"_VenueShowMapLink":false,"footnotes":""},"categories":[4],"tags":[],"class_list":["post-9","page","type-page","status-publish","hentry","category-forschung"],"_links":{"self":[{"href":"https:\/\/www.hsu-hh.de\/thekat\/wp-json\/wp\/v2\/pages\/9","targetHints":{"allow":["GET"]}}],"collection":[{"href":"https:\/\/www.hsu-hh.de\/thekat\/wp-json\/wp\/v2\/pages"}],"about":[{"href":"https:\/\/www.hsu-hh.de\/thekat\/wp-json\/wp\/v2\/types\/page"}],"author":[{"embeddable":true,"href":"https:\/\/www.hsu-hh.de\/thekat\/wp-json\/wp\/v2\/users\/1"}],"replies":[{"embeddable":true,"href":"https:\/\/www.hsu-hh.de\/thekat\/wp-json\/wp\/v2\/comments?post=9"}],"version-history":[{"count":4,"href":"https:\/\/www.hsu-hh.de\/thekat\/wp-json\/wp\/v2\/pages\/9\/revisions"}],"predecessor-version":[{"id":358,"href":"https:\/\/www.hsu-hh.de\/thekat\/wp-json\/wp\/v2\/pages\/9\/revisions\/358"}],"wp:attachment":[{"href":"https:\/\/www.hsu-hh.de\/thekat\/wp-json\/wp\/v2\/media?parent=9"}],"wp:term":[{"taxonomy":"category","embeddable":true,"href":"https:\/\/www.hsu-hh.de\/thekat\/wp-json\/wp\/v2\/categories?post=9"},{"taxonomy":"post_tag","embeddable":true,"href":"https:\/\/www.hsu-hh.de\/thekat\/wp-json\/wp\/v2\/tags?post=9"}],"curies":[{"name":"wp","href":"https:\/\/api.w.org\/{rel}","templated":true}]}}