{"id":234,"date":"2017-11-08T13:36:24","date_gmt":"2017-11-08T12:36:24","guid":{"rendered":"https:\/\/www.hsu-hh.de\/thekat\/?page_id=234"},"modified":"2021-06-14T09:20:20","modified_gmt":"2021-06-14T07:20:20","slug":"publications-dr-axel-heinrich","status":"publish","type":"page","link":"https:\/\/www.hsu-hh.de\/thekat\/en\/publications-dr-axel-heinrich","title":{"rendered":"Publications Dr. Axel Heinrich"},"content":{"rendered":"<div>\n<hr>\n<h3><strong>Monographs<\/strong><\/h3>\n<ul>\n<li>Die Debatte um die autorit\u00e4re Revolte als sozialethische Herausforderung. Beobachtungen und Einordnungsversuche, M\u00fcnster 2020.<\/li>\n<li>Politische Medienethik. Zur friedensethischen Relevanz von Medienhandeln, Paderborn 2013<\/li>\n<li>Denkmuster zur Eind\u00e4mmung und zur Legitimation von Gewalt im Christentum und im Islam, Berlin 2006 (Schriftenreihe Gerechtigkeit und Frieden; 109, ed. Deutsche Kommission Justitia et Pax)<\/li>\n<li>Schuld und Vers\u00f6hnung. Zum Umgang mit belasteter Vergangenheit in systematisch-theologischen und pastoral-praktischen Diskursen seit dem Zweiten Vatikanum, Bonn 2001 (Schriftenreihe Gerechtigkeit und Frieden, ed. Deutsche Kommission Justitia et Pax; ARB 95)<\/li>\n<li>Soziobiologie als kulturrevolution\u00e4res Programm, Regensburg 2001 (ratio fidei; 6)<\/li>\n<\/ul>\n<h3><\/h3>\n<h3><strong>Articles<\/strong><\/h3>\n<ul>\n<li>Cyberworld und Ethik. Ray Kurzweils Beitrag zur Drohnendiskussion, in: Saskia Wendel\/Thomas Sch\u00e4rtl (eds.), Gott \u2013 Selbst \u2013 Bewusstsein. Eine Auseinandersetzung mit der philosophischen Theologie Klaus M\u00fcllers, Regensburg 2015 (FS Klaus M\u00fcller), 297-310<br \/>\nPolitische Philosophie, in: Clau\u00df Peter Sajak (ed.), Christliches Handeln in Verantwortung f\u00fcr die Welt, Paderborn 2015 (Theologie studieren; Modul 12), 231-274<\/li>\n<li>Vorausschauendes Medienhandeln unter dem Anspruch authentischen Erinnerns, in: Walter Schaupp (ed.), Ethik und Empirie. Gegenw\u00e4rtige Herausforderungen f\u00fcr Moraltheologie und Sozialethik, Freiburg-Wien 2014 (Studien zur theologischen Ethik; 142), 311-321<\/li>\n<li>Tendenzen in neuerer sozialethischer Literatur zur Enzyklika Pacem in terris, in: JCSW 55 (2014), 213-227<\/li>\n<li>Medienethik als Friedensethik. Impulse zur friedensstiftenden Verantwortung der Medien, in: Amos 6 (2012) H 2, 18-24<\/li>\n<li>Ist N\u00e4chstenliebe eine Frage der Gene? Die Soziobiologie und die ethische Diskussion, in: Herder Korrespondenz Spezial: Getrennte Welten. Der Glaube und die Naturwissenschaften, Freiburg i.Br. 2008, 50-54<\/li>\n<li>After gene egoism, in: Klaus M\u00fcller\/Norbert Sachser (ed.), Theology meets Biology. Anthropological Perspectives on Animals and Human Beings, Regensburg 2008<\/li>\n<li>Die Naturalisierung der Menschenrechte als Herausforderung f\u00fcr die theologische Ethik, in: Lars Klinnert (Hg.), Zufall Mensch? Das Bild des Menschen im Spannungsfeld von Evolution und Sch\u00f6pfung, Darmstadt 2007, 197-209<\/li>\n<li>Die Gesellschaft am langen Band der Gene. \u00dcberlegungen zum metapolitischen Charakter der Soziobiologie, in: JCSW 45 (2004), 61-82<\/li>\n<li>Die Kirche und das V\u00f6lkerrecht, in: Sekretariat der DBK (ed.), Das V\u00f6lkerrecht: ein Weg zum Frieden. Welttag des Friedens 2004, Bonn 2004 (Arbeitshilfen; 173), 24-32<\/li>\n<li>Die \u201eDritte Kultur\u201c. Kritische Erw\u00e4gungen zur medialen Offensive des Naturalismus, in: ThG 45 (2002), 254-262<\/li>\n<li>Gerechter Friede und Vers\u00f6hnung. \u00dcberlegungen zum theoretischen Status der Rede von Vers\u00f6hnung in der (theologischen) Sozialethik, in: Hartmut K\u00f6\u00df (ed.), Entwicklungsethische Konkretionen, M\u00fcnster 2002, 101-116<\/li>\n<li>Vernunft \u2013 Natur \u2013 Glaube. \u00dcberlegungen zur Verwendung des Autonomiebegriffs in Fides et ratio, in: Redakcja Wydawnictw Wydzia\u0142u Teologicznego Uniwersytetu Opolskiego (ed.), Rozum i Wiara \u2013 Vernunft und Glaube, Opole 2001 (Colloquia Theologica; 2), 101-109<\/li>\n<\/ul>\n<\/div>\n","protected":false},"excerpt":{"rendered":"<p>Monographs Die Debatte um die autorit\u00e4re Revolte als sozialethische Herausforderung. Beobachtungen und Einordnungsversuche, M\u00fcnster 2020. Politische Medienethik. Zur friedensethischen Relevanz von Medienhandeln, Paderborn 2013 Denkmuster zur Eind\u00e4mmung und zur Legitimation [&hellip;]<\/p>\n","protected":false},"author":91,"featured_media":0,"parent":0,"menu_order":0,"comment_status":"closed","ping_status":"closed","template":"","meta":{"_EventAllDay":false,"_EventTimezone":"","_EventStartDate":"","_EventEndDate":"","_EventStartDateUTC":"","_EventEndDateUTC":"","_EventShowMap":false,"_EventShowMapLink":false,"_EventURL":"","_EventCost":"","_EventCostDescription":"","_EventCurrencySymbol":"","_EventCurrencyCode":"","_EventCurrencyPosition":"","_EventDateTimeSeparator":"","_EventTimeRangeSeparator":"","_EventOrganizerID":[],"_EventVenueID":[],"_OrganizerEmail":"","_OrganizerPhone":"","_OrganizerWebsite":"","_VenueAddress":"","_VenueCity":"","_VenueCountry":"","_VenueProvince":"","_VenueState":"","_VenueZip":"","_VenuePhone":"","_VenueURL":"","_VenueStateProvince":"","_VenueLat":"","_VenueLng":"","_VenueShowMap":false,"_VenueShowMapLink":false,"footnotes":""},"categories":[53],"tags":[50],"class_list":["post-234","page","type-page","status-publish","hentry","category-publications","tag-publications"],"_links":{"self":[{"href":"https:\/\/www.hsu-hh.de\/thekat\/wp-json\/wp\/v2\/pages\/234","targetHints":{"allow":["GET"]}}],"collection":[{"href":"https:\/\/www.hsu-hh.de\/thekat\/wp-json\/wp\/v2\/pages"}],"about":[{"href":"https:\/\/www.hsu-hh.de\/thekat\/wp-json\/wp\/v2\/types\/page"}],"author":[{"embeddable":true,"href":"https:\/\/www.hsu-hh.de\/thekat\/wp-json\/wp\/v2\/users\/91"}],"replies":[{"embeddable":true,"href":"https:\/\/www.hsu-hh.de\/thekat\/wp-json\/wp\/v2\/comments?post=234"}],"version-history":[{"count":7,"href":"https:\/\/www.hsu-hh.de\/thekat\/wp-json\/wp\/v2\/pages\/234\/revisions"}],"predecessor-version":[{"id":348,"href":"https:\/\/www.hsu-hh.de\/thekat\/wp-json\/wp\/v2\/pages\/234\/revisions\/348"}],"wp:attachment":[{"href":"https:\/\/www.hsu-hh.de\/thekat\/wp-json\/wp\/v2\/media?parent=234"}],"wp:term":[{"taxonomy":"category","embeddable":true,"href":"https:\/\/www.hsu-hh.de\/thekat\/wp-json\/wp\/v2\/categories?post=234"},{"taxonomy":"post_tag","embeddable":true,"href":"https:\/\/www.hsu-hh.de\/thekat\/wp-json\/wp\/v2\/tags?post=234"}],"curies":[{"name":"wp","href":"https:\/\/api.w.org\/{rel}","templated":true}]}}