{"id":230,"date":"2017-11-08T13:29:28","date_gmt":"2017-11-08T12:29:28","guid":{"rendered":"https:\/\/www.hsu-hh.de\/thekat\/?page_id=230"},"modified":"2025-03-11T07:33:21","modified_gmt":"2025-03-11T06:33:21","slug":"publicationshoppe","status":"publish","type":"page","link":"https:\/\/www.hsu-hh.de\/thekat\/en\/publicationshoppe","title":{"rendered":"Publications Prof. Dr. Thomas Hoppe"},"content":{"rendered":"<hr \/>\n<h3><strong>Monographs<\/strong><\/h3>\n<ul>\n<li>Thomas Hoppe, Menschenrechte im Spannungsfeld von Freiheit, Gleichheit und Solidarit\u00e4t. Grundlagen eines internationalen Ethos zwischen universalem Geltungsanspruch und Partikularit\u00e4tsverdacht, Stuttgart 2002<\/li>\n<li>Thomas Hoppe, Auf dem Weg zum gerechten Frieden? Friedensethische \u00dcberlegungen nach dem Ende des Ost-West-Konflikts, Bremen 1995<\/li>\n<li>Thomas Hoppe, Ethik als sicherheitspolitische Entscheidungshilfe? Anmerkungen zu den Kriterien &#8222;Hinl\u00e4nglichkeit&#8220; und &#8222;Abr\u00fcstungsvertr\u00e4glichkeit&#8220; des Worts der deutschen Bischofskonferenz &#8222;Gerechtigkeit schafft Frieden&#8220; (1983), Bonn 1990<\/li>\n<li>Thomas Hoppe \/ Hans-Joachim Schmidt, Konventionelle Stabilisierung. Milit\u00e4rstrategische und r\u00fcstungskontrollpolitische Fragen eines Kriegsverh\u00fctungskonzepts mit weniger Kernwaffen aus ethischer und politikwissenschaftlicher Sicht, Bonn 1990<\/li>\n<li>Friedenspolitik mit milit\u00e4rischen Mitteln. Eine ethische Analyse strategischer Ans\u00e4tze, K\u00f6ln 1986<\/li>\n<\/ul>\n<h3>\u00a0<\/h3>\n<h3><strong>Edited Publications<\/strong><\/h3>\n<ul>\n<li>Ines-Jacqueline Werkner \/ Thomas Hoppe (eds.), Nukleare Abschreckung in friedensethischer Perspektive (Fragen zur Gewalt; 7), Wiesbaden 2019<\/li>\n<li>Thomas Hoppe (ed.), Verantwortung zu sch\u00fctzen. Interventionspolitik seit 1990 &#8211; eine friedensethische Bilanz, Berlin 2014<\/li>\n<li>Thomas Hoppe (ed.), Schutz der Menschenrechte. Zivile Einmischung und milit\u00e4rische Intervention, Berlin 2004<\/li>\n<li>Thomas Hoppe (ed.), Friedensethik und internationale Politik. Problemanalysen &#8211; L\u00f6sungsans\u00e4tze &#8211; Handlungsperspektiven, Mainz 2000<\/li>\n<li>Thomas Hoppe (ed.), Menschenrechte &#8211; Menschenpflichten, Bonn 1999<\/li>\n<li>Thomas Hoppe \/ J\u00f6rg L\u00fcer (eds.), Erfahrungen aus dem Konflikt im ehemaligen Jugoslawien, Bonn 1997<\/li>\n<li>Thomas Hoppe \/ Harry Neyer (eds.), Milit\u00e4r als Friedensstifter? Friedensethische \u00dcberlegungen zur au\u00dfenpolitischen Neuorientierung Deutschlands, Bonn 1994<\/li>\n<li>Thomas Hoppe (ed.), Auf dem Weg zu einer Europ\u00e4ischen Friedensordnung. Perspektiven und Probleme nach dem Ende des Kalten Krieges, Mainz 1994<\/li>\n<\/ul>\n<h3>\u00a0<\/h3>\n<h3><strong>Articles<\/strong><\/h3>\n<ul>\n<li>Frieden durch Recht? \u2013 Aktuelle christliche Diskurse, in: Ines-Jacqueline Werkner (ed.), Handbuch Religion in Konflikten und Friedensprozessen, <abbr title=\"Band\">Bd.<\/abbr>1, Wiesbaden 2024, 573-584<\/li>\n<li>Recht, Moral und Religion \u2013 eine Verh\u00e4ltnisbestimmung, in: Ines-Jacqueline Werkner (ed.), Handbuch Religion in Konflikten und Friedensprozessen, <abbr title=\"Band\">Bd.<\/abbr>1, Wiesbaden 2024, 369-381<\/li>\n<li>Aporien und Verantwortung. Zur neu entfachten friedensethischen Diskussion, in: Religion und Gesellschaft in Ost und West 51 (2023) H. 3, 6-8<\/li>\n<li>Vorrang f\u00fcr Gewaltpr\u00e4vention. Zur Bedeutung milit\u00e4rischer Handlungsm\u00f6glichkeiten in einem friedensethischen Gesamtkonzept, in: Dirk-M. Harmsen \/ Stefan Maa\u00df \/ Horst Scheffler \/ Theodor Ziegler (eds.), Weltinnenpolitik und Internationale Polizei. Neues Denken in der Friedens- und Sicherheitspolitik, G\u00f6ttingen 2023, 35-46<\/li>\n<li>Pluralismus in der Friedensethik \u2013 Legitimit\u00e4t und Grenzen. Eine Positionsbestimmung aus katholischer Perspektive, in: Hendrik Stoppel \/ Christian Polke (eds.), Pluralit\u00e4t und Pluralismus in der Friedensethik, Wiesbaden 2022 (= Gerechter Frieden \u2013 Grundsatzfragen, <abbr title=\"Band\">Bd.<\/abbr> 5), 77-99<\/li>\n<li>Aktuelle Herausforderungen f\u00fcr politische Friedensgestaltung auf dem Fundament des Rechts, in: Sarah J\u00e4ger \/ Lothar Brock (eds.), Frieden durch Recht \u2013 Anfragen an das liberale Modell, Wiesbaden 2020 (= Gerechter Frieden \u2013 Frieden und Recht, <abbr title=\"Band\">Bd.<\/abbr> 6), 67-91<\/li>\n<li>Die Schutzverantwortung der Staatengemeinschaft im Spannungsfeld von politischer Ethik und internationaler Politik, in: Ines-Jacqueline Werkner \/ Thilo Marauhn (eds.), Die internationale Schutzverantwortung im Lichte des gerechten Friedens, Wiesbaden 2019 (Frieden und Recht; 3), 39-62<\/li>\n<li>Erinnerung und Vers\u00f6hnung vor dem Hintergrund belasteter Vergangenheit, in: Theologisch-Praktische Quartalsschrift 166 (2018) H. 4, 356-365<\/li>\n<li>Zur friedensethischen Relevanz der Rechtsethik. Ein Beitrag aus katholischer Perspektive, in: Sarah J\u00e4ger \/ Arnulf von Scheliah (eds.), Recht in der Bibel und in kirchlichen Traditionen, Wiesbaden 2018 (Frieden und Recht; 1), 75-95<\/li>\n<li>Die Schutzverantwortung der Staatengemeinschaft als Grundprinzip einer Ethik internationaler Beziehungen, in: Thomas Hoppe (ed.), Verantwortung zu sch\u00fctzen. Interventionspolitik seit 1990 &#8211; eine friedensethische Bilanz, Berlin 2014, 339-52<\/li>\n<li>Das Bischofswort &#8222;Gerechter Friede&#8220; &#8211; Ein notwendiger Perspektivenwechsel, in: Bibel und Kirche 66 (2011) H. 3, 169-172<\/li>\n<li>Theologisch gefordert &#8211; realpolitisch eine Illusion? Vers\u00f6hnung zwischen Israelis und Pal\u00e4stinensern, in: Dirk Ansorge (ed.), Der Nahostkonflikt. Politische, religi\u00f6se und theologische Dimensionen, Stuttgart 2010, 301-316<\/li>\n<li>Gerechtigkeit &#8211; Menschenrechte &#8211; Frieden. Zur Geschichte und Aktualit\u00e4t der Idee vom &#8222;gerechten Frieden&#8220;, in: Peter Imbusch (ed.), Gerechtigkeit &#8211; Demokratie &#8211; Frieden. Eind\u00e4mmung oder Eskalation von Gewalt?, Baden-Baden 2007, 25-43<\/li>\n<li>Zur Ambivalenz von Religion angesichts des Problems der Gewalt, in: Johannes M\u00fclller \/ Mattias Kiefer (ed.), Globalisierung der Gewalt. Weltweite Solidarit\u00e4t angesichts neuer Fronten globaler (Un-)Sicherheit, Stuttgart 2005, 39-69<\/li>\n<li>Agraphoi Nomoi. Zur Aufarbeitung von Systemunrecht mit den Mitteln des Strafrechts, in: Gerhard G\u00e4de (ed.), H\u00f6ren &#8211; Glauben &#8211; Denken. Festschrift f\u00fcr Peter Knauer S.J. zur Vollendung seines 70. Lebensjahres, M\u00fcnster 2005, 287-309<\/li>\n<li>Erinnerung, Gerechtigkeit und Vers\u00f6hnung. Zum Umgang mit belasteter Vergangenheit in Post-Konflikt-Gesellschaften, in: J\u00f6rg Callie\u00df \/ Christoph Weller (ed.), Friedenstheorie: Fragen, Ans\u00e4tze, M\u00f6glichkeiten, Rehburg-Loccum 2003 (= Loccumer Protokolle 31\/03), 233-263<\/li>\n<li>Gibt es ein kultur\u00fcbergreifendes Ethos? Zu M\u00f6glichkeiten und Grenzen interkultureller Ethik-Dialoge, in: G\u00fcnter Virt (ed.), Der Globalisierungsproze\u00df. Facetten einer Dynamik aus ethischer und theologischer Perspektive, Fribourg \/ Freiburg i.Br. 2002, 179-186<\/li>\n<li>Gewaltpr\u00e4vention als Aufgabe heutiger Friedenspolitik, in: Christoph Quarch \/ Dirk Rademacher (ed.) im Auftrag des Deutschen Evangelischen Kirchentags, Deutscher Evangelischer Kirchentag Frankfurt am Main 2001 &#8211; Dokumente, G\u00fctersloh 2001, 829-836<\/li>\n<li>Zwischen Verfolgungseifer und gesellschaftlich-politischer Amnesie. \u00dcber den angemessenen Umgang mit Systemunrecht in sozialethischer Perspektive, in: Societas Ethica (ed.), Vergangenes Unrecht vergeben? 37. Jahrestagung in Askov, D\u00e4nemark, 23.-27. 8. 2000, Aarhus: University of Aarhus, Department of Systematic Theology 2001, 86-108<\/li>\n<li>R\u00fcstungspolitik und R\u00fcstungsdynamik, in: Europe Infos Nr. 56 \/ Januar 2004, 6-7<br \/>Krieg und Gewalt in der Geschichte des Christentums, in: Adel-Theodor Khoury \/ Ekkehard Grundmann \/ Hans-Peter M\u00fcller (ed.), Krieg und Gewalt in den Weltreligionen, Freiburg i.Br. 2003, 25-43<\/li>\n<li>Die internationale Diskussion \u00fcber den Umgang mit belasteter Vergangenheit und ihre Bedeutung f\u00fcr das deutsch-deutsche Gespr\u00e4ch, in: Dieter Grande (ed.), Der deutsch-deutsche Umgang mit der SED-Vergangenheit. Perspektiven kirchlichen Handelns, Bonn 2000, 9-22<\/li>\n<li>Gerechter Frieden als Leitperspektive. Zu Konzept und Aufgabenprofil einer Ethik der internationalen Politik, in: Aus Politik und Zeitgeschichte B 33-34 \/ 11. 8. 2000, 25-31<\/li>\n<li>Von der Last der Erinnerung. Zum Umgang mit j\u00fcngster Vergangenheit im geeinten Deutschland, in: Werner Schreer \/ Georg Steins (ed.), Auf neue Art Kirche sein. Wirklichkeiten &#8211; Herausforderungen &#8211; Wandlungen, M\u00fcnchen 1999, 320-336<\/li>\n<li>Menschenrechte: International verpflichtende Minimalstandards oder Manifestationen s\u00e4kularisierter Religiosit\u00e4t?, in: Andreas Fritzsche \/ Manfred Kwiran (ed.), Der Mensch, M\u00fcnchen 1998, 26-36<\/li>\n<li>Friedensethik heute: Elemente einer Lehre vom gerechten Frieden, in: Wolfgang R. Vogt \/ Eckhard Jung (ed.), Kultur des Friedens. Wege zu einer Welt ohne Krieg, Darmstadt 1997, 64-67<\/li>\n<li>Weltinnenpolitik durch Weltethos? R\u00fcckfragen an das Projekt von Hans K\u00fcng, in: Herderkorrespondenz 51 (1997) 410-414<\/li>\n<li>Menschenrechte als Basis eines Weltethos?, in: Marianne Heimbach-Steins <abbr title=\"unter anderem\">u.a.<\/abbr> (ed.), Brennpunkt Sozialethik. Theorien, Aufgaben, Methoden, Freiburg i.Br. 1995, 319-334<\/li>\n<li>Art. &#8222;Human Rights&#8220;, in: Judith A. Dwyer (ed.), The New Dictionary of Catholic Social Thought, Collegeville, Minn. 1994, 454-470<\/li>\n<li>Bewahrung der Sch\u00f6pfung als Beitrag zu Frieden und Gerechtigkeit, in: Franz Furger \/ Marianne Heimbach-Steins (ed.), Perspektiven christlicher Sozialethik, M\u00fcnster 1991, 265-281<\/li>\n<li>Bewahrung der Sch\u00f6pfung als Beitrag zu Frieden und Gerechtigkeit, in: Franz Furger \/ Marianne Heimbach-Steins (ed.), Perspektiven christlicher Sozialethik, M\u00fcnster 1991, 265-281<\/li>\n<\/ul>\n\n\n<p><\/p>\n","protected":false},"excerpt":{"rendered":"<p>Monographs Thomas Hoppe, Menschenrechte im Spannungsfeld von Freiheit, Gleichheit und Solidarit\u00e4t. Grundlagen eines internationalen Ethos zwischen universalem Geltungsanspruch und Partikularit\u00e4tsverdacht, Stuttgart 2002 Thomas Hoppe, Auf dem Weg zum gerechten Frieden? [&hellip;]<\/p>\n","protected":false},"author":91,"featured_media":0,"parent":0,"menu_order":0,"comment_status":"closed","ping_status":"closed","template":"","meta":{"_EventAllDay":false,"_EventTimezone":"","_EventStartDate":"","_EventEndDate":"","_EventStartDateUTC":"","_EventEndDateUTC":"","_EventShowMap":false,"_EventShowMapLink":false,"_EventURL":"","_EventCost":"","_EventCostDescription":"","_EventCurrencySymbol":"","_EventCurrencyCode":"","_EventCurrencyPosition":"","_EventDateTimeSeparator":"","_EventTimeRangeSeparator":"","_EventOrganizerID":[],"_EventVenueID":[],"_OrganizerEmail":"","_OrganizerPhone":"","_OrganizerWebsite":"","_VenueAddress":"","_VenueCity":"","_VenueCountry":"","_VenueProvince":"","_VenueState":"","_VenueZip":"","_VenuePhone":"","_VenueURL":"","_VenueStateProvince":"","_VenueLat":"","_VenueLng":"","_VenueShowMap":false,"_VenueShowMapLink":false,"footnotes":""},"categories":[7],"tags":[50],"class_list":["post-230","page","type-page","status-publish","hentry","category-research","tag-publications"],"_links":{"self":[{"href":"https:\/\/www.hsu-hh.de\/thekat\/wp-json\/wp\/v2\/pages\/230","targetHints":{"allow":["GET"]}}],"collection":[{"href":"https:\/\/www.hsu-hh.de\/thekat\/wp-json\/wp\/v2\/pages"}],"about":[{"href":"https:\/\/www.hsu-hh.de\/thekat\/wp-json\/wp\/v2\/types\/page"}],"author":[{"embeddable":true,"href":"https:\/\/www.hsu-hh.de\/thekat\/wp-json\/wp\/v2\/users\/91"}],"replies":[{"embeddable":true,"href":"https:\/\/www.hsu-hh.de\/thekat\/wp-json\/wp\/v2\/comments?post=230"}],"version-history":[{"count":13,"href":"https:\/\/www.hsu-hh.de\/thekat\/wp-json\/wp\/v2\/pages\/230\/revisions"}],"predecessor-version":[{"id":376,"href":"https:\/\/www.hsu-hh.de\/thekat\/wp-json\/wp\/v2\/pages\/230\/revisions\/376"}],"wp:attachment":[{"href":"https:\/\/www.hsu-hh.de\/thekat\/wp-json\/wp\/v2\/media?parent=230"}],"wp:term":[{"taxonomy":"category","embeddable":true,"href":"https:\/\/www.hsu-hh.de\/thekat\/wp-json\/wp\/v2\/categories?post=230"},{"taxonomy":"post_tag","embeddable":true,"href":"https:\/\/www.hsu-hh.de\/thekat\/wp-json\/wp\/v2\/tags?post=230"}],"curies":[{"name":"wp","href":"https:\/\/api.w.org\/{rel}","templated":true}]}}