{"id":164,"date":"2017-11-07T12:35:54","date_gmt":"2017-11-07T11:35:54","guid":{"rendered":"https:\/\/www.hsu-hh.de\/thekat\/?page_id=164"},"modified":"2025-03-06T16:49:40","modified_gmt":"2025-03-06T15:49:40","slug":"forschung","status":"publish","type":"page","link":"https:\/\/www.hsu-hh.de\/thekat\/forschung","title":{"rendered":"Forschung"},"content":{"rendered":"<hr \/>\n<p>Professur f\u00fcr Katholische Theologie <abbr title=\"unter besonderer Ber\u00fccksichtigung\">u.b.B.<\/abbr> der Sozialwissenschaften und der Sozialethik &#8211; <abbr>N.N.<\/p>\n<h3>Forschungsgebiete \/ Forschungsvorhaben<\/h3>\n<ul>\n<li>Menschenrechte zwischen universalem Geltungsanspruch und Partikularit\u00e4tsverdacht<\/li>\n<li>M\u00f6glichkeiten und Probleme interkultureller und interreligi\u00f6ser Ethikdiskurse<\/li>\n<li>Ethische Anforderungen an Strukturbildungsprozesse im internationalen System<\/li>\n<li>Kirchliche Beitr\u00e4ge zu Konfliktpr\u00e4vention, Krisenintervention und Konfliktnachsorge \/ Friedenskonsolidierung<\/li>\n<li>Ethische Implikationen von Transformationsprozessen in postautorit\u00e4ren Gesellschaften<\/li>\n<\/ul>\n","protected":false},"excerpt":{"rendered":"<p>Professur f\u00fcr Katholische Theologie u.b.B. der Sozialwissenschaften und der Sozialethik &#8211; N.N. Forschungsgebiete \/ Forschungsvorhaben Menschenrechte zwischen universalem Geltungsanspruch und Partikularit\u00e4tsverdacht M\u00f6glichkeiten und Probleme interkultureller und interreligi\u00f6ser Ethikdiskurse Ethische Anforderungen [&hellip;]<\/p>\n","protected":false},"author":91,"featured_media":0,"parent":0,"menu_order":0,"comment_status":"closed","ping_status":"closed","template":"","meta":{"_EventAllDay":false,"_EventTimezone":"","_EventStartDate":"","_EventEndDate":"","_EventStartDateUTC":"","_EventEndDateUTC":"","_EventShowMap":false,"_EventShowMapLink":false,"_EventURL":"","_EventCost":"","_EventCostDescription":"","_EventCurrencySymbol":"","_EventCurrencyCode":"","_EventCurrencyPosition":"","_EventDateTimeSeparator":"","_EventTimeRangeSeparator":"","_EventOrganizerID":[],"_EventVenueID":[],"_OrganizerEmail":"","_OrganizerPhone":"","_OrganizerWebsite":"","_VenueAddress":"","_VenueCity":"","_VenueCountry":"","_VenueProvince":"","_VenueState":"","_VenueZip":"","_VenuePhone":"","_VenueURL":"","_VenueStateProvince":"","_VenueLat":"","_VenueLng":"","_VenueShowMap":false,"_VenueShowMapLink":false,"footnotes":""},"categories":[4],"tags":[],"class_list":["post-164","page","type-page","status-publish","hentry","category-forschung"],"_links":{"self":[{"href":"https:\/\/www.hsu-hh.de\/thekat\/wp-json\/wp\/v2\/pages\/164","targetHints":{"allow":["GET"]}}],"collection":[{"href":"https:\/\/www.hsu-hh.de\/thekat\/wp-json\/wp\/v2\/pages"}],"about":[{"href":"https:\/\/www.hsu-hh.de\/thekat\/wp-json\/wp\/v2\/types\/page"}],"author":[{"embeddable":true,"href":"https:\/\/www.hsu-hh.de\/thekat\/wp-json\/wp\/v2\/users\/91"}],"replies":[{"embeddable":true,"href":"https:\/\/www.hsu-hh.de\/thekat\/wp-json\/wp\/v2\/comments?post=164"}],"version-history":[{"count":6,"href":"https:\/\/www.hsu-hh.de\/thekat\/wp-json\/wp\/v2\/pages\/164\/revisions"}],"predecessor-version":[{"id":366,"href":"https:\/\/www.hsu-hh.de\/thekat\/wp-json\/wp\/v2\/pages\/164\/revisions\/366"}],"wp:attachment":[{"href":"https:\/\/www.hsu-hh.de\/thekat\/wp-json\/wp\/v2\/media?parent=164"}],"wp:term":[{"taxonomy":"category","embeddable":true,"href":"https:\/\/www.hsu-hh.de\/thekat\/wp-json\/wp\/v2\/categories?post=164"},{"taxonomy":"post_tag","embeddable":true,"href":"https:\/\/www.hsu-hh.de\/thekat\/wp-json\/wp\/v2\/tags?post=164"}],"curies":[{"name":"wp","href":"https:\/\/api.w.org\/{rel}","templated":true}]}}