{"id":140,"date":"2017-11-07T11:55:33","date_gmt":"2017-11-07T10:55:33","guid":{"rendered":"https:\/\/www.hsu-hh.de\/thekat\/?page_id=140"},"modified":"2025-03-06T16:57:03","modified_gmt":"2025-03-06T15:57:03","slug":"lehre","status":"publish","type":"page","link":"https:\/\/www.hsu-hh.de\/thekat\/lehre","title":{"rendered":"Lehre"},"content":{"rendered":"<hr \/>\n<p>Professur f\u00fcr Katholische Theologie <abbr title=\"unter besonderer Ber\u00fccksichtigung\">u.b.B.<\/abbr> der Sozialwissenschaften und der Sozialethik &#8211; N.N.<\/p>\n<h3>Inhaltliche Schwerpunkte<\/h3>\n<p>Die gegenw\u00e4rtige Bestimmung des Verh\u00e4ltnisses von Sozialwissenschaften und Sozialethik ist eigent\u00fcmlich ambivalent. Einerseits verst\u00e4rkt sich angesichts vielf\u00e4ltiger politischer und gesellschaftlicher Herausforderungen die Suche nach ethischen Orientierungen. Andererseits sehen sich (sozial-)ethische Beitr\u00e4ge zu \u00f6ffentlichen Debatten um grunds\u00e4tzliche Fragen zuweilen mit dem Vorwurf konfrontiert, sie seien Ausdruck eines &#8222;Sonderethos&#8220; bestimmter Gruppierungen <abbr title=\"beziehungsweise\">bzw.<\/abbr> sie tr\u00fcgen der Eigengesetzlichkeit der jeweils betroffenen Kultursachbereiche (Wirtschaft, Gesellschaft, Politik, Recht) nicht hinreichend Rechnung.<\/p>\n<p>In diesem Spannungsfeld zielt das Studium der katholischen Sozialethik darauf, die Studierenden zu einer kompetenten Beteiligung an ethischen Diskursen zu bef\u00e4higen, die die genannten Einw\u00e4nde entkr\u00e4ften kann. Neben Grundfragen der allgemeinen Ethik stehen Probleme der politischen Ethik, insbesondere der Gewaltminderung, der Suche nach friedensf\u00e4higen Strukturen im internationalen System und des Schutzes sowie der Durchsetzung der Menschenrechte im Zentrum der Lehrveranstaltungen.<\/p>\n","protected":false},"excerpt":{"rendered":"<p>Professur f\u00fcr Katholische Theologie u.b.B. der Sozialwissenschaften und der Sozialethik &#8211; N.N. Inhaltliche Schwerpunkte Die gegenw\u00e4rtige Bestimmung des Verh\u00e4ltnisses von Sozialwissenschaften und Sozialethik ist eigent\u00fcmlich ambivalent. Einerseits verst\u00e4rkt sich angesichts [&hellip;]<\/p>\n","protected":false},"author":91,"featured_media":0,"parent":0,"menu_order":0,"comment_status":"closed","ping_status":"closed","template":"","meta":{"_EventAllDay":false,"_EventTimezone":"","_EventStartDate":"","_EventEndDate":"","_EventStartDateUTC":"","_EventEndDateUTC":"","_EventShowMap":false,"_EventShowMapLink":false,"_EventURL":"","_EventCost":"","_EventCostDescription":"","_EventCurrencySymbol":"","_EventCurrencyCode":"","_EventCurrencyPosition":"","_EventDateTimeSeparator":"","_EventTimeRangeSeparator":"","_EventOrganizerID":[],"_EventVenueID":[],"_OrganizerEmail":"","_OrganizerPhone":"","_OrganizerWebsite":"","_VenueAddress":"","_VenueCity":"","_VenueCountry":"","_VenueProvince":"","_VenueState":"","_VenueZip":"","_VenuePhone":"","_VenueURL":"","_VenueStateProvince":"","_VenueLat":"","_VenueLng":"","_VenueShowMap":false,"_VenueShowMapLink":false,"footnotes":""},"categories":[6],"tags":[42],"class_list":["post-140","page","type-page","status-publish","hentry","category-lehre","tag-arbeitsschwerpunkte"],"_links":{"self":[{"href":"https:\/\/www.hsu-hh.de\/thekat\/wp-json\/wp\/v2\/pages\/140","targetHints":{"allow":["GET"]}}],"collection":[{"href":"https:\/\/www.hsu-hh.de\/thekat\/wp-json\/wp\/v2\/pages"}],"about":[{"href":"https:\/\/www.hsu-hh.de\/thekat\/wp-json\/wp\/v2\/types\/page"}],"author":[{"embeddable":true,"href":"https:\/\/www.hsu-hh.de\/thekat\/wp-json\/wp\/v2\/users\/91"}],"replies":[{"embeddable":true,"href":"https:\/\/www.hsu-hh.de\/thekat\/wp-json\/wp\/v2\/comments?post=140"}],"version-history":[{"count":7,"href":"https:\/\/www.hsu-hh.de\/thekat\/wp-json\/wp\/v2\/pages\/140\/revisions"}],"predecessor-version":[{"id":361,"href":"https:\/\/www.hsu-hh.de\/thekat\/wp-json\/wp\/v2\/pages\/140\/revisions\/361"}],"wp:attachment":[{"href":"https:\/\/www.hsu-hh.de\/thekat\/wp-json\/wp\/v2\/media?parent=140"}],"wp:term":[{"taxonomy":"category","embeddable":true,"href":"https:\/\/www.hsu-hh.de\/thekat\/wp-json\/wp\/v2\/categories?post=140"},{"taxonomy":"post_tag","embeddable":true,"href":"https:\/\/www.hsu-hh.de\/thekat\/wp-json\/wp\/v2\/tags?post=140"}],"curies":[{"name":"wp","href":"https:\/\/api.w.org\/{rel}","templated":true}]}}