{"id":338,"date":"2023-10-05T11:28:13","date_gmt":"2023-10-05T09:28:13","guid":{"rendered":"https:\/\/www.hsu-hh.de\/theevs\/?page_id=338"},"modified":"2025-10-28T18:23:02","modified_gmt":"2025-10-28T17:23:02","slug":"lehre-2","status":"publish","type":"page","link":"https:\/\/www.hsu-hh.de\/theevs\/lehre-2","title":{"rendered":"Lehre"},"content":{"rendered":"\n<div class=\"wp-block-columns is-layout-flex wp-container-core-columns-is-layout-9d6595d7 wp-block-columns-is-layout-flex\">\n<div class=\"wp-block-column is-layout-flow wp-block-column-is-layout-flow\">\n<h2><abbr title=\"Professor\">Prof.<\/abbr> <abbr title=\"Doktor\">Dr.<\/abbr> Gerhard Schreiber<\/h2>\n<h3>Fr\u00fchjahrstrimester 2025<\/h3>\n<ul>\n<li>Vorlesung: Dilemmata und Gedankenexperimente<\/li>\n<\/ul>\n<h3>Wintertrimester 2025<\/h3>\n<ul>\n<li>Vorlesung: Grundlagen der Ethik II<\/li>\n<li>Seminar: Einf\u00fchrung in die Ethik der KI<\/li>\n<li>Einf\u00fchrung in den Begriff des Risikos (Modul, SSP Risikomanagement)<\/li>\n<\/ul>\n<h3>Herbsttrimester 2024<\/h3>\n<ul>\n<li>Vorlesung: KI-Ethik<\/li>\n<li>Vorlesung: Grundlagen der Ethik I<\/li>\n<li>Seminar: Praxis der Ethik<\/li>\n<\/ul>\n\n\n\n<h3>Fr\u00fchjahrstrimester 2024<\/h3>\n<ul>\n<li>Seminar: Grundfragen der Technikethik<\/li>\n<li>Seminar: Was w\u00fcrden Sie tun? Dilemmata in allt\u00e4glichen und au\u00dferallt\u00e4glichen Situationen<\/li>\n<\/ul>\n<h3>Wintertrimester 2024<\/h3>\n<ul>\n<li>Vorlesung: Grundlagen der Ethik II<\/li>\n<li>Einf\u00fchrung in den Begriff des Risikos (Modul, SSP Risikomanagement)<\/li>\n<\/ul>\n<h3>Herbsttrimester 2023<\/h3>\n<ul>\n<li>Vorlesung: Grundlagen der Ethik I<\/li>\n<li>Seminar: Umweltethik<\/li>\n<li>Seminar: Ethische Dilemmata und Konfliktsituationen<\/li>\n<\/ul>\n<h2>Fortbildungsveranstaltungen<\/h2>\n<ul>\n<li><abbr title=\"Helmut Schmidt Universit\u00e4t\">HSU<\/abbr>-Doktorand:innenprogramm\u00a0(Oktober 2024): Ethische Herausforderungen in Bildungs- und Lehrr\u00e4umen<\/li>\n<li>ZWW: F\u00fchrung in wissenschaftlicher Perspektive (MFIS)<\/li>\n<li><abbr title=\"Helmut Schmidt Universit\u00e4t\">HSU<\/abbr>-Doktorand:innenprogramm (Januar 2025): Ethische Herausforderungen in Bildungs- und Lehrr\u00e4umen<\/li>\n<\/ul>\n<\/div>\n\n\n\n<div class=\"wp-block-column is-layout-flow wp-block-column-is-layout-flow\">\n<h2 class=\"wp-block-heading\">Kathrin Bruder <\/h2>\n\n\n\n<h3>Herbsttrimester 2025<\/h3>\n<ul>\n<li>Seminar: Der optimierte Mensch. Vision, Hybris oder Notwendigkeit?<\/li>\n<li>Blockseminar: Ethik der Vielfalt<\/li>\n<\/ul>\n<h3>Fr\u00fchjahrstrimester 2025<\/h3>\n<p>Seminar: Sexualethik<\/p>\n<h3>Herbsttrimester 2024<\/h3>\n<p>Seminar: Der Mensch als selbstbewusstes Wesen. Einblicke in die Philosophie des Geistes.<\/p>\n<h3>Fr\u00fchjahrstrimester 2024<\/h3>\n<p>Seminar: Der Mensch im Angesicht seiner technischen Simulation.\u00a0<\/p>\n<\/div>\n\n\n\n<div class=\"wp-block-column is-layout-flow wp-block-column-is-layout-flow\">\n<h2 class=\"wp-block-heading\">Lukas Johrendt<\/h2>\n\n\n\n<h3>\u00a0<\/h3>\n<h3>Fr\u00fchjahrstrimester 2025<\/h3>\n<p>Seminar: Ethik des Widerstandes<\/p>\n<h3>Herbsttrimester 2024<\/h3>\n<p>Seminar: Sexualethik<\/p>\n<h3>Fr\u00fchjahrstrimester 2024<\/h3>\n<p>Seminar: Ethik des Rechts<\/p>\n<\/div>\n<\/div>\n\n\n\n<p><\/p>\n","protected":false},"excerpt":{"rendered":"<p>Prof. Dr. Gerhard Schreiber Fr\u00fchjahrstrimester 2025 Vorlesung: Dilemmata und Gedankenexperimente Wintertrimester 2025 Vorlesung: Grundlagen der Ethik II Seminar: Einf\u00fchrung in die Ethik der KI Einf\u00fchrung in den Begriff des Risikos [&hellip;]<\/p>\n","protected":false},"author":3774,"featured_media":0,"parent":0,"menu_order":0,"comment_status":"closed","ping_status":"closed","template":"","meta":{"footnotes":""},"categories":[4],"tags":[],"class_list":["post-338","page","type-page","status-publish","hentry","category-forschung"],"_links":{"self":[{"href":"https:\/\/www.hsu-hh.de\/theevs\/wp-json\/wp\/v2\/pages\/338","targetHints":{"allow":["GET"]}}],"collection":[{"href":"https:\/\/www.hsu-hh.de\/theevs\/wp-json\/wp\/v2\/pages"}],"about":[{"href":"https:\/\/www.hsu-hh.de\/theevs\/wp-json\/wp\/v2\/types\/page"}],"author":[{"embeddable":true,"href":"https:\/\/www.hsu-hh.de\/theevs\/wp-json\/wp\/v2\/users\/3774"}],"replies":[{"embeddable":true,"href":"https:\/\/www.hsu-hh.de\/theevs\/wp-json\/wp\/v2\/comments?post=338"}],"version-history":[{"count":26,"href":"https:\/\/www.hsu-hh.de\/theevs\/wp-json\/wp\/v2\/pages\/338\/revisions"}],"predecessor-version":[{"id":2300,"href":"https:\/\/www.hsu-hh.de\/theevs\/wp-json\/wp\/v2\/pages\/338\/revisions\/2300"}],"wp:attachment":[{"href":"https:\/\/www.hsu-hh.de\/theevs\/wp-json\/wp\/v2\/media?parent=338"}],"wp:term":[{"taxonomy":"category","embeddable":true,"href":"https:\/\/www.hsu-hh.de\/theevs\/wp-json\/wp\/v2\/categories?post=338"},{"taxonomy":"post_tag","embeddable":true,"href":"https:\/\/www.hsu-hh.de\/theevs\/wp-json\/wp\/v2\/tags?post=338"}],"curies":[{"name":"wp","href":"https:\/\/api.w.org\/{rel}","templated":true}]}}