{"id":2605,"date":"2025-12-30T12:13:38","date_gmt":"2025-12-30T11:13:38","guid":{"rendered":"https:\/\/www.hsu-hh.de\/theevs\/?page_id=2605"},"modified":"2026-04-16T12:18:30","modified_gmt":"2026-04-16T10:18:30","slug":"simon-egbert","status":"publish","type":"page","link":"https:\/\/www.hsu-hh.de\/theevs\/simon-egbert","title":{"rendered":"Dr. Simon Egbert"},"content":{"rendered":"\n<h4 class=\"wp-block-heading\">Wissenschaftlicher Mitarbeiter am Lehrstuhl f\u00fcr Evangelische Theologie <\/h4>\n\n\n\n<div style=\"height:20px\" aria-hidden=\"true\" class=\"wp-block-spacer\"><\/div>\n\n\n\n<div class=\"wp-block-columns is-layout-flex wp-container-core-columns-is-layout-9d6595d7 wp-block-columns-is-layout-flex\">\n<div class=\"wp-block-column is-layout-flow wp-block-column-is-layout-flow\">\n<figure class=\"wp-block-image size-large\"><img loading=\"lazy\" decoding=\"async\" width=\"1024\" height=\"683\" src=\"https:\/\/www.hsu-hh.de\/theevs\/wp-content\/uploads\/sites\/736\/2025\/12\/20251210_Prof_Schreiber_Gruppe_ev_Theologie_CG_04-1024x683.jpg\" data-credit=\"Gelhausen\/Bundeswehr\/HSU\/UniBwH\" alt=\"\" class=\"wp-image-2521\" srcset=\"https:\/\/www.hsu-hh.de\/theevs\/wp-content\/uploads\/sites\/736\/2025\/12\/20251210_Prof_Schreiber_Gruppe_ev_Theologie_CG_04-1024x683.jpg 1024w, https:\/\/www.hsu-hh.de\/theevs\/wp-content\/uploads\/sites\/736\/2025\/12\/20251210_Prof_Schreiber_Gruppe_ev_Theologie_CG_04-300x200.jpg 300w, https:\/\/www.hsu-hh.de\/theevs\/wp-content\/uploads\/sites\/736\/2025\/12\/20251210_Prof_Schreiber_Gruppe_ev_Theologie_CG_04-768x512.jpg 768w, https:\/\/www.hsu-hh.de\/theevs\/wp-content\/uploads\/sites\/736\/2025\/12\/20251210_Prof_Schreiber_Gruppe_ev_Theologie_CG_04-1536x1024.jpg 1536w, https:\/\/www.hsu-hh.de\/theevs\/wp-content\/uploads\/sites\/736\/2025\/12\/20251210_Prof_Schreiber_Gruppe_ev_Theologie_CG_04-2048x1365.jpg 2048w, https:\/\/www.hsu-hh.de\/theevs\/wp-content\/uploads\/sites\/736\/2025\/12\/20251210_Prof_Schreiber_Gruppe_ev_Theologie_CG_04-1100x733.jpg 1100w\" sizes=\"auto, (max-width: 1024px) 100vw, 1024px\" \/><\/figure>\n<\/div>\n\n\n\n<div class=\"wp-block-column is-layout-flow wp-block-column-is-layout-flow\">\n<h2 class=\"wp-block-heading\">Kontakt<\/h2>\n\n\n\n<p><strong>E-Mail<\/strong>:<br><a href=\"mailto:simon.egbert@hsu.hamburg\" rel='nofollow'>simon.egbert@hsu.hamburg<\/a><\/p>\n\n\n\n<p><strong>Telefon<\/strong>:<br>(040) 6541 4745<\/p>\n<\/div>\n\n\n\n<div class=\"wp-block-column is-layout-flow wp-block-column-is-layout-flow\">\n<h3 class=\"wp-block-heading\">Besucheranschrift<\/h3>\n\n\n\n<p>Helmut-Schmidt-Universit\u00e4t<br>Geb\u00e4ude H52, Raum <br>Am Stadtrand 52<br>22047 Hamburg<\/p>\n\n\n\n<h3 class=\"wp-block-heading\">Postanschrift<\/h3>\n\n\n\n<p>Helmut-Schmidt-Universit\u00e4t<br>Evangelische Theologie<br>Postfach 70 08 22<br>22008 Hamburg<\/p>\n<\/div>\n<\/div>\n\n\n\n<p style=\"font-size:26px\"><strong>Kurzvita<\/strong><\/p>\n\n\n\n<p><strong>Seit 01\/2026<\/strong><\/p>\n\n\n\n<p>Wissenschaftlicher Mitarbeiter (Postdoc) am AI Ethics Research Hub am Lehrstuhl f\u00fcr Lehrstuhl f\u00fcr Evangelische Theologie unter der besonderen Ber\u00fccksichtigung der &nbsp;Sozial- und Technikethik an der Helmut-Schmidt-Universit\u00e4t \/ Universit\u00e4t der Bundeswehr Hamburg<\/p>\n\n\n\n<p><strong>Seit 05\/2023<\/strong><br>Projektleitung des von der DFG gef\u00f6rderten Teilprojektes zu polizeilichen Bodycams im ORA-Forschungsverbund \u201aVisions of Policing. How Visual Technologies Shape Police Oversight and Training\u2019.<\/p>\n\n\n\n<p><strong>04\/2021-12\/2025<\/strong><br>Wissenschaftlicher Mitarbeiter (Postdoc) im ERC-Forschungsprojekt &#8218;The Future of Prediction. The Social Consequences of Algorithmic Forecast in Insurance, Medicine and Policing\u2019 (PI: <abbr title=\"Professor\">Prof.<\/abbr> <abbr title=\"Doktor\">Dr.<\/abbr> Elena Esposito)<\/p>\n\n\n\n<p><strong>01\/2019 &#8211; 03\/2021<\/strong><br>Wissenschaftlicher Mitarbeiter (Postdoc) an der Technischen Universit\u00e4t Berlin, Institut f\u00fcr Soziologie, im Graduiertenkolleg \u201aInnovationsgesellschaft heute\u2018.<\/p>\n\n\n\n<p><strong>01\/2017 &#8211; 12\/2018<\/strong><br>Wissenschaftlicher Mitarbeiter (zuletzt als Postdoc) am Institut f\u00fcr Kriminologische Sozialforschung (IKS) der Universit\u00e4t Hamburg in dem Forschungsprojekt \u201aPredictive Policing. Eine ethnographische Studie neuer Technologien zur Vorhersage von Straftaten und ihrer Folgen f\u00fcr die polizeiliche Praxis\u2018 unter der Leitung von <abbr title=\"Professor\">Prof.<\/abbr> <abbr title=\"Doktor\">Dr.<\/abbr> Susanne Krasmann (gef\u00f6rdert von der Fritz Thyssen Stiftung).<\/p>\n\n\n\n<p><strong>10\/2013 &#8211; 11\/2018<\/strong><br>Doktorand am Fachbereich Sozialwissenschaften der Universit\u00e4t Hamburg. Promotion am 15.11.2018 mit der Dissertation \u201aDiskurs und Materialit\u00e4t \u2013 eine Dispositivanalyse des Drogentestens\u2018 (Abschluss: <abbr title=\"Doktor\">Dr.<\/abbr> phil. im Fach Soziologie).<\/p>\n\n\n\n<p><strong>11\/2013 &#8211; 12\/2016<\/strong><br>Wissenschaftlicher Mitarbeiter am Institut f\u00fcr Public Health und Pflegeforschung (IPP) der Universit\u00e4t Bremen in dem DFG-Projekt \u201aAnwendungsrationalit\u00e4ten und Folgen von Drogentests\u2018 unter der Leitung von <abbr title=\"Professor\">Prof.<\/abbr> <abbr title=\"Doktor\">Dr.<\/abbr> Henning Schmidt-Semisch (Laufzeit: 11\/2013 bis 12\/2016).<\/p>\n\n\n\n<p><strong>04\/2014 &#8211; 08\/2014<\/strong><br>Wissenschaftlicher Mitarbeiter am Institut f\u00fcr Kriminologische Sozialforschung (IKS) der Universit\u00e4t Hamburg im <abbr title=\"Bundesministerium f\u00fcr Bildung und Forschung\">BMBF<\/abbr>-Projekt \u201aGesellschaftliche und wirtschaftliche Auswirkungen neuer Sicherheitsma\u00dfnahmen im F\u00e4hrverkehr&#8216; (Teilvorhaben im Verbund-Forschungsprojekt \u201aVerbesserung der Sicherheit von Personen im F\u00e4hrverkehr\u2018 [VesperPlus]) unter der Leitung von <abbr title=\"Doktor\">Dr.<\/abbr> Bettina Paul (Laufzeit: 09\/2011 bis 08\/2014).<\/p>\n\n\n\n<p><strong>10\/2010 &#8211; 03\/2013<\/strong><br>Studium der Internationalen Kriminologie am Institut f\u00fcr Kriminologische Sozialforschung der Universit\u00e4t Hamburg (Abschluss: Master of Arts). Titel der Abschlussarbeit: \u201aDrogentests am Arbeitsplatz \u2013 eine (Teil-)Dispositivanalyse soziotechnischer Ensembles\u2018.<\/p>\n\n\n\n<p><strong>10\/2007 &#8211; 09\/2010<\/strong><br>Studium der Social Sciences (Studienprogramm der Politikwissenschaft, Soziologie und Empirischen Sozialforschung) am Fachbereich Sozialwissenschaften der Universit\u00e4t Osnabr\u00fcck (Abschluss: Bachelor of Arts). Titel der Abschlussarbeit: \u201aSozialwissenschaftliche Erkl\u00e4rungskonzepte \u00fcber den Zusammenhang von Rechtspopulismus und Modernisierungsverlierern \u2013 eine vergleichende Analyse aus interdisziplin\u00e4rer Perspektive\u2018.<\/p>\n\n\n\n<p style=\"font-size:26px\"><strong>Aktuelle Ver\u00f6ffentlichungen<\/strong><\/p>\n\n\n\n<p>Heimst\u00e4dt, M. \/ <strong>Egbert, S.<\/strong>:&nbsp;\u201eActionable predictions: How designers of algorithmic systems calibrate criminal futures\u201c, in: <em>Big Data &amp; Society<\/em>, vl. 12(2), 2025, pp. 1-14.<\/p>\n\n\n\n<p><strong>Egbert, S.<\/strong>:&nbsp;\u201ePlatforms\u201c, in: Kaufmann, M. \/ Lomell, H. M. (Eds.):&nbsp;<em>Handbook on Digital Criminology<\/em>. Berlin: De Gruyter, 2025, pp. 353-361.<\/p>\n\n\n\n<p><strong>Egbert, S. \/<\/strong> Ulbricht, L.: \u201eData Integration and Analysis Platform: A Conceptual Proposal\u201c, in: <em>Information, Communication &amp; Society<\/em>, Online First, 2024, pp. 1-22.<\/p>\n\n\n\n<p>Jarke, J. \/ Prietl, B. \/&nbsp;<strong>Egbert, S. \/<\/strong> Boeva, Y. \/ Heuer, H. \/ Arnold, M. (Eds.): <em>Algorithmic Regimes: Interactions, Politics, and Methods<\/em>. Amsterdam: Amsterdam University Press 2024.<\/p>\n\n\n\n<p><strong>Egbert, S. \/<\/strong> Galis, V. \/ Gundhus, H. O. I. \/ Wathne, C. T.: \u201eThe Platformization of Policing: A Cross-National Analysis\u201c, in: Kuldova, T. \u00d8. \/ Gundhus, H. O. I. \/ Wathne, C. T. (Eds.): <em>The Palgrave Handbook of Cultures of Policing and Intelligence in the Big Data Era. Volume 1: Policing and Intelligence in the Global Big Data Era. <\/em>Basingstoke: Palgrave 2024, pp. 349-392.<\/p>\n\n\n\n<p>Ulbricht, L. \/&nbsp;<strong>Egbert, S.<\/strong>: \u201eIn Palantir we trust? Regulation of data analysis platforms in policing\u201c, in:&nbsp;<em>Big Data &amp; Society<\/em>, vol.&nbsp;11(3), 2024, pp. 1-15.<\/p>\n\n\n\n<p><strong>Egbert, S.<\/strong>: \u201ePredictive Analytics. A Sociological Perspective\u201c, in: Borch, C. \/ Pardo-Guerra, J. P. (Eds.):&nbsp;<em>Oxford Handbook of the Sociology of Machine Learning<\/em>. Oxford: Oxford University Press 2024, pp. 715-736.<\/p>\n\n\n\n<p style=\"font-size:26px\"><strong>Aktuelle Vortr\u00e4ge<\/strong><\/p>\n\n\n\n<p><em>Digitale Souver\u00e4nit\u00e4t im Zeitalter algorithmischer Kriegsf\u00fchrung: F-35, MSS NATO und die Frage nach dem Kill-Switch<\/em><\/p>\n\n\n\n<p>Tagung \u201aCode und Kodex. KI und Ethik im Gefecht\u2018, Helmut-Schmidt-Universit\u00e4t\/Universit\u00e4t der Bundeswehr Hamburg, Hamburg, 20.03.2026<\/p>\n\n\n\n<p><em>Palantirs Plattformen bei der deutschen Polizei<\/em><\/p>\n\n\n\n<p>Vortrag + Diskussion, Eulenspiegel Buchladen, Bielefeld, 17.03.2026<\/p>\n\n\n\n<p><em>Platformized Warfare \u2013 Made by Palantir<\/em><\/p>\n\n\n\n<p>Workshop, KI-Institut, Helmut-Schmidt-Universit\u00e4t\/Universit\u00e4t der Bundeswehr Hamburg, Hamburg, 09.03.2026<\/p>\n\n\n\n<p><em>KI-Technologien und Soziotechnische Resilienz im Milit\u00e4r<\/em><\/p>\n\n\n\n<p>Posterpr\u00e4sentation, Retreat KI-Forum, Helmut-Schmidt-Universit\u00e4t\/Universit\u00e4t der Bundeswehr Hamburg, Hamburg, 13.02.2026 (zus. m. Sylvia K\u00fchne)<\/p>\n\n\n\n<p><em>From Capture to Circulation: Translational Trajectories of Police Body-Worn Camera Footage<\/em><\/p>\n\n\n\n<p>Paper Development Workshop Caught in the Net: Sociomateriality in Criminal Justice Research<\/p>\n\n\n\n<p>University of Oslo, 12.02.2026 (zus. m. Jasper Janssen)<\/p>\n\n\n\n<p><em>The Platformisation of Policing: Towards a New Era of State Privatisation?<\/em><\/p>\n\n\n\n<p>Research Seminar \u201cPlatformization of criminal justice\u201d, Katja Franko &amp; Heidi Mork Lomell, University of Oslo, Oslo, 19.11.2025<\/p>\n\n\n\n<p><em>Polizeisoziologische Perspektiven auf gesellschaftliche Transitionen: Eine Einleitung<\/em><\/p>\n\n\n\n<p>Ad-hoc-Gruppe \u201cPolizeisoziologische Perspektiven auf gesellschaftliche Transitionen: Ordnung, Konflikt und Macht in Zeiten multipler Krisen\u201d, DGS-Kongress 2025, 25.09.2025<\/p>\n\n\n\n<p><em>Between operational requirements and the desire for national digital sovereignty \u2013 The debate on the regulation of the platformization of Germany\u2019s police<\/em><\/p>\n\n\n\n<p>EUROCRIM 2025, Athen, 05.09.2025<\/p>\n\n\n\n<p><em>From Short-Term Deterrence to Long-Term Intervention: Promises and Challenges of Algorithmic Crime Prevention in Urban Spaces<\/em><\/p>\n\n\n\n<p>EUROCRIM 2025, Athen, 05.09.2025 (zus. m. Elena Esposito)<\/p>\n\n\n\n<p><em>Police bodycams in Germany between new visibility and reproduction of the police gaze<\/em><\/p>\n\n\n\n<p>EUROCRIM 2025, Athen, 04.09.2025 (zus. m. Jasper Janssen)<\/p>\n\n\n\n<p><em>Is Germany (too) Late to the Party? How Bodycams and Recordings of Police Interviews are Adapted in Germany<\/em><\/p>\n\n\n\n<p>Visions of Policing \u2013 Knowledge Transfer Symposium, University of Toronto, 02.07.2025 (zus. m. Ren\u00e9 Tuma)<\/p>\n\n\n\n<p><em>Big Data und KI im Bereich der deutschen Sicherheitsbeh\u00f6rden (KISib) <\/em>(Podiumsdiskussion)<\/p>\n\n\n\n<p>Zentrum verantwortungsbewusste Digitalisierung (ZEVEDI), Justus-Liebig-Universit\u00e4t Gie\u00dfen, 11.06.2025<\/p>\n\n\n\n<p><em>Actionable predictions: How designers of algorithmic systems calibrate criminal futures<\/em><\/p>\n\n\n\n<p>STS hub 2025 \u2018Diffracting the Critical\u2019, Humboldt-Universit\u00e4t zu Berlin, 11.03.2024 (zus. m. Maximilian Heimst\u00e4dt)<\/p>\n\n\n\n<p><em>Watching You \u2013 Die Welt von Palantir und Alex Karp<\/em> (Podiumsdiskussion)<br>Weizenbaum-Institut f\u00fcr die vernetzte Gesellschaft, Berlin, 13.02.2025<\/p>\n\n\n\n<p><\/p>\n","protected":false},"excerpt":{"rendered":"<p>Wissenschaftlicher Mitarbeiter am Lehrstuhl f\u00fcr Evangelische Theologie Kontakt E-Mail:simon.egbert@hsu.hamburg Telefon:(040) 6541 4745 Besucheranschrift Helmut-Schmidt-Universit\u00e4tGeb\u00e4ude H52, Raum Am Stadtrand 5222047 Hamburg Postanschrift Helmut-Schmidt-Universit\u00e4tEvangelische TheologiePostfach 70 08 2222008 Hamburg Kurzvita Seit 01\/2026 [&hellip;]<\/p>\n","protected":false},"author":3847,"featured_media":0,"parent":0,"menu_order":0,"comment_status":"closed","ping_status":"closed","template":"","meta":{"footnotes":""},"categories":[4],"tags":[],"class_list":["post-2605","page","type-page","status-publish","hentry","category-forschung"],"_links":{"self":[{"href":"https:\/\/www.hsu-hh.de\/theevs\/wp-json\/wp\/v2\/pages\/2605","targetHints":{"allow":["GET"]}}],"collection":[{"href":"https:\/\/www.hsu-hh.de\/theevs\/wp-json\/wp\/v2\/pages"}],"about":[{"href":"https:\/\/www.hsu-hh.de\/theevs\/wp-json\/wp\/v2\/types\/page"}],"author":[{"embeddable":true,"href":"https:\/\/www.hsu-hh.de\/theevs\/wp-json\/wp\/v2\/users\/3847"}],"replies":[{"embeddable":true,"href":"https:\/\/www.hsu-hh.de\/theevs\/wp-json\/wp\/v2\/comments?post=2605"}],"version-history":[{"count":9,"href":"https:\/\/www.hsu-hh.de\/theevs\/wp-json\/wp\/v2\/pages\/2605\/revisions"}],"predecessor-version":[{"id":2772,"href":"https:\/\/www.hsu-hh.de\/theevs\/wp-json\/wp\/v2\/pages\/2605\/revisions\/2772"}],"wp:attachment":[{"href":"https:\/\/www.hsu-hh.de\/theevs\/wp-json\/wp\/v2\/media?parent=2605"}],"wp:term":[{"taxonomy":"category","embeddable":true,"href":"https:\/\/www.hsu-hh.de\/theevs\/wp-json\/wp\/v2\/categories?post=2605"},{"taxonomy":"post_tag","embeddable":true,"href":"https:\/\/www.hsu-hh.de\/theevs\/wp-json\/wp\/v2\/tags?post=2605"}],"curies":[{"name":"wp","href":"https:\/\/api.w.org\/{rel}","templated":true}]}}