{"id":2172,"date":"2025-09-29T08:37:22","date_gmt":"2025-09-29T06:37:22","guid":{"rendered":"https:\/\/www.hsu-hh.de\/theevs\/?page_id=2172"},"modified":"2026-03-17T17:44:56","modified_gmt":"2026-03-17T16:44:56","slug":"dr-daniel-tramp","status":"publish","type":"page","link":"https:\/\/www.hsu-hh.de\/theevs\/dr-daniel-tramp","title":{"rendered":"Dr. Daniel Tramp"},"content":{"rendered":"\n<p><strong>Wissenschaftlicher Mitarbeiter am Lehrstuhl f\u00fcr Evangelische Theologie<\/strong><\/p>\n\n\n\n<div class=\"wp-block-columns is-layout-flex wp-container-core-columns-is-layout-9d6595d7 wp-block-columns-is-layout-flex\">\n<div class=\"wp-block-column is-layout-flow wp-block-column-is-layout-flow\">\n<figure class=\"wp-block-image size-large\"><img loading=\"lazy\" decoding=\"async\" width=\"1024\" height=\"683\" src=\"https:\/\/www.hsu-hh.de\/theevs\/wp-content\/uploads\/sites\/736\/2025\/12\/20251210_Prof_Schreiber_Gruppe_ev_Theologie_CG_06-1024x683.jpg\" data-credit=\"Gelhausen\/Bundeswehr\/HSU\/UniBwH\" alt=\"\" class=\"wp-image-2523\" srcset=\"https:\/\/www.hsu-hh.de\/theevs\/wp-content\/uploads\/sites\/736\/2025\/12\/20251210_Prof_Schreiber_Gruppe_ev_Theologie_CG_06-1024x683.jpg 1024w, https:\/\/www.hsu-hh.de\/theevs\/wp-content\/uploads\/sites\/736\/2025\/12\/20251210_Prof_Schreiber_Gruppe_ev_Theologie_CG_06-300x200.jpg 300w, https:\/\/www.hsu-hh.de\/theevs\/wp-content\/uploads\/sites\/736\/2025\/12\/20251210_Prof_Schreiber_Gruppe_ev_Theologie_CG_06-768x512.jpg 768w, https:\/\/www.hsu-hh.de\/theevs\/wp-content\/uploads\/sites\/736\/2025\/12\/20251210_Prof_Schreiber_Gruppe_ev_Theologie_CG_06-1536x1024.jpg 1536w, https:\/\/www.hsu-hh.de\/theevs\/wp-content\/uploads\/sites\/736\/2025\/12\/20251210_Prof_Schreiber_Gruppe_ev_Theologie_CG_06-2048x1365.jpg 2048w, https:\/\/www.hsu-hh.de\/theevs\/wp-content\/uploads\/sites\/736\/2025\/12\/20251210_Prof_Schreiber_Gruppe_ev_Theologie_CG_06-1100x733.jpg 1100w\" sizes=\"auto, (max-width: 1024px) 100vw, 1024px\" \/><\/figure>\n<\/div>\n\n\n\n<div class=\"wp-block-column is-layout-flow wp-block-column-is-layout-flow\">\n<h2 class=\"wp-block-heading\">Kontakt<\/h2>\n\n\n\n<p><strong>E-Mail:<\/strong>&nbsp;trampd@hsu.hamburg | trampd@hsu-hh.de<\/p>\n\n\n\n<p><strong>Telefon:<\/strong>&nbsp;+49 40 6541 4855<\/p>\n<\/div>\n\n\n\n<div class=\"wp-block-column is-layout-flow wp-block-column-is-layout-flow\">\n<h3 class=\"wp-block-heading\">Besucheranschrift<\/h3>\n\n\n\n<p>Helmut-Schmidt-Universit\u00e4t<br>Geb\u00e4ude H52<br>Am Stadtrand 52<br>22047 Hamburg<\/p>\n\n\n\n<h3 class=\"wp-block-heading\">Postanschrift<\/h3>\n\n\n\n<p>Helmut-Schmidt-Universit\u00e4t<br>Evangelische Theologie<br>Postfach 70 08 22<br>22008 Hamburg<\/p>\n<\/div>\n<\/div>\n\n\n\n<h2 class=\"wp-block-heading\"><strong>Aktuell<\/strong>es<\/h2>\n\n\n\n<ul class=\"wp-block-list\">\n<li><a href=\"https:\/\/www.researchgate.net\/profile\/Daniel-Tramp\" rel='nofollow'>https:\/\/www.researchgate.net\/profile\/Daniel-Tramp<\/a> <\/li>\n\n\n\n<li><a href=\"https:\/\/orcid.org\/0009-0006-5598-1661\" rel='nofollow'>https:\/\/orcid.org\/0009-0006-5598-1661<\/a><\/li>\n<\/ul>\n\n\n\n<h2 class=\"wp-block-heading\"><strong>Kurzvita<\/strong><\/h2>\n\n\n\n<ul class=\"wp-block-list\">\n<li>04\/2024\u201310\/2025<br>Wissenschaftlicher Mitarbeiter, Europa-Universit\u00e4t Flensburg, Seminar f\u00fcr Medienbildung; Schwerpunkt wissenschaftliche Koordination und Medien-\/Bildungsphilosophie, Projekt &#8222;Artificial Intelligence enhanced Education Lab&#8220; (AIEduLab), <a href=\"https:\/\/www.uni-flensburg.de\/medienbildung\/projekte\/aiedulab\" rel='nofollow'>https:\/\/www.uni-flensburg.de\/medienbildung\/projekte\/aiedulab<\/a><br><\/li>\n\n\n\n<li>10\/2021\u201307\/2023<br>Lehrer, Sekundarschule \u201eAugust Bebel\u201c Leuna <br><\/li>\n\n\n\n<li>04\/2015\u201303\/2020<br>Promotion Philosophie: \u201eRechnen mit Wahrheit \u2013 Regelfolgen und Begr\u00fcnden\u201c, Betreuer: <abbr title=\"Professor\">Prof.<\/abbr> <abbr title=\"Doktor\">Dr.<\/abbr> P. Stekeler-Weithofer (Leipzig), <abbr title=\"Privatdozent\">PD<\/abbr> <abbr title=\"Doktor\">Dr.<\/abbr> C. Schmidt (Berlin), <a href=\"https:\/\/d-nb.info\/1250343887\" rel='nofollow'>https:\/\/d-nb.info\/1250343887<\/a><br><\/li>\n\n\n\n<li>04\/2013\u201309\/2021<br>Software Development, Data Conversion, TeX\/XML-Typesetting, le-tex publishing services <abbr title=\"Gesellschaft mit beschr\u00e4nkter Haftung\">GmbH<\/abbr>, Leipzig,&nbsp;<a href=\"https:\/\/www.le-tex.de\/de\/index.html\" rel='nofollow'>https:\/\/www.le-tex.de\/de\/index.html  <br><\/a><\/li>\n\n\n\n<li>10\/2004\u201312\/2009&nbsp;<br>Magister Artium Philosophie &amp; Soziologie, Johann-Wolfgang-von-Goethe-Universit\u00e4t (Frankfurt\/M.) &amp; Universit\u00e4t Leipzig<\/li>\n<\/ul>\n\n\n\n<h2 class=\"wp-block-heading\"><strong>Arbeitsgebiete<\/strong><\/h2>\n\n\n\n<ul class=\"wp-block-list\">\n<li>Ethik, Praktische Philosophie<\/li>\n\n\n\n<li>Philosophie der K\u00fcnstlichen Intelligenz<\/li>\n\n\n\n<li>Medienphilosophie<\/li>\n\n\n\n<li>Philosophie der Bildung<\/li>\n<\/ul>\n\n\n\n<h2 class=\"wp-block-heading\">Publikationen (Auswahl)<\/h2>\n\n\n\n<h3 class=\"wp-block-heading\"><strong>Zeitschriftenbeitr\u00e4ge<\/strong><\/h3>\n\n\n\n<ul class=\"wp-block-list\">\n<li>Tramp, Daniel (2025). Bildung als selbstbewusster Prozess: Von der Notwendigkeit kritischer Haltung zu generativer KI. Medienimpulse 63(2):31 Seiten.&nbsp;<a href=\"https:\/\/doi.org\/10.21243\/mi-02-25-16\" rel='nofollow'>https:\/\/doi.org\/10.21243\/mi-02-25-16 <\/a><a href=\"\" rel='nofollow'><\/a><\/li>\n\n\n\n<li>Filk, Christian; Tramp, Daniel (2025): K\u00fcnstliche Intelligenz in der Bildung: Chancen, Risiken und (De-) Regulierung? Eine kritische Reflexion des Beitrags von Barbara Sabitzer, Corinna H\u00f6rmann und Lisa Kuka sowie der Replik von Christian Swertz. Medienimpulse, 63(1), 19 Seiten. <a href=\"https:\/\/doi.org\/10.21243\/mi-01-25-15\" rel='nofollow'>https:\/\/doi.org\/10.21243\/mi-01-25-15<\/a><\/li>\n\n\n\n<li>Tramp, Daniel (2024). Praxiszentrierte realistische Ethik kritischer Medienbildung. Medienimpulse, 63(4), 28 Seiten.&nbsp;<a href=\"https:\/\/doi.org\/10.21243\/mi-04-24-13\" rel='nofollow'>https:\/\/doi.org\/10.21243\/mi-04-24-13<\/a><\/li>\n\n\n\n<li>Tramp, Daniel (2024): \u00c4sthetik als Indikator und Wegweiser: Von der Kritik am Kompetenzbegri\ufb00 zur \u00e4sthetisch-praxeologischen Medienbildung. Medienimpulse, 63(2), 26 Seiten.&nbsp;<a href=\"https:\/\/doi.org\/10.21243\/mi-02-24-20\" rel='nofollow'>https:\/\/doi.org\/10.21243\/mi-02-24-20<\/a><\/li>\n<\/ul>\n\n\n\n<h3 class=\"wp-block-heading\"><strong>Sammelbandbeitr\u00e4ge<\/strong><\/h3>\n\n\n\n<ul class=\"wp-block-list\">\n<li>Tramp, Daniel (2026): \u201exAI als praktisch-soziales Problem des Vertrauens\u201c, in: Sp\u00e4te, Katrin; D\u00fcrkop-Henseling, Linda; Techen, Andreas (<abbr title=\"Herausgeber\">Hrsg.<\/abbr>): KI in der soziologischen Berufspraxis. Springer VS, im Erscheinen<\/li>\n\n\n\n<li>Tramp, Daniel (2026): \u201eMediale Distanz als medienp\u00e4dagogische Grundstruktur\u201c, Tagungsband \u201eP\u00e4dagogisch-anthropologische Grenzziehungen: Menschenbilder in der Bildungswissenschaft\u201c, \u00d6sterreichische Gesellschaft f\u00fcr Forschung und Entwicklung im Bildungswesen (\u00d6FEB), im Erscheinen<\/li>\n\n\n\n<li>Tramp, Daniel (2026): Ethische R\u00e4ume im Lichte zuk\u00fcnftiger Kompetenzen. Beltz-Verlag. Reihe Erfahrungsorientierte Bildungsforschung. Medienp\u00e4dagogische Erfahrungsr\u00e4ume, im Erscheinen<\/li>\n\n\n\n<li>Tramp, Daniel (2026): \u00dcberzeugtes F\u00fcrwahrhalten und vern\u00fcnftig Wetten, in: Markus Dangl; J\u00fcrgen H. Franz (<abbr title=\"Herausgeber\">Hrsg.<\/abbr>): Meinen, Glauben, Wissen, Hoffen. Interdisziplin\u00e4re Perspektiven aus Wissenschaft und Praxis. Frank &amp; Timme, Berlin 2026, S. 157\u2013172.<\/li>\n\n\n\n<li>M\u00fcller, Birgit; Tramp, Daniel (2025): Dialog im Kontext von Leib und Transsubjektivit\u00e4t. \u00dcberlegungen zum Dialog in Sozialer Arbeit in digitalen Zeiten, in: Sp\u00e4te, Julius; Stix, Daniela Cornelia; Endter, Cordula; Krauskopf, Karten (<abbr title=\"Herausgeber\">Hrsg.<\/abbr>) #GesellschaftBilden im Digitalzeitalter. Perspektiven Sozialer Arbeit auf technologische Herausforderungen. M\u00fcnster, New York: Waxmann.<\/li>\n<\/ul>\n\n\n\n<h2 class=\"wp-block-heading\">Vortr\u00e4ge und Pr\u00e4sentationen (Auswahl)<\/h2>\n\n\n\n<ul class=\"wp-block-list\">\n<li>\u201eMediale Distanz als medienp\u00e4dagogische Grundstruktur\u201c, Tagung \u201eP\u00e4dagogisch-anthropologische Grenzziehungen: Menschenbilder in der Bildungswissenschaft\u201c, \u00d6sterreichische Gesellschaft f\u00fcr Forschung und Entwicklung im Bildungswesen (\u00d6FEB), Sektion \u201aAllgemeine Erziehungswissenschaft\u2018, Universit\u00e4t Innsbruck (11.\u201312.07.2025)<\/li>\n\n\n\n<li>\u201eMeinen, Wissen, Glauben \u2013 Auf dem Weg zur Wahrheit\u201c, Tagung \u201eAPHIN V \u2013 \u201aMeinen, Glauben, Wissen, Hoffen\u2018\u201c, Enkirch an der Mosel (20.\u201322.06.2025)<\/li>\n\n\n\n<li>\u201exAI als praktisch-soziales Problem des Vertrauens\u201c, Tagung f\u00fcr angewandte Sozialwissenschaften (TAS), Berufsverband Deutscher Soziologinnen und Soziologen e.V. (BDS) (10.05.2025)<\/li>\n\n\n\n<li>\u201eAccessible Artificial Intelligence Literacy and Computational Thinking\u201c, Pr\u00e4sentation f\u00fcr die \u201eEMERGE\u201c-Partneruniversit\u00e4t Democritus University of Thrace, Europa-Universit\u00e4t Flensburg (20.10.2024)<\/li>\n\n\n\n<li>\u201eDatafizierte Dialoge zwischen Transsubjektivit\u00e4t und Leiblichkeit\u201c, Zentrum f\u00fcr Konstruktive Erziehungswissenschaft (ZKE), FH Potsdam (11.10.2024)<\/li>\n\n\n\n<li>\u201eProjekt AIEduLab\u201c, Tagung des \u201eZentrum f\u00fcr Bildungs-, Unterrichts-, Schul- und Sozialisationsforschung\u201c (ZeBUSS), Europa-Universit\u00e4t Flensburg (11.06.2024)<\/li>\n\n\n\n<li>\u201eLebens-Welt-Anschauung\u201c, Tagung \u201eDer Aufkl\u00e4rung verpflichtet!\u201c, Universit\u00e4t Leipzig (23.03.2024)<\/li>\n\n\n\n<li>\u201eWas Sokrates zur Digitalisierung sagen w\u00fcrde. Oder: Was ChatGPT uns nicht beibringen kann\u201c, Arbeitstagung der Philosophiedidaktik, Universit\u00e4t Rostock (01.11.2023)<\/li>\n<\/ul>\n\n\n\n<p><\/p>\n","protected":false},"excerpt":{"rendered":"<p>Wissenschaftlicher Mitarbeiter am Lehrstuhl f\u00fcr Evangelische Theologie Kontakt E-Mail:&nbsp;trampd@hsu.hamburg | trampd@hsu-hh.de Telefon:&nbsp;+49 40 6541 4855 Besucheranschrift Helmut-Schmidt-Universit\u00e4tGeb\u00e4ude H52Am Stadtrand 5222047 Hamburg Postanschrift Helmut-Schmidt-Universit\u00e4tEvangelische TheologiePostfach 70 08 2222008 Hamburg Aktuelles Kurzvita [&hellip;]<\/p>\n","protected":false},"author":3847,"featured_media":0,"parent":0,"menu_order":0,"comment_status":"closed","ping_status":"closed","template":"","meta":{"footnotes":""},"categories":[4],"tags":[],"class_list":["post-2172","page","type-page","status-publish","hentry","category-forschung"],"_links":{"self":[{"href":"https:\/\/www.hsu-hh.de\/theevs\/wp-json\/wp\/v2\/pages\/2172","targetHints":{"allow":["GET"]}}],"collection":[{"href":"https:\/\/www.hsu-hh.de\/theevs\/wp-json\/wp\/v2\/pages"}],"about":[{"href":"https:\/\/www.hsu-hh.de\/theevs\/wp-json\/wp\/v2\/types\/page"}],"author":[{"embeddable":true,"href":"https:\/\/www.hsu-hh.de\/theevs\/wp-json\/wp\/v2\/users\/3847"}],"replies":[{"embeddable":true,"href":"https:\/\/www.hsu-hh.de\/theevs\/wp-json\/wp\/v2\/comments?post=2172"}],"version-history":[{"count":16,"href":"https:\/\/www.hsu-hh.de\/theevs\/wp-json\/wp\/v2\/pages\/2172\/revisions"}],"predecessor-version":[{"id":2751,"href":"https:\/\/www.hsu-hh.de\/theevs\/wp-json\/wp\/v2\/pages\/2172\/revisions\/2751"}],"wp:attachment":[{"href":"https:\/\/www.hsu-hh.de\/theevs\/wp-json\/wp\/v2\/media?parent=2172"}],"wp:term":[{"taxonomy":"category","embeddable":true,"href":"https:\/\/www.hsu-hh.de\/theevs\/wp-json\/wp\/v2\/categories?post=2172"},{"taxonomy":"post_tag","embeddable":true,"href":"https:\/\/www.hsu-hh.de\/theevs\/wp-json\/wp\/v2\/tags?post=2172"}],"curies":[{"name":"wp","href":"https:\/\/api.w.org\/{rel}","templated":true}]}}