{"id":2170,"date":"2025-09-29T08:36:28","date_gmt":"2025-09-29T06:36:28","guid":{"rendered":"https:\/\/www.hsu-hh.de\/theevs\/?page_id=2170"},"modified":"2025-10-30T09:16:51","modified_gmt":"2025-10-30T08:16:51","slug":"mareike-proske-m-a","status":"publish","type":"page","link":"https:\/\/www.hsu-hh.de\/theevs\/mareike-proske-m-a","title":{"rendered":"Mareike Proske M.A."},"content":{"rendered":"\n<p><strong>Wissenschaftliche Mitarbeiterin am Lehrstuhl f\u00fcr Evangelische Theologie<\/strong><\/p>\n\n\n\n<div class=\"wp-block-columns is-layout-flex wp-container-core-columns-is-layout-9d6595d7 wp-block-columns-is-layout-flex\">\n<div class=\"wp-block-column is-layout-flow wp-block-column-is-layout-flow\">\n<figure class=\"wp-block-image size-full\"><img loading=\"lazy\" decoding=\"async\" width=\"719\" height=\"539\" src=\"https:\/\/www.hsu-hh.de\/theevs\/wp-content\/uploads\/sites\/736\/2025\/10\/IMG-20251027-WA00102.jpg\" data-credit=\"Mareike Proske\" alt=\"\" class=\"wp-image-2318\" srcset=\"https:\/\/www.hsu-hh.de\/theevs\/wp-content\/uploads\/sites\/736\/2025\/10\/IMG-20251027-WA00102.jpg 719w, https:\/\/www.hsu-hh.de\/theevs\/wp-content\/uploads\/sites\/736\/2025\/10\/IMG-20251027-WA00102-300x225.jpg 300w\" sizes=\"auto, (max-width: 719px) 100vw, 719px\" \/><\/figure>\n<\/div>\n\n\n\n<div class=\"wp-block-column is-layout-flow wp-block-column-is-layout-flow\">\n<h2 class=\"wp-block-heading\">Kontakt<\/h2>\n\n\n\n<p><strong>E-Mail<\/strong>: proskem@hsu.hamburg<\/p>\n\n\n\n<p><strong>Phone<\/strong>:<\/p>\n<\/div>\n\n\n\n<div class=\"wp-block-column is-layout-flow wp-block-column-is-layout-flow\">\n<h3 class=\"wp-block-heading\">Besucheradresse<\/h3>\n\n\n\n<p>Helmut Schmidt University<br>Building H52<br>Am Stadtrand 52<br>22047 Hamburg<\/p>\n\n\n\n<h3 class=\"wp-block-heading\">Postadresse<\/h3>\n\n\n\n<p>Helmut Schmidt University<br>Evangelische Theologie<br>PO Box 70 08 22<br>22008 Hamburg<\/p>\n<\/div>\n<\/div>\n\n\n\n<p><strong>Kurzvita<\/strong>: <\/p>\n\n\n\n<ul class=\"wp-block-list\">\n<li>Seit 10\/2025 Wissenschaftliche Mitarbeiterin am Lehrstuhl f\u00fcr Evangelische Theologie unter besonderer Ber\u00fccksichtigung der Sozial und Technikethik, Helmut-Schmidt-Universit\u00e4t, Universit\u00e4t der Bundeswehr Hamburg<\/li>\n\n\n\n<li>2023-2025 Master Sozialp\u00e4dagogik und Theologie f\u00fcr Berufsschullehramt an der Leuphana L\u00fcneburg<\/li>\n\n\n\n<li>2020-2023 Bachelor Sozialp\u00e4dagogik und Theologie f\u00fcr Berufsschullehramt an der Leuphana L\u00fcneburg<\/li>\n\n\n\n<li>2011-2014 Bachelor \u201eBildung und Erziehung im Kindesalter\u201c an der HAWK Hildesheim<\/li>\n<\/ul>\n\n\n\n<p><\/p>\n","protected":false},"excerpt":{"rendered":"<p>Wissenschaftliche Mitarbeiterin am Lehrstuhl f\u00fcr Evangelische Theologie Kontakt E-Mail: proskem@hsu.hamburg Phone: Besucheradresse Helmut Schmidt UniversityBuilding H52Am Stadtrand 5222047 Hamburg Postadresse Helmut Schmidt UniversityEvangelische TheologiePO Box 70 08 2222008 Hamburg Kurzvita:<\/p>\n","protected":false},"author":3847,"featured_media":0,"parent":0,"menu_order":0,"comment_status":"closed","ping_status":"closed","template":"","meta":{"footnotes":""},"categories":[4],"tags":[],"class_list":["post-2170","page","type-page","status-publish","hentry","category-forschung"],"_links":{"self":[{"href":"https:\/\/www.hsu-hh.de\/theevs\/wp-json\/wp\/v2\/pages\/2170","targetHints":{"allow":["GET"]}}],"collection":[{"href":"https:\/\/www.hsu-hh.de\/theevs\/wp-json\/wp\/v2\/pages"}],"about":[{"href":"https:\/\/www.hsu-hh.de\/theevs\/wp-json\/wp\/v2\/types\/page"}],"author":[{"embeddable":true,"href":"https:\/\/www.hsu-hh.de\/theevs\/wp-json\/wp\/v2\/users\/3847"}],"replies":[{"embeddable":true,"href":"https:\/\/www.hsu-hh.de\/theevs\/wp-json\/wp\/v2\/comments?post=2170"}],"version-history":[{"count":4,"href":"https:\/\/www.hsu-hh.de\/theevs\/wp-json\/wp\/v2\/pages\/2170\/revisions"}],"predecessor-version":[{"id":2337,"href":"https:\/\/www.hsu-hh.de\/theevs\/wp-json\/wp\/v2\/pages\/2170\/revisions\/2337"}],"wp:attachment":[{"href":"https:\/\/www.hsu-hh.de\/theevs\/wp-json\/wp\/v2\/media?parent=2170"}],"wp:term":[{"taxonomy":"category","embeddable":true,"href":"https:\/\/www.hsu-hh.de\/theevs\/wp-json\/wp\/v2\/categories?post=2170"},{"taxonomy":"post_tag","embeddable":true,"href":"https:\/\/www.hsu-hh.de\/theevs\/wp-json\/wp\/v2\/tags?post=2170"}],"curies":[{"name":"wp","href":"https:\/\/api.w.org\/{rel}","templated":true}]}}