{"id":2168,"date":"2025-09-29T08:35:40","date_gmt":"2025-09-29T06:35:40","guid":{"rendered":"https:\/\/www.hsu-hh.de\/theevs\/?page_id=2168"},"modified":"2025-12-13T15:55:57","modified_gmt":"2025-12-13T14:55:57","slug":"madeleine-rischer-m-sc","status":"publish","type":"page","link":"https:\/\/www.hsu-hh.de\/theevs\/madeleine-rischer-m-sc","title":{"rendered":"Madeleine Rischer M.Sc."},"content":{"rendered":"\n<p><strong>Wissenschaftliche Mitarbeiterin am Lehrstuhl f\u00fcr Evangelische Theologie<\/strong><\/p>\n\n\n\n<div style=\"height:20px\" aria-hidden=\"true\" class=\"wp-block-spacer\"><\/div>\n\n\n\n<div class=\"wp-block-columns is-layout-flex wp-container-core-columns-is-layout-9d6595d7 wp-block-columns-is-layout-flex\">\n<div class=\"wp-block-column is-layout-flow wp-block-column-is-layout-flow\">\n<figure class=\"wp-block-image size-large\"><img loading=\"lazy\" decoding=\"async\" width=\"1024\" height=\"683\" src=\"https:\/\/www.hsu-hh.de\/theevs\/wp-content\/uploads\/sites\/736\/2025\/12\/20251210_Prof_Schreiber_Gruppe_ev_Theologie_CG_02-1024x683.jpg\" data-credit=\"Gelhausen\/Bundeswehr\/HSU\/UniBwH\" alt=\"\" class=\"wp-image-2519\" srcset=\"https:\/\/www.hsu-hh.de\/theevs\/wp-content\/uploads\/sites\/736\/2025\/12\/20251210_Prof_Schreiber_Gruppe_ev_Theologie_CG_02-1024x683.jpg 1024w, https:\/\/www.hsu-hh.de\/theevs\/wp-content\/uploads\/sites\/736\/2025\/12\/20251210_Prof_Schreiber_Gruppe_ev_Theologie_CG_02-300x200.jpg 300w, https:\/\/www.hsu-hh.de\/theevs\/wp-content\/uploads\/sites\/736\/2025\/12\/20251210_Prof_Schreiber_Gruppe_ev_Theologie_CG_02-768x512.jpg 768w, https:\/\/www.hsu-hh.de\/theevs\/wp-content\/uploads\/sites\/736\/2025\/12\/20251210_Prof_Schreiber_Gruppe_ev_Theologie_CG_02-1536x1024.jpg 1536w, https:\/\/www.hsu-hh.de\/theevs\/wp-content\/uploads\/sites\/736\/2025\/12\/20251210_Prof_Schreiber_Gruppe_ev_Theologie_CG_02-2048x1365.jpg 2048w, https:\/\/www.hsu-hh.de\/theevs\/wp-content\/uploads\/sites\/736\/2025\/12\/20251210_Prof_Schreiber_Gruppe_ev_Theologie_CG_02-1100x733.jpg 1100w\" sizes=\"auto, (max-width: 1024px) 100vw, 1024px\" \/><\/figure>\n<\/div>\n\n\n\n<div class=\"wp-block-column is-layout-flow wp-block-column-is-layout-flow\">\n<h2 class=\"wp-block-heading\">Kontakt<\/h2>\n\n\n\n<p><strong>E-Mail:<\/strong> madeleine.rischer@hsu.hamburg |<\/p>\n\n\n\n<p>madeleine.rischer@hsu-hh.de<\/p>\n\n\n\n<p><strong>Telefon:<\/strong> +49 40 6541 4846<\/p>\n<\/div>\n\n\n\n<div class=\"wp-block-column is-layout-flow wp-block-column-is-layout-flow\">\n<h3 class=\"wp-block-heading\">Besucheranschrift<\/h3>\n\n\n\n<p>Helmut-Schmidt-Universit\u00e4t<br>Geb\u00e4ude H52<br>Am Stadtrand 52<br>22047 Hamburg<\/p>\n\n\n\n<h3 class=\"wp-block-heading\">Postanschrift<\/h3>\n\n\n\n<p>Helmut-Schmidt-Universit\u00e4t<br>Evangelische Theologie<br>Postfach 70 08 22<br>22008 Hamburg<\/p>\n<\/div>\n<\/div>\n\n\n\n<p><strong>Kurzvita<\/strong><\/p>\n\n\n\n<ul class=\"wp-block-list\">\n<li>Seit Dezember 2025: Wissenschaftliche Mitarbeiterin und Doktorandin am Lehrstuhl f\u00fcr Evangelische Theologie mit Forschungsschwerpunkt auf Soziale Robotik<\/li>\n\n\n\n<li>2024-2025: Wissenschaftliche Mitarbeiterin an der Professur f\u00fcr Informatik im Maschinenbau mit Forschungsschwerpunkt auf Unsupervised Learning f\u00fcr Radardaten sowie Entwicklung eines Conversational Generative Agents f\u00fcr Menschen mit Sprach- und Sprecheinschr\u00e4nkungen sowie kognitiven Beeintr\u00e4chtigungen<\/li>\n\n\n\n<li>2012-2025: Offizierin und Ingenieurin f\u00fcr Hubschrauber im Heer<\/li>\n\n\n\n<li>2017: Master of Science, Mechatronik, Vertiefungsrichtung Wehrtechnik, Helmut-Schmidt-Universit\u00e4t, Hamburg<\/li>\n\n\n\n<li>2017: Austauschstudentin an der Thayer School of Engineering am Dartmouth College (USA) mit Forschungsschwerpunkt auf Datenanalyse und -darstellung von Gletscherspalten in der Antarktis<\/li>\n\n\n\n<li>2015: Bachelor of Science, Luft- und Raumfahrttechnik, Universit\u00e4t der Bundeswehr M\u00fcnchen, Neubiberg<\/li>\n<\/ul>\n\n\n\n<div style=\"height:20px\" aria-hidden=\"true\" class=\"wp-block-spacer\"><\/div>\n\n\n\n<p><strong>Publikationen<\/strong><\/p>\n\n\n\n<ul class=\"wp-block-list\">\n<li>Ray, L., <strong>Jordan (Rischer), M.<\/strong>, Arcone, S.A., Kaluzienski, L.M., Walker, B., Ortquist Koons, P., Lever, J., Hamilton, G.:&nbsp;<em>Velocity field in the McMurdo shear zone from annual ground penetrating radar imaging and crevasse matching.<\/em>&nbsp;<em>Cold Regions Science and Technology<\/em>, 173, 103023, 2020.&nbsp;<a href=\"https:\/\/doi.org\/10.1016\/j.coldregions.2020.103023\" target=\"_blank\" rel=\"noreferrer noopener\">https:\/\/doi.org\/10.1016\/j.coldregions.2020.103023 <\/a><a href=\"\" rel='nofollow'><\/a>.<\/li>\n\n\n\n<li><strong>Rischer, M.<\/strong> \/ Ehrhardt, J. \/ Schreiber, G.: \u201eBalancing offensive language and freedom of expression in AI speech assistants: An ethical and algorithmic perspective\u201c, in: <em>Chatbots and Human-Centered AI, 9th International Symposium, CONVERSATIONS 2025<\/em>, L\u00fcbeck, November 12-13, Berlin: Springer Nature, 2026 (<em>forthcoming<\/em>).<\/li>\n<\/ul>\n","protected":false},"excerpt":{"rendered":"<p>Wissenschaftliche Mitarbeiterin am Lehrstuhl f\u00fcr Evangelische Theologie Kontakt E-Mail: madeleine.rischer@hsu.hamburg | madeleine.rischer@hsu-hh.de Telefon: +49 40 6541 4846 Besucheranschrift Helmut-Schmidt-Universit\u00e4tGeb\u00e4ude H52Am Stadtrand 5222047 Hamburg Postanschrift Helmut-Schmidt-Universit\u00e4tEvangelische TheologiePostfach 70 08 2222008 Hamburg [&hellip;]<\/p>\n","protected":false},"author":3847,"featured_media":0,"parent":0,"menu_order":0,"comment_status":"closed","ping_status":"closed","template":"","meta":{"footnotes":""},"categories":[4],"tags":[],"class_list":["post-2168","page","type-page","status-publish","hentry","category-forschung"],"_links":{"self":[{"href":"https:\/\/www.hsu-hh.de\/theevs\/wp-json\/wp\/v2\/pages\/2168","targetHints":{"allow":["GET"]}}],"collection":[{"href":"https:\/\/www.hsu-hh.de\/theevs\/wp-json\/wp\/v2\/pages"}],"about":[{"href":"https:\/\/www.hsu-hh.de\/theevs\/wp-json\/wp\/v2\/types\/page"}],"author":[{"embeddable":true,"href":"https:\/\/www.hsu-hh.de\/theevs\/wp-json\/wp\/v2\/users\/3847"}],"replies":[{"embeddable":true,"href":"https:\/\/www.hsu-hh.de\/theevs\/wp-json\/wp\/v2\/comments?post=2168"}],"version-history":[{"count":7,"href":"https:\/\/www.hsu-hh.de\/theevs\/wp-json\/wp\/v2\/pages\/2168\/revisions"}],"predecessor-version":[{"id":2538,"href":"https:\/\/www.hsu-hh.de\/theevs\/wp-json\/wp\/v2\/pages\/2168\/revisions\/2538"}],"wp:attachment":[{"href":"https:\/\/www.hsu-hh.de\/theevs\/wp-json\/wp\/v2\/media?parent=2168"}],"wp:term":[{"taxonomy":"category","embeddable":true,"href":"https:\/\/www.hsu-hh.de\/theevs\/wp-json\/wp\/v2\/categories?post=2168"},{"taxonomy":"post_tag","embeddable":true,"href":"https:\/\/www.hsu-hh.de\/theevs\/wp-json\/wp\/v2\/tags?post=2168"}],"curies":[{"name":"wp","href":"https:\/\/api.w.org\/{rel}","templated":true}]}}