{"id":175,"date":"2018-05-16T10:36:58","date_gmt":"2018-05-16T08:36:58","guid":{"rendered":"https:\/\/www.hsu-hh.de\/theevs\/?page_id=175"},"modified":"2024-11-22T12:31:28","modified_gmt":"2024-11-22T11:31:28","slug":"forschung","status":"publish","type":"page","link":"https:\/\/www.hsu-hh.de\/theevs\/forschung","title":{"rendered":"Publikationen (bis 2023)"},"content":{"rendered":"<h2><strong style=\"color: revert;font-size: revert\">Publikationen<\/strong><\/h2>\n<h3><strong>1. Monographien\/Herausgeberschaften (in Auswahl)<\/strong><\/h3>\n<ul>\n<li><em>Im Dunkel der Sexualit\u00e4t. Sexualit\u00e4t und Gewalt aus sexualethischer Perspektive<\/em>, Berlin\/Boston: De Gruyter 2022. (x + 848 S.)<\/li>\n<li><em>Praktiken von Transdiskursen. Ein multidisziplin\u00e4rer Zugang<\/em>, hg. von Claudia Maier-H\u00f6fer und Gerhard Schreiber, Wiesbaden: Springer VS 2022. (x + 311 S.)<\/li>\n<li><em>Deutsche S\u00f8ren Kierkegaard Edition<\/em>, <abbr title=\"Band\">Bd.<\/abbr> 7, <em>Journale NB15-NB20<\/em>, hg. von Markus Kleinert und Gerhard Schreiber, Berlin\/Boston: De Gruyter 2021. (xxviii + 963 S.)<\/li>\n<li><em>Interesse am Anderen. Interdisziplin\u00e4re Beitr\u00e4ge zum Verh\u00e4ltnis von Religion und Rationalit\u00e4t. F\u00fcr Heiko Schulz zum 60. Geburtstag<\/em>, hg. von Gerhard Schreiber, Berlin\/Boston: De Gruyter 2019 (<em>Theologische Bibliothek T\u00f6pelmann<\/em>, <abbr title=\"Band\">Bd.<\/abbr> 187). (xix + 833 S.)<\/li>\n<li><em>Wechselseitige Erwartungslosigkeit? Die Kirchen und der Staat des Grundgesetzes \u2013 gestern, heute und morgen<\/em>, hg. von Hermann-Josef Gro\u00dfe Kracht und Gerhard Schreiber, Berlin\/Boston: De Gruyter 2019. (xi + 400 S.)<\/li>\n<li><em>Das Geschlecht in mir. Neurowissenschaftliche, alltagsweltliche und theologische Beitr\u00e4ge zu Transsexualit\u00e4t<\/em>, hg. von Gerhard Schreiber, Berlin und Boston: De Gruyter 2019. (xxiv + 363 S.)<\/li>\n<li><em>Diverse Identit\u00e4t. Interdisziplin\u00e4re Ann\u00e4herungen an das Ph\u00e4nomen Intersexualit\u00e4t<\/em>, hg. von Julia Koll, Jantine Nierop und Gerhard Schreiber, Hannover: Studienzentrum der EKD f\u00fcr Genderfragen in Kirche und Theologie 2018 (Schriften zu Genderfragen in Kirche und Theologie, <abbr title=\"Band\">Bd.<\/abbr> 4). (78 S.)<\/li>\n<li><em>Happy Passion. Studies in Kierkegaard\u2019s Theory of Faith<\/em>, Berlin et al.: Peter Lang 2018 (<em>Theologisch-Philosophische Beitr\u00e4ge zu Gegenwartsfragen<\/em>, <abbr title=\"Band\">Bd.<\/abbr> 20). (xxii + 275 S.)<\/li>\n<li><em>Magn\u00fas Eir\u00edksson. A Forgotten Contemporary of Kierkegaard<\/em>, hg. von Gerhard Schreiber und Jon Stewart, Kopenhagen: Museum Tusculanum Press 2017 (Danish Golden Age Studies, <abbr title=\"Band\">Bd.<\/abbr> 10). (xiv + 478 S.)<\/li>\n<li><em>Reformation f\u00fcr Alle*. Transidentit\u00e4t \/ Transsexualit\u00e4t und Kirche<\/em>, hg. von der dgti e.V. in Kooperation mit Asta Dittes, Livia Pr\u00fcll, Anne Scheschonk, Johanna Schmidt-R\u00e4ntsch und Gerhard Schreiber, Berlin: dgti e.V. 2017. (96 S.)<\/li>\n<li><em>Kierkegaard and the Crisis of the Contemporary World \/ Kierkegaard a kr\u00edza s\u00fa\u010dasn\u00e9ho sveta<\/em>, hg. von Roman Kr\u00e1lik, Abrahim H. Khan, Tibor M\u00e1hrik, Michal Val\u010do und Gerhard Schreiber, Toronto: Kierkegaard Circle &amp; Nitra: Central European Research Institute of S\u00f8ren Kierkegaard 2017 (<em>Acta Kierkegaardiana \u2013 Supplement<\/em>, <abbr title=\"Band\">Bd.<\/abbr> 6). (383 S.)<\/li>\n<li><em>Transsexualit\u00e4t in Theologie und Neurowissenschaften. Ergebnisse, Kontroversen, Perspektiven<\/em>, hg. von Gerhard Schreiber, Berlin und Boston: Walter de Gruyter 2016. (xxxiv + 711 S.)<\/li>\n<li><em>S\u00f8ren Kierkegaard in deutscher Sprache. Eine Gesamtbibliographie der Quellen und Sekund\u00e4rliteratur von 1855-2015<\/em> [zus. mit Eva Kaminski und Heiko Schulz], M\u00fcnster: LIT 2015 (<em>Forum Religionsphilosophie<\/em>, <abbr title=\"Band\">Bd.<\/abbr> 34). (xiii + 290 S.)<\/li>\n<li><em>Kritische Theologie. Paul Tillich in Frankfurt (1929-1933)<\/em>, hg. von Gerhard Schreiber und Heiko Schulz, Berlin und Boston: Walter de Gruyter 2015 (Tillich-Research, <abbr title=\"Band\">Bd.<\/abbr> 8). (vii + 459 S.)<\/li>\n<li><em>Deutsche S\u00f8ren Kierkegaard Edition<\/em>, <abbr title=\"Band\">Bd.<\/abbr> 5, <em>Journale NB6-NB10<\/em>, hg. von Markus Kleinert und Gerhard Schreiber, Berlin und Boston: Walter de Gruyter 2015. (xxvi + 677 S.)<\/li>\n<li><em>The Auction Catalogue of Kierkegaard\u2019s Library<\/em>, hg. von Katalin Nun, Gerhard Schreiber und Jon Stewart, Farnham und Burlington: Ashgate 2015 (<em>Kierkegaard Research: Sources, Reception and Resources<\/em>, <abbr title=\"Band\">Bd.<\/abbr> 20). (xviii + 188 S.)<\/li>\n<li><em>Apriorische Gewissheit. Das Glaubensverst\u00e4ndnis des jungen Kierkegaard und seine philosophisch-theologischen Voraussetzungen<\/em>, Berlin\/Boston: De Gruyter 2014 (<em>Kierkegaard Studies Monograph Series<\/em>, <abbr title=\"Band\">Bd.<\/abbr> 30). (xi + 488 S.)<\/li>\n<li><em>S\u00f8ren Kierkegaard: Ausgew\u00e4hlte Journale<\/em>, <abbr title=\"Band\">Bd.<\/abbr> 1, hg. von Markus Kleinert und Gerhard Schreiber, Berlin\/Boston: De Gruyter 2013. (xiii + 661 S.)<\/li>\n<\/ul>\n<h3><strong>2.\u00a0Zeitschriften-, Lexikon- und Buchbeitr\u00e4ge (in Auswahl)<\/strong><\/h3>\n<ul>\n<li>\u201eKein Trost dieser Welt. Der Begriff des Trostes bei S\u00f8ren Kierkegaard\u201c, in:\u00a0<em>Archiv f\u00fcr Begriffsgeschichte<\/em>, <abbr title=\"Band\">Bd.<\/abbr> 65, Heft 1, 2023, S. 53-68.<\/li>\n<li>\u201eAbschied von Althergebrachtem\u201c, in:\u00a0<em>Zur Debatte<\/em>, <abbr title=\"Band\">Bd.<\/abbr> 53, 2023, Heft 2, S. 97f.<\/li>\n<li>\u201eMacht und Machtmissbrauch\u201c, in:\u00a0<em>Evangelische Orientierung<\/em>, Heft 2 \/ 2023, S. 12f.<\/li>\n<li>\u201eLudus non tollit abusum. Zur ethischen Beurteilung virtueller Missbrauchsabbildungen\u201c, in:\u00a0<em>Zeitschrift f\u00fcr Evangelische Ethik<\/em>, <abbr title=\"Band\">Bd.<\/abbr> 67(1) 2023, S. 34-48.<\/li>\n<li>\u201eDatentoxikalit\u00e4t. Eine technikethische Herausforderung\u201c, in:\u00a0<em>Datensouver\u00e4nit\u00e4t: Positionen zur Debatte<\/em>, hg. von Steffen Augsberg u. Petra Gehring, Frankfurt a.M.\/New York: Campus 2022, S. 199-217.<\/li>\n<li>\u201eRassismus\u201c, in:\u00a0<em>Zuversichtsargumente. Biblische Perspektiven in Krisen und \u00c4ngsten unserer Zeit<\/em>, <abbr title=\"Band\">Bd.<\/abbr> 1, hg. von Stefan Alkier, Paderborn: Brill Sch\u00f6ningh 2022, S. 231-248.<\/li>\n<li>\u201eSexueller Kindesmissbrauch\u201c, in:\u00a0<em>Zuversichtsargumente. Biblische Perspektiven in Krisen und \u00c4ngsten unserer Zeit<\/em>, <abbr title=\"Band\">Bd.<\/abbr> 1, hg. von Stefan Alkier, Paderborn: Brill Sch\u00f6ningh 2022, S. 338-359.<\/li>\n<li>\u201cBegriffe vom Unbegreiflichen. Beobachtungen zur Rede von \u201asexueller Gewalt\u2018 und \u201asexualisierter Gewalt\u2018\u201c, in:\u00a0<em>Sexualisierte Gewalt in kirchlichen Kontexten. Neue interdisziplin\u00e4re Perspektiven<\/em>, hg. von Mathias Wirth, Isabelle Noth u. Silvia Schroer, Berlin\/Boston: De Gruyter 2021, S. 123-145.<\/li>\n<li>\u201eAn der Zeit. Zur Zeitgem\u00e4\u00dfheit Feministischer Theologie\u201c, in:\u00a0<em>Perspektiven Feministischer Theologie und Gender Studies. Festschrift f\u00fcr Renate Jost<\/em>, hg. von Cornelia Schlarb, Gury Schneider-Ludorff und Christine Stradtner, Berlin et al.: LIT 2021, S. 71-77.<\/li>\n<li>[mit C. Haupt et al.] \u201eAntiandrogen or estradiol treatment or both during hormone therapy in transitioning transgender women\u201c,\u00a0<em>Cochrane Database of Systematic Reviews 2020<\/em>, Issue 11. Art. No.: CD013138. DOI: 10.1002\/14651858.CD013138.pub2.<\/li>\n<li>\u201eKierkegaards Sprung. Systematische und rezeptionsgeschichtliche Bemerkungen\u201c, in:\u00a0<em>Archiv f\u00fcr Begriffsgeschichte<\/em>, <abbr title=\"Band\">Bd.<\/abbr> 62 (2020) S. 163-194.<\/li>\n<li>\u201eBeyond the Binary. On the Introduction of a Third Gender Option in German Civil Status Law\u201c, in:\u00a0<em>Researcher. European Journal of Humanities &amp; Social Sciences<\/em>, <abbr title=\"Band\">Bd.<\/abbr> 3, 2020, Nr. 1, S. 83-99.<\/li>\n<li>\u201cOn the (Dis)Continuity in Kierkegaard\u2019s Understanding of Faith\u201d, in: Kierkegaard in Context: Essays in Honor of Jon Stewart, hg. von Lee C. Barrett und Peter \u0160ajda, Macon, GA: Mercer University Press 2019, S. 7-30.<\/li>\n<li>\u201cSch\u00f6ne neue Familienvielfalt. Bemerkungen aus protestantischer Sicht\u201c, in: Familie von morgen, hg. von der Bundesstiftung Magnus Hirschfeld, Opladen: Verlag Barbara Budrich 2019, S. 155-158.<\/li>\n<li>[mit C. Haupt und E. von Elm] \u201eMethodische Anleitung f\u00fcr Scoping Reviews (JBI-Methodologie)\u201c, in: Zeitschrift f\u00fcr Evidenz, Fortbildung, Qualit\u00e4t im Gesundheitswesen (ZEFQ), <abbr title=\"Band\">Bd.<\/abbr> 143, 2019, S. 1-7.<\/li>\n<li>\u201ePassage to Divinity. Magn\u00fas Eir\u00edksson on the Rationality of Faith\u201c, in: Interesse am Anderen. Interdisziplin\u00e4re Beitr\u00e4ge zum Verh\u00e4ltnis von Religion und Rationalit\u00e4t. F\u00fcr Heiko Schulz zum 60. Geburtstag, hg. von Gerhard Schreiber, Berlin\/Boston: De Gruyter 2019 (Theologische Bibliothek T\u00f6pelmann, <abbr title=\"Band\">Bd.<\/abbr> 187), S. 259-283.<\/li>\n<li>\u201eGeschlecht au\u00dfer Norm. Zur theologischen Auseinandersetzung mit geschlechtlicher Vielfalt am Beispiel der Intersexualit\u00e4t\u201c, in: Diverse Identit\u00e4t. Interdisziplin\u00e4re Ann\u00e4herungen an das Ph\u00e4nomen Intersexualit\u00e4t, hg. von Julia Koll, Jantine Nierop und Gerhard Schreiber, Hannover: Studienzentrum der EKD f\u00fcr Genderfragen in Kirche und Theologie 2018 (Schriften zu Genderfragen in Kirche und Theologie, <abbr title=\"Band\">Bd.<\/abbr> 4), S. 29-47.<\/li>\n<li>\u201eZwischen Selbstinszenierung und Wirklichkeit. Zu den aktuellen programmatischen Selbstverst\u00e4ndigungsbem\u00fchungen der Evangelischen Kirche in Deutschland (EKD) gegen\u00fcber dem Staat des Grundgesetzes\u201c, in: Wechselseitige Erwartungslosigkeit? Die Kirchen und der Staat des Grundgesetzes \u2013 gestern, heute und morgen, hg. von Hermann-Josef Gro\u00dfe Kracht und Gerhard Schreiber, Berlin\/Boston: Walter de Gruyter 2019, S. 135-159.<\/li>\n<li>\u201eSemper reformandum? Geschlechtliche Vielfalt als Herausforderung und Chance f\u00fcr den Protestantismus\u201c, in:\u00a0Kulturelle Wirkungen der Reformation \/ Cultural Impact of the Reformation. Kongressdokumentation Lutherstadt Wittenberg August 2017, hg. von Klaus Fitschen, Marianne Schr\u00f6ter, Christopher Spehr und Ernst-Joachim Waschke,\u00a0<abbr title=\"Band\">Bd.<\/abbr>\u00a01-2, Leipzig: Evangelische Verlagsanstalt 2018 (LStRLO 36 und 37), S. 214-223.<br \/>\n\u201eAntiandrogens or estradiol treatments or both during hormone replacement therapy in transitioning transgender women\u201c [mit Haupt C, Henke M, Kutschmar A, Hauser B, Baldinger S], Cochrane Tobacco Addiction Group (TAG), 4.10.2018.<\/li>\n<li>\u201eEin Gotteskind braucht kein Geschlecht\u201c, in: Gender im Disput. Dialogbeitr\u00e4ge zur Bedeutung der Genderforschung f\u00fcr Kirche und Theologie, hg. vom Studienzentrum der EKD f\u00fcr Genderfragen in Kirche und Theologie, Hannover: EKD 2018 (Schriften zu Genderfragen in Kirche und Theologie, <abbr title=\"Band\">Bd.<\/abbr> 3), S. 98-106.<\/li>\n<li>\u201eOn the Origins of Kierkegaard\u2019s Climacus Writings and Paradox Christology\u201c, in: Kierkegaard Studies Yearbook, 2017, hg. von Heiko Schulz, Jon Stewart und Karl Verstrynge, Berlin und Boston: Walter de Gruyter 2017, S. 313-341.<\/li>\n<li>\u201eJenseits der Geschlechterbinarit\u00e4t. Transsexualit\u00e4t, Theologie und Kirche\u201c, in: Marriage, Families &amp; Spirituality, <abbr title=\"Band\">Bd.<\/abbr> 23, 2017, S, 52-69.<\/li>\n<li>\u201eGeschlecht als Leerstelle? Zur Verfassungsbeschwerde 1 BvR 2019\/16 gegen die Versagung eines dritten Geschlechtseintrags\u201c, in: Ethik und Gesellschaft, Nr. 1, 2017.<\/li>\n<li>\u201eGeschlechtliche Vielfalt als Thema der Theologie\u201c, in: Reformation f\u00fcr Alle*. Transidentit\u00e4t \/ Transsexualit\u00e4t und Kirche, hg. von der Deutschen Gesellschaft f\u00fcr Transidentit\u00e4t und Intersexualit\u00e4t in Kooperation mit Asta Dittes, Livia Pr\u00fcll, Anne Scheschonk, Johanna Schmidt-R\u00e4ntsch und Gerhard Schreiber, Berlin: dgti e.V. 2017, S. 14-18.<\/li>\n<li>\u201eHomosexualit\u00e4t\u201c, in: Evangelisches Soziallexikon, 9. \u00fcberarbeitete <abbr title=\"Auflage\">Aufl.<\/abbr>, hg. von J\u00f6rg H\u00fcbner, Johannes Eurich, Martin Honecker, Traugott J\u00e4hnichen, Margareta Kulessa und G\u00fcnter Renz, Stuttgart: W. Kohlhammer 2016, Sp. 682-684.<\/li>\n<li>\u201eTodesstrafe\u201c, in: Evangelisches Soziallexikon, 9. \u00fcberarbeitete <abbr title=\"Auflage\">Aufl.<\/abbr>, hg. von J\u00f6rg H\u00fcbner, Johannes Eurich, Martin Honecker, Traugott J\u00e4hnichen, Margareta Kulessa und G\u00fcnter Renz, Stuttgart: W. Kohlhammer 2016, Sp. 1549-1551.<\/li>\n<li>\u201eEir\u00edksson, Martensen und the Deification of Humanity\u201c, in: Magn\u00fas Eir\u00edksson, hg. von Gerhard Schreiber und Jon Stewart, Kopenhagen: Museum Tusculanum Press 2017 (Danish Golden Age Studies, <abbr title=\"Band\">Bd.<\/abbr> 10), S. 59-114.<\/li>\n<li>\u201eRitaskr\u00e1 Magn\u00fasar Eir\u00edkssonar\u201c, in: Sk\u00edrnir, <abbr title=\"Band\">Bd.<\/abbr> 189, 2015, S. 519-531.<\/li>\n<li>\u201ePaul Tillich in Frankfurt (1929-1933)\u201c, in: Kritische Theologie. Paul Tillich in Frankfurt (1929-1933), hg. von Gerhard Schreiber und Heiko Schulz, Berlin und Boston: Walter de Gruyter 2015 (Tillich-Research, <abbr title=\"Band\">Bd.<\/abbr> 8), S. 1-12.<\/li>\n<li>\u201eChristoph Schrempf \u2013 Der \u201aschw\u00e4bische Sokrates\u2018\u201c, in: Kierkegaard. Eine Schl\u00fcsselfigur der europ\u00e4ischen Moderne, hg. von Markus Pohlmeyer, Hamburg: Igel 2015 (Flensburger Studien zu Literatur und Theologie, <abbr title=\"Band\">Bd.<\/abbr> 4), S. 100-154.<\/li>\n<li>\u201eWeil Gott es befiehlt. Kierkegaards theonome Ethik\u201c, in: Gernot Meier und Christoph Schneider-Harpprecht (Hg.),\u00a0Entweder \u2013 oder \u2026 Eine Begegnung mit S\u00f6ren Kierkegaard, Bad Herrenalb: Evangelische Akademie Baden 2015 (Herrenalber Forum,\u00a0<abbr title=\"Band\">Bd.<\/abbr>\u00a080), S. 83-137.<\/li>\n<\/ul>\n<h3><strong>3. \u00dcbersetzungen (D\u00e4nisch, Englisch) (in Auswahl)<\/strong><\/h3>\n<ul>\n<li>Journal NB15\u00a0(Text), in\u00a0Deutsche S\u00f8ren Kierkegaard Edition,\u00a0<abbr title=\"Band\">Bd.<\/abbr>\u00a07, Journale NB15-NB20, hg. von Markus Kleinert und Gerhard Schreiber, Berlin und Boston: De Gruyter 2021, S. 1-106.<\/li>\n<li>Journal NB15 (Kommentar), in Deutsche S\u00f8ren Kierkegaard Edition, <abbr title=\"Band\">Bd.<\/abbr> 7, Journale NB15-NB20, hg. von Markus Kleinert und Gerhard Schreiber, Berlin und Boston: De Gruyter 2021, S. 595-671.<\/li>\n<li>Journal NB15 (Editorischer Bericht), in Deutsche S\u00f8ren Kierkegaard Edition, <abbr title=\"Band\">Bd.<\/abbr> 7, Journale NB15-NB20, hg. von Markus Kleinert und Gerhard Schreiber, Berlin und Boston: De Gruyter 2021, S. 583-593.<\/li>\n<li>Journal NB16 (Editorischer Bericht), in Deutsche S\u00f8ren Kierkegaard Edition, <abbr title=\"Band\">Bd.<\/abbr> 7, Journale NB15-NB20, hg. von Markus Kleinert und Gerhard Schreiber, Berlin und Boston: De Gruyter 2021, S. 675-683.<\/li>\n<li>Journal NB17 (Editorischer Bericht), in Deutsche S\u00f8ren Kierkegaard Edition, <abbr title=\"Band\">Bd.<\/abbr> 7, Journale NB15-NB20, hg. von Markus Kleinert und Gerhard Schreiber, Berlin und Boston: De Gruyter 2021, S. 731-740.<\/li>\n<li>Journal NB18 (Editorischer Bericht), in Deutsche S\u00f8ren Kierkegaard Edition, <abbr title=\"Band\">Bd.<\/abbr> 7, Journale NB15-NB20, hg. von Markus Kleinert und Gerhard Schreiber, Berlin und Boston: De Gruyter 2021, S. 775-782.<\/li>\n<li>Journal NB19 (Editorischer Bericht), in Deutsche S\u00f8ren Kierkegaard Edition, <abbr title=\"Band\">Bd.<\/abbr> 7, Journale NB15-NB20, hg. von Markus Kleinert und Gerhard Schreiber, Berlin und Boston: De Gruyter 2021, S. 829-836.<\/li>\n<li>Journal NB20 (Editorischer Bericht), in Deutsche S\u00f8ren Kierkegaard Edition, <abbr title=\"Band\">Bd.<\/abbr> 7, Journale NB15-NB20, hg. von Markus Kleinert und Gerhard Schreiber, Berlin und Boston: De Gruyter 2021, S. 871-880.<\/li>\n<li>Peter Dabrock: \u201eWarum Heteronormativit\u00e4t nicht das letzte Wort \u00fcber sexuelle Identit\u00e4t haben sollte. Ethische \u00dcberlegungen aus protestantischer Sicht\u201c [Why Heteronormativity Should Not Have the Final Word on Sexual Identity Ethical Considerations from a Protestant Perspective], in: Das Geschlecht in mir. Neurowissenschaftliche, alltagsweltliche und theologische Beitr\u00e4ge zu Transsexualit\u00e4t, hg. von Gerhard Schreiber, Berlin und Boston: De Gruyter 2019, S. 305-318.<\/li>\n<li>Milton Diamond: \u201eTranssexualismus als intersexueller Zustand\u201c [Transsexualism as an Intersex Condition], in: Das Geschlecht in mir, Berlin und Boston: De Gruyter 2019, S. 69-82.<\/li>\n<li>Seth Watt &amp; Gillian Einstein: \u201eJenseits des Bin\u00e4ren: Das k\u00f6rperliche Leben von Trans-Menschen\u201c [Beyond the Binary: The Corporeal Lives of Trans Indivi-duals], in: Das Geschlecht in mir, Berlin und Boston: De Gruyter 2019, S. 45-68.<\/li>\n<li>Dick F. Swaab, Laura Castellanos-Cruz &amp; Ai-Min Bao: \u201eGehirn und Geschlecht: Zur Geschlechtsdifferenzierung des menschlichen Gehirns\u201c [The Human Brain and Gender: Sexual Differentiation of Our Brains], in: Das Geschlecht in mir, Berlin und Boston: De Gruyter 2019, S. 23-44.<\/li>\n<li>Mark Solms: \u201eDie biologischen Grundlagen von Geschlecht: ein empfindliches Gleichgewicht\u201c [The Biological Foundations of Gender: a Delicate Balance], in: Das Geschlecht in mir, Berlin und Boston: De Gruyter 2019, S. 3-22.<\/li>\n<li>Journal NB11 (Editorischer Bericht), in Deutsche S\u00f8ren Kierkegaard Edition, <abbr title=\"Band\">Bd.<\/abbr> 6, Journale NB11-NB14, hg. von Markus Kleinert und Heiko Schulz, Berlin und Boston: De Gruyter, 5. 507-520.<\/li>\n<li>Journal NB12 (Editorischer Bericht), in Deutsche S\u00f8ren Kierkegaard Edition, <abbr title=\"Band\">Bd.<\/abbr> 6, Journale NB11-NB14, S. 597-610.<\/li>\n<li>Journal NB12 (Text), in Deutsche S\u00f8ren Kierkegaard Edition, <abbr title=\"Band\">Bd.<\/abbr> 6, Journale NB11-NB14, S. 159-307.<\/li>\n<li>Journal NB12 (Kommentar), in Deutsche S\u00f8ren Kierkegaard Edition, <abbr title=\"Band\">Bd.<\/abbr> 6, Journale NB11-NB14, S. 611-704.<\/li>\n<li>Journal NB13 (Editorischer Bericht), in Deutsche S\u00f8ren Kierkegaard Edition, <abbr title=\"Band\">Bd.<\/abbr> 6, Journale NB11-NB14, S. 707-716.<\/li>\n<li>Journal NB13 (Kommentar), in Deutsche S\u00f8ren Kierkegaard Edition, <abbr title=\"Band\">Bd.<\/abbr> 6, Journale NB11-NB14, S. 717-754.<\/li>\n<li>Journal NB14 (Editorischer Bericht), in Deutsche S\u00f8ren Kierkegaard Edition, <abbr title=\"Band\">Bd.<\/abbr> 6, Journale NB11-NB14, S. 757-768.<\/li>\n<li>Theodor Immanuel: Briefe an Clara Raphael, \u00fcbersetzt, herausgegeben und eingeleitet von Gerhard Schreiber [im Satz]<\/li>\n<li>[mit Markus Kleinert], Journal NB6 (Text), in Deutsche S\u00f8ren Kierkegaard Edition, <abbr title=\"Band\">Bd.<\/abbr> 5, Journale NB6-NB10, hg. von Markus Kleinert und Gerhard Schreiber, Berlin und Boston: De Gruyter 2015, S. 1-77.<\/li>\n<li>Journal NB6 (Editorischer Bericht), in Deutsche S\u00f8ren Kierkegaard Edition, <abbr title=\"Band\">Bd.<\/abbr> 5, Journale NB6-NB10, S.443-450.<\/li>\n<li>Journal NB6 (Kommentar), in Deutsche S\u00f8ren Kierkegaard Edition, <abbr title=\"Band\">Bd.<\/abbr> 5, Journale NB6-NB10, S. 451-477.<\/li>\n<li>Journal NB7 (Text), in Deutsche S\u00f8ren Kierkegaard Edition, <abbr title=\"Band\">Bd.<\/abbr> 5, Journale NB6-NB10, S. 79-164.<\/li>\n<li>Journal NB7 (Editorischer Bericht), in Deutsche S\u00f8ren Kierkegaard Edition, <abbr title=\"Band\">Bd.<\/abbr> 5, Journale NB6-NB10, S. 481-486.<\/li>\n<li>Journal NB7 (Kommentar), in Deutsche S\u00f8ren Kierkegaard Edition, <abbr title=\"Band\">Bd.<\/abbr> 5, Journale NB6-NB10, S. 487-512.<\/li>\n<li>Journal NB8 (Editorischer Bericht), in Deutsche S\u00f8ren Kierkegaard Edition, <abbr title=\"Band\">Bd.<\/abbr> 5, Journale NB6-NB10, S. 515-520.<\/li>\n<li>Journal NB9 (Editorischer Bericht), in Deutsche S\u00f8ren Kierkegaard Edition, <abbr title=\"Band\">Bd.<\/abbr> 5, Journale NB6-NB10, S. 543-548.<\/li>\n<li>Journal NB9 (Kommentar), in Deutsche S\u00f8ren Kierkegaard Edition, <abbr title=\"Band\">Bd.<\/abbr> 5, Journale NB6-NB10, S. 549-574.<\/li>\n<li>Journal NB10 (Editorischer Bericht), in Deutsche S\u00f8ren Kierkegaard Edition, <abbr title=\"Band\">Bd.<\/abbr> 5, Journale NB6-NB10, S. 577-585.<\/li>\n<li>[mit Markus Kleinert], Journal NB (Text), in Deutsche S\u00f8ren Kierkegaard Edition, <abbr title=\"Band\">Bd.<\/abbr> 4, Journale NB-NB5, hg. von Hermann Deuser, Joachim Grage und Markus Kleinert, Berlin und Boston: De Gruyter 2013, S. 1-143.<\/li>\n<li>Journal NB (Editorischer Bericht), in Deutsche S\u00f8ren Kierkegaard Edition, <abbr title=\"Band\">Bd.<\/abbr> 4, Journale NB-NB5, S. 495-504.<\/li>\n<li>Journal NB (Kommentar), in Deutsche S\u00f8ren Kierkegaard Edition, <abbr title=\"Band\">Bd.<\/abbr> 4, Journale NB-NB5, S. 505-566.<\/li>\n<li>Journal NB2 (Editorischer Bericht), in Deutsche S\u00f8ren Kierkegaard Edition, <abbr title=\"Band\">Bd.<\/abbr> 4, Journale NB-NB5, S. 569-575.<\/li>\n<li>Notizbuch 1 (Text), in Deutsche S\u00f8ren Kierkegaard Edition, <abbr title=\"Band\">Bd.<\/abbr> 3, Notizb\u00fccher 1-15, hg. von Markus Kleinert und Heiko Schulz, Berlin und Boston: Walter de Gruyter 2011, S. 1-90.<\/li>\n<li>Notizbuch 1 (Editorischer Bericht), in Deutsche S\u00f8ren Kierkegaard Edition, <abbr title=\"Band\">Bd.<\/abbr> 3, Notizb\u00fccher 1-15, S. 489-495.<\/li>\n<li>Notizbuch 1 (Kommentar), in Deutsche S\u00f8ren Kierkegaard Edition, <abbr title=\"Band\">Bd.<\/abbr> 3, Notizb\u00fccher 1-15, S. 497-549.<\/li>\n<li>Notizbuch 4 (Text), in Deutsche S\u00f8ren Kierkegaard Edition, <abbr title=\"Band\">Bd.<\/abbr> 3, Notizb\u00fccher 1-15, S. 129-181.<\/li>\n<li>Notizbuch 4 (Editorischer Bericht), in Deutsche S\u00f8ren Kierkegaard Edition, <abbr title=\"Band\">Bd.<\/abbr> 3, Notizb\u00fccher 1-15, S. 599-604.<\/li>\n<li>Notizbuch 4 (Kommentar), in Deutsche S\u00f8ren Kierkegaard Edition, <abbr title=\"Band\">Bd.<\/abbr> 3, Notizb\u00fccher 1-15, S. 605-634.<\/li>\n<li>Notizbuch 10 (Kommentar), in Deutsche S\u00f8ren Kierkegaard Edition, <abbr title=\"Band\">Bd.<\/abbr> 3, Notizb\u00fccher 1-15, S. 753-765.<\/li>\n<li>Notizbuch 12 (Text), in Deutsche S\u00f8ren Kierkegaard Edition, <abbr title=\"Band\">Bd.<\/abbr> 3, Notizb\u00fccher 1-15, S. 407-417.<\/li>\n<li>Notizbuch 12 (Editorischer Bericht), in Deutsche S\u00f8ren Kierkegaard Edition, <abbr title=\"Band\">Bd.<\/abbr> 3, Notizb\u00fccher 1-15, S. 837-842.<\/li>\n<li>Notizbuch 12\u00a0(Kommentar), in\u00a0Deutsche S\u00f8ren Kierkegaard Edition,\u00a0<abbr title=\"Band\">Bd.<\/abbr>\u00a03, Notizb\u00fccher 1-15, S. 843-853.<br \/>\n[mit Joachim Boldt], Notizbuch 13 (Text), in Deutsche S\u00f8ren Kierkegaard Edition, <abbr title=\"Band\">Bd.<\/abbr> 3, Notizb\u00fccher 1-15, S. 419-459.<\/li>\n<li>Notizbuch 13 (Editorischer Bericht), in Deutsche S\u00f8ren Kierkegaard Edition, <abbr title=\"Band\">Bd.<\/abbr> 3, Notizb\u00fccher 1-15, S. 857-864.<\/li>\n<li>Notizbuch 13\u00a0(Kommentar), in\u00a0Deutsche S\u00f8ren Kierkegaard Edition,\u00a0<abbr title=\"Band\">Bd.<\/abbr>\u00a03, Notizb\u00fccher 1-15, S. 865-897.<br \/>\n[mit Richard Purkarthofer und Eike Schnall],\u00a0Journal JJ\u00a0(Kommentar), in\u00a0Deutsche S\u00f8ren Kierkegaard Edition,\u00a0<abbr title=\"Band\">Bd.<\/abbr>\u00a02, Journale EE-KK, hg. von Richard Purkarthofer und Heiko Schulz, Berlin und New York: Walter de Gruyter, S. 531-659.<\/li>\n<\/ul>\n","protected":false},"excerpt":{"rendered":"<p>Publikationen 1. Monographien\/Herausgeberschaften (in Auswahl) Im Dunkel der Sexualit\u00e4t. Sexualit\u00e4t und Gewalt aus sexualethischer Perspektive, Berlin\/Boston: De Gruyter 2022. (x + 848 S.) Praktiken von Transdiskursen. Ein multidisziplin\u00e4rer Zugang, hg. [&hellip;]<\/p>\n","protected":false},"author":3774,"featured_media":0,"parent":0,"menu_order":0,"comment_status":"closed","ping_status":"closed","template":"","meta":{"footnotes":""},"categories":[4],"tags":[],"class_list":["post-175","page","type-page","status-publish","hentry","category-forschung"],"_links":{"self":[{"href":"https:\/\/www.hsu-hh.de\/theevs\/wp-json\/wp\/v2\/pages\/175","targetHints":{"allow":["GET"]}}],"collection":[{"href":"https:\/\/www.hsu-hh.de\/theevs\/wp-json\/wp\/v2\/pages"}],"about":[{"href":"https:\/\/www.hsu-hh.de\/theevs\/wp-json\/wp\/v2\/types\/page"}],"author":[{"embeddable":true,"href":"https:\/\/www.hsu-hh.de\/theevs\/wp-json\/wp\/v2\/users\/3774"}],"replies":[{"embeddable":true,"href":"https:\/\/www.hsu-hh.de\/theevs\/wp-json\/wp\/v2\/comments?post=175"}],"version-history":[{"count":11,"href":"https:\/\/www.hsu-hh.de\/theevs\/wp-json\/wp\/v2\/pages\/175\/revisions"}],"predecessor-version":[{"id":915,"href":"https:\/\/www.hsu-hh.de\/theevs\/wp-json\/wp\/v2\/pages\/175\/revisions\/915"}],"wp:attachment":[{"href":"https:\/\/www.hsu-hh.de\/theevs\/wp-json\/wp\/v2\/media?parent=175"}],"wp:term":[{"taxonomy":"category","embeddable":true,"href":"https:\/\/www.hsu-hh.de\/theevs\/wp-json\/wp\/v2\/categories?post=175"},{"taxonomy":"post_tag","embeddable":true,"href":"https:\/\/www.hsu-hh.de\/theevs\/wp-json\/wp\/v2\/tags?post=175"}],"curies":[{"name":"wp","href":"https:\/\/api.w.org\/{rel}","templated":true}]}}