{"id":172,"date":"2018-05-16T10:36:19","date_gmt":"2018-05-16T08:36:19","guid":{"rendered":"https:\/\/www.hsu-hh.de\/theevs\/?page_id=172"},"modified":"2024-12-04T10:27:46","modified_gmt":"2024-12-04T09:27:46","slug":"lehre","status":"publish","type":"page","link":"https:\/\/www.hsu-hh.de\/theevs\/lehre","title":{"rendered":"Kontakt"},"content":{"rendered":"<h3 class=\"clearfix\"><abbr title=\"Professor\">Prof.<\/abbr> <abbr title=\"Doktor\">Dr.<\/abbr> theol. <abbr title=\"habilitatus\">habil.<\/abbr> Gerhard Schreiber<\/h3>\n<div class=\"ansprechparter-container\">\n<div class=\"row ansprechpartner-item ansprechparter-header\">\n<div class=\"col-md-4 col-lg-3 col-xs-4 ansprechpartner-item floatright img-circle center-block\" style=\"margin-bottom: 30px\">\n<div class=\"img-responsive-wrapper\">\n<p><img loading=\"lazy\" decoding=\"async\" class=\"wp-image-292  alignnone\" src=\"https:\/\/www.hsu-hh.de\/theevs\/wp-content\/uploads\/sites\/736\/2023\/10\/G.Schreiber_rd-188x300.jpg\" alt=\"\" width=\"173\" height=\"276\" srcset=\"https:\/\/www.hsu-hh.de\/theevs\/wp-content\/uploads\/sites\/736\/2023\/10\/G.Schreiber_rd-188x300.jpg 188w, https:\/\/www.hsu-hh.de\/theevs\/wp-content\/uploads\/sites\/736\/2023\/10\/G.Schreiber_rd-642x1024.jpg 642w, https:\/\/www.hsu-hh.de\/theevs\/wp-content\/uploads\/sites\/736\/2023\/10\/G.Schreiber_rd-768x1226.jpg 768w, https:\/\/www.hsu-hh.de\/theevs\/wp-content\/uploads\/sites\/736\/2023\/10\/G.Schreiber_rd-962x1536.jpg 962w, https:\/\/www.hsu-hh.de\/theevs\/wp-content\/uploads\/sites\/736\/2023\/10\/G.Schreiber_rd-1283x2048.jpg 1283w, https:\/\/www.hsu-hh.de\/theevs\/wp-content\/uploads\/sites\/736\/2023\/10\/G.Schreiber_rd-1100x1756.jpg 1100w, https:\/\/www.hsu-hh.de\/theevs\/wp-content\/uploads\/sites\/736\/2023\/10\/G.Schreiber_rd.jpg 1320w\" sizes=\"auto, (max-width: 173px) 100vw, 173px\" \/><\/p>\n<\/div>\n<\/div>\n<div class=\"col-md-12 col-lg-3 col-xs-12 ansprechpartner-item kontakt floatright\" style=\"margin-bottom: 30px\">\n<div class=\"row\">\n<div class=\"col-xs-12 col-sm-6 col-lg-12\">\n<div class=\"row\">\n<div class=\"col-xs-12 col-lg-4 row-text bold\">Telefon:<\/div>\n<div class=\"col-xs-12 col-lg-8 row-text\">(040) 6541-4848 (Sekretariat)<\/div>\n<\/div>\n<\/div>\n<div class=\"col-xs-12 col-sm-6 col-lg-12\">\n<div class=\"row\">\n<div class=\"col-xs-12 col-lg-8 row-text\"><span style=\"font-family: 'Meta Corr Offc W01 Bold', 'PT Sans', sans-serif;font-weight: bold;color: initial\">E-Mail:<\/span> <a href=\"mailto:schreiber@hsu-hh.de\" rel='nofollow'>schreiber@hsu-hh.de<\/a><\/div>\n<\/div>\n<\/div>\n<\/div>\n<\/div>\n<div class=\"col-md-6 col-lg-3 col-xs-12 ansprechpartner-item anschrift floatright\">\n<div class=\"row-headline\">Besucheranschrift<\/div>\n<div class=\"row-text\">Helmut-Schmidt-Universit\u00e4t<\/div>\n<div class=\"row-text\">Am Stadtrand 52<br \/>\n22047 Hamburg<\/div>\n<div class=\"row-text\"><\/div>\n<\/div>\n<div class=\"col-md-6 col-lg-3 col-xs-12 ansprechpartner-item anschrift floatright\">\n<div class=\"row-headline\">Postanschrift<\/div>\n<div class=\"row-text\">Helmut-Schmidt-Universit\u00e4t<\/div>\n<div class=\"row-text\">Fakult\u00e4t f\u00fcr Geistes- und<br \/>\nSozialwissenschaften<\/div>\n<div class=\"row-text\">Evangelische Theologie<\/div>\n<div class=\"row-text\">Postfach 70 08 22<\/div>\n<div class=\"row-text\">22008 Hamburg<\/div>\n<\/div>\n<\/div>\n<\/div>\n<div class=\"clearfix\"><\/div>\n","protected":false},"excerpt":{"rendered":"<p>Prof. Dr. theol. habil. Gerhard Schreiber Telefon: (040) 6541-4848 (Sekretariat) E-Mail: schreiber@hsu-hh.de Besucheranschrift Helmut-Schmidt-Universit\u00e4t Am Stadtrand 52 22047 Hamburg Postanschrift Helmut-Schmidt-Universit\u00e4t Fakult\u00e4t f\u00fcr Geistes- und Sozialwissenschaften Evangelische Theologie Postfach 70 [&hellip;]<\/p>\n","protected":false},"author":582,"featured_media":0,"parent":0,"menu_order":0,"comment_status":"closed","ping_status":"closed","template":"","meta":{"footnotes":""},"categories":[44],"tags":[],"class_list":["post-172","page","type-page","status-publish","hentry","category-professur"],"_links":{"self":[{"href":"https:\/\/www.hsu-hh.de\/theevs\/wp-json\/wp\/v2\/pages\/172","targetHints":{"allow":["GET"]}}],"collection":[{"href":"https:\/\/www.hsu-hh.de\/theevs\/wp-json\/wp\/v2\/pages"}],"about":[{"href":"https:\/\/www.hsu-hh.de\/theevs\/wp-json\/wp\/v2\/types\/page"}],"author":[{"embeddable":true,"href":"https:\/\/www.hsu-hh.de\/theevs\/wp-json\/wp\/v2\/users\/582"}],"replies":[{"embeddable":true,"href":"https:\/\/www.hsu-hh.de\/theevs\/wp-json\/wp\/v2\/comments?post=172"}],"version-history":[{"count":21,"href":"https:\/\/www.hsu-hh.de\/theevs\/wp-json\/wp\/v2\/pages\/172\/revisions"}],"predecessor-version":[{"id":1489,"href":"https:\/\/www.hsu-hh.de\/theevs\/wp-json\/wp\/v2\/pages\/172\/revisions\/1489"}],"wp:attachment":[{"href":"https:\/\/www.hsu-hh.de\/theevs\/wp-json\/wp\/v2\/media?parent=172"}],"wp:term":[{"taxonomy":"category","embeddable":true,"href":"https:\/\/www.hsu-hh.de\/theevs\/wp-json\/wp\/v2\/categories?post=172"},{"taxonomy":"post_tag","embeddable":true,"href":"https:\/\/www.hsu-hh.de\/theevs\/wp-json\/wp\/v2\/tags?post=172"}],"curies":[{"name":"wp","href":"https:\/\/api.w.org\/{rel}","templated":true}]}}