{"id":1577,"date":"2025-05-02T11:15:34","date_gmt":"2025-05-02T09:15:34","guid":{"rendered":"https:\/\/www.hsu-hh.de\/theevs\/?page_id=1577"},"modified":"2026-03-16T14:39:44","modified_gmt":"2026-03-16T13:39:44","slug":"talks","status":"publish","type":"page","link":"https:\/\/www.hsu-hh.de\/theevs\/en\/talks","title":{"rendered":"Talks"},"content":{"rendered":"\n<h3 class=\"wp-block-heading\"><abbr title=\"Professor\">Prof.<\/abbr> <abbr title=\"Doktor\">Dr.<\/abbr> <abbr title=\"habilitatus\">habil.<\/abbr> Gerhard Schreiber<\/h3>\n\n\n\n<p><strong>2026<\/strong><\/p>\n\n\n\n<ul class=\"wp-block-list\">\n<li><strong>April 23, 2026<\/strong>: <em>KI, Ethik und Verantwortung: Perspektiven f\u00fcr die gesamtstaatliche Verteidigung<\/em>, Konferenz\u00a0<em>Gesamtstaatliche Verteidigung und Resilienz<\/em>, Fraunhofer-Institut f\u00fcr Kommunikation, Informationsverarbeitung und Ergonomie (FKIE), Leipzig.<\/li>\n\n\n\n<li><strong>April 07, 2026<\/strong>: <em>Kirche im Dorf. Warum KI keine theologische Frage, aber eine Frage f\u00fcr die Theologie ist<\/em>, Tag der Theologie, Fachbereich Evangelische Theologie, Universit\u00e4t Hamburg.<\/li>\n\n\n\n<li><strong>March 25, 2026<\/strong>: <em>\u201eGiftige Daten\u201c \u2013 Datentoxikalit\u00e4t als Bruchstelle digitaler Bildungsprozesse<\/em>, Symposium 75:\u00a0<em>Unbestimmtheit, Toxikalit\u00e4t und Ungebrochenes \u2013 Digitale und temporale Herausforderungen f\u00fcr Bildungsprozesse \u00fcber die Lebensspanne<\/em>, DGfE-Kongresses 2026, M\u00fcnchen.<\/li>\n\n\n\n<li><strong>March 12, 2026<\/strong><em>: \u201eIch glaube an Gott, \u2026 den Allm\u00e4chtigen\u2026\u201c<\/em>, Tagung:\u00a0<em>Abgr\u00fcnde. Christliche Glaubensvorstellungen in der Auseinandersetzung mit sexualisierter Gewalt und Machtmissbrauch,<\/em>\u00a0Universit\u00e4t Hildesheim.<\/li>\n\n\n\n<li><strong>March 06, 2026<\/strong>: Trans* in Neurowissenschaften,\u00a0<em>Sexuelle Identit\u00e4t und Menschenw\u00fcrde in Deutschland und weltweit<\/em>, Konrad-Adenauer-Stiftung, Bad Honnef (KS09-050326).<\/li>\n\n\n\n<li><strong>February 11, 2026<\/strong>: <em>Was KI mit Menschen macht: Transformationen im digitalen Zeitalter<\/em>, Workshop\u00a0<em>Familien der Zukunft \u2013 Transformationen gestalten<\/em>, Bundesfamilienministerium Berlin.<\/li>\n\n\n\n<li><strong>February 03, 2026<\/strong>: <em>\u201eSuchst du noch oder fragt sie schon?\u201c Technikphilosophische Bedenken gegen\u00fcber KI-generierten Forschungsfragen<\/em>, Tagung: Suchst Du noch oder findet sie schon? K\u00fcnstliche Intelligenz und die Verschiebung historischer Fragestellungen, Akademie der Wissenschaften und der Literatur Mainz.<\/li>\n\n\n\n<li><strong>January\u00a021, 2026<\/strong>: <em>Sexualit\u00e4t(en) im Christentum: Perspektiven aus evangelischer Sicht<\/em>, Online-Reihe\u00a0<em>Sexualit\u00e4t(en) in den Religionen<\/em>, Evangelische Erwachsenenbildungen Karlsruhe und Pforzheim, \u00d6kumenisches Bildungszentrum sanctclara Mannheim.<\/li>\n<\/ul>\n\n\n\n<p><strong>2025<\/strong><\/p>\n\n\n\n<ul class=\"wp-block-list\">\n<li><strong>December 15, 2025<\/strong>: <em><a href=\"https:\/\/www.leuphana.de\/news\/meldungen-universitaet\/ansicht\/2025\/12\/15\/die-gefahren-eines-entgrenzten-krieges-podiumsdiskussion-ueber-die-ethik-von-ki-im-militaerischen.html\" rel='nofollow'>Die Gefahren eines entgrenzten Krieges<\/a><\/em> &#8211; Podiumsdiskussion \u00fcber die Ethik von KI im Milit\u00e4rischen, Leuphana Universit\u00e4t, L\u00fcneburg.<strong>January 15, 2025<\/strong>: <em>Verstehst Du auch, was Du generierst? \u2013 KI und die Frage des Verstehens<\/em>, Studientag 2025 &#8211; Digitaler Geist? KI und die Geisteswissenschaften, Martin Luther University, Halle-Wittenberg.<\/li>\n\n\n\n<li><strong>December 1, 2025<\/strong>: <em>Gef\u00e4hrlich glaubw\u00fcrdig. Warum wir im Umgang mit K\u00fcnstlicher Intelligenz in Zeiten von Desinformation und Fake-News kritisch bleiben sollten<\/em>, Erding.<\/li>\n\n\n\n<li><strong>November 18-19, 2025<\/strong>: <em>Wunden, die nicht heilen \u2013 Sexueller Missbrauch als Paradigma verletzter Leiblichkeit<\/em>; XXXIII. Werner-Reihlen-Vorlesungen: Leibliche Vulnerabilit\u00e4t, Humboldt University Berlin.<\/li>\n\n\n\n<li><strong>November 17, 2025<\/strong>: <em>Geist und Seele angesichts KI<\/em>, Gesellschaft f\u00fcr Wissenschaftsforschung (GeWiF), Berlin (Gerhard Schreiber).<\/li>\n\n\n\n<li><strong>November 17, 2025<\/strong>: <em>Church in Times of Crisis: The EKD\u2019s Re-Evaluation of Peace Ethics<\/em>, Graduiertenkolleg Krise &#8211; Kritik &#8211; Koh\u00e4sion (GK-UHH-03), University Hamburg (Gerhard Schreiber).<\/li>\n\n\n\n<li><strong>November 14, 2025<\/strong>: <em>Sexualit\u00e4t und Gewalt. Bemerkungen zu ihrem Verh\u00e4ltnis<\/em>, <abbr title=\"Helmut Schmidt Universit\u00e4t\">HSU<\/abbr>\/UniBw H (Gerhard Schreiber).<\/li>\n\n\n\n<li><strong>Oktober 6-10, 2025<\/strong>: <em>Genetic Discrimination in the Age of Molecular Genetics. Risks and Responsibilities<\/em>, Seventh Weissenburg Symposium.<\/li>\n\n\n\n<li><strong>September 17, 2025<\/strong>: <em>Was verstehen KI<\/em>?, Sprache-und-Wissen-Tagung, Annula conference of the Forschungsnetzwerks Sprache und Wissen, Akademie der Wissenschaften, Heidelberg.<\/li>\n\n\n\n<li><strong>September 4, 2025<\/strong>: <em>Bullshit als Waffe. Toxikalische Informationsr\u00e4ume als Herausforderung f\u00fcr demokratische Resilienz<\/em> (Keynote), (Aus)Bildungskongress der Bundeswehr 2025, Hamburg.<\/li>\n\n\n\n<li><strong>July 12, 2025<\/strong>: <em>Cognitive Warfare: Techno-Ethical Challenges<\/em>, 18th Dubrovnik-Forum.<\/li>\n\n\n\n<li><strong>July 3, 2025<\/strong>: <em>Grenzen im Fluss: Mensch-Maschine-Interaktionen im Zeitalter der KI<\/em>, Conference &#8222;K\u00fcnstliche Intelligenz im Lichte der Theologien&#8220;, University M\u00fcnster.<\/li>\n\n\n\n<li><strong>July 2, 2025:<\/strong>\u00a0<em>KI und Verstehen<\/em>, Philosophisches Kolloquium, Heinrich Heine University D\u00fcsseldorf.<\/li>\n\n\n\n<li><strong>June 25, 2025<\/strong>: <em>Im Dunkel der Sexualit\u00e4t. Sexualit\u00e4t und Gewalt<\/em>, Evangelisch-lutherische Landeskirche Hannovers (<em>online<\/em>).<\/li>\n\n\n\n<li><strong>June 5, 2025<\/strong>, 4.30-6 p.m, <em>online<\/em>: <em>Pandoras B\u00fcchse? Zur ethischen Verantwortbarkeit des Einsatzes von KI im milit\u00e4rischen Bereich<\/em>, rtwe, Hochschule Karlsruhe, participate: <a href=\"http:\/\/www.rtwe.de\/oeffentlich.html\" rel='nofollow'><\/a><a href=\"https:\/\/www.youtube.com\/watch?v=uGNMwMccevc\" rel='nofollow'>https:\/\/www.youtube.com\/watch?v=uGNMwMccevc<\/a>.<\/li>\n\n\n\n<li><strong>June 3, 2025<\/strong>: <em>Virtuelle Simulation, reales Unrecht: Zur ethischen Beurteilung KI-generierter Missbrauchsabbildungen<\/em>, ZiRR \u2013 Zentrum f\u00fcr interdisziplin\u00e4re Studien zu Religion und Recht, University Mainz (<em>hybrid<\/em>).<\/li>\n\n\n\n<li><strong>May 16, 2025<\/strong>: <em>Trans* in Theologie und Neurowissenschaften<\/em>, KAS, Bad Honnef.<\/li>\n\n\n\n<li><strong>May 8, 2025<\/strong>: <em>Autonomy in the Age of AI: A Techno-Ethical Perspective on Its Loss and Gain in Higher Education<\/em>, Conference &#8222;Rearticulating Autonomy. Artificial Intelligence and Digital Autonomy in Higher Education&#8220;, University Bielefeld, May 7-9, 2025.<\/li>\n\n\n\n<li><strong>May 7, 2025<\/strong>: <em>KI-Ethik@MIL<\/em>, KI@BW25, Helmut Schmidt University\/University of the Federal Armed Forces Hamburg.<\/li>\n\n\n\n<li><strong>April 28,<\/strong> <strong>2025<\/strong>: <em>Der Hanna-Jursch-Preis \u2013 wichtiger denn je<\/em>, Verleihung der Hanna-Jursch-Preise 2025 der EKD, Orangerie, Erlangen.<\/li>\n\n\n\n<li><strong>March 21, 2025<\/strong>: <em>Prolegomena to AI Ethics: Challenges and Perspectives<\/em>, The 8th Machine Learning 4 Cyber Physical Systems (ML4CPS), Fraunhofer-Forum, Berlin.<\/li>\n\n\n\n<li><strong>February 26, 2025<\/strong>: <em>Data Toxicality: Observations and Reflections from a Techno-Ethical Perspective, <\/em>Lecture Series \u201cComputation and Data\u201d, <abbr title=\"Helmut Schmidt Universit\u00e4t\">HSU<\/abbr> AI, Hamburg.<\/li>\n\n\n\n<li><strong>January 15, 2025<\/strong>: <em>Verstehst Du auch, was Du generierst? \u2013 KI und die Frage des Verstehens<\/em>, Studientag 2025 &#8211; Digitaler Geist? KI und die Geisteswissenschaften, Martin-Luther-Universit\u00e4t, Halle-Wittenberg.<\/li>\n<\/ul>\n\n\n\n<h3 class=\"wp-block-heading\">Kathrin Bruder<\/h3>\n\n\n\n<ul class=\"wp-block-list\">\n<li><strong>April 24, 2025<\/strong>: &#8222;Was ist guter, was erlaubter Sex? Einf\u00fchrung in die Sexualethik und Unterschiede zum Strafrecht&#8220;. As part of the lecture series &#8222;Sexual Criminal Law in Transition&#8220; at the Hanover Law Faculty under the direction of <abbr title=\"Doktor\">Dr.<\/abbr> Maximilian Nussbaum, Leibniz University Hannover.<\/li>\n<\/ul>\n\n\n\n<p><\/p>\n","protected":false},"excerpt":{"rendered":"<p>Prof. Dr. habil. Gerhard Schreiber 2026 2025 Kathrin Bruder<\/p>\n","protected":false},"author":3847,"featured_media":0,"parent":0,"menu_order":0,"comment_status":"closed","ping_status":"closed","template":"","meta":{"footnotes":""},"categories":[7],"tags":[],"class_list":["post-1577","page","type-page","status-publish","hentry","category-research"],"_links":{"self":[{"href":"https:\/\/www.hsu-hh.de\/theevs\/wp-json\/wp\/v2\/pages\/1577","targetHints":{"allow":["GET"]}}],"collection":[{"href":"https:\/\/www.hsu-hh.de\/theevs\/wp-json\/wp\/v2\/pages"}],"about":[{"href":"https:\/\/www.hsu-hh.de\/theevs\/wp-json\/wp\/v2\/types\/page"}],"author":[{"embeddable":true,"href":"https:\/\/www.hsu-hh.de\/theevs\/wp-json\/wp\/v2\/users\/3847"}],"replies":[{"embeddable":true,"href":"https:\/\/www.hsu-hh.de\/theevs\/wp-json\/wp\/v2\/comments?post=1577"}],"version-history":[{"count":16,"href":"https:\/\/www.hsu-hh.de\/theevs\/wp-json\/wp\/v2\/pages\/1577\/revisions"}],"predecessor-version":[{"id":2732,"href":"https:\/\/www.hsu-hh.de\/theevs\/wp-json\/wp\/v2\/pages\/1577\/revisions\/2732"}],"wp:attachment":[{"href":"https:\/\/www.hsu-hh.de\/theevs\/wp-json\/wp\/v2\/media?parent=1577"}],"wp:term":[{"taxonomy":"category","embeddable":true,"href":"https:\/\/www.hsu-hh.de\/theevs\/wp-json\/wp\/v2\/categories?post=1577"},{"taxonomy":"post_tag","embeddable":true,"href":"https:\/\/www.hsu-hh.de\/theevs\/wp-json\/wp\/v2\/tags?post=1577"}],"curies":[{"name":"wp","href":"https:\/\/api.w.org\/{rel}","templated":true}]}}