{"id":1473,"date":"2025-04-29T08:18:23","date_gmt":"2025-04-29T06:18:23","guid":{"rendered":"https:\/\/www.hsu-hh.de\/theevs\/?page_id=1473"},"modified":"2025-12-13T15:59:03","modified_gmt":"2025-12-13T14:59:03","slug":"lukas-johrendt-2","status":"publish","type":"page","link":"https:\/\/www.hsu-hh.de\/theevs\/en\/lukas-johrendt-2","title":{"rendered":"Lukas Johrendt"},"content":{"rendered":"\n<p><strong>Research Associate at the Chair of Protestant Theology<\/strong><\/p>\n\n\n\n<div style=\"height:20px\" aria-hidden=\"true\" class=\"wp-block-spacer\"><\/div>\n\n\n\n<div class=\"wp-block-columns is-layout-flex wp-container-core-columns-is-layout-9d6595d7 wp-block-columns-is-layout-flex\">\n<div class=\"wp-block-column is-layout-flow wp-block-column-is-layout-flow\">\n<figure class=\"wp-block-image size-large\"><img loading=\"lazy\" decoding=\"async\" width=\"1024\" height=\"683\" src=\"https:\/\/www.hsu-hh.de\/theevs\/wp-content\/uploads\/sites\/736\/2025\/12\/20251210_Prof_Schreiber_Gruppe_ev_Theologie_CG_03-1-1024x683.jpg\" data-credit=\"Gelhausen\/Bundeswehr\/HSU\/UniBwH\" alt=\"\" class=\"wp-image-2536\" srcset=\"https:\/\/www.hsu-hh.de\/theevs\/wp-content\/uploads\/sites\/736\/2025\/12\/20251210_Prof_Schreiber_Gruppe_ev_Theologie_CG_03-1-1024x683.jpg 1024w, https:\/\/www.hsu-hh.de\/theevs\/wp-content\/uploads\/sites\/736\/2025\/12\/20251210_Prof_Schreiber_Gruppe_ev_Theologie_CG_03-1-300x200.jpg 300w, https:\/\/www.hsu-hh.de\/theevs\/wp-content\/uploads\/sites\/736\/2025\/12\/20251210_Prof_Schreiber_Gruppe_ev_Theologie_CG_03-1-768x512.jpg 768w, https:\/\/www.hsu-hh.de\/theevs\/wp-content\/uploads\/sites\/736\/2025\/12\/20251210_Prof_Schreiber_Gruppe_ev_Theologie_CG_03-1-1536x1024.jpg 1536w, https:\/\/www.hsu-hh.de\/theevs\/wp-content\/uploads\/sites\/736\/2025\/12\/20251210_Prof_Schreiber_Gruppe_ev_Theologie_CG_03-1-2048x1365.jpg 2048w, https:\/\/www.hsu-hh.de\/theevs\/wp-content\/uploads\/sites\/736\/2025\/12\/20251210_Prof_Schreiber_Gruppe_ev_Theologie_CG_03-1-1100x733.jpg 1100w\" sizes=\"auto, (max-width: 1024px) 100vw, 1024px\" \/><\/figure>\n<\/div>\n\n\n\n<div class=\"wp-block-column is-layout-flow wp-block-column-is-layout-flow\">\n<h2 class=\"wp-block-heading\">Contact<\/h2>\n\n\n\n<p><strong>E-Mail:<\/strong> <a href=\"mailto:schreiber@hsu-hh.de\" rel='nofollow'>lukas.johrendt@hsu-hh.de<\/a><\/p>\n\n\n\n<p><strong>Phone<\/strong>: (040) 6541-4844<\/p>\n<\/div>\n\n\n\n<div class=\"wp-block-column is-layout-flow wp-block-column-is-layout-flow\">\n<h3 class=\"wp-block-heading\">Visiting Adress<\/h3>\n\n\n\n<p>Helmut Schmidt University<br>Building H52, R. 044<br>Am Stadtrand 52<br>22047 Hamburg<\/p>\n\n\n\n<h3 class=\"wp-block-heading\">Mailing Adress<\/h3>\n\n\n\n<p>Helmut Schmidt University<br>Evangelische Theologie<br>PO Box 70 08 22<br>22008 Hamburg<\/p>\n<\/div>\n<\/div>\n\n\n\n<h2 class=\"wp-block-heading\">CV<\/h2>\n\n\n\n<ul class=\"wp-block-list\">\n<li>2012 \u2013 2019: Studied Protestant theology at the Friedrich-Alexander University and the Humboldt University of Berlin. Graduated with the theological entrance examination of the Evangelical Lutheran Church in Bavaria.<\/li>\n\n\n\n<li>2019 \u2013 2021: Editor of the \u201cYearbook of Social Protestantism\u201d.<\/li>\n\n\n\n<li>2020 \u2013 2023: Student Inspector at the Johanneum Berlin Foundation Student Residence Hall.<\/li>\n\n\n\n<li>2021 \u2013 2022: Research assistant at the Chair of Systematic Theology (Ethics and Hermeneutics) with <abbr title=\"Professor\">Prof.<\/abbr> <abbr title=\"Doktor\">Dr.<\/abbr> Torsten Meireis as part of the DFG project \u201cIs there a right to urban housing? Socio-ethical analyses\u201d.<\/li>\n\n\n\n<li><strong>Since 2024: Research Associate (100%) at the Chair of Protestant Theology with a special focus on social and technological ethics at the Helmut Schmidt University (University BW <abbr title=\"Hamburg\">HH<\/abbr>) (<abbr title=\"Professor\">Prof.<\/abbr> <abbr title=\"Doktor\">Dr.<\/abbr> Gerhard Schreiber)<\/strong><\/li>\n<\/ul>\n\n\n\n<p><\/p>\n\n\n\n<ul class=\"wp-block-list\">\n<li>Since 2019: Doctoral studies in Protestant theology at Humboldt University in Berlin (supervised by <abbr title=\"Professor\">Prof.<\/abbr> <abbr title=\"Doktor\">Dr.<\/abbr> Torsten Meireis). The working title of the doctoral project is &#8222;The Law in Protestant Ethics as a Source of Normative Validity.&#8220;<\/li>\n<\/ul>\n\n\n\n<h2 class=\"wp-block-heading\">Research Interests<\/h2>\n\n\n\n<ul class=\"wp-block-list\">\n<li style=\"font-size:19px\">Fundamental ethics<\/li>\n\n\n\n<li style=\"font-size:19px\">Theology of the 20th century, especially Lutheran theology in dialogue with the theology of Karl Barth<\/li>\n\n\n\n<li style=\"font-size:19px\">Ethics of commandments and questions of the normativity of theological legal concepts<\/li>\n\n\n\n<li style=\"font-size:19px\">Social ethics, especially political ethics and political theory (critical theory \/ radical democratic theory \/ poststructuralism)<\/li>\n\n\n\n<li style=\"font-size:19px\">Giorgio Agamben&#8217;s philosophy in theological conversation<\/li>\n\n\n\n<li style=\"font-size:19px\">Material ethical questions of social ethical analysis and reflection on urban housing and land markets<\/li>\n\n\n\n<li style=\"font-size:19px\">Gender theoretical and queer theological questions in the context of an ethics of life forms<\/li>\n\n\n\n<li style=\"font-size:19px\">Peace and military ethics<\/li>\n<\/ul>\n\n\n\n<h2 class=\"wp-block-heading\">Publications<\/h2>\n\n\n\n<ul class=\"wp-block-list\">\n<li class=\"has-medium-font-size\"><strong>Editorialships:<\/strong>\n<ul class=\"wp-block-list\">\n<li style=\"font-size:19px\">Ethik und Gesellschaft Nr. 1 (2022): Wohnverm\u00f6gen (together with Julian Degan, Bernhard Emunds, Torsten Meireis und Clemens Wustmans). (<a href=\"https:\/\/ethik-und-gesellschaft.de\/ojs\/index.php\/eug\/issue\/view\/102\" data-type=\"link\" data-id=\"https:\/\/ethik-und-gesellschaft.de\/ojs\/index.php\/eug\/issue\/view\/102\" rel='nofollow'>Open Access<\/a>)<\/li>\n\n\n\n<li style=\"font-size:19px\">Die Wohnungsfrage \u2013 eine Gerechtigkeitsfrage (Die Wirtschaft der Gesellschaft, Band 8), Weimar (Lahn) 2023 (together with Julian Degan, Bernhard Emunds, Torsten Meireis and Clemens Wustmans).<\/li>\n<\/ul>\n<\/li>\n<\/ul>\n\n\n\n<ul class=\"wp-block-list\">\n<li class=\"has-medium-font-size\"><strong>Articles and posts:<\/strong>\n<ul class=\"wp-block-list\">\n<li style=\"font-size:19px\">Die Stadt als Garten. Zum Recht auf urbanes Wohnen im Nachhaltigkeitskontext, in: Ethik und Gesellschaft Nr. 1 (2022): Wohnverm\u00f6gen (together with Torsten Meireis and Clemens Wustmans). (<a href=\"https:\/\/ethik-und-gesellschaft.de\/ojs\/index.php\/eug\/article\/view\/974\" data-type=\"link\" data-id=\"https:\/\/ethik-und-gesellschaft.de\/ojs\/index.php\/eug\/issue\/view\/102\" rel='nofollow'>Open Access<\/a>)<\/li>\n\n\n\n<li style=\"font-size:19px\">Ethik \u2013 Maieutik \u2013 Narration, in: Ethik in der Hermeneutik \u2013 Hermeneutik in der Ethik, ed. from Ulrich H.J. K\u00f6rtner\/Christiane Tietz. Leiden 2022, 93-96.<\/li>\n\n\n\n<li style=\"font-size:19px\">Wohnpolitik \u2013 Raumpolitik \u2013 Sozialpolitik. Wertfeststellungen und kritische Analyse, in: Die Wohnungsfrage \u2013 eine Gerechtigkeitsfrage (Die Wirtschaft der Gesellschaft, Band 8), ed. from Julian Degan, Bernhard Emunds, Lukas Johrendt, Torsten Meireis, Clemens Wustmans, Weimar (Lahn) 2023, 263-281 (together with Torsten Meireis and Clemens Wustmans).&nbsp;<\/li>\n\n\n\n<li>Vom Recht auf Wohnen in der Stadt. Eine normative Skizze, in: Zeitschrift f\u00fcr Evangelische Ethik, Vol 68, No 2, 103-118 (together with Julian Degan, Bernhard Emunds, Torsten Meireis and Clemens Wustmans).<\/li>\n\n\n\n<li>The garden city as a commons: Social-ethical perspectives on the new housing question, in: Verbum et Ecclesia, Vol 45, No 2 (Gemeinsam mit Torsten Meireis). <a href=\"https:\/\/verbumetecclesia.org.za\/index.php\/ve\/article\/view\/3191\" rel='nofollow'>(Open Access)<\/a><\/li>\n\n\n\n<li>Eine demokratische Pflicht? Radikal-demokratische Erwiderungen zur allgemeinen Dienstpflicht, in: Umstrittene allgemeine Dienstpflicht, ed. from Alexander Dietz\/Hermann Diebel-Fischer, M\u00fcnster 2025, 139-163.<\/li>\n<\/ul>\n<\/li>\n<\/ul>\n\n\n\n<ul class=\"wp-block-list\">\n<li class=\"has-medium-font-size\"><strong>Reviews:<\/strong>\n<ul class=\"wp-block-list\">\n<li style=\"font-size:19px\">Messianischer Anarchismus als Ausweg? Zu Giorgio Agambens Versuch einer politischen Ontologie, in: Ethik und Gesellschaft Nr. 2 (2020): Frauenfeindlichkeit mit System. Zur Logik der Misogynie in doch-nicht-post-patriarchalen Zeiten. (<a href=\"https:\/\/ethik-und-gesellschaft.de\/ojs\/index.php\/eug\/article\/view\/2-2020-rez-1\" data-type=\"link\" data-id=\"https:\/\/ethik-und-gesellschaft.de\/ojs\/index.php\/eug\/issue\/view\/102\" rel='nofollow'>Open Access<\/a>)<\/li>\n\n\n\n<li style=\"font-size:19px\">Giorgio Agamben (2021) An welchem Punkt stehen wir? Die Epidemie als Politik, in: Ethik Med 34 (2022), 125-127. (<a href=\"https:\/\/link.springer.com\/article\/10.1007\/s00481-021-00676-5\" data-type=\"link\" data-id=\"https:\/\/ethik-und-gesellschaft.de\/ojs\/index.php\/eug\/issue\/view\/102\" rel='nofollow'>Open Access<\/a>)<\/li>\n\n\n\n<li style=\"font-size:19px\">Ontologie als radikale Theologietheorie? Zu Rasmus Nagels Studie Universale Singularit\u00e4t zwischen radikaler Demokratietheorie, Ontologie und Theologie, in: Ethik und Gesellschaft Nr. 1 (2022): Wohnverm\u00f6gen. (<a href=\"https:\/\/ethik-und-gesellschaft.de\/ojs\/index.php\/eug\/article\/view\/987\" data-type=\"link\" data-id=\"https:\/\/ethik-und-gesellschaft.de\/ojs\/index.php\/eug\/issue\/view\/102\" rel='nofollow'>Open Access<\/a>)<\/li>\n\n\n\n<li style=\"font-size:19px\">Klaus von Stosch and Christiane Tietz: Normativit\u00e4t Heiliger Schriften in Judentum, Christentum und Islam, in: <em><abbr title=\"Zentrales Elektronisches Entwicklungslabor\">ZEE<\/abbr><\/em> 3\/2023.<\/li>\n\n\n\n<li style=\"font-size:19px\">Die religi\u00f6se Befreiung der kritischen Theorie. Zu Christoph Menkes radikaler Theorie der Befreiung, in: Ethik und Gesellschaft Nr. 1 (2024): Ge|teilte Wirklichkeiten. (<a href=\"https:\/\/ethik-und-gesellschaft.de\/ojs\/index.php\/eug\/article\/view\/1388\" data-type=\"link\" data-id=\"https:\/\/ethik-und-gesellschaft.de\/ojs\/index.php\/eug\/issue\/view\/102\" rel='nofollow'>Open Access<\/a>)<\/li>\n\n\n\n<li>Von Mythos und Mimesis des Kerygmas. Bastian K\u00f6nig, Das Kerygma als Narration. Rudolf Bultmanns Theologie im Gespr\u00e4ch mit Paul Ric\u0153urs Hermeneutik, in: <em>Netzwerk Hermeneutik Interpretationstheorie (NHI)<\/em> (Ed.), Newsletter No 13, Juli 2024, 5-8. (<a href=\"https:\/\/www.hermes.uzh.ch\/de\/NHI\/newsletter.html\" data-type=\"link\" data-id=\"https:\/\/ethik-und-gesellschaft.de\/ojs\/index.php\/eug\/issue\/view\/102\" rel='nofollow'>Open Access<\/a>)<\/li>\n\n\n\n<li>Traugott J\u00e4hnichen: Evangelischer Glaube in der pluralen Religionskultur der Moderne. Fundamentaltheologische Perspektiven, in <em><abbr title=\"Zentrales Elektronisches Entwicklungslabor\">ZEE<\/abbr><\/em> 1\/2025.<\/li>\n\n\n\n<li>Intensiv. Studie zu sexualisierter Gewalt, Review on Ute Gause, \u00bbGott habe ihm gesagt, er solle mich zur Frau machen\u00ab Missbrauch in der Evangelischen Kirche \u2013 eine Einzelfallstudie, in: <em>Zeitzeichen<\/em> 2\/2025.<\/li>\n\n\n\n<li>Stefan Alkier, Martin Ke\u00dfler and Stefan Rhein (Ed.): Evangelische Kirchen und Politik in Deutschland. Konstellationen im 20. Jahrhundert, in: <em><abbr title=\"Zentrales Elektronisches Entwicklungslabor\">ZEE<\/abbr><\/em> 2\/2025.<\/li>\n<\/ul>\n<\/li>\n<\/ul>\n\n\n\n<h2 class=\"wp-block-heading\">Talks<\/h2>\n\n\n\n<ul class=\"wp-block-list\">\n<li style=\"font-size:19px\">&#8222;Ethik \u2013 Maieutik \u2013 Narration. Response auf Bastian K\u00f6nig&#8220;. Forum Nachwuchs Hermeneutik und Interpretationstheorie im Rahmen der 6. Jahrestagung des Netzwerks Hermeneutik und Interpretationstheorie (NHI) &#8222;Hermeneutik in der Ethik&#8220;, 2021.<\/li>\n\n\n\n<li style=\"font-size:19px\">&#8222;Wir schaffen es nicht ganz allein! Wie k\u00f6nnen alle Menschen ein Zuhause bekommen?&#8220;. Kinder Akademie Armut und Obdachlosigkeit der Stadtmission Berlin, 2021.<\/li>\n\n\n\n<li style=\"font-size:19px\">&#8222;The garden city as a commons. Social-ethical perspectives on the new housing question&#8220;. VI. Global Network for Public Theology Consultation \u201ePublic Theologies in Vibrating Cities: Precious and Precarious\u201c, Curitiba (Brasilien) 2022 (together with Torsten Meireis).<\/li>\n\n\n\n<li style=\"font-size:19px\">Im \u201eBann des Gesetzes\u201c \u2013 Giorgio Agamben als lutherischer Theologe des Politischen? Politische Theologie. Genealogien, Konstellationen, Figuren. Workshop im Rahmen des Forschungsforums \u00bbLiteratur und Religion\u00ab, Halle 2023.<\/li>\n\n\n\n<li style=\"font-size:19px\">&#8222;Die Stadt und der Garten. Sozialethische \u00dcberlegungen zur neuen Wohnungsfrage&#8220;. Theme day of theologies, Humboldt University Berlin, 2023 (Together with Torsten Meireis).<\/li>\n\n\n\n<li style=\"font-size:19px\">Workshop &#8222;Ethik&#8220; as part of the project &#8222;Kompass Theologie. Fortbildung f\u00fcr Mitarbeitende in der evangelischen Arbeit mit jungen Menschen ohne theologische Vorerfahrung&#8220; der Evangelisch-Lutherische Kirche in Norddeutschland (Hauptbereich Generationen und Geschlechter), 2024.<\/li>\n\n\n\n<li style=\"font-size:19px\">&#8222;Gibt es ein Recht auf urbanen Wohnraum? Sozialethische Analysen&#8220; as part of the conference &#8222;Ethik des Wohnens&#8220; of the joint pastoral college of the Evangelical Church in the Rhineland, the Evangelical Church of Westphalia, the Lippe Regional Church and the Evangelical Reformed Church, Magdeburg 2024.<\/li>\n\n\n\n<li style=\"font-size:19px\">&#8222;Das Gesetz der erf\u00fcllten Zeit. Eine ethisch orientierende Theologie des Gesetzes\u201c. 38. Iwand-Symposion, Speyer 2024.<\/li>\n\n\n\n<li style=\"font-size:19px\">&#8222;Im Bann des Gesetzes. Die orientierende Kraft des Gesetzes f\u00fcr die ev. Ethik&#8220; Internationale Bonhoeffer Gesellschaft, annual conference \u00bbWas hei\u00dft heute die Wahrheit sagen? Wahrhaftigkeit, deep fakes und (digitale) Medien\u00ab, Eisenach 2024.<\/li>\n\n\n\n<li style=\"font-size:19px\">&#8222;Verantwortung. Das Programm eines B\u00fcndnisses theologischer und humanistischer Medienethik \u2013 Impuls im perspektivischen Tagungsr\u00fcckblick&#8220; Digitale Medienethik. Theologische und humanistische Perspektiven im Dialog, Forschungstagung im Theologischen Studienseminar der VELKD, Pullach 2024.<\/li>\n\n\n\n<li style=\"font-size:19px\">&#8222;Widerstand und Erhebung. Radikal demokratische \u00dcberlegungen zu einer Theologie des Politischen&#8220; Berliner theologisches Kolloquium 2025: Resilienz der Demokratie, Berlin 2025.<\/li>\n\n\n\n<li style=\"font-size:19px\">\u00bbSexualit\u00e4t ist, was wir daraus machen\u00ab. Queere Perspektiven auf eine Lebenskunst der Sexualit\u00e4t&#8220; Planung Treffen \u201eQueering PT \/ Ethik\u201c as part of the DFG Forschungsnetzwerks \u201eTheologische Lebenskunstforschung&#8220;, Rothenburg o.d. Tauber 2025.<\/li>\n\n\n\n<li>&#8222;Krise \u2013 Situativit\u00e4t \u2013 Di\ufb00erenz. Auf dem Weg zu einer Theologie des Gesetzes&#8220; 2. Graduiertenforum Leucorea &#8222;Theorie der Befreiung&#8220; (with <abbr title=\"Professor\">Prof.<\/abbr> <abbr title=\"Doktor\">Dr.<\/abbr> Christoph Menke), Wittenberg 2025.<\/li>\n<\/ul>\n\n\n\n<h2 class=\"wp-block-heading\"><br>Memberships<\/h2>\n\n\n\n<ul class=\"wp-block-list\">\n<li>Senate Committee &#8222;Artificial Intelligence&#8220; of the Helmut Schmidt University \/ University of the Federal Armed Forces Hamburg<\/li>\n\n\n\n<li><a href=\"https:\/\/www.research.centreforfaithandcommunity.co.za\" rel='nofollow'>Research Fellow&nbsp;Faculty of Theology and Religion University of Pretoria, Centre For Faith and Community<\/a><\/li>\n\n\n\n<li><a href=\"https:\/\/karl-barth-gesellschaft.de\/\" rel='nofollow'>Karl Barth-Gesellschaft e.V.<\/a><\/li>\n\n\n\n<li><a href=\"http:\/\/www.hansiwandstiftung.de\/\" rel='nofollow'>Hans Iwand Stiftung e.V.<\/a><\/li>\n\n\n\n<li><a href=\"http:\/\/www.atwt.de\/\" rel='nofollow'>Arbeitskreis f\u00fcr theologische Wirtschafts- und Technikethik e.V. (ATWT)<\/a><\/li>\n\n\n\n<li><a href=\"https:\/\/chancengleichheit-ekhn.de\/startseite\/themen\/geschlechtliche-vielfalt.html\" rel='nofollow'>Mitarbeit in der Fachgruppe Gendergerechtigkeit der Evangelischen Kirche in Hessen und Nassau<\/a><\/li>\n<\/ul>\n","protected":false},"excerpt":{"rendered":"<p>Research Associate at the Chair of Protestant Theology Contact E-Mail: lukas.johrendt@hsu-hh.de Phone: (040) 6541-4844 Visiting Adress Helmut Schmidt UniversityBuilding H52, R. 044Am Stadtrand 5222047 Hamburg Mailing Adress Helmut Schmidt UniversityEvangelische [&hellip;]<\/p>\n","protected":false},"author":3847,"featured_media":0,"parent":0,"menu_order":0,"comment_status":"closed","ping_status":"closed","template":"","meta":{"footnotes":""},"categories":[7],"tags":[],"class_list":["post-1473","page","type-page","status-publish","hentry","category-research"],"_links":{"self":[{"href":"https:\/\/www.hsu-hh.de\/theevs\/wp-json\/wp\/v2\/pages\/1473","targetHints":{"allow":["GET"]}}],"collection":[{"href":"https:\/\/www.hsu-hh.de\/theevs\/wp-json\/wp\/v2\/pages"}],"about":[{"href":"https:\/\/www.hsu-hh.de\/theevs\/wp-json\/wp\/v2\/types\/page"}],"author":[{"embeddable":true,"href":"https:\/\/www.hsu-hh.de\/theevs\/wp-json\/wp\/v2\/users\/3847"}],"replies":[{"embeddable":true,"href":"https:\/\/www.hsu-hh.de\/theevs\/wp-json\/wp\/v2\/comments?post=1473"}],"version-history":[{"count":12,"href":"https:\/\/www.hsu-hh.de\/theevs\/wp-json\/wp\/v2\/pages\/1473\/revisions"}],"predecessor-version":[{"id":2537,"href":"https:\/\/www.hsu-hh.de\/theevs\/wp-json\/wp\/v2\/pages\/1473\/revisions\/2537"}],"wp:attachment":[{"href":"https:\/\/www.hsu-hh.de\/theevs\/wp-json\/wp\/v2\/media?parent=1473"}],"wp:term":[{"taxonomy":"category","embeddable":true,"href":"https:\/\/www.hsu-hh.de\/theevs\/wp-json\/wp\/v2\/categories?post=1473"},{"taxonomy":"post_tag","embeddable":true,"href":"https:\/\/www.hsu-hh.de\/theevs\/wp-json\/wp\/v2\/tags?post=1473"}],"curies":[{"name":"wp","href":"https:\/\/api.w.org\/{rel}","templated":true}]}}