{"id":1465,"date":"2025-04-28T16:39:18","date_gmt":"2025-04-28T14:39:18","guid":{"rendered":"https:\/\/www.hsu-hh.de\/theevs\/?page_id=1465"},"modified":"2026-03-26T09:15:36","modified_gmt":"2026-03-26T08:15:36","slug":"kathrin-bruder-geb-burghardt","status":"publish","type":"page","link":"https:\/\/www.hsu-hh.de\/theevs\/en\/kathrin-bruder-geb-burghardt","title":{"rendered":"Kathrin Bruder (geb. Burghardt)"},"content":{"rendered":"\n<p><strong>Research Associate at the Chair of Protestant Theology<\/strong><\/p>\n\n\n\n<div style=\"height:20px\" aria-hidden=\"true\" class=\"wp-block-spacer\"><\/div>\n\n\n\n<div class=\"wp-block-columns is-layout-flex wp-container-core-columns-is-layout-9d6595d7 wp-block-columns-is-layout-flex\">\n<div class=\"wp-block-column is-layout-flow wp-block-column-is-layout-flow\">\n<figure class=\"wp-block-image size-large\"><img loading=\"lazy\" decoding=\"async\" width=\"1024\" height=\"683\" src=\"https:\/\/www.hsu-hh.de\/theevs\/wp-content\/uploads\/sites\/736\/2025\/05\/023_4708-Kopie-1024x683.jpg\" data-credit=\"HSU\/Gelhausen\" alt=\"\" class=\"wp-image-1776\" srcset=\"https:\/\/www.hsu-hh.de\/theevs\/wp-content\/uploads\/sites\/736\/2025\/05\/023_4708-Kopie-1024x683.jpg 1024w, https:\/\/www.hsu-hh.de\/theevs\/wp-content\/uploads\/sites\/736\/2025\/05\/023_4708-Kopie-300x200.jpg 300w, https:\/\/www.hsu-hh.de\/theevs\/wp-content\/uploads\/sites\/736\/2025\/05\/023_4708-Kopie-768x512.jpg 768w, https:\/\/www.hsu-hh.de\/theevs\/wp-content\/uploads\/sites\/736\/2025\/05\/023_4708-Kopie-1536x1024.jpg 1536w, https:\/\/www.hsu-hh.de\/theevs\/wp-content\/uploads\/sites\/736\/2025\/05\/023_4708-Kopie-2048x1365.jpg 2048w, https:\/\/www.hsu-hh.de\/theevs\/wp-content\/uploads\/sites\/736\/2025\/05\/023_4708-Kopie-1100x733.jpg 1100w\" sizes=\"auto, (max-width: 1024px) 100vw, 1024px\" \/><\/figure>\n<\/div>\n\n\n\n<div class=\"wp-block-column is-layout-flow wp-block-column-is-layout-flow\">\n<h2 class=\"wp-block-heading\">Contact<\/h2>\n\n\n\n<p><strong>E-Mail<\/strong>: <a href=\"mailto:kathrin.bruder@hsu.hamburg\" rel='nofollow'>kathrin.bruder@hsu.hamburg<\/a><\/p>\n\n\n\n<p><strong>Phone<\/strong>: (040) 6541-4843<\/p>\n<\/div>\n\n\n\n<div class=\"wp-block-column is-layout-flow wp-block-column-is-layout-flow\">\n<h3 class=\"wp-block-heading\">Visiting Adress<\/h3>\n\n\n\n<p>Helmut Schmidt University<br>Building H52, Raum 044<br>Am Stadtrand 52<br>22047 Hamburg<\/p>\n\n\n\n<h3 class=\"wp-block-heading\">Mailing Adress<\/h3>\n\n\n\n<p>Helmut Schmidt University<br>Evangelische Theologie<br>PO Box 70 08 22<br>22008 Hamburg<\/p>\n<\/div>\n<\/div>\n\n\n\n<h4 class=\"wp-block-heading\">CV<\/h4>\n\n\n\n<ul class=\"wp-block-list\">\n<li>Since January 2024: Research assistant (full-time) at the Chair of Protestant Theology with special emphasis on social and technological ethics, Helmut Schmidt University, University of the Federal Armed Forces Hamburg.<\/li>\n\n\n\n<li>June &#8211; December 2023: Research Associate (full-time) in the research project &#8222;Discourses of disruptive digital technologies using AI text generators (KI:Text) as an example&#8220;, ZEVEDI, Technical University of Darmstadt.<\/li>\n\n\n\n<li>Since 2023: Board member of the Arbeitskreis f\u00fcr Theologische Wirtschafts- und Technikethik (ATWT).<\/li>\n\n\n\n<li>Since 2022: Member of the network for young researchers Neth:KI \u2013 the network for theology and AI.<\/li>\n\n\n\n<li>2021-2024: Doctoral scholarship holder of the German Academic Scholarship Foundation.<\/li>\n\n\n\n<li>2021: Doctoral scholarship from the Hessian Luther Foundation (not accessed).<\/li>\n\n\n\n<li>Since 2020: Doctoral student at the Department of Protestant Theology (Doctoral subject: Philosophy of Religion) under the primary supervision of Apl. <abbr title=\"Professor\">Prof.<\/abbr> <abbr title=\"Doktor\">Dr.<\/abbr> Lukas Ohly.<\/li>\n\n\n\n<li>2019: Recipient of the Alumni Prize of the Association for Friends and Supporters of Protestant Theology in Frankfurt\/Main e.V. at the end of the academic year 2018\/2019 due to the scientific term paper as part of the exam.<\/li>\n<\/ul>\n\n\n\n<h4 class=\"wp-block-heading\">Publications<\/h4>\n\n\n\n<ul class=\"wp-block-list\">\n<li>2026: Theologisch-Ethische Herausforderungen durch die Z\u00fcchtung synthetischer Embryonen und k\u00fcnstlicher Simulationen des Menschen. In: Kirchliches Jahrbuch f\u00fcr die Evangelische Kirche in Deutschland 2022. G\u00fctersloh.<\/li>\n\n\n\n<li>2025 (still pending): Vom Recht vom Menschen behandelt zu werden. In: Costanze, C; Plaul, K.: Digitale Medienethik. Theologische und humanistische Perspektiven im Dialog. <\/li>\n\n\n\n<li>2024 (online): AI Text Generators and the Truth Paradigm. Considerations from a Phenomenological Perspective. In: <em>Filozofia<\/em>,&nbsp;79 (2024),&nbsp;5,&nbsp;514 &#8211; 528.<\/li>\n\n\n\n<li>2023 (online), 2024 (Druck): KI-Textgeneratoren und der Anspruch auf Wahrheit. In: Ohly, L; Schreiber, G. (Ed.): KI:Text. Diskurse \u00fcber KI-Textgeneratoren. Berlin.<\/li>\n\n\n\n<li>2023 (online): Conference report: \u201eKI \u2013 Text und Geltung. Wie ver\u00e4ndern KI-Textgeneratoren wissenschaftliche Diskurse?\u201c, <em>H\/SOZ\/KULT<\/em>.<\/li>\n\n\n\n<li>2023: Digitales Selbstbewusstsein. Philosophische Interventionen. In: Winter-Tietel, R.; Ohly, L. (Ed.): Theologie Angesichts des Digitalen. Beitr\u00e4ge zu den Theologischen Herausforderungen durch Digitalit\u00e4t und Digitalisierung. Frankfurt\/Main.<\/li>\n\n\n\n<li>2023: Der Unterschied zwischen Synthetisierung und Selbstverf\u00fcgung. Eine ph\u00e4nomenologische Analyse des Selbstbewusstseins unter der Herausforderung k\u00fcnstlich-intelligenter Systeme. In: Diebel-Fischer, H.; Kunkel, N.; Zeyher-Quattlender, J. (Ed.): Mensch und Maschine im Zeitalter \u201eK\u00fcnstlicher Intelligenz\u201c. Theologisch-ethische Herausforderungen (Annual Conference of the &#8222;Arbeitskreises f\u00fcr Theologische Wirtschafts- und Technikethik&#8220; Oktober 2021). Berlin.<\/li>\n\n\n\n<li>2021: Wenn Maschinen als Menschen zu begegnen scheinen. Anerkennung unter der Herausforderung transhumanistischer Visionen. In: Ohly, L.; Gerber, U. (Ed.): Anerkennung. Personal &#8211; sozial &#8211; transsozial. Leipzig.<\/li>\n<\/ul>\n\n\n\n<h4 class=\"wp-block-heading\">Talks<\/h4>\n\n\n\n<ul class=\"wp-block-list\">\n<li>April 24, 2025: Was ist guter, was erlaubter Sex? Einf\u00fchrung in die Sexualethik und Unterschiede zum Strafrecht. As part of the lecture series &#8222;Sexual Criminal Law in Transition&#8220; at the Hanover Law Faculty under the direction of <abbr title=\"Doktor\">Dr.<\/abbr> Maximilian Nussbaum, Leibniz University Hannover.<\/li>\n\n\n\n<li>2024: ChatGPT and the truth. Digital Research Forum: Religion and AI.<\/li>\n\n\n\n<li>2023: Humans are essentially patterns of information. The Ethical Implications of Information Monism in Transhumanist Thought. Conference: Corpo:reality. Body and Embodiment in AI and Robotics. Neth:KI. W\u00fcrzburg.<\/li>\n\n\n\n<li>2022: Digitales Selbstbewusstsein. Philosophische Interventionen. \u00d6ffentliche Nachwuchstagung: Theologische Herausforderungen durch Digitalit\u00e4t und Digitalisierung. Goethe University Frankfurt\/Main.&nbsp;<\/li>\n\n\n\n<li>2021: Die Verschmelzung des Menschen mit der Technik. Science-Fiction oder allgegenw\u00e4rtige Realit\u00e4t? Ev. Forum Kassel.<\/li>\n<\/ul>\n\n\n\n<h4 class=\"wp-block-heading\">Completed research projects<\/h4>\n\n\n\n<ul class=\"wp-block-list\">\n<li>Diskurse disruptiver digitaler Technologien am Beispiel von KI-Textgeneratoren (KI:Text), ZEVEDI.<\/li>\n<\/ul>\n\n\n\n<h4 class=\"wp-block-heading\">conference organizations<\/h4>\n\n\n\n<ul class=\"wp-block-list\">\n<li>September 18\/19 2025: Woke und Wehrhaft. Queere Lebenswirklichkeiten in der Bundeswehr (<abbr title=\"Helmut Schmidt Universit\u00e4t\">HSU<\/abbr>, Hamburg)<\/li>\n\n\n\n<li>July 18\/19 2025: Allzu menschlich? Theologische Anthropologie und Ethik angesichts der \u201eposthumanistischen Wende\u201c (ATWT, G\u00f6ttingen) (<a href=\"http:\/\/www.atwt.de\/tagungen\/\" rel='nofollow'>http:\/\/www.atwt.de\/tagungen\/<\/a>)<\/li>\n\n\n\n<li>Dezember 1\/2, 2023: Corporeality. Body and Embodiment in AI and Robotics. (Neth:KI, W\u00fcrzburg)<\/li>\n\n\n\n<li>August 25\/26, 2023: KI \u2013 Text und Geltung. Wie ver\u00e4ndern KI-Textgeneratoren wissenschaftliche Diskurse? (<abbr title=\"Technische Universit\u00e4t\">TU<\/abbr> Darmstadt)<\/li>\n<\/ul>\n\n\n\n<h4 class=\"wp-block-heading\">Membership<\/h4>\n\n\n\n<ul class=\"wp-block-list\">\n<li><a href=\"http:\/\/www.atwt.de\/\" rel='nofollow'>Arbeitskreis f\u00fcr theologische Wirktschafts- und Technikethik e.V. (ATWT)<\/a> (Board member)<\/li>\n\n\n\n<li><a href=\"https:\/\/nethki.digital\/\" rel='nofollow'>Neth:KI &#8211; Netzwerk f\u00fcr Theologie und K\u00fcnstliche Intelligenz<\/a> <\/li>\n\n\n\n<li>Fachgruppe Gendergerechtigkeit (EKHN)<\/li>\n\n\n\n<li>EKD-Kammernetzwerk &#8211; PG. Ev. Sexualethik<\/li>\n\n\n\n<li>EKD-Kammernetzwerk &#8211; PG. Sexuelle Bildung <\/li>\n\n\n\n<li>Senatsausschuss zur F\u00f6rderung der Chancengleichheit (SenA Chance) <abbr title=\"Helmut Schmidt Universit\u00e4t\">HSU<\/abbr> Hamburg<\/li>\n<\/ul>\n\n\n<h3>Teach<\/h3>\n\n\n<ul class=\"wp-block-list\">\n<li>October &#8211; December 2025: der optimierte Mensch. Vision, Hybris oder Notwendigkeit (<abbr title=\"Helmut Schmidt Universit\u00e4t\">HSU<\/abbr>, Hamburg)<\/li>\n\n\n\n<li>April &#8211; June 2025: Sexualethik. (<abbr title=\"Helmut Schmidt Universit\u00e4t\">HSU<\/abbr>, Hamburg)<\/li>\n\n\n\n<li>February 2, 2024 &#8211; March 1, 2025: Sexualethik und Sexualstrafrecht. Bestandsaufnahme, kritische Reflexion und Neukonstruktion. (Winter academy of the German Academic Scholarship Foundation 2025, Davos)<\/li>\n\n\n\n<li>Oktober &#8211; December 2024: Der Mensch als selbstbewusstes Wesen. \u00dcberlegungen aus der Philosophie des Geistes. (<abbr title=\"Helmut Schmidt Universit\u00e4t\">HSU<\/abbr>, Hamburg)<\/li>\n\n\n\n<li>April &#8211; June 2024: Der Mensch im Angesicht seiner technischen Simulation. (<abbr title=\"Helmut Schmidt Universit\u00e4t\">HSU<\/abbr>, Hamburg)<\/li>\n\n\n\n<li>February 22 2024 &#8211; March 2, 2024: \u201eSch\u00f6ne neue Welt?\u201c \u2013 Ethik und Recht der Mensch-Maschine\u00ad\u00ad-Interaktion. (Winter academy of the German Academic Scholarship Foundation 2024, Davos)<\/li>\n<\/ul>\n","protected":false},"excerpt":{"rendered":"<p>Research Associate at the Chair of Protestant Theology Contact E-Mail: kathrin.bruder@hsu.hamburg Phone: (040) 6541-4843 Visiting Adress Helmut Schmidt UniversityBuilding H52, Raum 044Am Stadtrand 5222047 Hamburg Mailing Adress Helmut Schmidt UniversityEvangelische [&hellip;]<\/p>\n","protected":false},"author":3847,"featured_media":0,"parent":0,"menu_order":0,"comment_status":"closed","ping_status":"closed","template":"","meta":{"footnotes":""},"categories":[7],"tags":[],"class_list":["post-1465","page","type-page","status-publish","hentry","category-research"],"_links":{"self":[{"href":"https:\/\/www.hsu-hh.de\/theevs\/wp-json\/wp\/v2\/pages\/1465","targetHints":{"allow":["GET"]}}],"collection":[{"href":"https:\/\/www.hsu-hh.de\/theevs\/wp-json\/wp\/v2\/pages"}],"about":[{"href":"https:\/\/www.hsu-hh.de\/theevs\/wp-json\/wp\/v2\/types\/page"}],"author":[{"embeddable":true,"href":"https:\/\/www.hsu-hh.de\/theevs\/wp-json\/wp\/v2\/users\/3847"}],"replies":[{"embeddable":true,"href":"https:\/\/www.hsu-hh.de\/theevs\/wp-json\/wp\/v2\/comments?post=1465"}],"version-history":[{"count":16,"href":"https:\/\/www.hsu-hh.de\/theevs\/wp-json\/wp\/v2\/pages\/1465\/revisions"}],"predecessor-version":[{"id":2758,"href":"https:\/\/www.hsu-hh.de\/theevs\/wp-json\/wp\/v2\/pages\/1465\/revisions\/2758"}],"wp:attachment":[{"href":"https:\/\/www.hsu-hh.de\/theevs\/wp-json\/wp\/v2\/media?parent=1465"}],"wp:term":[{"taxonomy":"category","embeddable":true,"href":"https:\/\/www.hsu-hh.de\/theevs\/wp-json\/wp\/v2\/categories?post=1465"},{"taxonomy":"post_tag","embeddable":true,"href":"https:\/\/www.hsu-hh.de\/theevs\/wp-json\/wp\/v2\/tags?post=1465"}],"curies":[{"name":"wp","href":"https:\/\/api.w.org\/{rel}","templated":true}]}}