{"id":1457,"date":"2025-04-28T16:25:05","date_gmt":"2025-04-28T14:25:05","guid":{"rendered":"https:\/\/www.hsu-hh.de\/theevs\/?page_id=1457"},"modified":"2026-02-19T09:28:24","modified_gmt":"2026-02-19T08:28:24","slug":"dr-sylvia-kuehne","status":"publish","type":"page","link":"https:\/\/www.hsu-hh.de\/theevs\/en\/dr-sylvia-kuehne","title":{"rendered":"Dr. Sylvia K\u00fchne"},"content":{"rendered":"\n<p><strong>Research Associate at the Chair of Protestant Theology<\/strong><\/p>\n\n\n\n<div style=\"height:20px\" aria-hidden=\"true\" class=\"wp-block-spacer\"><\/div>\n\n\n\n<div class=\"wp-block-columns is-layout-flex wp-container-core-columns-is-layout-9d6595d7 wp-block-columns-is-layout-flex\">\n<div class=\"wp-block-column is-layout-flow wp-block-column-is-layout-flow\"><script>\tvar sosereDefaults = {\"allowfullscreen\":true,\"fit\":\"contain\",\"transition\":\"crossfade\",\"loop\":true,\"autoplay\":\"3000\",\"stopautoplayontouch\":true,\"keyboard\":true,\"nav\":\"thumbs\"}<\/script><div class='sosere--wp' data-ids='1870'data-link='file'data-itemtag='dl'data-icontag='dt'data-captiontag='dd'data-columns='0'data-size='large'data-width='1024'data-auto='false'data-max-width='100%'data-ratio='1.4992679355783'><div id='gallery-1' class='gallery galleryid-1457 gallery-columns-0 gallery-size-thumbnail'><dl class='gallery-item'>\n\t\t\t<dt class='gallery-icon landscape'>\n\t\t\t\t<a href='https:\/\/www.hsu-hh.de\/theevs\/wp-content\/uploads\/sites\/736\/2025\/06\/SK_Portrait-1024x683.jpg' data-full='https:\/\/www.hsu-hh.de\/theevs\/wp-content\/uploads\/sites\/736\/2025\/06\/SK_Portrait-scaled.jpg' data-credit=\"HSU\/Gelhausen\"><img loading=\"lazy\" decoding=\"async\" width=\"150\" height=\"150\" src=\"https:\/\/www.hsu-hh.de\/theevs\/wp-content\/uploads\/sites\/736\/2025\/06\/SK_Portrait-150x150.jpg\" class=\"attachment-thumbnail size-thumbnail\" alt=\"\" srcset=\"https:\/\/www.hsu-hh.de\/theevs\/wp-content\/uploads\/sites\/736\/2025\/06\/SK_Portrait-150x150.jpg 150w, https:\/\/www.hsu-hh.de\/theevs\/wp-content\/uploads\/sites\/736\/2025\/06\/SK_Portrait-100x100.jpg 100w\" sizes=\"auto, (max-width: 150px) 100vw, 150px\" \/><\/a>\n\t\t\t<\/dt><\/dl>\n\t\t<\/div>\n<\/div><\/div>\n\n\n\n<div class=\"wp-block-column is-layout-flow wp-block-column-is-layout-flow\">\n<h2 class=\"wp-block-heading\">Contact<\/h2>\n\n\n\n<p><strong>E-Mail:<\/strong> kuehnes@hsu.hamburg | kuehnes@hsu-hh.de<\/p>\n\n\n\n<p><strong>Phone:<\/strong> +49 40 6541 4748<\/p>\n<\/div>\n\n\n\n<div class=\"wp-block-column is-layout-flow wp-block-column-is-layout-flow\">\n<h3 class=\"wp-block-heading\">Visiting Adress<\/h3>\n\n\n\n<p>Helmut-Schmidt-Universit\u00e4t<br>Building H52<br>Am Stadtrand 52<br>22047 Hamburg<\/p>\n\n\n\n<h3 class=\"wp-block-heading\">Mailing Adress<\/h3>\n\n\n\n<p>Helmut-Schmidt-Universit\u00e4t<br>Evangelische Theologie<br>PO Box 70 08 22<br>22008 Hamburg<\/p>\n<\/div>\n<\/div>\n\n\n\n<p><strong>CV<\/strong><\/p>\n\n\n\n<ul class=\"wp-block-list\">\n<li>Since April 2025, Research Associate at the AI \u200b\u200bEthics Research Hub at the Helmut Schmidt University\/University of the Federal Armed Forces Hamburg (<abbr title=\"Helmut Schmidt Universit\u00e4t\">HSU<\/abbr>\/<abbr title=\"Universit\u00e4t der Bundeswehr Hamburg\">UniBwH<\/abbr>).<\/li>\n\n\n\n<li>2023-2024, Head of the &#8222;BioUse \u2013 Usability Analyses&#8220; project (RWTH Aachen University, Federal Office for Information Security, Bonn-Rheinsieg University of Applied Sciences). <\/li>\n\n\n\n<li>2021-2024 Research Associate at the Institute of Sociology, Department of Technology and Diversity, RWTH Aachen University, in the DFG-funded research project &#8222;<a href=\"https:\/\/www.soziologie.rwth-aachen.de\/cms\/soziologie\/die-organisationseinheit\/lehr-und-forschungseinheiten\/technik-und-diversity\/projekte\/~khecr\/flughafensicherheit\/?lidx=1\" rel='nofollow'>Socio-Technical Systems of Anticipatory Truth Verification in the Field of Airport Security<\/a>&#8220; (Project Leaders: <abbr title=\"Professor\">Prof.<\/abbr> Torsten Voigt, <abbr title=\"Doktor\">Dr.<\/abbr> Bettina Paul) <\/li>\n\n\n\n<li>2019-2020 Research Associate in the DSF-funded project &#8222;<a href=\"https:\/\/ifsh.de\/en\/research\/arms-control\/algorithmen-und-kuenstliche-intelligenz-als-game-changer\" rel='nofollow'>Algorithms and Artificial Intelligence as Game Changers? Modern Weapon Systems Between Expectation and Reality<\/a>&#8220; at the Institute for Peace Research and Security Policy at the University of Hamburg (Project Leader: <abbr title=\"Doktor\">Dr.<\/abbr> Christian Alwardt)<\/li>\n\n\n\n<li>2016-2019 Research Associate at the Institute for Social Work and Social Policy, University of Essen, in the DFG-funded project <a href=\"https:\/\/www.uni-due.de\/biwi\/wehrheim\/die_sanften_kontrolleure.php\" rel='nofollow'>\u201eVergleichende Replikationsstudie: Die sanften Kontrolleure\u201c<\/a> (Project Leader: <abbr title=\"Professor\">Prof.<\/abbr> Jan Wehrheim) <\/li>\n\n\n\n<li>2011-2015 Research Assistent at the Institute for Criminological Social Research, University of Hamburg, among others in the DFG-funded project \u201e\u201aBiometrie als \u201asoft surveillance\u2018. Zur Akzeptanz von Fingerabdr\u00fccken im Alltag&#8220; (Project leaders: <abbr title=\"Professor\">Prof.<\/abbr> Susanne Krasmann, <abbr title=\"Professor\">Prof.<\/abbr> Fritz Sack). <br><\/li>\n\n\n\n<li>2018 Doctorate in Criminology from the University of Hamburg <\/li>\n\n\n\n<li>2009 Master of Arts in International Criminology from the University of Hamburg <\/li>\n\n\n\n<li>2006 Diploma in Sociology from the Free University of Berlin<\/li>\n<\/ul>\n\n\n\n<div style=\"height:20px\" aria-hidden=\"true\" class=\"wp-block-spacer\"><\/div>\n\n\n\n<p><strong>Publications<\/strong><\/p>\n\n\n\n<p><strong>Journal articles (peer-reviewed)<\/strong><\/p>\n\n\n\n<ul class=\"wp-block-list\">\n<li>Playful technologies? \u00dcber Anspruch und Risiko von K\u00fcnstlicher Intelligenz im Wargaming. Ethik und Gesellschaft 2026 (in print). [Playful technologies? On the promise and risk of artificial intelligence in wargaming]<\/li>\n\n\n\n<li>Let the user figure it out. Revisiting Usability and Security of eGates in Laboratory Research. In: International Journal of Human-Computer Interaction, 1\u201322. 2025. DOI: <a href=\"https:\/\/doi.org\/10.1080\/10447318.2025.2574510\" rel='nofollow'>10.1080\/10447318.2025.2574510<\/a><\/li>\n\n\n\n<li>Gut Feelings and Algorithms. Searching for Harmful Intentions in Airport Security Processes. In: Engaging Science, Technology, and Society 10(3). 2024 (Co-author: Bettina Paul): DOI: <a href=\"https:\/\/doi.org\/10.17351\/ests2023.2337\" target=\"_blank\" rel=\"noreferrer noopener\">10.17351\/ests2023.2337<\/a><\/li>\n\n\n\n<li>&#8222;I Don&#8217;t Know If It wanted Me to Dance.&#8220; On Leading and Being Led in Human-eGate Interaction. Tecnoscienza. In: Italian Journal of Science and Technology Studies14(2). 2024 (Co-author: Bettina Paul) DOI:<a href=\"https:\/\/doi.org\/10.6092\/issn.2038-3460\/17902\" rel='nofollow'>10.6092\/issn.2038-3460\/17902<\/a><\/li>\n\n\n\n<li>&#8222;Meine Aufgabe ist, einen Bericht zu schreiben.&#8220;: &#8222;Die sanften Kontrolleure&#8220; und ihre Dokumente. [&#8222;My job is to write a report.&#8220;: &#8222;The soft controllers&#8220; and their documents.] In: Soziale Probleme 30(2) 2020: 145\u2013168 (Co-author: Christina Schlepper). DOI: <a href=\"https:\/\/doi.org\\10.1007\/s41059-019-00063-9\" rel='nofollow'>10.1007\/s41059-019-00063-9<\/a>.<\/li>\n\n\n\n<li>Editorial. Soziale Arbeit und soziale Kontrolle. [Editorial: Social Work and Social Control.] In: Kriminologisches Journal 51(1) Schwerpunktheft Soziale Arbeit und Soziale Kontrolle. [Special issue on social work and social control.] 2019: 3\u20136 (Co-authors: Christina Schlepper und Jan Wehrheim)<\/li>\n\n\n\n<li>Wie Sozialarbeiter_innen Devianz zuschreiben. Eine diachrone Analyse von Praktiken des legal reasoning in der Jugendgerichtshilfe. [How social workers attribute deviance: A diachronic analysis of legal reasoning practices in youth justice services.] In: Kriminologisches Journal 51(1) Schwerpunktheft Soziale Arbeit und Soziale Kontrolle. [Special issue on social work and social control.] 2019: 30\u201351 (Co-author: Christina Schlepper). DIO:<a href=\"https:\\\\doi.org\\10.3262\/KJ1901030\" rel='nofollow'>10.3262\/KJ1901030<\/a><\/li>\n\n\n\n<li>&#8222;Die sanften Kontrolleure&#8220; (Helge Peters und Helga Cremer-Sch\u00e4fer 1975) revisited. [&#8222;The Soft Controllers&#8220; (Helge Peters and Helga Cremer-Sch\u00e4fer 1975) revisited.] In: Soziale Passagen 2: 329\u2013344. 2017 (Co-author: Christina Schlepper). DOI:<a href=\"https:\/\/link.springer.com\/article\/10.1007\/s12592-017-0271-4\" target=\"_blank\" rel=\"noreferrer noopener\">10.1007\/s12592-017-0271-4<\/a><\/li>\n\n\n\n<li>Gambling with the &#8222;gift&#8220;? On the relationship between security technologies, trust and distrust. In: Behemoth. A Journal of Civilisation 8(1). 2015. Special issue Trust in Times of (In-)Security. On the Relationship between the Phenomena of Security and Trust. Ed. by Benjamin Rampp and Martin Endre\u00df. DOI:<a href=\"https:\\\\doi.org.10.6094\/behemoth.2015.8.1.851\" rel='nofollow'>10.6094\/behemoth.2015.8.1.851<\/a><\/li>\n\n\n\n<li>&#8222;My Fingerprint on Osama&#8217;s Cup.&#8220; On Objectivity and the Role of the Fictive Regarding the Acceptance of a Biometric Technology. In: Surveillance &amp; Society 12(1): 1\u201314. 2014 (Co-author: Susanne Krasmann). DOI:<a href=\"https:\/\/doi.org\/10.24908\/ss.v12i1.4718\" rel='nofollow'>10.24908\/ss.v12i1.4718<\/a><\/li>\n\n\n\n<li>Big Data und Big Brother \u2013 was, wenn sie sich treffen? \u00dcber die vernachl\u00e4ssigte politische Dimension von Kontroll- und \u00dcberwachungstechnologien in der Akzeptanzforschung. [Big Data and Big Brother \u2013 what if they meet? On the neglected political dimension of control and surveillance technologies in acceptance research.] In: Kriminologisches Journal 25(4): 242\u2013259. 2013 (Co-author: Susanne Krasmann).<\/li>\n<\/ul>\n\n\n\n<p><\/p>\n\n\n\n<p><strong>Monographies \/ Reports<\/strong><\/p>\n\n\n\n<ul class=\"wp-block-list\">\n<li>Algorithmen und K\u00fcnstliche Intelligenz als Game Changer? Moderne Waffensysteme zwischen Erwartung und Wirklichkeit. [Algorithms and Artificial Intelligence as Game Changers? Modern weapon systems between expectation and reality.] Research Report DSF. 2023 (Co-author: Christian Alwardt) <a href=\"https:\/\/ifsh.de\/file\/research\/project_documents\/DSF-56-Alwardt_online.pdf\" rel='nofollow'>https:\/\/ifsh.de\/file\/research\/project_documents\/DSF-56-Alwardt_online.pdf<\/a><\/li>\n\n\n\n<li>Das Versprechen von K\u00fcnstlicher Intelligenz: Erste Ergebnisse einer Untersuchung zu Erwartungen an moderne Waffensysteme. [The promise of artificial intelligence: First results of a study on expectations of modern weapons systems.] IFSH Research Report 003. 2020. Hamburg. DOI: <a href=\"https:\/\/doi.org\/10.25592\/ifsh-research-report-003\" rel='nofollow'>10.25592\/ifsh-research-report-003<\/a><\/li>\n\n\n\n<li>Sanfte \u00dcberwachung? Eine Untersuchung zur Akzeptanz von digitalen Fingerabdrucktechnologien im Alltag. [Soft surveillance? A study on the acceptance of digital fingerprinting technologies in everyday life..] Dissertation Hamburg. 2018. <a href=\"https:\/\/ediss.sub.uni-hamburg.de\/handle\/ediss\/8356\" rel='nofollow'>https:\/\/ediss.sub.uni-hamburg.de\/handle\/ediss\/8356<\/a><\/li>\n\n\n\n<li>Die gesellschaftliche Konstruktion von Sicherheit. Zur medialen Vermittlung und Wahrnehmung der Terrorismusbek\u00e4mpfung. [The social construction of security: On the media communication and perception of counterterrorism.] In: Schriftenreihe Forschungsforum \u00d6ffentliche Sicherheit 13. Berlin. 2014 (Co-authors: Susanne Krasmann, Reinhard Kreissl, Bettina Paul and Christina Schlepper). <a href=\"https:\/\/www.sicherheit-forschung.de\/forschungsforum\/schriftenreihe_neu\/13\/index.html\" rel='nofollow'>https:\/\/www.sicherheit-forschung.de\/forschungsforum\/schriftenreihe_neu\/13\/index.html<\/a><\/li>\n<\/ul>\n\n\n\n<p><\/p>\n\n\n\n<p><strong>Book chapters<\/strong><\/p>\n\n\n\n<ul class=\"wp-block-list\">\n<li>Wargaming in the Age of AI. From synthetical immersion to analytical simulation? In: Niggemann, Oliver; Schreiber, Gerhard; Koch, Wolfgang; Heesch, Ren\u00e9; Ludwig, Bj\u00f6rn; Rottmann, Josef; Schmidt, Johannes; Schraven, Joshua (Hg.): Artificial Intelligence in Security and Defense Proceedings of the Workshop AI4SD, 50\u201357. 2026. (zus. mit Gerhard Schreiber). DOI: <a href=\"https:\/\/doi.org\/10.24405\/21625\" rel='nofollow'>10.24405\/21625<\/a><\/li>\n\n\n\n<li>&#8222;Die sanften Kontrolleure&#8220; revisited. Eine vergleichende Replikationsstudie. [&#8222;The Soft Controllers&#8220; revisited. A comparative replication study.] In: Sanfte Kontrolle? Devianz, Etikettierung und Soziale Arbeit: 1975 und 2020. [Soft Control? Deviance, Labeling, and Social Work: 1975 and 2020.] Ed. by Jan Wehrheim. Beltz-Juventa 2021: 123\u2013296 (Co-author: Christina Schlepper).<\/li>\n\n\n\n<li>Zur Politik der Sicherheitsversprechen. Die biometrische Verhei\u00dfung. [On the politics of security promises: The biometric promise.] In: Der Staat und die Sicherheitsgesellschaft. [The State and the Security Society.] Ed. by Jens Puschke and Tobias Singelnstein. Wiesbaden: Springer: 79\u201399. 2018 (Co-author: Christina Schlepper). DOI: <a href=\"https:\/\/doi.org\/10.1007\/978-3-658-19301_4\" rel='nofollow'>10.1007\/978-3-658-19301_4<\/a><\/li>\n\n\n\n<li>Versicherheitlichung und Biometrie. Zur Verbreitung einer Kontrolltechnologie im Spannungsfeld von Staat, \u00d6konomie und Alltag. [Securitization and Biometrics: On the diffusion of a Control Technology in the Interplay of State, Economy, and Everyday Life.] In: Politische \u00d6konomie und Sicherheit. (Political Economy and Security.] Ed. by Daniela Klimke and Aldo Legnaro. Weinheim\/Basel: Beltz Juventa: 303\u2013318. 2013 (Co-author: Jan Wehrheim).<\/li>\n<\/ul>\n\n\n\n<p><\/p>\n\n\n\n<p><strong>Further articles<\/strong><\/p>\n\n\n\n<ul class=\"wp-block-list\">\n<li>Fehler: Mehr als nur richtig oder falsch. [Errors: More than just right or wrong] In: Hamburg macht Schule 01, 20\u201321, 2026. <a href=\"https:\/\/www.hamburg.de\/politik-und-verwaltung\/behoerden\/bsfb\/veroeffentlichungen\/hamburg-macht-schule\/hamburg-macht-schule-2026-1145386\" rel='nofollow'>https:\/\/www.hamburg.de\/politik-und-verwaltung\/behoerden\/bsfb\/veroeffentlichungen\/hamburg-macht-schule\/hamburg-macht-schule-2026-1145386<\/a><\/li>\n<\/ul>\n\n\n\n<h2 class=\"wp-block-heading\">Lectures and Presentations<\/h2>\n\n\n\n<ul class=\"wp-block-list\">\n<li>The Algorithmic Narrative of War: The Role of LLMs and its Promise of Control in Miitary Wargaming. Vortrag auf der Internationalen Konferenz: The Promises of Algorithmic Warfare \u2013 And Their World-Making Effects. Hamburg, 11.\u201312.02.2026<\/li>\n\n\n\n<li>Wargaming in the Age of AI: From synthetical immersion to analytical simulation? Lecture at the ECAI 2025 [Workshop W33 AI in Security and Defense (AI4SD)], Bologna, Italy, 26.10.2025. <a href=\"https:\/\/ai4sd-ecai-2025.github.io\/\" rel='nofollow'>https:\/\/ai4sd-ecai-2025.github.io\/<\/a><\/li>\n\n\n\n<li>KI-Technologien &amp; Sozio-technische Resilienz im Milit\u00e4r. [AI technologies &amp; socio-technical resilience in the military.] Poster presentation at the university&#8217;s public presentation on profile building at <abbr title=\"Helmut Schmidt Universit\u00e4t\">HSU<\/abbr>.] Hamburg, 27.06.2025<\/li>\n\n\n\n<li>Differentiating Truths \u2013 On (Epistemological) Shifts in Deception Detection for Airport Settings. Contribution to the Workshop \u201eAutomation, Control and Incompetence. Socio-Technical Ecologies of Responsible Filtering in the 20th and 21st Century\u201c of the Cluster of Excellence &#8222;Matters of Activity&#8220;. Berlin, 01.\u201302.12.2022 (Co-Authors: Bettina Paul and Torsten Voigt). <a href=\"https:\/\/www.matters-of-activity.de\/en\/activities\/9286\/automation-control-and-incompetence\" rel='nofollow'>https:\/\/www.matters-of-activity.de\/en\/activities\/9286\/automation-control-and-incompetence<\/a><\/li>\n\n\n\n<li>Upscaling Ground Truthing for the Airport. Contribution to EASST 2022 \u201cThe Politics of Technoscientific Futures\u201d. IFEMA Madrid, 06.-09.07.2022 (Co-Authors: Bettina Paul and Torsten Voigt). <a href=\"https:\/\/cloud.nomadit.co.uk\/index.php\/s\/32SeMC2nbjqqDeY?dir=\/&amp;editing=false&amp;openfile=true\" rel='nofollow'>https:\/\/cloud.nomadit.co.uk\/index.php\/s\/32SeMC2nbjqqDeY?dir=\/&amp;editing=false&amp;openfile=true<\/a><\/li>\n\n\n\n<li>Algorithmen und K\u00fcnstliche Intelligenz \u2013 Softwaretechnologien zwischen milit\u00e4rischer Erwartung und Wirklichkeit. Online-Briefing zu Zwischenergebnissen des DSF KI-Projekts. [Algorithms and Artificial Intelligence \u2013 Software technologies between military expectations and reality. Online briefing on interim results of the DSF AI project.] IFSH, 08.10.2020 (Co-Authors: Hendrik Erz and Christian Alwardt)<\/li>\n\n\n\n<li>Helfer_innen als sanfte Kontrolleur_innen \u2013 Zum Verh\u00e4ltnis von Interaktionspraktiken und Hilfeverst\u00e4ndnisse. Beitrag zur ZIF-Arbeitsgemeinschaft \u201eWith a little help \u2013 from whom? \u201aHelfen\u2018 als situatives und organisationales Ph\u00e4nomen. [Helpers as soft controllers \u2013 On the relationship between interaction practices and meanings of help. Contribution to the ZIF working group &#8222;With a little help \u2013 from whom? &#8218;Helping&#8216; as a situational and organizational phenomenon.&#8220;] Center for Interdisciplinary Research, Bielefeld University, 07.\/08.11.2019 (Co-Authors: Christina Schlepper and Jan Wehrheim)<\/li>\n\n\n\n<li>Die sanften Kontrolleure revisited \u2013 Einsichten aus einer Replikationsstudie. [The Soft Controllers Revisited \u2013 Insights from a Replication Study.] Contribution to the Research Colloquium of the Social Pedagogy Working Group with a Focus on Social Policy Foundations, University of Wuppertal, 04.12.2018 (Co-Ahuthor: Christina Schlepper)<\/li>\n\n\n\n<li>\u201eMeine Aufgabe ist, einen Bericht zu schreiben.\u201c [\u201cMy task is to write a report.\u201d] Contribution to the Federal Congress of Social Work, Bielefeld, 06.09.2018 (Co-Author: Christina Schlepper)<\/li>\n\n\n\n<li>Die sanften Kontrolleure \u2013 revisited. [The Soft Controllers \u2013 Revisited.] Contribution to the research colloquium of the ISEP \u2013 Institute for Social Pedagogy, Adult Education and Early Childhood Education, <abbr title=\"Technische Universit\u00e4t\">TU<\/abbr> Dortmund, 23.01.2018<\/li>\n\n\n\n<li>Gambling with the \u2018gift\u2019? On the relationship between security technologies, trust and distrust. The case of fingerprinting. Contribution to the Conference \u201cTrust in Times of (In)Security\u201d of the Research Group Interdisciplinary Analysis of Trust, Crises and Fear of the Future (ZIVA) and the Section \u201ePolitical Sociology\u201d of the German Sociological Association, University of Trier, 05.\/06.06.2014<\/li>\n\n\n\n<li>Trustworthy biometrics? (Ir)rationalities of voluntary fingerprint users. Contribution to the Conference \u201eSurveillance and\/in Everyday Life: Monitoring Pasts, Presents and Futures\u201d of The Surveillance &amp; Everyday Life Research Group and the University of Sydney, University of Sydney, Australia. 20.\/21.02.2012.<\/li>\n\n\n\n<li>Versicherheitlichung und Biometrie. Zur Verbreitung einer Kontrolltechnologie im Spannungsfeld von Staat, \u00d6konomie und Alltag. [Securitization and Biometrics. On the Diffusion of a Control Technology in the Interplay of State, Economy, and Everyday Life. Contribution to the Symposium &#8222;Political Economy and Security&#8220; organized by ISIP e.V. in Honor of Fritz Sack, Guest House of the University of Hamburg 05.\/06.10.2011 (Co-Author: Jan Wehrheim)<\/li>\n<\/ul>\n\n\n\n<h2 class=\"wp-block-heading\">Membership<\/h2>\n\n\n\n<ul class=\"wp-block-list\">\n<li>Associate Board. Tecnoscienza. Italian Journal of Science &amp; Technology Studies<\/li>\n<\/ul>\n","protected":false},"excerpt":{"rendered":"<p>Research Associate at the Chair of Protestant Theology Contact E-Mail: kuehnes@hsu.hamburg | kuehnes@hsu-hh.de Phone: +49 40 6541 4748 Visiting Adress Helmut-Schmidt-Universit\u00e4tBuilding H52Am Stadtrand 5222047 Hamburg Mailing Adress Helmut-Schmidt-Universit\u00e4tEvangelische TheologiePO Box [&hellip;]<\/p>\n","protected":false},"author":3847,"featured_media":0,"parent":0,"menu_order":0,"comment_status":"closed","ping_status":"closed","template":"","meta":{"footnotes":""},"categories":[7],"tags":[],"class_list":["post-1457","page","type-page","status-publish","hentry","category-research"],"_links":{"self":[{"href":"https:\/\/www.hsu-hh.de\/theevs\/wp-json\/wp\/v2\/pages\/1457","targetHints":{"allow":["GET"]}}],"collection":[{"href":"https:\/\/www.hsu-hh.de\/theevs\/wp-json\/wp\/v2\/pages"}],"about":[{"href":"https:\/\/www.hsu-hh.de\/theevs\/wp-json\/wp\/v2\/types\/page"}],"author":[{"embeddable":true,"href":"https:\/\/www.hsu-hh.de\/theevs\/wp-json\/wp\/v2\/users\/3847"}],"replies":[{"embeddable":true,"href":"https:\/\/www.hsu-hh.de\/theevs\/wp-json\/wp\/v2\/comments?post=1457"}],"version-history":[{"count":15,"href":"https:\/\/www.hsu-hh.de\/theevs\/wp-json\/wp\/v2\/pages\/1457\/revisions"}],"predecessor-version":[{"id":2668,"href":"https:\/\/www.hsu-hh.de\/theevs\/wp-json\/wp\/v2\/pages\/1457\/revisions\/2668"}],"wp:attachment":[{"href":"https:\/\/www.hsu-hh.de\/theevs\/wp-json\/wp\/v2\/media?parent=1457"}],"wp:term":[{"taxonomy":"category","embeddable":true,"href":"https:\/\/www.hsu-hh.de\/theevs\/wp-json\/wp\/v2\/categories?post=1457"},{"taxonomy":"post_tag","embeddable":true,"href":"https:\/\/www.hsu-hh.de\/theevs\/wp-json\/wp\/v2\/tags?post=1457"}],"curies":[{"name":"wp","href":"https:\/\/api.w.org\/{rel}","templated":true}]}}