{"id":1330,"date":"2025-04-04T11:15:28","date_gmt":"2025-04-04T09:15:28","guid":{"rendered":"https:\/\/www.hsu-hh.de\/theevs\/?page_id=1330"},"modified":"2026-02-19T09:28:03","modified_gmt":"2026-02-19T08:28:03","slug":"kuehne","status":"publish","type":"page","link":"https:\/\/www.hsu-hh.de\/theevs\/kuehne","title":{"rendered":"Dr. Sylvia K\u00fchne"},"content":{"rendered":"\n<p><strong>Wissenschaftliche Mitarbeiterin am Lehrstuhl f\u00fcr Evangelische Theologie<\/strong><\/p>\n\n\n\n<div style=\"height:20px\" aria-hidden=\"true\" class=\"wp-block-spacer\"><\/div>\n\n\n\n<div class=\"wp-block-columns is-layout-flex wp-container-core-columns-is-layout-9d6595d7 wp-block-columns-is-layout-flex\">\n<div class=\"wp-block-column is-layout-flow wp-block-column-is-layout-flow\">\n<figure class=\"wp-block-image size-large\"><img loading=\"lazy\" decoding=\"async\" width=\"1024\" height=\"683\" src=\"https:\/\/www.hsu-hh.de\/theevs\/wp-content\/uploads\/sites\/736\/2025\/06\/20250610_Dr_Kuehne_Sylvia_Portrait-1024x683.jpg\" data-credit=\"HSU\/Gelhausen\" alt=\"\" class=\"wp-image-1860\" srcset=\"https:\/\/www.hsu-hh.de\/theevs\/wp-content\/uploads\/sites\/736\/2025\/06\/20250610_Dr_Kuehne_Sylvia_Portrait-1024x683.jpg 1024w, https:\/\/www.hsu-hh.de\/theevs\/wp-content\/uploads\/sites\/736\/2025\/06\/20250610_Dr_Kuehne_Sylvia_Portrait-300x200.jpg 300w, https:\/\/www.hsu-hh.de\/theevs\/wp-content\/uploads\/sites\/736\/2025\/06\/20250610_Dr_Kuehne_Sylvia_Portrait-768x512.jpg 768w, https:\/\/www.hsu-hh.de\/theevs\/wp-content\/uploads\/sites\/736\/2025\/06\/20250610_Dr_Kuehne_Sylvia_Portrait-1536x1024.jpg 1536w, https:\/\/www.hsu-hh.de\/theevs\/wp-content\/uploads\/sites\/736\/2025\/06\/20250610_Dr_Kuehne_Sylvia_Portrait-2048x1365.jpg 2048w, https:\/\/www.hsu-hh.de\/theevs\/wp-content\/uploads\/sites\/736\/2025\/06\/20250610_Dr_Kuehne_Sylvia_Portrait-1100x733.jpg 1100w\" sizes=\"auto, (max-width: 1024px) 100vw, 1024px\" \/><\/figure>\n<\/div>\n\n\n\n<div class=\"wp-block-column is-layout-flow wp-block-column-is-layout-flow\">\n<h2 class=\"wp-block-heading\">Kontakt<\/h2>\n\n\n\n<p><strong>E-Mail:<\/strong> kuehnes@hsu.hamburg | kuehnes@hsu-hh.de<\/p>\n\n\n\n<p><strong>Telefon:<\/strong> +49 40 6541 4748<\/p>\n<\/div>\n\n\n\n<div class=\"wp-block-column is-layout-flow wp-block-column-is-layout-flow\">\n<h3 class=\"wp-block-heading\">Besucheranschrift<\/h3>\n\n\n\n<p>Helmut-Schmidt-Universit\u00e4t<br>Geb\u00e4ude H52<br>Am Stadtrand 52<br>22047 Hamburg<\/p>\n\n\n\n<h3 class=\"wp-block-heading\">Postanschrift<\/h3>\n\n\n\n<p>Helmut-Schmidt-Universit\u00e4t<br>Evangelische Theologie<br>Postfach 70 08 22<br>22008 Hamburg<\/p>\n<\/div>\n<\/div>\n\n\n\n<p><strong>Kurzvita<\/strong><\/p>\n\n\n\n<ul class=\"wp-block-list\">\n<li>Seit April 2025 Wissenschaftliche Mitarbeiterin im AI Ethics Research Hub an an der Helmut-Schmidt-Universit\u00e4t\/Universit\u00e4t der Bundeswehr Hamburg (<abbr title=\"Helmut Schmidt Universit\u00e4t\">HSU<\/abbr>\/<abbr title=\"Universit\u00e4t der Bundeswehr Hamburg\">UniBwH<\/abbr>). <\/li>\n\n\n\n<li>2023-2024 Leitung des Projektes \u201e<a>BioUse<\/a> \u2013 Usability Analysen\u201c (RWTH Aachen University, Bundesamt f\u00fcr Sicherheit in der Informationstechnik, Hochschule Bonn-Rheinsieg).<\/li>\n\n\n\n<li>2021-2024 Wissenschaftliche Mitarbeiterin am Institut f\u00fcr Soziologie, Lehr- und Forschungsgebiet Technik und Diversit\u00e4t, RWTH Aachen University im von der DFG gef\u00f6rderten Forschungsprojekt <a href=\"https:\/\/www.soziologie.rwth-aachen.de\/cms\/soziologie\/die-organisationseinheit\/lehr-und-forschungseinheiten\/technik-und-diversity\/projekte\/~khecr\/flughafensicherheit\/\" rel='nofollow'>\u201eSoziotechnische Systeme der antizipatorischen Wahrheitsverifikation im Feld der Flughafensicherheit\u201c<\/a> (Projektleitung <abbr title=\"Professor\">Prof.<\/abbr> Torsten Voigt, <abbr title=\"Doktor\">Dr.<\/abbr> Bettina Paul)<\/li>\n\n\n\n<li>2019-2020 Wissenschaftliche Mitarbeiterin im von der DSF gef\u00f6rderten Projekt <a href=\"https:\/\/bundesstiftung-friedensforschung.de\/blog\/algorithmen-und-kunstliche-intelligenz-als-game-changer\/\" rel='nofollow'>\u201eAlgorithmen und K\u00fcnstliche Intelligenz als Game Changer? Moderne Waffensysteme zwischen Erwartung und Wirklichkeit\u201c<\/a> am Institut f\u00fcr Friedensforschung und Sicherheitspolitik an der Universit\u00e4t Hamburg (Projektleitung <abbr title=\"Doktor\">Dr.<\/abbr> Christian Alwardt)<\/li>\n\n\n\n<li>2016-2019 Wissenschaftliche Mitarbeiterin am Institut f\u00fcr Soziale Arbeit und Sozialpolitik, Universit\u00e4t Essen, im von der DFG gef\u00f6rderten Projekt <a href=\"https:\/\/www.uni-due.de\/biwi\/wehrheim\/die_sanften_kontrolleure.php\" rel='nofollow'>\u201eVergleichende Replikationsstudie: Die sanften Kontrolleure\u201c<\/a> (Projektleitung <abbr title=\"Professor\">Prof.<\/abbr> Jan Wehrheim)<\/li>\n\n\n\n<li>2011-2015 Wissenschaftliche Mitarbeiterin am Institut f\u00fcr Kriminologische Sozialforschung, Universit\u00e4t Hamburg, <abbr title=\"unter anderem\">u.a.<\/abbr> im von der DFG gef\u00f6rderten Projekt &#8222;&#8218;Biometrie als \u201asoft surveillance\u2018. Zur Akzeptanz von Fingerabdr\u00fccken im Alltag&#8220; (Projektleitung <abbr title=\"Professor\">Prof.<\/abbr> Susanne Krasmann, <abbr title=\"Professor\">Prof.<\/abbr> Fritz Sack).<br><\/li>\n\n\n\n<li>2018 Promotion zur <abbr title=\"Doktor\">Dr.<\/abbr> phil. im Fach Kriminologie an der Universit\u00e4t Hamburg<\/li>\n\n\n\n<li>2009 Master of Arts in Internationaler Kriminologie an der Universit\u00e4t Hamburg<\/li>\n\n\n\n<li>2006 Diplom in Soziologie an der Freien Universit\u00e4t Berlin<\/li>\n<\/ul>\n\n\n\n<div style=\"height:20px\" aria-hidden=\"true\" class=\"wp-block-spacer\"><\/div>\n\n\n\n<p><strong>Publikationen<\/strong><\/p>\n\n\n\n<p><strong>Journal-Beitr\u00e4ge (peer-reviewed)<\/strong><\/p>\n\n\n\n<ul class=\"wp-block-list\">\n<li>Playful technologies? \u00dcber Anspruch und Risiko von K\u00fcnstlicher Intelligenz im Wargaming. Ethik und Gesellschaft 2026 (im Erscheinen).<\/li>\n\n\n\n<li>Let the User Figure It Out. Revisiting Usability and Security of eGates in Laboratory Research. In: International Journal of Human-Computer Interaction. 1\u201322. 2025. DOI: <a href=\"https:\/\/doi.org\/10.1080\/10447318.2025.2574510\" rel='nofollow'>10.1080\/10447318.2025.2574510<\/a>.<\/li>\n\n\n\n<li>Gut Feelings and Algorithms. Searching for Harmful Intentions in Airport Security Processes. In: Engaging Science, Technology, and Society 10(3) 2024 (zus. mit Bettina Paul). DOI: <a href=\"https:\/\/doi.org\/10.17351\/ests2023.2337\" target=\"_blank\" rel=\"noreferrer noopener\">10.17351\/ests2023.2337<\/a><\/li>\n\n\n\n<li>&#8222;I Don&#8217;t Know If It wanted Me to Dance.&#8220; On Leading and Being Led in Human-eGate Interaction. Tecnoscienza. In: Italian Journal of Science and Technology Studies14(2). 2024 (zus. mit Bettina Paul). DOI:<a href=\"https:\/\/doi.org\/10.6092\/issn.2038-3460\/17902\" rel='nofollow'>10.6092\/issn.2038-3460\/17902<\/a><\/li>\n\n\n\n<li>&#8222;Meine Aufgabe ist, einen Bericht zu schreiben.&#8220;: &#8222;Die sanften Kontrolleure&#8220; und ihre Dokumente. In: Soziale Probleme 30(2) 2020: 145\u2013168 (zus. mit Christina Schlepper). DOI: <a href=\"https:\/\/doi.org\\10.1007\/s41059-019-00063-9\" rel='nofollow'>10.1007\/s41059-019-00063-9<\/a>.<\/li>\n\n\n\n<li>Editorial. Soziale Arbeit und soziale Kontrolle. In: Kriminologisches Journal 51(1) Schwerpunktheft Soziale Arbeit und Soziale Kontrolle. 2019: 3\u20136 (zus. mit Christina Schlepper und Jan Wehrheim)<\/li>\n\n\n\n<li>Wie Sozialarbeiter_innen Devianz zuschreiben. Eine diachrone Analyse von Praktiken des legal reasoning in der Jugendgerichtshilfe. In: Kriminologisches Journal 51(1) Schwerpunktheft Soziale Arbeit und Soziale Kontrolle. 2019: 30\u201351 (zus. mit Christina Schlepper). DIO:<a href=\"https:\\\\doi.org\\10.3262\/KJ1901030\" rel='nofollow'>10.3262\/KJ1901030<\/a><\/li>\n\n\n\n<li>&#8222;Die sanften Kontrolleure&#8220; (Helge Peters und Helga Cremer-Sch\u00e4fer 1975) revisited. In: Soziale Passagen 2: 329\u2013344. 2017 (zus. mit Christina Schlepper). DOI:<a href=\"https:\/\/link.springer.com\/article\/10.1007\/s12592-017-0271-4\" target=\"_blank\" rel=\"noreferrer noopener\">10.1007\/s12592-017-0271-4<\/a><\/li>\n\n\n\n<li>Gambling with the &#8222;gift&#8220;? On the relationship between security technologies, trust and distrust. In: Behemoth. A Journal of Civilisation 8(1). 2015. Schwerpunktheft Trust in Times of (In-)Security. On the Relationship between the Phenomena of Security and Trust. Ed. by Benjamin Rampp und Martin Endre\u00df. DOI:<a href=\"https:\\\\doi.org.10.6094\/behemoth.2015.8.1.851\" rel='nofollow'>10.6094\/behemoth.2015.8.1.851<\/a><\/li>\n\n\n\n<li>&#8222;My Fingerprint on Osama&#8217;s Cup.&#8220; On Objectivity and the Role of the Fictive Regarding the Acceptance of a Biometric Technology. In: Surveillance &amp; Society 12(1): 1\u201314. 2014 (zus. mit Susanne Krasmann). DOI:<a href=\"https:\/\/doi.org\/10.24908\/ss.v12i1.4718\" rel='nofollow'>10.24908\/ss.v12i1.4718<\/a><\/li>\n\n\n\n<li>Big Data und Big Brother \u2013 was, wenn sie sich treffen? \u00dcber die vernachl\u00e4ssigte politische Dimension von Kontroll- und \u00dcberwachungstechnologien in der Akzeptanzforschung. In: Kriminologisches Journal 25(4): 242\u2013259. 2013 (zus. mit Susanne Krasmann).<\/li>\n<\/ul>\n\n\n\n<p><\/p>\n\n\n\n<p><strong>Monographien<\/strong> <strong>\/ Berichte<\/strong><\/p>\n\n\n\n<ul class=\"wp-block-list\">\n<li>Algorithmen und K\u00fcnstliche Intelligenz als Game Changer? Moderne Waffensysteme zwischen Erwartung und Wirklichkeit. Forschungsbericht DSF. 2023 (zus. mit Christian Alwardt) <a href=\"https:\/\/ifsh.de\/file\/research\/project_documents\/DSF-56-Alwardt_online.pdf\" rel='nofollow'>https:\/\/ifsh.de\/file\/research\/project_documents\/DSF-56-Alwardt_online.pdf<\/a><\/li>\n\n\n\n<li>Das Versprechen von K\u00fcnstlicher Intelligenz: Erste Ergebnisse einer Untersuchung zu Erwartungen an moderne Waffensysteme. IFSH Research Report 003. 2020. Hamburg. DOI: <a href=\"https:\/\/doi.org\/10.25592\/ifsh-research-report-003\" rel='nofollow'>10.25592\/ifsh-research-report-003<\/a><\/li>\n\n\n\n<li>Sanfte \u00dcberwachung? Eine Untersuchung zur Akzeptanz von digitalen Fingerabdrucktechnologien im Alltag. Dissertation Hamburg. 2018. <a href=\"https:\/\/ediss.sub.uni-hamburg.de\/handle\/ediss\/8356\" rel='nofollow'>https:\/\/ediss.sub.uni-hamburg.de\/handle\/ediss\/8356<\/a><\/li>\n\n\n\n<li>Die gesellschaftliche Konstruktion von Sicherheit. Zur medialen Vermittlung und Wahrnehmung der Terrorismusbek\u00e4mpfung. In: Schriftenreihe Forschungsforum \u00d6ffentliche Sicherheit 13. Berlin. 2014 (zusammen mit Susanne Krasmann, Reinhard Kreissl, Bettina Paul und Christina Schlepper). <a href=\"https:\/\/www.sicherheit-forschung.de\/forschungsforum\/schriftenreihe_neu\/13\/index.html\" rel='nofollow'>https:\/\/www.sicherheit-forschung.de\/forschungsforum\/schriftenreihe_neu\/13\/index.html<\/a><\/li>\n<\/ul>\n\n\n\n<p><\/p>\n\n\n\n<p><strong>Beitr\u00e4ge in Sammelb\u00e4nden<\/strong><\/p>\n\n\n\n<ul class=\"wp-block-list\">\n<li>Wargaming in the Age of AI. From synthetical immersion to analytical simulation? In: Niggemann, Oliver; Schreiber, Gerhard; Koch, Wolfgang; Heesch, Ren\u00e9; Ludwig, Bj\u00f6rn; Rottmann, Josef; Schmidt, Johannes; Schraven, Joshua (Hg.): Artificial Intelligence in Security and Defense Proceedings of the Workshop AI4SD, 50\u201357. 2026. (zus. mit Gerhard Schreiber). DOI: <a href=\"https:\/\/doi.org\/10.24405\/21625\" data-type=\"link\" data-id=\"https:\/\/doi.org\/10.24405\/21625\" rel='nofollow'>10.24405\/21625<\/a><\/li>\n\n\n\n<li>&#8222;Die sanften Kontrolleure&#8220; revisited. Eine vergleichende Replikationsstudie. In: Sanfte Kontrolle? Devianz, Etikettierung und Soziale Arbeit: 1975 und 2020. Ed. by Jan Wehrheim. Beltz-Juventa 2021: 123\u2013296 (zus. mit Christina Schlepper).<\/li>\n\n\n\n<li>Zur Politik der Sicherheitsversprechen. Die biometrische Verhei\u00dfung. In: Der Staat und die Sicherheitsgesellschaft. Ed. by Jens Puschke und Tobias Singelnstein. Wiesbaden: Springer: 79\u201399. 2018 (zus. mit Christina Schlepper). DOI: <a href=\"https:\/\/doi.org\/10.1007\/978-3-658-19301_4\" rel='nofollow'>10.1007\/978-3-658-19301_4<\/a><\/li>\n\n\n\n<li>Versicherheitlichung und Biometrie. Zur Verbreitung einer Kontrolltechnologie im Spannungsfeld von Staat, \u00d6konomie und Alltag. In: Politische \u00d6konomie und Sicherheit. Ed. by Daniela Klimke und Aldo Legnaro. Weinheim\/Basel: Beltz Juventa: 303\u2013318. 2013 (zus. mit Jan Wehrheim).<\/li>\n<\/ul>\n\n\n\n<p><\/p>\n\n\n\n<p><strong>Weitere Ver\u00f6ffentlichungen<\/strong><\/p>\n\n\n\n<ul class=\"wp-block-list\">\n<li>Fehler: Mehr als nur richtig oder falsch. In: Hamburg macht Schule 01, 20\u201321, 2026. <a href=\"https:\/\/www.hamburg.de\/politik-und-verwaltung\/behoerden\/bsfb\/veroeffentlichungen\/hamburg-macht-schule\/hamburg-macht-schule-2026-1145386\" rel='nofollow'>https:\/\/www.hamburg.de\/politik-und-verwaltung\/behoerden\/bsfb\/veroeffentlichungen\/hamburg-macht-schule\/hamburg-macht-schule-2026-1145386<\/a><\/li>\n<\/ul>\n\n\n\n<p><\/p>\n\n\n\n<h2 class=\"wp-block-heading\">Vortr\u00e4ge und Pr\u00e4sentationen<\/h2>\n\n\n\n<ul class=\"wp-block-list\">\n<li>The Algorithmic Narrative of War: The Role of LLMs and its Promise of Control in Miitary Wargaming. Vortrag auf der Internationalen Konferenz: The Promises of Algorithmic Warfare \u2013 And Their World-Making Effects. Hamburg, 11.\u201312.02.2026<\/li>\n\n\n\n<li>Wargaming in the Age of AI: From synthetical immersion to analytical simulation? Vortrag auf der ECAI 2025, Bologna, Italien [Workshop W33 AI in Security and Defense (AI4SD)], 26.10.2025. <a href=\"https:\/\/ai4sd-ecai-2025.github.io\/\" rel='nofollow'>https:\/\/ai4sd-ecai-2025.github.io\/<\/a><\/li>\n\n\n\n<li>KI-Technologien &amp; Sozio-technische Resilienz im Milit\u00e4r. Posterpr\u00e4sentation auf der hochschul\u00f6ffentlichen Pr\u00e4sentation zur Profilbildung der <abbr title=\"Helmut Schmidt Universit\u00e4t\">HSU<\/abbr> Hamburg. 27.06.2025<\/li>\n\n\n\n<li>Differentiating Truths \u2013 On (Epistemological) Shifts in Deception Detection for Airport Settings. Beitrag zum Workshop \u201eAutomation, Control and Incompetence. Socio-Technical Ecologies of Responsible Filtering in the 20th and 21st Century\u201c des Exzellenzclusters Matters of Activity. Berlin, 01.\u201302.12.2022 (zus. mit Bettina Paul und Torsten Voigt). <a href=\"https:\/\/www.matters-of-activity.de\/en\/activities\/9286\/automation-control-and-incompetence\" rel='nofollow'>https:\/\/www.matters-of-activity.de\/en\/activities\/9286\/automation-control-and-incompetence<\/a><\/li>\n\n\n\n<li>Upscaling Ground Truthing for the Airport. Beitrag zur EASST 2022 \u201cThe Politics of Technoscientific Futures\u201d. IFEMA Madrid, 06.-09.07.2022 (zus. mit Bettina Paul und Torsten Voigt). <a href=\"https:\/\/cloud.nomadit.co.uk\/index.php\/s\/32SeMC2nbjqqDeY?dir=\/&amp;editing=false&amp;openfile=true\" rel='nofollow'>https:\/\/cloud.nomadit.co.uk\/index.php\/s\/32SeMC2nbjqqDeY?dir=\/&amp;editing=false&amp;openfile=true<\/a><\/li>\n\n\n\n<li>Algorithmen und K\u00fcnstliche Intelligenz \u2013 Softwaretechnologien zwischen milit\u00e4rischer Erwartung und Wirklichkeit. Online-Briefing zu Zwischenergebnissen des DSF KI-Projekts. IFSH, 08.10.2020 (zus. mit Hendrik Erz und Christian Alwardt)<\/li>\n\n\n\n<li>Helfer_innen als sanfte Kontrolleur_innen \u2013 Zum Verh\u00e4ltnis von Interaktionspraktiken und Hilfeverst\u00e4ndnisse. Beitrag zur ZIF-Arbeitsgemeinschaft \u201eWith a little help \u2013 from whom? \u201aHelfen\u2018 als situatives und organisationales Ph\u00e4nomen. Zentrum f\u00fcr interdisziplin\u00e4re Forschung, Universit\u00e4t Bielefeld, 07.\/08.11.2019 (zus. mit Christina Schlepper und Jan Wehrheim)<\/li>\n\n\n\n<li>Die sanften Kontrolleure revisited \u2013 Einsichten aus einer Replikationsstudie. Beitrag zum Forschungskolloquium der Arbeitsgruppe Sozialp\u00e4dagogik mit dem Schwerpunkt Sozialpolitische Grundlagen, Bergische Universit\u00e4t Wuppertal, 04.12.2018 (zus. mit Christina Schlepper)<\/li>\n\n\n\n<li>\u201eMeine Aufgabe ist, einen Bericht zu schreiben.\u201c Beitrag auf dem Bundeskongress Soziale Arbeit, Bielefeld, 06.09.2018 (zus. mit Christina Schlepper)<\/li>\n\n\n\n<li>Die sanften Kontrolleure \u2013 revisited. Beitrag zum Forschungskolloquium des ISEP &#8211; Institut f\u00fcr Sozialp\u00e4dagogik, Erwachsenenbildung und P\u00e4dagogik der fr\u00fchen Kindheit, <abbr title=\"Technische Universit\u00e4t\">TU<\/abbr> Dortmund, 23.01.2018<\/li>\n\n\n\n<li>Gambling with the \u2018gift\u2019? On the relationship between security technologies, trust and distrust. The case of fingerprinting. Beitrag zur Tagung \u201cTrust in Times of (In)Security\u201d der Research Group Interdisciplinary Analysis of Trust, Crises and Fear of the Future (ZIVA) und der Sektion \u201ePolitische Soziologie\u201d der Deutschen Gesellschaft f\u00fcr Soziologie, Universit\u00e4t Trier, 05.\/06.06.2014<\/li>\n\n\n\n<li>Trustworthy biometrics? (Ir)rationalities of voluntary fingerprint users. Beitrag zur Konferenz \u201eSurveillance and\/in Everyday Life: Monitoring Pasts, Presents and Futures\u201d der The Surveillance &amp; Everyday Life Research Group und der University of Sydney, University of Sydney, Australien. 20.\/21.02.2012.<\/li>\n\n\n\n<li>Versicherheitlichung und Biometrie. Zur Verbreitung einer Kontrolltechnologie im Spannungsfeld von Staat, \u00d6konomie und Alltag. Beitrag zum Symposium \u201ePolitische \u00d6konomie und Sicherheit\u201c organisiert vom ISIP e.V. zu Ehren von Fritz Sack, G\u00e4stehaus der Universit\u00e4t Hamburg 05.\/06.10.2011 (zus. mit Jan Wehrheim)<\/li>\n<\/ul>\n\n\n\n<h2 class=\"wp-block-heading\">Mitgliedschaft<\/h2>\n\n\n\n<ul class=\"wp-block-list\">\n<li>Associate Board Tecnoscienza. Italian Journal of Science &amp; Technology Studies<\/li>\n<\/ul>\n","protected":false},"excerpt":{"rendered":"<p>Wissenschaftliche Mitarbeiterin am Lehrstuhl f\u00fcr Evangelische Theologie Kontakt E-Mail: kuehnes@hsu.hamburg | kuehnes@hsu-hh.de Telefon: +49 40 6541 4748 Besucheranschrift Helmut-Schmidt-Universit\u00e4tGeb\u00e4ude H52Am Stadtrand 5222047 Hamburg Postanschrift Helmut-Schmidt-Universit\u00e4tEvangelische TheologiePostfach 70 08 2222008 Hamburg [&hellip;]<\/p>\n","protected":false},"author":3847,"featured_media":0,"parent":0,"menu_order":0,"comment_status":"closed","ping_status":"closed","template":"","meta":{"footnotes":""},"categories":[4],"tags":[],"class_list":["post-1330","page","type-page","status-publish","hentry","category-forschung"],"_links":{"self":[{"href":"https:\/\/www.hsu-hh.de\/theevs\/wp-json\/wp\/v2\/pages\/1330","targetHints":{"allow":["GET"]}}],"collection":[{"href":"https:\/\/www.hsu-hh.de\/theevs\/wp-json\/wp\/v2\/pages"}],"about":[{"href":"https:\/\/www.hsu-hh.de\/theevs\/wp-json\/wp\/v2\/types\/page"}],"author":[{"embeddable":true,"href":"https:\/\/www.hsu-hh.de\/theevs\/wp-json\/wp\/v2\/users\/3847"}],"replies":[{"embeddable":true,"href":"https:\/\/www.hsu-hh.de\/theevs\/wp-json\/wp\/v2\/comments?post=1330"}],"version-history":[{"count":28,"href":"https:\/\/www.hsu-hh.de\/theevs\/wp-json\/wp\/v2\/pages\/1330\/revisions"}],"predecessor-version":[{"id":2667,"href":"https:\/\/www.hsu-hh.de\/theevs\/wp-json\/wp\/v2\/pages\/1330\/revisions\/2667"}],"wp:attachment":[{"href":"https:\/\/www.hsu-hh.de\/theevs\/wp-json\/wp\/v2\/media?parent=1330"}],"wp:term":[{"taxonomy":"category","embeddable":true,"href":"https:\/\/www.hsu-hh.de\/theevs\/wp-json\/wp\/v2\/categories?post=1330"},{"taxonomy":"post_tag","embeddable":true,"href":"https:\/\/www.hsu-hh.de\/theevs\/wp-json\/wp\/v2\/tags?post=1330"}],"curies":[{"name":"wp","href":"https:\/\/api.w.org\/{rel}","templated":true}]}}