{"id":1229,"date":"2025-03-03T08:24:41","date_gmt":"2025-03-03T07:24:41","guid":{"rendered":"https:\/\/www.hsu-hh.de\/theevs\/?page_id=1229"},"modified":"2026-04-13T09:54:53","modified_gmt":"2026-04-13T07:54:53","slug":"dr-benedikt-bussmann","status":"publish","type":"page","link":"https:\/\/www.hsu-hh.de\/theevs\/dr-benedikt-bussmann","title":{"rendered":"Dr. Benedikt Bussmann"},"content":{"rendered":"\n<p><strong>Wissenschaftlicher Mitarbeiter am Lehrstuhl f\u00fcr Evangelische Theologie<\/strong><\/p>\n\n\n\n<div style=\"height:20px\" aria-hidden=\"true\" class=\"wp-block-spacer\"><\/div>\n\n\n\n<div class=\"wp-block-columns is-layout-flex wp-container-core-columns-is-layout-9d6595d7 wp-block-columns-is-layout-flex\">\n<div class=\"wp-block-column is-layout-flow wp-block-column-is-layout-flow\">\n<figure class=\"wp-block-image size-large\"><img loading=\"lazy\" decoding=\"async\" width=\"1024\" height=\"683\" src=\"https:\/\/www.hsu-hh.de\/theevs\/wp-content\/uploads\/sites\/736\/2025\/03\/20250306_Dussmann_Dr_Benedikt_Portraits_1279_CG-1024x683.jpg\" data-credit=\"HSU\/Gelhausen\" alt=\"\" class=\"wp-image-1280\" srcset=\"https:\/\/www.hsu-hh.de\/theevs\/wp-content\/uploads\/sites\/736\/2025\/03\/20250306_Dussmann_Dr_Benedikt_Portraits_1279_CG-1024x683.jpg 1024w, https:\/\/www.hsu-hh.de\/theevs\/wp-content\/uploads\/sites\/736\/2025\/03\/20250306_Dussmann_Dr_Benedikt_Portraits_1279_CG-300x200.jpg 300w, https:\/\/www.hsu-hh.de\/theevs\/wp-content\/uploads\/sites\/736\/2025\/03\/20250306_Dussmann_Dr_Benedikt_Portraits_1279_CG-768x512.jpg 768w, https:\/\/www.hsu-hh.de\/theevs\/wp-content\/uploads\/sites\/736\/2025\/03\/20250306_Dussmann_Dr_Benedikt_Portraits_1279_CG-1536x1024.jpg 1536w, https:\/\/www.hsu-hh.de\/theevs\/wp-content\/uploads\/sites\/736\/2025\/03\/20250306_Dussmann_Dr_Benedikt_Portraits_1279_CG-2048x1365.jpg 2048w, https:\/\/www.hsu-hh.de\/theevs\/wp-content\/uploads\/sites\/736\/2025\/03\/20250306_Dussmann_Dr_Benedikt_Portraits_1279_CG-1100x733.jpg 1100w\" sizes=\"auto, (max-width: 1024px) 100vw, 1024px\" \/><\/figure>\n<\/div>\n\n\n\n<div class=\"wp-block-column is-layout-flow wp-block-column-is-layout-flow\">\n<h2 class=\"wp-block-heading\">Kontakt<\/h2>\n\n\n\n<p>E-Mail: benediktbussmann@hsu.hamburg<\/p>\n\n\n\n<p>Telefon: 040-6541-4845<\/p>\n<\/div>\n\n\n\n<div class=\"wp-block-column is-layout-flow wp-block-column-is-layout-flow\">\n<h3 class=\"wp-block-heading\">Besucheranschrift<\/h3>\n\n\n\n<p>Helmut-Schmidt-Universit\u00e4t<br>Geb\u00e4ude H52, Raum 046<br>Am Stadtrand 52<br>22047 Hamburg<\/p>\n\n\n\n<h3 class=\"wp-block-heading\">Postanschrift<\/h3>\n\n\n\n<p>Helmut-Schmidt-Universit\u00e4t<br>Evangelische Theologie<br>Postfach 70 08 22<br>22008 Hamburg<\/p>\n<\/div>\n<\/div>\n\n\n\n<h2 class=\"wp-block-heading\">Kurzvita<\/h2>\n\n\n\n<ul class=\"wp-block-list\">\n<li>Seit M\u00e4rz 2025: Postdoc im Forschungshub KI-Ethik am Lehrstuhl f\u00fcr Evangelische Theologie unter besonderer Ber\u00fccksichtigung der Sozial und Technikethik, Helmut-Schmidt-Universit\u00e4t, Universit\u00e4t der Bundeswehr Hamburg.<\/li>\n\n\n\n<li>2019 &#8211; 2024: Dozent f\u00fcr Milit\u00e4rethik und Gesellschaftswissenschaften in der Fakult\u00e4t f\u00fcr Politik-, Strategie-, und Gesellschaftswissenschaften an der F\u00fchrungsakademie der Bundeswehr.<\/li>\n\n\n\n<li>2011 &#8211; 2024: Offizier in der Bundeswehr.<\/li>\n<\/ul>\n\n\n\n<div style=\"height:20px\" aria-hidden=\"true\" class=\"wp-block-spacer\"><\/div>\n\n\n\n<h2 class=\"wp-block-heading\">Publikationen<\/h2>\n\n\n\n<ul class=\"wp-block-list\">\n<li>2025: Hyperwar and the Dehumanisaton of War. An ethical Consideration; DOI: <br>10.24405\/22134; <a href=\"https:\/\/openhsu.ub.hsu-hh.de\/entities\/publication\/22134\" rel='nofollow'>Hyperwar and the dehumanisation of war<\/a> <span><a href=\"\" rel='nofollow'><img decoding=\"async\" title=\"Titel anhand dieser DOI in Citavi-Projekt \u00fcbernehmen\" class=\"citavipicker\" style=\"border: 0px none!important;width: 16px!important;height: 16px!important;margin-left:1px !important;margin-right:1px !important\" src=\"image\/svg+xml;base64,PD94bWwgdmVyc2lvbj0iMS4wIiBlbmNvZGluZz0idXRmLTgiPz48IURPQ1RZUEUgc3ZnIFBVQkxJQyAiLS8vVzNDLy9EVEQgU1ZHIDEuMS8vRU4iICJodHRwOi8vd3d3LnczLm9yZy9HcmFwaGljcy9TVkcvMS4xL0RURC9zdmcxMS5kdGQiPjxzdmcgdmVyc2lvbj0iMS4xIiBpZD0iRWJlbmVfMSIgeG1sbnM9Imh0dHA6Ly93d3cudzMub3JnLzIwMDAvc3ZnIiB4bWxuczp4bGluaz0iaHR0cDovL3d3dy53My5vcmcvMTk5OS94bGluayIgeD0iMHB4IiB5PSIwcHgiIHdpZHRoPSIxNnB4IiBoZWlnaHQ9IjE2cHgiIHZpZXdCb3g9IjAgMCAxNiAxNiIgZW5hYmxlLWJhY2tncm91bmQ9Im5ldyAwIDAgMTYgMTYiIHhtbDpzcGFjZT0icHJlc2VydmUiPjxnPjxnPjxwYXRoIGZpbGw9IiNGRkZGRkYiIGQ9Ik04LjAwMSwxNS41QzMuODY0LDE1LjUsMC41LDEyLjEzNiwwLjUsOGMwLTQuMTM1LDMuMzY1LTcuNSw3LjUwMS03LjVTMTUuNSwzLjg2NCwxNS41LDhTMTIuMTM3LDE1LjUsOC4wMDEsMTUuNXoiLz48cGF0aCBmaWxsPSIjRDUyQjFFIiBkPSJNOC4wMDEsMUMxMS44NiwxLDE1LDQuMTQxLDE1LDhzLTMuMTM5LDctNi45OTksN0M0LjE0LDE1LDEsMTEuODU5LDEsOFM0LjE0LDEsOC4wMDEsMSBNOC4wMDEsMEMzLjU4MiwwLDAsMy41ODIsMCw4czMuNTgyLDgsOC4wMDEsOEMxMi40MTgsMTYsMTYsMTIuNDE4LDE2LDhTMTIuNDE4LDAsOC4wMDEsMEw4LjAwMSwweiIvPjwvZz48cGF0aCBmaWxsPSIjRDUyQjFFIiBkPSJNNi43NDUsMTIuNTg5Yy0wLjIyNywwLjEyMi0wLjQ5NywwLjI0Ny0wLjY4NCwwLjI0N2MtMC4zMTgsMC0wLjUwMS0wLjE2NC0wLjUwMS0wLjQ1MmMwLTAuMjA3LDAuMTQtMC4zNzUsMC41OTUtMC42MjJjMS41NDktMC45MDQsMi41OTQtMi4yNzIsMi41OTQtMy43MjFjMC0wLjgyNS0wLjIyNy0xLjExOS0wLjY4MS0xLjExOWMtMC4xMzUsMC0wLjMyLDAuMjE5LTAuNjM2LDAuMjE5SDcuMTU3QzYuMTAyLDcuMTQzLDUuMzMzLDYuMjY0LDUuMzMzLDUuMjNjMC0xLjE1MiwwLjk1OC0yLjAwNiwyLjI4LTIuMDA2YzEuNzc3LDAsMy4wNTMsMS4zNzMsMy4wNTMsMy40M0MxMC42NjYsOS4yMTUsOS4yMDMsMTEuMjcsNi43NDUsMTIuNTg5Ii8+PC9nPjwvc3ZnPg\"><\/a><\/span><\/li>\n\n\n\n<li>2024: Ethisch Denken in Zeiten von Krieg und Frieden &#8211; Grundlegung einer Theorie ethischer Bildung im Anspruch Innerer F\u00fchrung, Miles-Verlag, Berlin. (Dissertation)<\/li>\n\n\n\n<li>2020: Dehumanisation im Kontext kriegerischer Gewalt, In: Dietrich, Cornelie; Uhlendorf, Niels; Beiler, Frank; Sanders, Olaf (<abbr title=\"Herausgeber\">Hrsg.<\/abbr>): Anthropologien der Sorge im P\u00e4dagogischen, S. 318 &#8211; 329,  BELTZ Juventa, Weinheim.<\/li>\n<\/ul>\n\n\n\n<div style=\"height:20px\" aria-hidden=\"true\" class=\"wp-block-spacer\"><\/div>\n\n\n\n<h2 class=\"wp-block-heading\">Vortr\u00e4ge<\/h2>\n\n\n\n<ul class=\"wp-block-list\">\n<li>2026: Disruptive Technologien im Milit\u00e4r: KI als (milit\u00e4rethische) Herausforderung f\u00fcr den Staatsb\u00fcrger in Uniform, F\u00fchrungsakademie der Bundeswehr, Hamburg<\/li>\n\n\n\n<li>2026: Hyperwar and the (new?) dehumanisation of war. Imagination of AI-warfare from the perspective of military ethics; MeHuCo, <\/li>\n\n\n\n<li>Universit\u00e4t Hamburg<\/li>\n\n\n\n<li>2025: Hyperwar and the dehumanisation of war. An ethical consideration. ECAI workshop: AI in Security an Defense, Bologna<\/li>\n\n\n\n<li>2024: On the Necessity to protect earthly existence &#8211; Peace as the soldiers self-conception, Ushuluddin Faculty, Syarif Hidayatullah Jakarta Islamic State University<\/li>\n\n\n\n<li>2023: Gewaltabstraktion durch Sprache, F\u00fchrungsakademie der Bundeswehr, Hamburg<\/li>\n\n\n\n<li>2018: Selbstsorge um die eigene Dehumanisation im Kontext kriegerischer Gewalt, Jahrestagung der Kommission P\u00e4dagogische Anthropologie in der Deutschen Gesellschaft f\u00fcr Erziehungswissenschaft, Helmut-Schmidt-Universit\u00e4t\/ Universit\u00e4t der Bundeswehr, Hamburg<\/li>\n<\/ul>\n\n\n\n<p><\/p>\n","protected":false},"excerpt":{"rendered":"<p>Wissenschaftlicher Mitarbeiter am Lehrstuhl f\u00fcr Evangelische Theologie Kontakt E-Mail: benediktbussmann@hsu.hamburg Telefon: 040-6541-4845 Besucheranschrift Helmut-Schmidt-Universit\u00e4tGeb\u00e4ude H52, Raum 046Am Stadtrand 5222047 Hamburg Postanschrift Helmut-Schmidt-Universit\u00e4tEvangelische TheologiePostfach 70 08 2222008 Hamburg Kurzvita Publikationen Vortr\u00e4ge<\/p>\n","protected":false},"author":3847,"featured_media":1280,"parent":0,"menu_order":0,"comment_status":"closed","ping_status":"closed","template":"","meta":{"footnotes":""},"categories":[4],"tags":[],"class_list":["post-1229","page","type-page","status-publish","has-post-thumbnail","hentry","category-forschung"],"_links":{"self":[{"href":"https:\/\/www.hsu-hh.de\/theevs\/wp-json\/wp\/v2\/pages\/1229","targetHints":{"allow":["GET"]}}],"collection":[{"href":"https:\/\/www.hsu-hh.de\/theevs\/wp-json\/wp\/v2\/pages"}],"about":[{"href":"https:\/\/www.hsu-hh.de\/theevs\/wp-json\/wp\/v2\/types\/page"}],"author":[{"embeddable":true,"href":"https:\/\/www.hsu-hh.de\/theevs\/wp-json\/wp\/v2\/users\/3847"}],"replies":[{"embeddable":true,"href":"https:\/\/www.hsu-hh.de\/theevs\/wp-json\/wp\/v2\/comments?post=1229"}],"version-history":[{"count":14,"href":"https:\/\/www.hsu-hh.de\/theevs\/wp-json\/wp\/v2\/pages\/1229\/revisions"}],"predecessor-version":[{"id":2766,"href":"https:\/\/www.hsu-hh.de\/theevs\/wp-json\/wp\/v2\/pages\/1229\/revisions\/2766"}],"wp:featuredmedia":[{"embeddable":true,"href":"https:\/\/www.hsu-hh.de\/theevs\/wp-json\/wp\/v2\/media\/1280"}],"wp:attachment":[{"href":"https:\/\/www.hsu-hh.de\/theevs\/wp-json\/wp\/v2\/media?parent=1229"}],"wp:term":[{"taxonomy":"category","embeddable":true,"href":"https:\/\/www.hsu-hh.de\/theevs\/wp-json\/wp\/v2\/categories?post=1229"},{"taxonomy":"post_tag","embeddable":true,"href":"https:\/\/www.hsu-hh.de\/theevs\/wp-json\/wp\/v2\/tags?post=1229"}],"curies":[{"name":"wp","href":"https:\/\/api.w.org\/{rel}","templated":true}]}}