{"id":118,"date":"2018-05-08T11:10:53","date_gmt":"2018-05-08T09:10:53","guid":{"rendered":"https:\/\/www.hsu-hh.de\/theevs\/?page_id=118"},"modified":"2026-03-04T20:08:45","modified_gmt":"2026-03-04T19:08:45","slug":"team","status":"publish","type":"page","link":"https:\/\/www.hsu-hh.de\/theevs\/team","title":{"rendered":"Team"},"content":{"rendered":"\n<p>Auf diesen Seiten stellt sich das Team des Lehrstuhls f\u00fcr Evangelische Theologie vor. <\/p>\n\n\n\n<div style=\"height:20px\" aria-hidden=\"true\" class=\"wp-block-spacer\"><\/div>\n\n\n\n<div class=\"wp-block-columns is-layout-flex wp-container-core-columns-is-layout-9d6595d7 wp-block-columns-is-layout-flex\">\n<div class=\"wp-block-column is-layout-flow wp-block-column-is-layout-flow\" style=\"flex-basis:66.66%\"><div class=\"wp-block-image\">\n<figure class=\"alignleft size-large is-resized\"><img loading=\"lazy\" decoding=\"async\" width=\"1024\" height=\"683\" src=\"https:\/\/www.hsu-hh.de\/theevs\/wp-content\/uploads\/sites\/736\/2025\/12\/20251210_Prof_Schreiber_Gruppe_ev_Theologie_CG_01-1-edited-1024x683.jpg\" data-credit=\"Gelhausen\/Bundeswehr\/HSU\/UniBwH\" alt=\"\" class=\"wp-image-2529\" style=\"width:682px;height:auto\" srcset=\"https:\/\/www.hsu-hh.de\/theevs\/wp-content\/uploads\/sites\/736\/2025\/12\/20251210_Prof_Schreiber_Gruppe_ev_Theologie_CG_01-1-edited-1024x683.jpg 1024w, https:\/\/www.hsu-hh.de\/theevs\/wp-content\/uploads\/sites\/736\/2025\/12\/20251210_Prof_Schreiber_Gruppe_ev_Theologie_CG_01-1-edited-300x200.jpg 300w, https:\/\/www.hsu-hh.de\/theevs\/wp-content\/uploads\/sites\/736\/2025\/12\/20251210_Prof_Schreiber_Gruppe_ev_Theologie_CG_01-1-edited-768x512.jpg 768w, https:\/\/www.hsu-hh.de\/theevs\/wp-content\/uploads\/sites\/736\/2025\/12\/20251210_Prof_Schreiber_Gruppe_ev_Theologie_CG_01-1-edited-1536x1024.jpg 1536w, https:\/\/www.hsu-hh.de\/theevs\/wp-content\/uploads\/sites\/736\/2025\/12\/20251210_Prof_Schreiber_Gruppe_ev_Theologie_CG_01-1-edited-2048x1366.jpg 2048w, https:\/\/www.hsu-hh.de\/theevs\/wp-content\/uploads\/sites\/736\/2025\/12\/20251210_Prof_Schreiber_Gruppe_ev_Theologie_CG_01-1-edited-1100x733.jpg 1100w\" sizes=\"auto, (max-width: 1024px) 100vw, 1024px\" \/><figcaption class=\"wp-element-caption\">vlnr: Kathrin Bruder, Elisa Thomas, Benedikt Bussmann, Greta Paul, Haidar Almahmoud, Maximilian Waschka, Gerhard Schreiber, Sylvia K\u00fchne, Lukas Johrendt, Stephanie Just, Mareike Proske (nicht auf dem Bild)<\/figcaption><\/figure>\n<\/div><\/div>\n\n\n\n<div class=\"wp-block-column is-layout-flow wp-block-column-is-layout-flow\" style=\"flex-basis:33.33%\">\n<h3 class=\"wp-block-heading\">Besucheranschrift<\/h3>\n\n\n\n<p>Helmut-Schmidt-Universit\u00e4t<br>Geb\u00e4ude H52, Raum 044<br>Am Stadtrand 52<br>22047 Hamburg<\/p>\n\n\n\n<h3 class=\"wp-block-heading\">Postanschrift<\/h3>\n\n\n\n<p>Helmut-Schmidt-Universit\u00e4t<br>Evangelische Theologie<br>Postfach 70 08 22<br>22008 Hamburg<\/p>\n<\/div>\n<\/div>\n","protected":false},"excerpt":{"rendered":"<p>Auf diesen Seiten stellt sich das Team des Lehrstuhls f\u00fcr Evangelische Theologie vor. Besucheranschrift Helmut-Schmidt-Universit\u00e4tGeb\u00e4ude H52, Raum 044Am Stadtrand 5222047 Hamburg Postanschrift Helmut-Schmidt-Universit\u00e4tEvangelische TheologiePostfach 70 08 2222008 Hamburg<\/p>\n","protected":false},"author":3774,"featured_media":0,"parent":0,"menu_order":0,"comment_status":"closed","ping_status":"closed","template":"","meta":{"footnotes":""},"categories":[8],"tags":[],"class_list":["post-118","page","type-page","status-publish","hentry","category-team"],"_links":{"self":[{"href":"https:\/\/www.hsu-hh.de\/theevs\/wp-json\/wp\/v2\/pages\/118","targetHints":{"allow":["GET"]}}],"collection":[{"href":"https:\/\/www.hsu-hh.de\/theevs\/wp-json\/wp\/v2\/pages"}],"about":[{"href":"https:\/\/www.hsu-hh.de\/theevs\/wp-json\/wp\/v2\/types\/page"}],"author":[{"embeddable":true,"href":"https:\/\/www.hsu-hh.de\/theevs\/wp-json\/wp\/v2\/users\/3774"}],"replies":[{"embeddable":true,"href":"https:\/\/www.hsu-hh.de\/theevs\/wp-json\/wp\/v2\/comments?post=118"}],"version-history":[{"count":67,"href":"https:\/\/www.hsu-hh.de\/theevs\/wp-json\/wp\/v2\/pages\/118\/revisions"}],"predecessor-version":[{"id":2701,"href":"https:\/\/www.hsu-hh.de\/theevs\/wp-json\/wp\/v2\/pages\/118\/revisions\/2701"}],"wp:attachment":[{"href":"https:\/\/www.hsu-hh.de\/theevs\/wp-json\/wp\/v2\/media?parent=118"}],"wp:term":[{"taxonomy":"category","embeddable":true,"href":"https:\/\/www.hsu-hh.de\/theevs\/wp-json\/wp\/v2\/categories?post=118"},{"taxonomy":"post_tag","embeddable":true,"href":"https:\/\/www.hsu-hh.de\/theevs\/wp-json\/wp\/v2\/tags?post=118"}],"curies":[{"name":"wp","href":"https:\/\/api.w.org\/{rel}","templated":true}]}}