{"id":1154,"date":"2025-01-18T12:40:03","date_gmt":"2025-01-18T11:40:03","guid":{"rendered":"https:\/\/www.hsu-hh.de\/theevs\/?page_id=1154"},"modified":"2025-07-07T08:53:09","modified_gmt":"2025-07-07T06:53:09","slug":"eiriksson-forschungsstelle","status":"publish","type":"page","link":"https:\/\/www.hsu-hh.de\/theevs\/eiriksson-forschungsstelle","title":{"rendered":"Eir\u00edksson-Forschungsstelle"},"content":{"rendered":"\n<h3 class=\"wp-block-heading\">Leitung: <abbr title=\"Professor\">Prof.<\/abbr> <abbr title=\"Doktor\">Dr.<\/abbr> Gerhard Schreiber<\/h3>\n\n\n\n<h3 class=\"wp-block-heading\">Publikationsprojekte<\/h3>\n\n\n\n<h5 class=\"wp-block-heading\">Laufende Publikationsprojekte<\/h5>\n\n\n\n<ul class=\"wp-block-list\">\n<li>Gerhard Schreiber: \u201eMagn\u00fas Eir\u00edksson: Meine Schriftstellert\u00e4tigkeit \u2013 \u00dcbersetzung und Kommentar\u201c, <em>KSYB<\/em>, <abbr title=\"Band\">Bd.<\/abbr> 30, 2025. (<em>forthcoming<\/em>)<\/li>\n\n\n\n<li>Magn\u00fas Eir\u00edksson: <em>Briefe an Clara Raphael<\/em>. Originaltitel: <em>Breve til Clara Raphael fra Theodor Immanuel <\/em>(1851). Herausgegeben und \u00fcbersetzt aus dem D\u00e4nischen von Gerhard Schreiber, Verlag 28 Eichen.<\/li>\n<\/ul>\n\n\n\n<h5 class=\"wp-block-heading\">Publikationen<\/h5>\n\n\n\n<ul class=\"wp-block-list\">\n<li>Gerhard Schreiber: \u201eMagn\u00fas Eir\u00edksson: \u201aMeine Schriftstellert\u00e4tigkeit\u2018 \u2013 \u00dcbersetzung und Kommentar\u201c, <em>Kierkegaard Studies Yearbook<\/em>, <abbr title=\"Band\">Bd.<\/abbr> 30, 2025, S. 373\u2013405.<\/li>\n\n\n\n<li>Gerhard Schreiber: \u201e<a href=\"https:\/\/www.degruyter.com\/document\/doi\/10.1515\/znth-2024-0028\/html\" rel='nofollow'>Vordenker wider Willen. Der dogmatische Standpunkt Magn\u00fas Eir\u00edkssons<\/a>\u201c, in:&nbsp;<em>JHMTh\/ZNThG<\/em>,&nbsp;<abbr title=\"Band\">Bd.<\/abbr>&nbsp;31(2), 2024, S. 189\u2013214.<\/li>\n\n\n\n<li>Gerhard Schreiber: \u201e<a href=\"https:\/\/siek.mx\/revista\/\" rel='nofollow'>Pasaje a la divinidad. La racionalidad de la fe en Magn\u00fas Eir\u00edksson<\/a>\u201c, \u00fcbers. von Nassim Bravo, <em>Estudios Kierkegaardianos. Revista de filosof\u00eda,<\/em> <abbr title=\"Band\">Bd.<\/abbr> 10, S. 15-44.<\/li>\n\n\n\n<li>Gerhard Schreiber: \u201ePassage to Divinity. Magn\u00fas Eir\u00edksson on the Rationality of Faith\u201c, in: <em>Interesse am Anderen. Interdisziplin\u00e4re Beitr\u00e4ge zum Verh\u00e4ltnis von Religion und Rationalit\u00e4t. F\u00fcr Heiko Schulz zum 60. Geburtstag<\/em>, hg. von Gerhard Schreiber, Berlin u. Boston: De Gruyter 2019 (<em>Theologische Bibliothek T\u00f6pelmann<\/em>, <abbr title=\"Band\">Bd.<\/abbr> 187), S. 259-283.<\/li>\n\n\n\n<li><em>Magn\u00fas Eir\u00edksson. A Forgotten Contemporary of Kierkegaard<\/em>, hg. von Gerhard Schreiber und Jon Stewart, Kopenhagen: Museum Tusculanum Press 2017 (<em>Danish Golden Age Studies<\/em>,&nbsp;<abbr title=\"Band\">Bd.<\/abbr>&nbsp;10). (xiv + 478 S.)<\/li>\n\n\n\n<li>Gerhard Schreiber: \u201eEir\u00edksson, Martensen und the Deification of Humanity\u201c, in:&nbsp;<em>Magn\u00fas Eir\u00edksson<\/em>, hg. von Gerhard Schreiber und Jon Stewart, Kopenhagen: Museum Tusculanum Press 2017 (<em>Danish Golden Age Studies<\/em>,&nbsp;<abbr title=\"Band\">Bd.<\/abbr>&nbsp;10), S. 59-114.<\/li>\n\n\n\n<li>Gerhard Schreiber: \u201eRitaskr\u00e1 Magn\u00fasar Eir\u00edkssonar\u201c, in:&nbsp;<em>Sk\u00edrnir<\/em>,&nbsp;<abbr title=\"Band\">Bd.<\/abbr>&nbsp;189, 2015, S. 519-531.<\/li>\n\n\n\n<li>Gerhard Schreiber: \u201eMagn\u00fas Eir\u00edksson \u2014 Vanr\u00e6ktur samt\u00edmama\u00f0ur S\u00f8rens Kierkegaard\u201c, \u00fcbers. von A\u00f0alsteinn Gar\u00f0arsson, in: <em>Sk\u00edrnir<\/em>, <abbr title=\"Band\">Bd.<\/abbr> 188, 2014, S. 116-143.<\/li>\n\n\n\n<li>Gerhard Schreiber: \u201e\u201aLike a Voice in the Wilderness\u2018: Magn\u00fas Eir\u00edksson\u2019s Tenacious Critique of Martensen\u2014and Martensen\u2019s \u201aLofty Silence\u2018\u201c, in:&nbsp;<em>Hans Lassen Martensen. Theologian, Philosopher and Social Critic<\/em>, hg. von Jon Stewart, Kopenhagen: Museum Tusculanum Press 2013 (<em>Danish Golden Age Studies<\/em>, <abbr title=\"Band\">Bd.<\/abbr> 6),&nbsp;S. 155-191.<\/li>\n\n\n\n<li>Gerhard Schreiber: \u201eEir\u00edksson, Magn\u00fas\u201c, in&nbsp;<em>Biographisch-Bibliographisches Kirchenlexikon<\/em>, <abbr title=\"Band\">Bd.<\/abbr> 28, hg. von Friedrich Wilhelm Bautz und Traugott Bautz, Nordhausen: Bautz 2007, Sp. 517-538.<\/li>\n<\/ul>\n\n\n\n<h5 class=\"wp-block-heading\">Hilfsmittel zur Eir\u00edksson-Forschung<\/h5>\n\n\n\n<ul class=\"wp-block-list\">\n<li>Gerhard Schreiber: \u201eInternational Bibliography on Magn\u00fas Eir\u00edksson\u201c, in: <em>Magn\u00fas Eir\u00edksson. A Forgotten Contemporary of Kierkegaard<\/em>, hg. von Gerhard Schreiber und Jon Stewart, Kopenhagen: Museum Tusculanum Press 2017 (<em>Danish Golden Age Studies<\/em>, <abbr title=\"Band\">Bd.<\/abbr> 10), S. 349-374.<\/li>\n\n\n\n<li>Gerhard Schreiber: \u201eThe Auction Catalogue of Eir\u00edksson\u2019s Library\u201c, in: <em>Magn\u00fas Eir\u00edksson. A Forgotten Contemporary of Kierkegaard<\/em>, hg. von Gerhard Schreiber und Jon Stewart, Kopenhagen: Museum Tusculanum Press 2017 (<em>Danish Golden Age Studies<\/em>, <abbr title=\"Band\">Bd.<\/abbr> 10), S. 375-465.<\/li>\n<\/ul>\n\n\n\n<h5 class=\"wp-block-heading\">\u00d6ffentliche Vortr\u00e4ge<\/h5>\n\n\n\n<ul class=\"wp-block-list\">\n<li>\u201eVordenker wider Willen. Der dogmatische Standpunkt Magn\u00fas Eir\u00edkssons\u201c, Habilitationsvortrag, Fachbereich Evangelische Theologie, Goethe-Universit\u00e4t Frankfurt, 29. Juni 2022.<\/li>\n\n\n\n<li>\u201eEir\u00edksson\u2018s Relation to Kierkegaard Reconsidered\u201c, Tagung: \u201eKierkegaard\u2019s Philosophical Psychology: The Sickness unto Death\u201c, H\u00e1sk\u00f3la \u00cdslands, Reykjav\u00edk, 22.\u201324. Mai 2013.<\/li>\n<\/ul>\n","protected":false},"excerpt":{"rendered":"<p>Leitung: Prof. Dr. Gerhard Schreiber Publikationsprojekte Laufende Publikationsprojekte Publikationen Hilfsmittel zur Eir\u00edksson-Forschung \u00d6ffentliche Vortr\u00e4ge<\/p>\n","protected":false},"author":3774,"featured_media":0,"parent":0,"menu_order":0,"comment_status":"closed","ping_status":"closed","template":"","meta":{"footnotes":""},"categories":[4],"tags":[],"class_list":["post-1154","page","type-page","status-publish","hentry","category-forschung"],"_links":{"self":[{"href":"https:\/\/www.hsu-hh.de\/theevs\/wp-json\/wp\/v2\/pages\/1154","targetHints":{"allow":["GET"]}}],"collection":[{"href":"https:\/\/www.hsu-hh.de\/theevs\/wp-json\/wp\/v2\/pages"}],"about":[{"href":"https:\/\/www.hsu-hh.de\/theevs\/wp-json\/wp\/v2\/types\/page"}],"author":[{"embeddable":true,"href":"https:\/\/www.hsu-hh.de\/theevs\/wp-json\/wp\/v2\/users\/3774"}],"replies":[{"embeddable":true,"href":"https:\/\/www.hsu-hh.de\/theevs\/wp-json\/wp\/v2\/comments?post=1154"}],"version-history":[{"count":9,"href":"https:\/\/www.hsu-hh.de\/theevs\/wp-json\/wp\/v2\/pages\/1154\/revisions"}],"predecessor-version":[{"id":1975,"href":"https:\/\/www.hsu-hh.de\/theevs\/wp-json\/wp\/v2\/pages\/1154\/revisions\/1975"}],"wp:attachment":[{"href":"https:\/\/www.hsu-hh.de\/theevs\/wp-json\/wp\/v2\/media?parent=1154"}],"wp:term":[{"taxonomy":"category","embeddable":true,"href":"https:\/\/www.hsu-hh.de\/theevs\/wp-json\/wp\/v2\/categories?post=1154"},{"taxonomy":"post_tag","embeddable":true,"href":"https:\/\/www.hsu-hh.de\/theevs\/wp-json\/wp\/v2\/tags?post=1154"}],"curies":[{"name":"wp","href":"https:\/\/api.w.org\/{rel}","templated":true}]}}