{"id":73,"date":"2017-07-03T15:52:08","date_gmt":"2017-07-03T13:52:08","guid":{"rendered":"https:\/\/www.hsu-hh.de\/vorlage\/?page_id=73"},"modified":"2025-12-19T15:59:09","modified_gmt":"2025-12-19T14:59:09","slug":"startseite","status":"publish","type":"page","link":"https:\/\/www.hsu-hh.de\/tet\/","title":{"rendered":""},"content":{"rendered":"<h2 style=\"text-align: center\">Willkommen auf der Webseite der Professur f\u00fcr<\/h2>\n<h2 style=\"text-align: center\">Theoretische Elektrotechnik und Numerische Feldberechnung<\/h2>\n<p>Diese Webseite ist noch im Aufbau<\/p>\n<p>Vielen Dank f\u00fcr Ihr Verst\u00e4ndnis<\/p>\n\n\n<figure class=\"wp-block-image size-large is-resized\"><img loading=\"lazy\" decoding=\"async\" width=\"1024\" height=\"689\" src=\"https:\/\/www.hsu-hh.de\/tet\/wp-content\/uploads\/sites\/673\/2025\/12\/HauptSeiteBild2-1024x689.jpg\" data-credit=\"Mahmood\" alt=\"\" class=\"wp-image-1314\" style=\"width:30px;height:auto\" srcset=\"https:\/\/www.hsu-hh.de\/tet\/wp-content\/uploads\/sites\/673\/2025\/12\/HauptSeiteBild2-1024x689.jpg 1024w, https:\/\/www.hsu-hh.de\/tet\/wp-content\/uploads\/sites\/673\/2025\/12\/HauptSeiteBild2-300x202.jpg 300w, https:\/\/www.hsu-hh.de\/tet\/wp-content\/uploads\/sites\/673\/2025\/12\/HauptSeiteBild2-768x517.jpg 768w, https:\/\/www.hsu-hh.de\/tet\/wp-content\/uploads\/sites\/673\/2025\/12\/HauptSeiteBild2-1536x1033.jpg 1536w, https:\/\/www.hsu-hh.de\/tet\/wp-content\/uploads\/sites\/673\/2025\/12\/HauptSeiteBild2-1100x740.jpg 1100w, https:\/\/www.hsu-hh.de\/tet\/wp-content\/uploads\/sites\/673\/2025\/12\/HauptSeiteBild2.jpg 1564w\" sizes=\"auto, (max-width: 1024px) 100vw, 1024px\" \/><\/figure>\n\n\n\n<p><\/p>\n","protected":false},"excerpt":{"rendered":"<p>Willkommen auf der Webseite der Professur f\u00fcr Theoretische Elektrotechnik und Numerische Feldberechnung Diese Webseite ist noch im Aufbau Vielen Dank f\u00fcr Ihr Verst\u00e4ndnis<\/p>\n","protected":false},"author":1,"featured_media":0,"parent":0,"menu_order":0,"comment_status":"closed","ping_status":"closed","template":"","meta":{"footnotes":""},"categories":[4],"tags":[],"class_list":["post-73","page","type-page","status-publish","hentry","category-forschung"],"_links":{"self":[{"href":"https:\/\/www.hsu-hh.de\/tet\/wp-json\/wp\/v2\/pages\/73","targetHints":{"allow":["GET"]}}],"collection":[{"href":"https:\/\/www.hsu-hh.de\/tet\/wp-json\/wp\/v2\/pages"}],"about":[{"href":"https:\/\/www.hsu-hh.de\/tet\/wp-json\/wp\/v2\/types\/page"}],"author":[{"embeddable":true,"href":"https:\/\/www.hsu-hh.de\/tet\/wp-json\/wp\/v2\/users\/1"}],"replies":[{"embeddable":true,"href":"https:\/\/www.hsu-hh.de\/tet\/wp-json\/wp\/v2\/comments?post=73"}],"version-history":[{"count":26,"href":"https:\/\/www.hsu-hh.de\/tet\/wp-json\/wp\/v2\/pages\/73\/revisions"}],"predecessor-version":[{"id":1317,"href":"https:\/\/www.hsu-hh.de\/tet\/wp-json\/wp\/v2\/pages\/73\/revisions\/1317"}],"wp:attachment":[{"href":"https:\/\/www.hsu-hh.de\/tet\/wp-json\/wp\/v2\/media?parent=73"}],"wp:term":[{"taxonomy":"category","embeddable":true,"href":"https:\/\/www.hsu-hh.de\/tet\/wp-json\/wp\/v2\/categories?post=73"},{"taxonomy":"post_tag","embeddable":true,"href":"https:\/\/www.hsu-hh.de\/tet\/wp-json\/wp\/v2\/tags?post=73"}],"curies":[{"name":"wp","href":"https:\/\/api.w.org\/{rel}","templated":true}]}}