{"id":424,"date":"2018-12-20T09:32:36","date_gmt":"2018-12-20T08:32:36","guid":{"rendered":"https:\/\/www.hsu-hh.de\/tet\/?page_id=424"},"modified":"2025-09-24T10:30:48","modified_gmt":"2025-09-24T08:30:48","slug":"jens-storjohann","status":"publish","type":"page","link":"https:\/\/www.hsu-hh.de\/tet\/jens-storjohann","title":{"rendered":"Jens Storjohann-Lehrbeauftragte"},"content":{"rendered":"<div class=\"clearfix\"><\/div>\n<div class=\"ansprechparter-container\">\n<div class=\"row ansprechpartner-item ansprechparter-header\">\n<div class=\"col-xs-8 col-lg-12\" style=\"margin-bottom: 30px\">\n<h3 class=\"ansprechparter-headline\"><\/h3>\n<div class=\"mobile-small\"><abbr title=\"Doktor\">Dr.<\/abbr> Jens Storjohann<\/div>\n<\/div>\n<div class=\"col-md-4 col-lg-3 col-xs-4 ansprechpartner-item floatright img-circle center-block\" style=\"margin-bottom: 30px\">\n<div class=\"img-responsive-wrapper\"><img loading=\"lazy\" decoding=\"async\" class=\"alignnone size-medium wp-image-1067\" src=\"https:\/\/www.hsu-hh.de\/tet\/wp-content\/uploads\/sites\/673\/2024\/10\/storjohann_sRGB-221x300.jpg\" alt=\"Storjohann\" width=\"221\" height=\"300\" data-credit=\"Storjohann\" srcset=\"https:\/\/www.hsu-hh.de\/tet\/wp-content\/uploads\/sites\/673\/2024\/10\/storjohann_sRGB-221x300.jpg 221w, https:\/\/www.hsu-hh.de\/tet\/wp-content\/uploads\/sites\/673\/2024\/10\/storjohann_sRGB.jpg 536w\" sizes=\"auto, (max-width: 221px) 100vw, 221px\" \/><\/div>\n<\/div>\n<div class=\"col-md-12 col-lg-3 col-xs-12 ansprechpartner-item kontakt floatright\" style=\"margin-bottom: 30px\">\n<div class=\"row\">\n<div class=\"col-xs-12 col-sm-6 col-lg-12\">\n<div class=\"row\">\n<div class=\"col-xs-12 col-lg-4 row-text bold\">Raum:<\/div>\n<div class=\"col-xs-12 col-lg-8 row-text\">006<\/div>\n<\/div>\n<\/div>\n<div class=\"col-xs-12 col-sm-6 col-lg-12\">\n<div class=\"row\">\n<div class=\"col-xs-12 col-lg-4 row-text bold\">Telefon:<\/div>\n<div class=\"col-xs-12 col-lg-8 row-text\">(040) 6541-2147<\/div>\n<\/div>\n<\/div>\n<div class=\"col-xs-12 col-sm-6 col-lg-12\">\n<div class=\"row\">\n<div class=\"col-xs-12 col-lg-4 row-text bold\">Fax:<\/div>\n<div class=\"col-xs-12 col-lg-8 row-text\">(040) 6541-<\/div>\n<\/div>\n<\/div>\n<div class=\"col-xs-12 col-sm-6 col-lg-12\">\n<div class=\"row\">\n<div class=\"col-xs-12 col-md-12 row-text bold\">E-Mail:<\/div>\n<div class=\"col-xs-12 col-md-12 row-text\"><a href=\"jens.storjohann@hsu-hh.de\" rel='nofollow'>jens.storjohann@hsu-hh.de<\/a><\/div>\n<\/div>\n<\/div>\n<\/div>\n<\/div>\n<div class=\"col-md-6 col-lg-3 col-xs-12 ansprechpartner-item anschrift floatright\">\n<div class=\"row-headline\">Besucheranschrift<\/div>\n<div class=\"row-text\">Helmut-Schmidt-Universit\u00e4t<\/div>\n<div class=\"row-text\">Geb\u00e4ude H1<\/div>\n<div class=\"row-text\">Holstenhofweg 85<\/div>\n<div class=\"row-text\">22043 Hamburg<\/div>\n<\/div>\n<div class=\"col-md-6 col-lg-3 col-xs-12 ansprechpartner-item anschrift floatright\">\n<div class=\"row-headline\">Postanschrift<\/div>\n<div class=\"row-text\">Helmut-Schmidt-Universit\u00e4t<\/div>\n<div class=\"row-text\">Fakult\u00e4t f\u00fcr Elektrotechnik<\/div>\n<div class=\"row-text\">Technische Informatik<\/div>\n<div class=\"row-text\">Postfach 70 08 22<\/div>\n<div class=\"row-text\">22008 Hamburg<\/div>\n<\/div>\n<\/div>\n<\/div>\n<div class=\"clearfix\"><\/div>\n","protected":false},"excerpt":{"rendered":"<p>Dr. Jens Storjohann Raum: 006 Telefon: (040) 6541-2147 Fax: (040) 6541- E-Mail: jens.storjohann@hsu-hh.de Besucheranschrift Helmut-Schmidt-Universit\u00e4t Geb\u00e4ude H1 Holstenhofweg 85 22043 Hamburg Postanschrift Helmut-Schmidt-Universit\u00e4t Fakult\u00e4t f\u00fcr Elektrotechnik Technische Informatik Postfach 70 [&hellip;]<\/p>\n","protected":false},"author":134,"featured_media":0,"parent":0,"menu_order":0,"comment_status":"closed","ping_status":"closed","template":"","meta":{"footnotes":""},"categories":[40],"tags":[],"class_list":["post-424","page","type-page","status-publish","hentry","category-tet-mitarbeiter"],"_links":{"self":[{"href":"https:\/\/www.hsu-hh.de\/tet\/wp-json\/wp\/v2\/pages\/424","targetHints":{"allow":["GET"]}}],"collection":[{"href":"https:\/\/www.hsu-hh.de\/tet\/wp-json\/wp\/v2\/pages"}],"about":[{"href":"https:\/\/www.hsu-hh.de\/tet\/wp-json\/wp\/v2\/types\/page"}],"author":[{"embeddable":true,"href":"https:\/\/www.hsu-hh.de\/tet\/wp-json\/wp\/v2\/users\/134"}],"replies":[{"embeddable":true,"href":"https:\/\/www.hsu-hh.de\/tet\/wp-json\/wp\/v2\/comments?post=424"}],"version-history":[{"count":4,"href":"https:\/\/www.hsu-hh.de\/tet\/wp-json\/wp\/v2\/pages\/424\/revisions"}],"predecessor-version":[{"id":1162,"href":"https:\/\/www.hsu-hh.de\/tet\/wp-json\/wp\/v2\/pages\/424\/revisions\/1162"}],"wp:attachment":[{"href":"https:\/\/www.hsu-hh.de\/tet\/wp-json\/wp\/v2\/media?parent=424"}],"wp:term":[{"taxonomy":"category","embeddable":true,"href":"https:\/\/www.hsu-hh.de\/tet\/wp-json\/wp\/v2\/categories?post=424"},{"taxonomy":"post_tag","embeddable":true,"href":"https:\/\/www.hsu-hh.de\/tet\/wp-json\/wp\/v2\/tags?post=424"}],"curies":[{"name":"wp","href":"https:\/\/api.w.org\/{rel}","templated":true}]}}