{"id":330,"date":"2017-11-06T11:08:03","date_gmt":"2017-11-06T10:08:03","guid":{"rendered":"https:\/\/www.hsu-hh.de\/tet\/?page_id=330"},"modified":"2017-11-07T11:06:42","modified_gmt":"2017-11-07T10:06:42","slug":"hollan","status":"publish","type":"page","link":"https:\/\/www.hsu-hh.de\/tet\/hollan","title":{"rendered":"Hollan"},"content":{"rendered":"<div class=\"ansprechparter-container\">\n<div class=\"row ansprechpartner-item ansprechparter-header\">\n<div class=\"col-xs-8 col-lg-12\" style=\"margin-bottom: 30px\">\n<h3 class=\"ansprechparter-headline\"><abbr title=\"Diplom-Ingenieur\">Dipl.-Ing.<\/abbr>\u00a0Robert Hollan<\/h3>\n<div class=\"mobile-small\"><\/div>\n<\/div>\n<div class=\"col-md-4 col-lg-3 col-xs-4 ansprechpartner-item floatright img-circle center-block\" style=\"margin-bottom: 30px\">\n<div class=\"img-responsive-wrapper\"><img decoding=\"async\" class=\"img-circle img-responsive center-block\" src=\"\/wp-content\/themes\/hsu\/img\/dummy\/dummy_ansprechpartner.png\" alt=\"\" \/><\/div>\n<\/div>\n<div class=\"col-md-12 col-lg-3 col-xs-12 ansprechpartner-item kontakt floatright\" style=\"margin-bottom: 30px\">\n<div class=\"row\">\n<div class=\"col-xs-12 col-sm-6 col-lg-12\">\n<div class=\"row\">\n<div class=\"col-xs-12 col-lg-4 row-text bold\">Raum:<\/div>\n<div class=\"col-xs-12 col-lg-8 row-text\">008<\/div>\n<\/div>\n<\/div>\n<div class=\"col-xs-12 col-sm-6 col-lg-12\">\n<div class=\"row\">\n<div class=\"col-xs-12 col-lg-4 row-text bold\">Telefon:<\/div>\n<div class=\"col-xs-12 col-lg-8 row-text\">+49-40-6541-3519<\/div>\n<\/div>\n<\/div>\n<div class=\"col-xs-12 col-sm-6 col-lg-12\">\n<div class=\"row\">\n<div class=\"col-xs-12 col-lg-4 row-text bold\">Fax:<\/div>\n<div class=\"col-xs-12 col-lg-8 row-text\"><\/div>\n<\/div>\n<\/div>\n<div class=\"col-xs-12 col-sm-6 col-lg-12\">\n<div class=\"row\">\n<div class=\"col-xs-12 col-md-12 row-text bold\">Email:<\/div>\n<div class=\"col-xs-12 col-md-12 row-text\">rh.tet@hsu-hh.de<\/div>\n<\/div>\n<\/div>\n<\/div>\n<\/div>\n<div class=\"col-md-6 col-lg-3 col-xs-12 ansprechpartner-item anschrift floatright\">\n<div class=\"row-headline\">Besucheranschrift<\/div>\n<div class=\"row-text\">Helmut-Schmidt-Universit\u00e4t<\/div>\n<div class=\"row-text\">Geb\u00e4ude H3<\/div>\n<div class=\"row-text\">Holstenhofweg 85<\/div>\n<div class=\"row-text\">22043 Hamburg<\/div>\n<\/div>\n<div class=\"col-md-6 col-lg-3 col-xs-12 ansprechpartner-item anschrift floatright\">\n<div class=\"row-headline\">Postanschrift<\/div>\n<div class=\"row-text\">Helmut-Schmidt-Universit\u00e4t<\/div>\n<div class=\"row-text\">Fakult\u00e4t f\u00fcr Elektrotechnik<\/div>\n<div class=\"row-text\">Theoretische Elektrotechnik<\/div>\n<div class=\"row-text\">und Numerische Feldberechnung<\/div>\n<div class=\"row-text\">Postfach 70 08 22<\/div>\n<div class=\"row-text\">22008 Hamburg<\/div>\n<\/div>\n<\/div>\n<div class=\"clearfix\"><\/div>\n<\/div>\n<p>&nbsp;<\/p>\n<p><span style=\"text-decoration: underline\"><strong>Forschungsgebiet:\u00a0<\/strong><\/span><\/p>\n<ul>\n<li>Elektromagnetische Befeldung biologischer Zellkulturen<\/li>\n<li>Entwicklung von Methoden und geeigneten Vorrichtungen in Hohlraumresonatoren unter Ber\u00fccksichtigung biologischer Anforderungen<\/li>\n<li>Charakterisierung der Eigenschaften der Modenverwirbelungskammer (MVK)<\/li>\n<li>Untersuchung einzelner Einflussfaktoren (Positioniersystem, Stirrer, Antenne, ..)<\/li>\n<\/ul>\n<p><span style=\"text-decoration: underline\"><strong>Lebenslauf:<\/strong><\/span><\/p>\n<p>bis 2004:<\/p>\n<p>Studium\u00a0<abbr title=\"Diplom-Ingenieur\">Dipl.-Ing.<\/abbr>\u00a0Technischer Umweltschutz<br \/>\nTechnische Universit\u00e4t Berlin<\/p>\n<p>&nbsp;<\/p>\n<p>2004 &#8211; 2014:<\/p>\n<p>Technische Universit\u00e4t Berlin<br \/>\nWissenschaftlicher Mitarbeiter im Bereich Fertigungstechnik\/Maschinenbau<\/p>\n<p>&nbsp;<\/p>\n<p>seit 2015:<\/p>\n<p>Helmut-Schmidt-Universit\u00e4t \/ Universit\u00e4t der Bundeswehr<br \/>\nWissenschaftlicher Mitarbeiter\u00a0am Lehrstuhl f\u00fcr<br \/>\nTheoretische Elektrotechnik und Numerische Feldberechnung<\/p>\n","protected":false},"excerpt":{"rendered":"<p>Dipl.-Ing.\u00a0Robert Hollan Raum: 008 Telefon: +49-40-6541-3519 Fax: Email: rh.tet@hsu-hh.de Besucheranschrift Helmut-Schmidt-Universit\u00e4t Geb\u00e4ude H3 Holstenhofweg 85 22043 Hamburg Postanschrift Helmut-Schmidt-Universit\u00e4t Fakult\u00e4t f\u00fcr Elektrotechnik Theoretische Elektrotechnik und Numerische Feldberechnung Postfach 70 08 [&hellip;]<\/p>\n","protected":false},"author":134,"featured_media":0,"parent":0,"menu_order":0,"comment_status":"closed","ping_status":"closed","template":"","meta":{"footnotes":""},"categories":[40],"tags":[],"class_list":["post-330","page","type-page","status-publish","hentry","category-tet-mitarbeiter"],"_links":{"self":[{"href":"https:\/\/www.hsu-hh.de\/tet\/wp-json\/wp\/v2\/pages\/330","targetHints":{"allow":["GET"]}}],"collection":[{"href":"https:\/\/www.hsu-hh.de\/tet\/wp-json\/wp\/v2\/pages"}],"about":[{"href":"https:\/\/www.hsu-hh.de\/tet\/wp-json\/wp\/v2\/types\/page"}],"author":[{"embeddable":true,"href":"https:\/\/www.hsu-hh.de\/tet\/wp-json\/wp\/v2\/users\/134"}],"replies":[{"embeddable":true,"href":"https:\/\/www.hsu-hh.de\/tet\/wp-json\/wp\/v2\/comments?post=330"}],"version-history":[{"count":4,"href":"https:\/\/www.hsu-hh.de\/tet\/wp-json\/wp\/v2\/pages\/330\/revisions"}],"predecessor-version":[{"id":1286,"href":"https:\/\/www.hsu-hh.de\/tet\/wp-json\/wp\/v2\/pages\/330\/revisions\/1286"}],"wp:attachment":[{"href":"https:\/\/www.hsu-hh.de\/tet\/wp-json\/wp\/v2\/media?parent=330"}],"wp:term":[{"taxonomy":"category","embeddable":true,"href":"https:\/\/www.hsu-hh.de\/tet\/wp-json\/wp\/v2\/categories?post=330"},{"taxonomy":"post_tag","embeddable":true,"href":"https:\/\/www.hsu-hh.de\/tet\/wp-json\/wp\/v2\/tags?post=330"}],"curies":[{"name":"wp","href":"https:\/\/api.w.org\/{rel}","templated":true}]}}