{"id":312,"date":"2017-11-06T10:31:36","date_gmt":"2017-11-06T09:31:36","guid":{"rendered":"https:\/\/www.hsu-hh.de\/tet\/?page_id=312"},"modified":"2017-11-06T10:43:19","modified_gmt":"2017-11-06T09:43:19","slug":"rozgic","status":"publish","type":"page","link":"https:\/\/www.hsu-hh.de\/tet\/rozgic","title":{"rendered":"Rozgic"},"content":{"rendered":"<div class=\"ansprechparter-container\">\n<div class=\"row ansprechpartner-item ansprechparter-header\">\n<div class=\"col-xs-8 col-lg-12\" style=\"margin-bottom: 30px\">\n<h3 class=\"ansprechparter-headline\"><\/h3>\n<h3 class=\"ansprechparter-headline\"><\/h3>\n<h3 class=\"ansprechparter-headline\"><\/h3>\n<h3 class=\"ansprechparter-headline\"><\/h3>\n<h3 class=\"ansprechparter-headline\"><\/h3>\n<h3 class=\"ansprechparter-headline\"><\/h3>\n<h3 class=\"ansprechparter-headline\"><abbr title=\"Diplom\">Dipl.<\/abbr>-Math. Marco Rozgi\u0107<\/h3>\n<p>&nbsp;<\/p>\n<\/div>\n<div class=\"col-md-4 col-lg-3 col-xs-4 ansprechpartner-item floatright img-circle center-block\" style=\"margin-bottom: 30px\">\n<div class=\"img-responsive-wrapper\"><img decoding=\"async\" class=\"img-circle img-responsive center-block\" src=\"\/wp-content\/themes\/hsu\/img\/dummy\/dummy_ansprechpartner.png\" alt=\"\" \/><\/div>\n<\/div>\n<div class=\"col-md-12 col-lg-3 col-xs-12 ansprechpartner-item kontakt floatright\" style=\"margin-bottom: 30px\">\n<div class=\"row\">\n<div class=\"col-xs-12 col-sm-6 col-lg-12\">\n<div class=\"row\">\n<div class=\"col-xs-12 col-lg-4 row-text bold\">Raum:<\/div>\n<div class=\"col-xs-12 col-lg-8 row-text\">008<\/div>\n<\/div>\n<\/div>\n<div class=\"col-xs-12 col-sm-6 col-lg-12\">\n<div class=\"row\">\n<div class=\"col-xs-12 col-lg-4 row-text bold\">Telefon:<\/div>\n<div class=\"col-xs-12 col-lg-8 row-text\">+49-40-6541-3647<\/div>\n<\/div>\n<\/div>\n<div class=\"col-xs-12 col-sm-6 col-lg-12\">\n<div class=\"row\">\n<div class=\"col-xs-12 col-lg-4 row-text bold\">Fax:<\/div>\n<div class=\"col-xs-12 col-lg-8 row-text\"><\/div>\n<\/div>\n<\/div>\n<div class=\"col-xs-12 col-sm-6 col-lg-12\">\n<div class=\"row\">\n<div class=\"col-xs-12 col-md-12 row-text bold\">Email:<\/div>\n<div class=\"col-xs-12 col-md-12 row-text\">m.rozgic@hsu-hh.de<\/div>\n<\/div>\n<\/div>\n<\/div>\n<\/div>\n<div class=\"col-md-6 col-lg-3 col-xs-12 ansprechpartner-item anschrift floatright\">\n<div class=\"row-headline\">Besucheranschrift<\/div>\n<div class=\"row-text\">Helmut-Schmidt-Universit\u00e4t<\/div>\n<div class=\"row-text\">Geb\u00e4ude H3<\/div>\n<div class=\"row-text\">Holstenhofweg 85<\/div>\n<div class=\"row-text\">22043 Hamburg<\/div>\n<\/div>\n<div class=\"col-md-6 col-lg-3 col-xs-12 ansprechpartner-item anschrift floatright\">\n<div class=\"row-headline\">Postanschrift<\/div>\n<div class=\"row-text\">Helmut-Schmidt-Universit\u00e4t<\/div>\n<div class=\"row-text\">Fakult\u00e4t f\u00fcr Elektrotechnik<\/div>\n<div class=\"row-text\">Theoretische Elektrotechnik<\/div>\n<div class=\"row-text\">und Numerische Feldberechnung<\/div>\n<div class=\"row-text\">Postfach 70 08 22<\/div>\n<div class=\"row-text\">22008 Hamburg<\/div>\n<\/div>\n<\/div>\n<div class=\"clearfix\"><\/div>\n<\/div>\n<p><span style=\"text-decoration: underline\"><strong>Forschungs Interessen<\/strong><\/span><\/p>\n<ul>\n<li>Kontinuierliche Optimierung<\/li>\n<li>Topologie Optimierung von mechanischen Strukturen<\/li>\n<li>Shape Optimierung von mechanischen Strukturen<\/li>\n<li>Optimale Steuerung in gekoppelten elektromagnetischen und mechanischen Problemen<\/li>\n<li>Gekoppelte Elektromagnetische und Quasistatische Blechumformung<\/li>\n<li>Finite Elemente Methode (FEM)<\/li>\n<li>Elastizit\u00e4t und Plastizit\u00e4t<\/li>\n<li>Atomistische Simulationen<\/li>\n<\/ul>\n<p><span style=\"text-decoration: underline\"><strong>Ver\u00f6ffentlichungen<\/strong><\/span><\/p>\n<p>Kiliclar, Y., Demir, O.K., Engelhardt, M., Rozgic\u0300, M., Vladimirov, I.N., Wulfinghoff, S., Weddeling, C., Gies, S., Klose, C., Reese, S., Stiemer, M., and Tekkaya, A.E.<br \/>\nExperimental and numerical investigation of increased formability in combined quasi-static and high-speed forming processes<br \/>\nJournal of Materials Processing Technology,\u00a02016<\/p>\n<p>Rozgic\u0300, M. and Stiemer, M.<br \/>\nMathematical Optimization for the Virtual Design of Process Chains with Electromagnetic Forming<br \/>\n7th International Conference on High Speed Forming,\u00a02016<\/p>\n<p>S\u00e1nchez, D., Dudzinski, M., Rozgic\u0300, M., B\u00f6hmelt, S., Fichte, L.O., Stiemer, M. and Schiffner, J.<br \/>\nSimulation based analysis of field correlation and ergodicity of a reverberation chamber<br \/>\n2015 IEEE International Symposium on Electromagnetic Compatibility (EMC),\u00a02015\u00a0Aug\u00a016\u00a0IEEE, pp. 552-557<br \/>\nRozgi\u0107, M., Kiliclar, Y., Stiemer, M. and Reese, S.<br \/>\nVirtual process design on combined quasi\u2010static and high\u2010speed forming<br \/>\nPAMM, WILEY-VCH Verlag,\u00a02015, Vol. 15(1), pp.577-578<\/p>\n<p>Kiliclar, Y., Vladimirov, I.N., Wulfinghoff, S., Reese, S., Demir, O.K., Weddeling, C., Tekkaya, A.E., Engelhardt, M., Klose, C., Maier, H.J.,\u00a0Rozgi\u0107, M.\u00a0\u00a0and Stiemer, M.<br \/>\nFinite element analysis of combined forming processes by means of rate dependent ductile damage modelling<br \/>\nInternational Journal of Material Forming,\u00a02015: pp.1-12<\/p>\n<p>Kiliclar, Y., Rozgi\u0107, M., Reese, S. and Stiemer, M.<br \/>\nNumerical optimization of current parameters in combined electromagentical-classical forming processes<br \/>\nKey Engineering Materials,\u00a0\u00a0Trans Tech Publications,\u00a02015,\u00a0Vol. 651, pp. 1406-1411<\/p>\n<p>Jaraczewski, M.,\u00a0Rozgi\u0107, M.\u00a0and Stiemer, M.<br \/>\nDetermination of extremal points and weighted discrete minimal Riesz energy with interior point methods<br \/>\nNumerical Mathematics and Advanced Applications- ENUMATH,\u00a02015, pp. 509-516<\/p>\n<p>B\u00f6hmelt, S., Scharf, F., Dudzinski, M., Rozgi\u0107, M., Fichte, L.-O. and Stiemer, M.<br \/>\nFinite element simulation of the frequency-dependent polarization of biological cells<br \/>\n2015 IEEE International Symposium on Electromagnetic Compatibility (EMC),\u00a02015\u00a0Aug\u00a016\u00a0IEEE,\u00a0pp. 535-540<\/p>\n<p>Rozgi\u0107, M., \u00a0and Stiemer, M.<br \/>\nNumerical comparison of optimization methods for process parameter identification in forming technology<br \/>\nPAMM, WILEY-VCH Verlag,\u00a02014, Vol. 14(1), pp. 797-798<\/p>\n<p>Rozgi\u0107, M, Jaraczewski, M.\u00a0and Stiemer, M.<br \/>\nInner point methods: On necessart optimality condtions of various reformulations of a constrained optimization problem<br \/>\nHSU\u00a02014<\/p>\n<p>Jaraczewski, M.,\u00a0Rozgi\u0107, M.\u00a0and Stiemer, M.<br \/>\nNumerical determination of extremal points and asymptopic order of discrete minimal Riesz energy for regular compact sets<br \/>\nApproximation Theory XIV: San Antonio 2013, Springer,\u00a02014, pp. 219-237<\/p>\n<p>Rozgi\u0107, M., Appel, R. and Stiemer, M.<br \/>\nEnhanced Identification of Process Parameters in Technological Forming<br \/>\nPAMM, WILEY-VCH Verlag,\u00a02013, Vol. 13(1), pp. 403-404<\/p>\n<p>Rozgi\u0107, M., Taebi, F. and Stiemer, M.<br \/>\nNumerical optimisation of process parameters for combined quasi-static and impulse forming<br \/>\nPAMM, WILEY-VCH Verlag,\u00a02012, Vol. 12(1), pp. 625-626<\/p>\n<p><span style=\"text-decoration: underline\"><strong>Vortr\u00e4ge und Tagungen<\/strong><\/span><\/p>\n<p>2014<\/p>\n<p>GAMM 2014 in Erlangen (Deutschland):<br \/>\nMarco Rozgi\u0107, Marcus Stiemer<br \/>\nMathematical Optimization of Process Parameters in Forming Technology<\/p>\n<p>2013<\/p>\n<p>GAMM 2013 in Novi Sad (Serbien):<br \/>\nMarco Rozgi\u0107 , Robert Appel, Marcus Stiemer<br \/>\nEnhanced Identification of Process Parameters in Technological Forming<\/p>\n<p>SIAM Mathematical Aspects of Material Science in Philadelphia (USA) (Eingeladener Vortrag):<br \/>\nMarco Rozgi\u0107, Marcus Stiemer, Yalin Kiliclar, Ivaylo Vladimirov, Stefanie Reese<br \/>\nNumerical Algorithms for the Identification of Optimal Parameters in Material Models for Industrial Forming Processes<\/p>\n<p>ENUMATH 2013 in Lausanne (Schweiz):<br \/>\nMarco Rozgi\u0107, Sebastian B\u00f6hmelt, Robert Appel, Marcus Stiemer<br \/>\nMathematical optimization methods for process parameter identification in forming technology<\/p>\n<p>2012<\/p>\n<p>GAMM 2012 in Darmstadt (Deutschland):<br \/>\nMarco Rozgi\u0107 , Farhad Taebi, Marcus Stiemer<br \/>\nNumerical optimization of process parameters for combined quasi-static and impulse forming<\/p>\n<p>ISMP 2012 in Berlin (Deutschland):<br \/>\nMarco Rozgi\u0107 , Robert Appel, Marcus Stiemer<br \/>\nInterior point methods for the optimization of technological forming processes<\/p>\n<p>Kleinheubacher Tagung U.R.S.I. in Miltenberg (Deutschland):<br \/>\nMarco Rozgi\u0107, Farhad Taebi, Robert Appel, Marcus Stiemer<br \/>\nRechnergest\u00fctzte Identifikation elektrotechnischer Prozesse mit Verfahren der mathematischen Optimierung (Mathematical Optimization Methods in Process Design)<\/p>\n<p>Kleinheubacher Tagung U.R.S.I. in Miltenberg (Deutschland):<br \/>\nMarco Rozgi\u0107, Manuel Jaraczewski, Marcus Stiemer<br \/>\nMathematische Optimierungsverfahren zur Bestimmung diskreter Ladungsverteilung und verallgemeinerter Extremalpunkte zur numerischen Berechnung elektromagnetischer Felder<\/p>\n<p><span style=\"text-decoration: underline\"><strong>Kurzer Lebenslauf<\/strong><\/span><\/p>\n<p>seit 01\/2012<\/p>\n<p>Wissenschaftlicher Mitarbeiter an der Helmut Schmidt Universit\u00e4t der Bundeswehr in Hamburg, Professur f\u00fcr theoretische Elektrotechnik (Prof. Marcus Stiemer)<\/p>\n<p>02\/2010 bis 01\/2012<\/p>\n<p>Wissenschaftlicher Mitarbeiter an der Ruhr Universit\u00e4t Bochum, ICAMS (Interdisciplinary Center for Advanced Material Simulation) Abteilung AMS (Prof. Ralf Drautz)<\/p>\n<p>09\/2009 bis 01\/2010<\/p>\n<p>Wissenschaftlicher Mitarbeiter an der Technischen Universit\u00e4t Dortmund, Lehrstuhl X f\u00fcr wissenschaftliches Rechnen (Prof. Heribert Blum)<\/p>\n<p>2002 bis 2009<\/p>\n<p>Studium der Mathematik an der Technischen Universit\u00e4t Dortmund<\/p>\n","protected":false},"excerpt":{"rendered":"<p>Dipl.-Math. Marco Rozgi\u0107 &nbsp; Raum: 008 Telefon: +49-40-6541-3647 Fax: Email: m.rozgic@hsu-hh.de Besucheranschrift Helmut-Schmidt-Universit\u00e4t Geb\u00e4ude H3 Holstenhofweg 85 22043 Hamburg Postanschrift Helmut-Schmidt-Universit\u00e4t Fakult\u00e4t f\u00fcr Elektrotechnik Theoretische Elektrotechnik und Numerische Feldberechnung Postfach [&hellip;]<\/p>\n","protected":false},"author":134,"featured_media":0,"parent":0,"menu_order":0,"comment_status":"closed","ping_status":"closed","template":"","meta":{"footnotes":""},"categories":[40],"tags":[],"class_list":["post-312","page","type-page","status-publish","hentry","category-tet-mitarbeiter"],"_links":{"self":[{"href":"https:\/\/www.hsu-hh.de\/tet\/wp-json\/wp\/v2\/pages\/312","targetHints":{"allow":["GET"]}}],"collection":[{"href":"https:\/\/www.hsu-hh.de\/tet\/wp-json\/wp\/v2\/pages"}],"about":[{"href":"https:\/\/www.hsu-hh.de\/tet\/wp-json\/wp\/v2\/types\/page"}],"author":[{"embeddable":true,"href":"https:\/\/www.hsu-hh.de\/tet\/wp-json\/wp\/v2\/users\/134"}],"replies":[{"embeddable":true,"href":"https:\/\/www.hsu-hh.de\/tet\/wp-json\/wp\/v2\/comments?post=312"}],"version-history":[{"count":5,"href":"https:\/\/www.hsu-hh.de\/tet\/wp-json\/wp\/v2\/pages\/312\/revisions"}],"predecessor-version":[{"id":326,"href":"https:\/\/www.hsu-hh.de\/tet\/wp-json\/wp\/v2\/pages\/312\/revisions\/326"}],"wp:attachment":[{"href":"https:\/\/www.hsu-hh.de\/tet\/wp-json\/wp\/v2\/media?parent=312"}],"wp:term":[{"taxonomy":"category","embeddable":true,"href":"https:\/\/www.hsu-hh.de\/tet\/wp-json\/wp\/v2\/categories?post=312"},{"taxonomy":"post_tag","embeddable":true,"href":"https:\/\/www.hsu-hh.de\/tet\/wp-json\/wp\/v2\/tags?post=312"}],"curies":[{"name":"wp","href":"https:\/\/api.w.org\/{rel}","templated":true}]}}